{"id":4176,"date":"2023-03-24T16:31:58","date_gmt":"2023-03-24T16:31:58","guid":{"rendered":"https:\/\/heideinternati.wpengine.com\/?page_id=4176"},"modified":"2025-10-31T14:29:55","modified_gmt":"2025-10-31T14:29:55","slug":"vara-klienter-2","status":"publish","type":"page","link":"https:\/\/heideinternational.com\/sv\/vara-klienter-2\/","title":{"rendered":"V\u00e5ra kunder"},"content":{"rendered":"<div data-elementor-type=\"wp-page\" data-elementor-id=\"4176\" class=\"elementor elementor-4176\" data-elementor-post-type=\"page\">\n\t\t\t\t\t\t<section class=\"elementor-section elementor-top-section elementor-element elementor-element-16dae5e elementor-section-boxed elementor-section-height-default elementor-section-height-default\" data-id=\"16dae5e\" data-element_type=\"section\" data-settings=\"{&quot;background_background&quot;:&quot;classic&quot;}\">\n\t\t\t\t\t\t<div class=\"elementor-container elementor-column-gap-default\">\n\t\t\t\t\t<div class=\"elementor-column elementor-col-100 elementor-top-column elementor-element elementor-element-6777d08\" data-id=\"6777d08\" data-element_type=\"column\">\n\t\t\t<div class=\"elementor-widget-wrap elementor-element-populated\">\n\t\t\t\t\t\t<div class=\"elementor-element elementor-element-e5e8cd2 elementor-widget elementor-widget-heading\" data-id=\"e5e8cd2\" data-element_type=\"widget\" data-widget_type=\"heading.default\">\n\t\t\t\t<div class=\"elementor-widget-container\">\n\t\t\t\t\t<h1 class=\"elementor-heading-title elementor-size-default\">V\u00c5RA KUNDER<\/h1>\t\t\t\t<\/div>\n\t\t\t\t<\/div>\n\t\t\t\t\t<\/div>\n\t\t<\/div>\n\t\t\t\t\t<\/div>\n\t\t<\/section>\n\t\t\t\t<section class=\"elementor-section elementor-top-section elementor-element elementor-element-65d37fa elementor-section-boxed elementor-section-height-default elementor-section-height-default\" data-id=\"65d37fa\" data-element_type=\"section\">\n\t\t\t\t\t\t<div class=\"elementor-container elementor-column-gap-default\">\n\t\t\t\t\t<div class=\"elementor-column elementor-col-100 elementor-top-column elementor-element elementor-element-63b04f4\" data-id=\"63b04f4\" data-element_type=\"column\">\n\t\t\t<div class=\"elementor-widget-wrap elementor-element-populated\">\n\t\t\t\t\t\t<section class=\"elementor-section elementor-inner-section elementor-element elementor-element-595dcee elementor-section-boxed elementor-section-height-default elementor-section-height-default\" data-id=\"595dcee\" data-element_type=\"section\">\n\t\t\t\t\t\t<div class=\"elementor-container elementor-column-gap-default\">\n\t\t\t\t\t<div class=\"elementor-column elementor-col-100 elementor-inner-column elementor-element elementor-element-0966ea1\" data-id=\"0966ea1\" data-element_type=\"column\">\n\t\t\t<div class=\"elementor-widget-wrap elementor-element-populated\">\n\t\t\t\t\t\t<div class=\"elementor-element elementor-element-0bd754b elementor-widget elementor-widget-heading\" data-id=\"0bd754b\" data-element_type=\"widget\" data-widget_type=\"heading.default\">\n\t\t\t\t<div class=\"elementor-widget-container\">\n\t\t\t\t\t<h1 class=\"elementor-heading-title elementor-size-default\">Att koppla samman m\u00e4nniskor med deras dr\u00f6mmar om att \u00e4ga ett hem <\/h1>\t\t\t\t<\/div>\n\t\t\t\t<\/div>\n\t\t\t\t<div class=\"elementor-element elementor-element-1751cd0 elementor-widget elementor-widget-text-editor\" data-id=\"1751cd0\" data-element_type=\"widget\" data-widget_type=\"text-editor.default\">\n\t\t\t\t<div class=\"elementor-widget-container\">\n\t\t\t\t\t\t\t\t\t<p>P\u00e5 Heide International vet vi hur viktigt det \u00e4r f\u00f6r m\u00e4nniskor att f\u00f6rverkliga sina dr\u00f6mmar om att \u00e4ga en bostad. D\u00e4rf\u00f6r specialiserar vi oss p\u00e5 bol\u00e5n i alla former och storlekar och betj\u00e4nar lokala, nationella och internationella kunder. Heide International \u00e4r en Florida-baserad hypoteksm\u00e4klare som kan tillhandah\u00e5lla hypoteksl\u00e5n f\u00f6r inhemska och internationella k\u00f6pare, vilket g\u00f6r det enkelt f\u00f6r dem som vill investera i fastigheter i Florida. V\u00e5rt h\u00e4ngivna team av hypoteksexperter \u00e4r engagerade i att hj\u00e4lpa dig att hitta den b\u00e4sta l\u00e5nel\u00f6sningen som passar dina behov. Vi erbjuder skr\u00e4ddarsydda tj\u00e4nster som \u00e4r anpassade till din unika situation, inklusive alternativ f\u00f6r utl\u00e4ndska medborgare, f\u00f6rstag\u00e5ngsk\u00f6pare av bost\u00e4der med mera.<\/p><p>V\u00e5r hypoteksf\u00f6rmedling betonar erfaren service, kvalitetsprodukter och konkurrenskraftiga priser f\u00f6r utl\u00e4ndska medborgare. Genom att arbeta med Heide International kan kunderna f\u00e5 tillg\u00e5ng till ett brett urval av bol\u00e5n i Florida som \u00e4r anpassade till deras unika behov och finansieringsm\u00e5l. Fr\u00e5n konventionella l\u00e5n till jumbo-l\u00e5n med mera, har teamet p\u00e5 Heide International expertis p\u00e5 Floridas marknad, vilket g\u00f6r att vi kan erbjuda de b\u00e4sta alternativen f\u00f6r v\u00e5ra internationella kunder.<\/p><p>\u00a0<\/p>\t\t\t\t\t\t\t\t<\/div>\n\t\t\t\t<\/div>\n\t\t\t\t\t<\/div>\n\t\t<\/div>\n\t\t\t\t\t<\/div>\n\t\t<\/section>\n\t\t\t\t<section class=\"elementor-section elementor-inner-section elementor-element elementor-element-ac8a74b elementor-section-boxed elementor-section-height-default elementor-section-height-default\" data-id=\"ac8a74b\" data-element_type=\"section\">\n\t\t\t\t\t\t<div class=\"elementor-container elementor-column-gap-default\">\n\t\t\t\t\t<div class=\"elementor-column elementor-col-50 elementor-inner-column elementor-element elementor-element-e60a9f3 elementor-hidden-mobile\" data-id=\"e60a9f3\" data-element_type=\"column\" data-settings=\"{&quot;background_background&quot;:&quot;classic&quot;}\">\n\t\t\t<div class=\"elementor-widget-wrap\">\n\t\t\t\t\t\t\t<\/div>\n\t\t<\/div>\n\t\t\t\t<div class=\"elementor-column elementor-col-50 elementor-inner-column elementor-element elementor-element-e1ed2f9\" data-id=\"e1ed2f9\" data-element_type=\"column\">\n\t\t\t<div class=\"elementor-widget-wrap elementor-element-populated\">\n\t\t\t\t<div class=\"elementor-element elementor-element-9b79cf8 elementor-hidden-desktop elementor-hidden-tablet e-flex e-con-boxed e-con e-parent\" data-id=\"9b79cf8\" data-element_type=\"container\" data-settings=\"{&quot;background_background&quot;:&quot;classic&quot;}\">\n\t\t\t\t\t<div class=\"e-con-inner\">\n\t\t\t\t\t<\/div>\n\t\t\t\t<\/div>\n\t\t\t\t<div class=\"elementor-element elementor-element-80f533d elementor-widget elementor-widget-heading\" data-id=\"80f533d\" data-element_type=\"widget\" data-widget_type=\"heading.default\">\n\t\t\t\t<div class=\"elementor-widget-container\">\n\t\t\t\t\t<h2 class=\"elementor-heading-title elementor-size-default\">En bas f\u00f6r lokalbefolkningen och utl\u00e4nningar <\/h2>\t\t\t\t<\/div>\n\t\t\t\t<\/div>\n\t\t\t\t<div class=\"elementor-element elementor-element-d53ef5f elementor-widget elementor-widget-text-editor\" data-id=\"d53ef5f\" data-element_type=\"widget\" data-widget_type=\"text-editor.default\">\n\t\t\t\t<div class=\"elementor-widget-container\">\n\t\t\t\t\t\t\t\t\t<p>P\u00e5 Heide International \u00e4r vi stolta \u00f6ver att hj\u00e4lpa v\u00e5ra kunder att f\u00e5 b\u00e4sta m\u00f6jliga l\u00e5n f\u00f6r sina behov. Vi \u00e4r h\u00e4r f\u00f6r att hj\u00e4lpa dig att f\u00e5 det hem du alltid har velat ha.<\/p>\t\t\t\t\t\t\t\t<\/div>\n\t\t\t\t<\/div>\n\t\t\t\t<div class=\"elementor-element elementor-element-a713312 elementor-align-left elementor-widget elementor-widget-button\" data-id=\"a713312\" data-element_type=\"widget\" data-widget_type=\"button.default\">\n\t\t\t\t<div class=\"elementor-widget-container\">\n\t\t\t\t\t\t\t\t\t<div class=\"elementor-button-wrapper\">\n\t\t\t\t\t<a class=\"elementor-button elementor-button-link elementor-size-md\" href=\"https:\/\/www.blink.mortgage\/app\/signup\/p\/heideinternationalllc\/kurtheide\" target=\"_blank\">\n\t\t\t\t\t\t<span class=\"elementor-button-content-wrapper\">\n\t\t\t\t\t\t<span class=\"elementor-button-icon\">\n\t\t\t\t<svg aria-hidden=\"true\" class=\"e-font-icon-svg e-fas-chevron-circle-right\" viewbox=\"0 0 512 512\" xmlns=\"http:\/\/www.w3.org\/2000\/svg\"><path d=\"M256 8c137 0 248 111 248 248S393 504 256 504 8 393 8 256 119 8 256 8zm113.9 231L234.4 103.5c-9.4-9.4-24.6-9.4-33.9 0l-17 17c-9.4 9.4-9.4 24.6 0 33.9L285.1 256 183.5 357.6c-9.4 9.4-9.4 24.6 0 33.9l17 17c9.4 9.4 24.6 9.4 33.9 0L369.9 273c9.4-9.4 9.4-24.6 0-34z\"><\/path><\/svg>\t\t\t<\/span>\n\t\t\t\t\t\t\t\t\t<span class=\"elementor-button-text\">Ans\u00f6k nu<\/span>\n\t\t\t\t\t<\/span>\n\t\t\t\t\t<\/a>\n\t\t\t\t<\/div>\n\t\t\t\t\t\t\t\t<\/div>\n\t\t\t\t<\/div>\n\t\t\t\t\t<\/div>\n\t\t<\/div>\n\t\t\t\t\t<\/div>\n\t\t<\/section>\n\t\t\t\t<section class=\"elementor-section elementor-inner-section elementor-element elementor-element-05f46a9 elementor-section-boxed elementor-section-height-default elementor-section-height-default\" data-id=\"05f46a9\" data-element_type=\"section\">\n\t\t\t\t\t\t<div class=\"elementor-container elementor-column-gap-default\">\n\t\t\t\t\t<div class=\"elementor-column elementor-col-50 elementor-inner-column elementor-element elementor-element-dc35ebb\" data-id=\"dc35ebb\" data-element_type=\"column\">\n\t\t\t<div class=\"elementor-widget-wrap elementor-element-populated\">\n\t\t\t\t<div class=\"elementor-element elementor-element-75673a6 elementor-hidden-desktop elementor-hidden-tablet e-flex e-con-boxed e-con e-parent\" data-id=\"75673a6\" data-element_type=\"container\" data-settings=\"{&quot;background_background&quot;:&quot;classic&quot;}\">\n\t\t\t\t\t<div class=\"e-con-inner\">\n\t\t\t\t\t<\/div>\n\t\t\t\t<\/div>\n\t\t\t\t<div class=\"elementor-element elementor-element-613acf7 elementor-widget elementor-widget-heading\" data-id=\"613acf7\" data-element_type=\"widget\" data-widget_type=\"heading.default\">\n\t\t\t\t<div class=\"elementor-widget-container\">\n\t\t\t\t\t<h2 class=\"elementor-heading-title elementor-size-default\">Professionella l\u00e5nel\u00f6sningar f\u00f6r alla<\/h2>\t\t\t\t<\/div>\n\t\t\t\t<\/div>\n\t\t\t\t<div class=\"elementor-element elementor-element-33ea3f1 elementor-widget elementor-widget-text-editor\" data-id=\"33ea3f1\" data-element_type=\"widget\" data-widget_type=\"text-editor.default\">\n\t\t\t\t<div class=\"elementor-widget-container\">\n\t\t\t\t\t\t\t\t\t<p>Vare sig du \u00e4r f\u00f6rstag\u00e5ngsk\u00f6pare eller erfaren investerare \u00e4r Heide International h\u00e4r f\u00f6r att hj\u00e4lpa dig hela v\u00e4gen. Vi erbjuder professionella hypoteksl\u00f6sningar som uppfyller alla v\u00e5ra kunders behov. Fr\u00e5n hypoteksl\u00e5n f\u00f6r utl\u00e4ndska medborgare till l\u00e5n f\u00f6r eget kapital \u00e4r v\u00e5rt team av hypoteksf\u00f6retagare engagerade i att ge dig den b\u00e4sta l\u00e5nel\u00f6sningen. Kontakta oss idag f\u00f6r att komma ig\u00e5ng.<\/p>\t\t\t\t\t\t\t\t<\/div>\n\t\t\t\t<\/div>\n\t\t\t\t<div class=\"elementor-element elementor-element-35feb8c elementor-align-left elementor-widget elementor-widget-button\" data-id=\"35feb8c\" data-element_type=\"widget\" data-widget_type=\"button.default\">\n\t\t\t\t<div class=\"elementor-widget-container\">\n\t\t\t\t\t\t\t\t\t<div class=\"elementor-button-wrapper\">\n\t\t\t\t\t<a class=\"elementor-button elementor-button-link elementor-size-md\" href=\"https:\/\/www.blink.mortgage\/app\/signup\/p\/heideinternationalllc\/kurtheide\" target=\"_blank\">\n\t\t\t\t\t\t<span class=\"elementor-button-content-wrapper\">\n\t\t\t\t\t\t<span class=\"elementor-button-icon\">\n\t\t\t\t<svg aria-hidden=\"true\" class=\"e-font-icon-svg e-fas-chevron-circle-right\" viewbox=\"0 0 512 512\" xmlns=\"http:\/\/www.w3.org\/2000\/svg\"><path d=\"M256 8c137 0 248 111 248 248S393 504 256 504 8 393 8 256 119 8 256 8zm113.9 231L234.4 103.5c-9.4-9.4-24.6-9.4-33.9 0l-17 17c-9.4 9.4-9.4 24.6 0 33.9L285.1 256 183.5 357.6c-9.4 9.4-9.4 24.6 0 33.9l17 17c9.4 9.4 24.6 9.4 33.9 0L369.9 273c9.4-9.4 9.4-24.6 0-34z\"><\/path><\/svg>\t\t\t<\/span>\n\t\t\t\t\t\t\t\t\t<span class=\"elementor-button-text\">Ans\u00f6k nu<\/span>\n\t\t\t\t\t<\/span>\n\t\t\t\t\t<\/a>\n\t\t\t\t<\/div>\n\t\t\t\t\t\t\t\t<\/div>\n\t\t\t\t<\/div>\n\t\t\t\t\t<\/div>\n\t\t<\/div>\n\t\t\t\t<div class=\"elementor-column elementor-col-50 elementor-inner-column elementor-element elementor-element-07ffa95 elementor-hidden-mobile\" data-id=\"07ffa95\" data-element_type=\"column\" data-settings=\"{&quot;background_background&quot;:&quot;classic&quot;}\">\n\t\t\t<div class=\"elementor-widget-wrap\">\n\t\t\t\t\t\t\t<\/div>\n\t\t<\/div>\n\t\t\t\t\t<\/div>\n\t\t<\/section>\n\t\t\t\t\t<\/div>\n\t\t<\/div>\n\t\t\t\t\t<\/div>\n\t\t<\/section>\n\t\t<div class=\"elementor-element elementor-element-74ce6d5 e-flex e-con-boxed e-con e-parent\" data-id=\"74ce6d5\" data-element_type=\"container\">\n\t\t\t\t\t<div class=\"e-con-inner\">\n\t\t<div class=\"elementor-element elementor-element-1e2ba09 e-con-full e-flex e-con e-child\" data-id=\"1e2ba09\" data-element_type=\"container\">\n\t\t\t\t<div class=\"elementor-element elementor-element-6e81b5f elementor-widget elementor-widget-heading\" data-id=\"6e81b5f\" data-element_type=\"widget\" data-widget_type=\"heading.default\">\n\t\t\t\t<div class=\"elementor-widget-container\">\n\t\t\t\t\t<h2 class=\"elementor-heading-title elementor-size-default\">A Lifetime of Happy Client Letters<\/h2>\t\t\t\t<\/div>\n\t\t\t\t<\/div>\n\t\t\t\t<div class=\"elementor-element elementor-element-47cae8d elementor-widget elementor-widget-spacer\" data-id=\"47cae8d\" data-element_type=\"widget\" data-widget_type=\"spacer.default\">\n\t\t\t\t<div class=\"elementor-widget-container\">\n\t\t\t\t\t\t\t<div class=\"elementor-spacer\">\n\t\t\t<div class=\"elementor-spacer-inner\"><\/div>\n\t\t<\/div>\n\t\t\t\t\t\t<\/div>\n\t\t\t\t<\/div>\n\t\t\t\t<div class=\"elementor-element elementor-element-d8eccb9 elementor-widget elementor-widget-html\" data-id=\"d8eccb9\" data-element_type=\"widget\" data-widget_type=\"html.default\">\n\t\t\t\t<div class=\"elementor-widget-container\">\n\t\t\t\t\t<iframe src=\"https:\/\/heideinternational.com\/wp-content\/uploads\/2025\/10\/A-Lifetime-of-Happy-client-letters-1.pdf\" width=\"100%\" height=\"500\" style=\"border: none;\"><\/iframe>\r\n\t\t\t\t<\/div>\n\t\t\t\t<\/div>\n\t\t\t\t<\/div>\n\t\t\t\t\t<\/div>\n\t\t\t\t<\/div>\n\t\t\t\t<\/div>","protected":false},"excerpt":{"rendered":"<p>V\u00c5RA KUNDER Vi hj\u00e4lper m\u00e4nniskor att f\u00f6rverkliga sina dr\u00f6mmar om att \u00e4ga sitt hem P\u00e5 Heide International vet vi hur viktigt det \u00e4r f\u00f6r m\u00e4nniskor att f\u00f6rverkliga sina dr\u00f6mmar om att \u00e4ga sitt hem. Det \u00e4r d\u00e4rf\u00f6r vi \u00e4r specialiserade p\u00e5 bol\u00e5n i alla former och storlekar och betj\u00e4nar lokala, nationella och internationella kunder. Heide International \u00e4r en Florida-baserad bol\u00e5nem\u00e4klare som kan [...]<\/p>","protected":false},"author":4,"featured_media":0,"parent":0,"menu_order":0,"comment_status":"closed","ping_status":"closed","template":"elementor_header_footer","meta":{"footnotes":""},"class_list":["post-4176","page","type-page","status-publish","hentry"],"yoast_head":"<!-- This site is optimized with the Yoast SEO plugin v26.8 - https:\/\/yoast.com\/product\/yoast-seo-wordpress\/ -->\n<title>Heide International LLC \u2013 Our Clients<\/title>\n<meta name=\"description\" content=\"Heide International finance service for local and international buyers in Florida United States.\" \/>\n<meta name=\"robots\" content=\"index, follow, max-snippet:-1, max-image-preview:large, max-video-preview:-1\" \/>\n<link rel=\"canonical\" href=\"https:\/\/heideinternational.com\/sv\/vara-klienter-2\/\" \/>\n<meta property=\"og:locale\" content=\"sv_SE\" \/>\n<meta property=\"og:type\" content=\"article\" \/>\n<meta property=\"og:title\" content=\"Heide International LLC \u2013 Our Clients\" \/>\n<meta property=\"og:description\" content=\"Heide International finance service for local and international buyers in Florida United States.\" \/>\n<meta property=\"og:url\" content=\"https:\/\/heideinternational.com\/sv\/vara-klienter-2\/\" \/>\n<meta property=\"og:site_name\" content=\"Heide International LLC\" \/>\n<meta property=\"article:modified_time\" content=\"2025-10-31T14:29:55+00:00\" \/>\n<meta name=\"twitter:card\" content=\"summary_large_image\" \/>\n<meta name=\"twitter:label1\" content=\"Ber\u00e4knad l\u00e4stid\" \/>\n\t<meta name=\"twitter:data1\" content=\"2 minuter\" \/>\n<script type=\"application\/ld+json\" class=\"yoast-schema-graph\">{\"@context\":\"https:\/\/schema.org\",\"@graph\":[{\"@type\":\"WebPage\",\"@id\":\"https:\/\/heideinternational.com\/our-clients\/\",\"url\":\"https:\/\/heideinternational.com\/our-clients\/\",\"name\":\"Heide International LLC \u2013 Our Clients\",\"isPartOf\":{\"@id\":\"https:\/\/heideinternational.com\/#website\"},\"datePublished\":\"2023-03-24T16:31:58+00:00\",\"dateModified\":\"2025-10-31T14:29:55+00:00\",\"description\":\"Heide International finance service for local and international buyers in Florida United States.\",\"breadcrumb\":{\"@id\":\"https:\/\/heideinternational.com\/our-clients\/#breadcrumb\"},\"inLanguage\":\"sv-SE\",\"potentialAction\":[{\"@type\":\"ReadAction\",\"target\":[\"https:\/\/heideinternational.com\/our-clients\/\"]}]},{\"@type\":\"BreadcrumbList\",\"@id\":\"https:\/\/heideinternational.com\/our-clients\/#breadcrumb\",\"itemListElement\":[{\"@type\":\"ListItem\",\"position\":1,\"name\":\"Home\",\"item\":\"https:\/\/heideinternational.com\/\"},{\"@type\":\"ListItem\",\"position\":2,\"name\":\"Our Clients\"}]},{\"@type\":\"WebSite\",\"@id\":\"https:\/\/heideinternational.com\/#website\",\"url\":\"https:\/\/heideinternational.com\/\",\"name\":\"Heide International LLC\",\"description\":\"Heide International LLC\",\"potentialAction\":[{\"@type\":\"SearchAction\",\"target\":{\"@type\":\"EntryPoint\",\"urlTemplate\":\"https:\/\/heideinternational.com\/?s={search_term_string}\"},\"query-input\":{\"@type\":\"PropertyValueSpecification\",\"valueRequired\":true,\"valueName\":\"search_term_string\"}}],\"inLanguage\":\"sv-SE\"}]}<\/script>\n<!-- \/ Yoast SEO plugin. -->","yoast_head_json":{"title":"Heide International LLC - V\u00e5ra kunder","description":"Heide International finansieringstj\u00e4nst f\u00f6r lokala och internationella k\u00f6pare i Florida, USA.","robots":{"index":"index","follow":"follow","max-snippet":"max-snippet:-1","max-image-preview":"max-image-preview:large","max-video-preview":"max-video-preview:-1"},"canonical":"https:\/\/heideinternational.com\/sv\/vara-klienter-2\/","og_locale":"sv_SE","og_type":"article","og_title":"Heide International LLC \u2013 Our Clients","og_description":"Heide International finance service for local and international buyers in Florida United States.","og_url":"https:\/\/heideinternational.com\/sv\/vara-klienter-2\/","og_site_name":"Heide International LLC","article_modified_time":"2025-10-31T14:29:55+00:00","twitter_card":"summary_large_image","twitter_misc":{"Ber\u00e4knad l\u00e4stid":"2 minuter"},"schema":{"@context":"https:\/\/schema.org","@graph":[{"@type":"WebPage","@id":"https:\/\/heideinternational.com\/our-clients\/","url":"https:\/\/heideinternational.com\/our-clients\/","name":"Heide International LLC - V\u00e5ra kunder","isPartOf":{"@id":"https:\/\/heideinternational.com\/#website"},"datePublished":"2023-03-24T16:31:58+00:00","dateModified":"2025-10-31T14:29:55+00:00","description":"Heide International finansieringstj\u00e4nst f\u00f6r lokala och internationella k\u00f6pare i Florida, USA.","breadcrumb":{"@id":"https:\/\/heideinternational.com\/our-clients\/#breadcrumb"},"inLanguage":"sv-SE","potentialAction":[{"@type":"ReadAction","target":["https:\/\/heideinternational.com\/our-clients\/"]}]},{"@type":"BreadcrumbList","@id":"https:\/\/heideinternational.com\/our-clients\/#breadcrumb","itemListElement":[{"@type":"ListItem","position":1,"name":"Home","item":"https:\/\/heideinternational.com\/"},{"@type":"ListItem","position":2,"name":"Our Clients"}]},{"@type":"WebSite","@id":"https:\/\/heideinternational.com\/#website","url":"https:\/\/heideinternational.com\/","name":"Heide International LLC","description":"Heide International LLC","potentialAction":[{"@type":"SearchAction","target":{"@type":"EntryPoint","urlTemplate":"https:\/\/heideinternational.com\/?s={search_term_string}"},"query-input":{"@type":"PropertyValueSpecification","valueRequired":true,"valueName":"search_term_string"}}],"inLanguage":"sv-SE"}]}},"_links":{"self":[{"href":"https:\/\/heideinternational.com\/sv\/wp-json\/wp\/v2\/pages\/4176","targetHints":{"allow":["GET"]}}],"collection":[{"href":"https:\/\/heideinternational.com\/sv\/wp-json\/wp\/v2\/pages"}],"about":[{"href":"https:\/\/heideinternational.com\/sv\/wp-json\/wp\/v2\/types\/page"}],"author":[{"embeddable":true,"href":"https:\/\/heideinternational.com\/sv\/wp-json\/wp\/v2\/users\/4"}],"replies":[{"embeddable":true,"href":"https:\/\/heideinternational.com\/sv\/wp-json\/wp\/v2\/comments?post=4176"}],"version-history":[{"count":0,"href":"https:\/\/heideinternational.com\/sv\/wp-json\/wp\/v2\/pages\/4176\/revisions"}],"wp:attachment":[{"href":"https:\/\/heideinternational.com\/sv\/wp-json\/wp\/v2\/media?parent=4176"}],"curies":[{"name":"wp","href":"https:\/\/api.w.org\/{rel}","templated":true}]}}