{"id":3983,"date":"2023-03-14T19:53:56","date_gmt":"2023-03-14T19:53:56","guid":{"rendered":"https:\/\/heideinternati.wpengine.com\/?page_id=3983"},"modified":"2023-03-14T20:02:38","modified_gmt":"2023-03-14T20:02:38","slug":"egenforetagare-inkomst-hacks-2","status":"publish","type":"page","link":"https:\/\/heideinternational.com\/sv\/egenforetagare-inkomst-hacks-2\/","title":{"rendered":"Hacks f\u00f6r egenf\u00f6retagare"},"content":{"rendered":"<div data-elementor-type=\"wp-page\" data-elementor-id=\"3983\" class=\"elementor elementor-3983\" data-elementor-post-type=\"page\">\n\t\t\t\t\t\t<section class=\"elementor-section elementor-top-section elementor-element elementor-element-68e8936 elementor-section-boxed elementor-section-height-default elementor-section-height-default\" data-id=\"68e8936\" data-element_type=\"section\" data-settings=\"{&quot;background_background&quot;:&quot;classic&quot;}\">\n\t\t\t\t\t\t<div class=\"elementor-container elementor-column-gap-default\">\n\t\t\t\t\t<div class=\"elementor-column elementor-col-100 elementor-top-column elementor-element elementor-element-3947b0f\" data-id=\"3947b0f\" data-element_type=\"column\">\n\t\t\t<div class=\"elementor-widget-wrap elementor-element-populated\">\n\t\t\t\t\t\t<div class=\"elementor-element elementor-element-f4bd414 elementor-widget elementor-widget-heading\" data-id=\"f4bd414\" data-element_type=\"widget\" data-widget_type=\"heading.default\">\n\t\t\t\t<div class=\"elementor-widget-container\">\n\t\t\t\t\t<h1 class=\"elementor-heading-title elementor-size-default\">Hacks f\u00f6r egenf\u00f6retagare<br>Vad du beh\u00f6ver veta<\/h1>\t\t\t\t<\/div>\n\t\t\t\t<\/div>\n\t\t\t\t\t<\/div>\n\t\t<\/div>\n\t\t\t\t\t<\/div>\n\t\t<\/section>\n\t\t\t\t<section class=\"elementor-section elementor-top-section elementor-element elementor-element-078e025 elementor-section-boxed elementor-section-height-default elementor-section-height-default\" data-id=\"078e025\" data-element_type=\"section\">\n\t\t\t\t\t\t<div class=\"elementor-container elementor-column-gap-default\">\n\t\t\t\t\t<div class=\"elementor-column elementor-col-100 elementor-top-column elementor-element elementor-element-7d45f34\" data-id=\"7d45f34\" data-element_type=\"column\">\n\t\t\t<div class=\"elementor-widget-wrap elementor-element-populated\">\n\t\t\t\t\t\t<div class=\"elementor-element elementor-element-850fe3f elementor-widget elementor-widget-video\" data-id=\"850fe3f\" data-element_type=\"widget\" data-settings=\"{&quot;video_type&quot;:&quot;vimeo&quot;}\" data-widget_type=\"video.default\">\n\t\t\t\t<div class=\"elementor-widget-container\">\n\t\t\t\t\t\t\t<div class=\"elementor-wrapper elementor-open-inline\">\n\t\t\t<iframe class=\"elementor-video-iframe\" allowfullscreen allow=\"clipboard-write\" title=\"vimeo \u0412\u0438\u0434\u0435\u043e\u043f\u043b\u0435\u0435\u0440\" src=\"https:\/\/player.vimeo.com\/video\/808070370?color&amp;autopause=0&amp;loop=0&amp;muted=0&amp;title=1&amp;portrait=1&amp;byline=1#t=\" data-no-translation-title=\"\"><\/iframe>\t\t<\/div>\n\t\t\t\t\t\t<\/div>\n\t\t\t\t<\/div>\n\t\t\t\t<div class=\"elementor-element elementor-element-e1d05c3 elementor-widget elementor-widget-text-editor\" data-id=\"e1d05c3\" data-element_type=\"widget\" data-widget_type=\"text-editor.default\">\n\t\t\t\t<div class=\"elementor-widget-container\">\n\t\t\t\t\t\t\t\t\t<p><strong>Visste du att FNMA inte tvingar dig att ta h\u00e4nsyn till f\u00f6rluster i samband med egenf\u00f6retagande om det finns inkomster fr\u00e5n en annan k\u00e4lla?<\/strong><\/p><p>L\u00e5ntagarens f\u00f6rluster som rapporteras i l\u00e5ntagarens skattedeklaration som egenf\u00f6retagare kr\u00e4vs inte n\u00e4r l\u00e5ntagaren kan kvalificera sig genom att endast anv\u00e4nda inkomster som kommer fr\u00e5n separata k\u00e4llor som inte \u00e4r egenf\u00f6retagare. Exempel p\u00e5 inkomster fr\u00e5n en annan k\u00e4lla som inte \u00e4r egenf\u00f6retagare \u00e4r l\u00f6n fr\u00e5n ett annat arbete, passiva inkomster och pensionsinkomster. S\u00e5 om ditt f\u00f6retag visar en f\u00f6rlust beh\u00f6ver du kanske inte r\u00e4kna med f\u00f6rlusten om du har andra inkomster. L\u00e5ngivarna kr\u00e4ver tv\u00e5 \u00e5rs undertecknade f\u00f6retags- och personliga skattedeklarationer f\u00f6r att ber\u00e4kna en genomsnittlig inkomst, men under vissa f\u00f6ruts\u00e4ttningar kan man avst\u00e5 fr\u00e5n att l\u00e4mna in f\u00f6retagsskattedeklarationer om: -l\u00e5ntagaren anv\u00e4nder personliga medel f\u00f6r handpenning, slutkostnader och reserver, -l\u00e5ntagaren har varit egenf\u00f6retagare i samma verksamhet i minst fem \u00e5r, och -l\u00e5ntagarens individuella skattedeklarationer visar en \u00f6kning av inkomsterna fr\u00e5n egenf\u00f6retagande under de senaste tv\u00e5 \u00e5ren. Ett annat alternativ f\u00f6r en l\u00e5ngivare g\u00f6r det m\u00f6jligt f\u00f6r en l\u00e5ntagare som \u00e4r egenf\u00f6retagare att kvalificera sig med hj\u00e4lp av det senaste \u00e5rets personliga och f\u00f6retagsrelaterade skattedeklarationer, i st\u00e4llet f\u00f6r att analysera de senaste tv\u00e5 \u00e5rens skattedeklarationer. Dessa regler kan ge stora f\u00f6rdelar f\u00f6r en l\u00e5ntagare n\u00e4r f\u00f6retaget hade l\u00e4gre inkomster under f\u00f6reg\u00e5ende \u00e5r. Eller om f\u00f6rlusten i den egenanst\u00e4llda verksamheten kan ha en negativ inverkan p\u00e5 den tillg\u00e4ngliga inkomsten f\u00f6r kvalificerings\u00e4ndam\u00e5l.<\/p>\t\t\t\t\t\t\t\t<\/div>\n\t\t\t\t<\/div>\n\t\t\t\t\t<\/div>\n\t\t<\/div>\n\t\t\t\t\t<\/div>\n\t\t<\/section>\n\t\t\t\t<\/div>","protected":false},"excerpt":{"rendered":"<p>Self-Employed Income HacksWhat You Need to Know https:\/\/vimeo.com\/808070370 Did you know that FNMA does not make you consider self- employment losses if income from another source is available? Self-employed borrower\u2019s losses reported on the borrower&#8217;s tax returns, is not required when a borrower can qualify using only income that is from separate non self-employed source. [&hellip;]<\/p>","protected":false},"author":3,"featured_media":0,"parent":0,"menu_order":0,"comment_status":"closed","ping_status":"closed","template":"","meta":{"footnotes":""},"class_list":["post-3983","page","type-page","status-publish","hentry"],"yoast_head":"<!-- This site is optimized with the Yoast SEO plugin v26.8 - https:\/\/yoast.com\/product\/yoast-seo-wordpress\/ -->\n<title>Self-Employed Income Hacks - Heide International LLC<\/title>\n<meta name=\"robots\" content=\"index, follow, max-snippet:-1, max-image-preview:large, max-video-preview:-1\" \/>\n<link rel=\"canonical\" href=\"https:\/\/heideinternational.com\/sv\/egenforetagare-inkomst-hacks-2\/\" \/>\n<meta property=\"og:locale\" content=\"sv_SE\" \/>\n<meta property=\"og:type\" content=\"article\" \/>\n<meta property=\"og:title\" content=\"Self-Employed Income Hacks - Heide International LLC\" \/>\n<meta property=\"og:description\" content=\"Self-Employed Income HacksWhat You Need to Know https:\/\/vimeo.com\/808070370 Did you know that FNMA does not make you consider self- employment losses if income from another source is available? Self-employed borrower\u2019s losses reported on the borrower&#8217;s tax returns, is not required when a borrower can qualify using only income that is from separate non self-employed source. [&hellip;]\" \/>\n<meta property=\"og:url\" content=\"https:\/\/heideinternational.com\/sv\/egenforetagare-inkomst-hacks-2\/\" \/>\n<meta property=\"og:site_name\" content=\"Heide International LLC\" \/>\n<meta property=\"article:modified_time\" content=\"2023-03-14T20:02:38+00:00\" \/>\n<meta name=\"twitter:card\" content=\"summary_large_image\" \/>\n<meta name=\"twitter:label1\" content=\"Ber\u00e4knad l\u00e4stid\" \/>\n\t<meta name=\"twitter:data1\" content=\"1 minut\" \/>\n<script type=\"application\/ld+json\" class=\"yoast-schema-graph\">{\"@context\":\"https:\/\/schema.org\",\"@graph\":[{\"@type\":\"WebPage\",\"@id\":\"https:\/\/heideinternational.com\/self-employed-income-hacks\/\",\"url\":\"https:\/\/heideinternational.com\/self-employed-income-hacks\/\",\"name\":\"Self-Employed Income Hacks - Heide International LLC\",\"isPartOf\":{\"@id\":\"https:\/\/heideinternational.com\/#website\"},\"datePublished\":\"2023-03-14T19:53:56+00:00\",\"dateModified\":\"2023-03-14T20:02:38+00:00\",\"breadcrumb\":{\"@id\":\"https:\/\/heideinternational.com\/self-employed-income-hacks\/#breadcrumb\"},\"inLanguage\":\"sv-SE\",\"potentialAction\":[{\"@type\":\"ReadAction\",\"target\":[\"https:\/\/heideinternational.com\/self-employed-income-hacks\/\"]}]},{\"@type\":\"BreadcrumbList\",\"@id\":\"https:\/\/heideinternational.com\/self-employed-income-hacks\/#breadcrumb\",\"itemListElement\":[{\"@type\":\"ListItem\",\"position\":1,\"name\":\"Home\",\"item\":\"https:\/\/heideinternational.com\/\"},{\"@type\":\"ListItem\",\"position\":2,\"name\":\"Self-Employed Income Hacks\"}]},{\"@type\":\"WebSite\",\"@id\":\"https:\/\/heideinternational.com\/#website\",\"url\":\"https:\/\/heideinternational.com\/\",\"name\":\"Heide International LLC\",\"description\":\"Heide International LLC\",\"potentialAction\":[{\"@type\":\"SearchAction\",\"target\":{\"@type\":\"EntryPoint\",\"urlTemplate\":\"https:\/\/heideinternational.com\/?s={search_term_string}\"},\"query-input\":{\"@type\":\"PropertyValueSpecification\",\"valueRequired\":true,\"valueName\":\"search_term_string\"}}],\"inLanguage\":\"sv-SE\"}]}<\/script>\n<!-- \/ Yoast SEO plugin. -->","yoast_head_json":{"title":"Hacks f\u00f6r egenf\u00f6retagare - Heide International LLC","robots":{"index":"index","follow":"follow","max-snippet":"max-snippet:-1","max-image-preview":"max-image-preview:large","max-video-preview":"max-video-preview:-1"},"canonical":"https:\/\/heideinternational.com\/sv\/egenforetagare-inkomst-hacks-2\/","og_locale":"sv_SE","og_type":"article","og_title":"Self-Employed Income Hacks - Heide International LLC","og_description":"Self-Employed Income HacksWhat You Need to Know https:\/\/vimeo.com\/808070370 Did you know that FNMA does not make you consider self- employment losses if income from another source is available? Self-employed borrower\u2019s losses reported on the borrower&#8217;s tax returns, is not required when a borrower can qualify using only income that is from separate non self-employed source. [&hellip;]","og_url":"https:\/\/heideinternational.com\/sv\/egenforetagare-inkomst-hacks-2\/","og_site_name":"Heide International LLC","article_modified_time":"2023-03-14T20:02:38+00:00","twitter_card":"summary_large_image","twitter_misc":{"Ber\u00e4knad l\u00e4stid":"1 minut"},"schema":{"@context":"https:\/\/schema.org","@graph":[{"@type":"WebPage","@id":"https:\/\/heideinternational.com\/self-employed-income-hacks\/","url":"https:\/\/heideinternational.com\/self-employed-income-hacks\/","name":"Hacks f\u00f6r egenf\u00f6retagare - Heide International LLC","isPartOf":{"@id":"https:\/\/heideinternational.com\/#website"},"datePublished":"2023-03-14T19:53:56+00:00","dateModified":"2023-03-14T20:02:38+00:00","breadcrumb":{"@id":"https:\/\/heideinternational.com\/self-employed-income-hacks\/#breadcrumb"},"inLanguage":"sv-SE","potentialAction":[{"@type":"ReadAction","target":["https:\/\/heideinternational.com\/self-employed-income-hacks\/"]}]},{"@type":"BreadcrumbList","@id":"https:\/\/heideinternational.com\/self-employed-income-hacks\/#breadcrumb","itemListElement":[{"@type":"ListItem","position":1,"name":"Home","item":"https:\/\/heideinternational.com\/"},{"@type":"ListItem","position":2,"name":"Self-Employed Income Hacks"}]},{"@type":"WebSite","@id":"https:\/\/heideinternational.com\/#website","url":"https:\/\/heideinternational.com\/","name":"Heide International LLC","description":"Heide International LLC","potentialAction":[{"@type":"SearchAction","target":{"@type":"EntryPoint","urlTemplate":"https:\/\/heideinternational.com\/?s={search_term_string}"},"query-input":{"@type":"PropertyValueSpecification","valueRequired":true,"valueName":"search_term_string"}}],"inLanguage":"sv-SE"}]}},"_links":{"self":[{"href":"https:\/\/heideinternational.com\/sv\/wp-json\/wp\/v2\/pages\/3983","targetHints":{"allow":["GET"]}}],"collection":[{"href":"https:\/\/heideinternational.com\/sv\/wp-json\/wp\/v2\/pages"}],"about":[{"href":"https:\/\/heideinternational.com\/sv\/wp-json\/wp\/v2\/types\/page"}],"author":[{"embeddable":true,"href":"https:\/\/heideinternational.com\/sv\/wp-json\/wp\/v2\/users\/3"}],"replies":[{"embeddable":true,"href":"https:\/\/heideinternational.com\/sv\/wp-json\/wp\/v2\/comments?post=3983"}],"version-history":[{"count":0,"href":"https:\/\/heideinternational.com\/sv\/wp-json\/wp\/v2\/pages\/3983\/revisions"}],"wp:attachment":[{"href":"https:\/\/heideinternational.com\/sv\/wp-json\/wp\/v2\/media?parent=3983"}],"curies":[{"name":"wp","href":"https:\/\/api.w.org\/{rel}","templated":true}]}}