{"id":3971,"date":"2023-03-14T19:23:53","date_gmt":"2023-03-14T19:23:53","guid":{"rendered":"https:\/\/heideinternati.wpengine.com\/?page_id=3971"},"modified":"2023-03-14T19:30:08","modified_gmt":"2023-03-14T19:30:08","slug":"du-kan-fortfarande-kvalificera-dig-for-ett-lan-2","status":"publish","type":"page","link":"https:\/\/heideinternational.com\/sv\/du-kan-fortfarande-kvalificera-dig-for-ett-lan-2\/","title":{"rendered":"Du kan fortfarande kvalificera dig f\u00f6r ett l\u00e5n"},"content":{"rendered":"<div data-elementor-type=\"wp-page\" data-elementor-id=\"3971\" class=\"elementor elementor-3971\" data-elementor-post-type=\"page\">\n\t\t\t\t\t\t<section class=\"elementor-section elementor-top-section elementor-element elementor-element-ccae8fe elementor-section-boxed elementor-section-height-default elementor-section-height-default\" data-id=\"ccae8fe\" data-element_type=\"section\" data-settings=\"{&quot;background_background&quot;:&quot;classic&quot;}\">\n\t\t\t\t\t\t<div class=\"elementor-container elementor-column-gap-default\">\n\t\t\t\t\t<div class=\"elementor-column elementor-col-100 elementor-top-column elementor-element elementor-element-b8e6008\" data-id=\"b8e6008\" data-element_type=\"column\">\n\t\t\t<div class=\"elementor-widget-wrap elementor-element-populated\">\n\t\t\t\t\t\t<div class=\"elementor-element elementor-element-9d87a9d elementor-widget elementor-widget-heading\" data-id=\"9d87a9d\" data-element_type=\"widget\" data-widget_type=\"heading.default\">\n\t\t\t\t<div class=\"elementor-widget-container\">\n\t\t\t\t\t<h1 class=\"elementor-heading-title elementor-size-default\">Ingen kreditv\u00e4rdighet? Du kan \u00e4nd\u00e5 f\u00e5 ett l\u00e5n<\/h1>\t\t\t\t<\/div>\n\t\t\t\t<\/div>\n\t\t\t\t\t<\/div>\n\t\t<\/div>\n\t\t\t\t\t<\/div>\n\t\t<\/section>\n\t\t\t\t<section class=\"elementor-section elementor-top-section elementor-element elementor-element-c4f8c32 elementor-section-boxed elementor-section-height-default elementor-section-height-default\" data-id=\"c4f8c32\" data-element_type=\"section\">\n\t\t\t\t\t\t<div class=\"elementor-container elementor-column-gap-default\">\n\t\t\t\t\t<div class=\"elementor-column elementor-col-100 elementor-top-column elementor-element elementor-element-127d703\" data-id=\"127d703\" data-element_type=\"column\">\n\t\t\t<div class=\"elementor-widget-wrap elementor-element-populated\">\n\t\t\t\t\t\t<div class=\"elementor-element elementor-element-6152956 elementor-widget elementor-widget-video\" data-id=\"6152956\" data-element_type=\"widget\" data-settings=\"{&quot;video_type&quot;:&quot;vimeo&quot;}\" data-widget_type=\"video.default\">\n\t\t\t\t<div class=\"elementor-widget-container\">\n\t\t\t\t\t\t\t<div class=\"elementor-wrapper elementor-open-inline\">\n\t\t\t<iframe class=\"elementor-video-iframe\" allowfullscreen allow=\"clipboard-write\" title=\"vimeo Video Player\" src=\"https:\/\/player.vimeo.com\/video\/808059243?color&amp;autopause=0&amp;loop=0&amp;muted=0&amp;title=1&amp;portrait=1&amp;byline=1#t=\"><\/iframe>\t\t<\/div>\n\t\t\t\t\t\t<\/div>\n\t\t\t\t<\/div>\n\t\t\t\t<div class=\"elementor-element elementor-element-379cd88 elementor-widget elementor-widget-text-editor\" data-id=\"379cd88\" data-element_type=\"widget\" data-widget_type=\"text-editor.default\">\n\t\t\t\t<div class=\"elementor-widget-container\">\n\t\t\t\t\t\t\t\t\t<p><strong>Du kan fortfarande kvalificera dig f\u00f6r ett l\u00e5n utan kreditv\u00e4rdighet. <\/strong><\/p><p>Om du \u00e4r en l\u00e5ntagare som inte anv\u00e4nder traditionella krediter men har en exemplarisk betalningshistorik med hyra och andra kreditgivare som inte rapporterar, vilket kan omfatta allm\u00e4nnyttiga f\u00f6retag, f\u00f6rs\u00e4kringsbolag, telefonr\u00e4kningar och en m\u00e4ngd andra kontrollerbara kreditgivare. D\u00e5 kan du anv\u00e4nda din icke-traditionella kredit f\u00f6r att kvalificera dig f\u00f6r ett hypoteksl\u00e5n. Det \u00e4r viktigt att veta att l\u00e5ngivarna fortfarande tar h\u00e4nsyn till alla avvikande kreditreferenser som f\u00f6rekommer i kreditupplysningen: -Det f\u00e5r inte finnas n\u00e5gra 30-dagars f\u00f6rseningar p\u00e5 hyresbetalningar under de senaste 12 m\u00e5naderna. -Bara ett annat konto kan ha en 30-dagars f\u00f6rsening under de senaste 12 m\u00e5naderna. -Inga inkassokrav (utom medicinska inkassokrav) eller domar under de senaste 24 m\u00e5naderna. -Domar, pantr\u00e4tter, indrivningar och avskrivningar av konton som inte \u00e4r hypoteksl\u00e5n m\u00e5ste vara uppfyllda i enlighet med riktlinjerna. -Fastigheten m\u00e5ste vara en enhetsbostad med huvudbostad och alla l\u00e5ntagare m\u00e5ste bo i fastigheten. -Alla fastighetstyper \u00e4r till\u00e5tna, men inga husbilar. -M\u00e5ste vara ett k\u00f6p eller en begr\u00e4nsad kontant refinansiering. -L\u00e5net m\u00e5ste uppfylla de till\u00e4mpliga l\u00e5negr\u00e4nserna -M\u00e5ste vara ett l\u00e5n med fast r\u00e4nta och med en handpenning p\u00e5 10% eller mer. Inkomst- och skuldf\u00f6rh\u00e5llandet f\u00e5r inte vara h\u00f6gre \u00e4n 40%. -Reserver kan kr\u00e4vas. Slutligen finns det ett program som g\u00f6r det m\u00f6jligt f\u00f6r f\u00f6rsiktiga l\u00e5ntagare som hatar att vara skuldsatta att f\u00e5 ett hypoteksl\u00e5n utan att beh\u00f6va bygga upp en traditionell kredithistorik f\u00f6r att visa en kreditpo\u00e4ng.<\/p>\t\t\t\t\t\t\t\t<\/div>\n\t\t\t\t<\/div>\n\t\t\t\t\t<\/div>\n\t\t<\/div>\n\t\t\t\t\t<\/div>\n\t\t<\/section>\n\t\t\t\t<\/div>","protected":false},"excerpt":{"rendered":"<p>No Credit Score? You Can Still Qualify for a Mortgage https:\/\/vimeo.com\/808059243 You can still qualify for a mortgage without a credit score. If you are a borrower who doesn\u2019t use traditional credit but have exemplary payment history with rent and other non-reporting creditors, which can include Utilities, insurance carriers, and phone bills as well as [&hellip;]<\/p>","protected":false},"author":3,"featured_media":0,"parent":0,"menu_order":0,"comment_status":"closed","ping_status":"closed","template":"","meta":{"footnotes":""},"class_list":["post-3971","page","type-page","status-publish","hentry"],"yoast_head":"<!-- This site is optimized with the Yoast SEO plugin v26.8 - https:\/\/yoast.com\/product\/yoast-seo-wordpress\/ -->\n<title>You Can Still Qualify for a Mortgage - Heide International LLC<\/title>\n<meta name=\"robots\" content=\"index, follow, max-snippet:-1, max-image-preview:large, max-video-preview:-1\" \/>\n<link rel=\"canonical\" href=\"https:\/\/heideinternational.com\/sv\/du-kan-fortfarande-kvalificera-dig-for-ett-lan-2\/\" \/>\n<meta property=\"og:locale\" content=\"sv_SE\" \/>\n<meta property=\"og:type\" content=\"article\" \/>\n<meta property=\"og:title\" content=\"You Can Still Qualify for a Mortgage - Heide International LLC\" \/>\n<meta property=\"og:description\" content=\"No Credit Score? You Can Still Qualify for a Mortgage https:\/\/vimeo.com\/808059243 You can still qualify for a mortgage without a credit score. If you are a borrower who doesn\u2019t use traditional credit but have exemplary payment history with rent and other non-reporting creditors, which can include Utilities, insurance carriers, and phone bills as well as [&hellip;]\" \/>\n<meta property=\"og:url\" content=\"https:\/\/heideinternational.com\/sv\/du-kan-fortfarande-kvalificera-dig-for-ett-lan-2\/\" \/>\n<meta property=\"og:site_name\" content=\"Heide International LLC\" \/>\n<meta property=\"article:modified_time\" content=\"2023-03-14T19:30:08+00:00\" \/>\n<meta name=\"twitter:card\" content=\"summary_large_image\" \/>\n<meta name=\"twitter:label1\" content=\"Ber\u00e4knad l\u00e4stid\" \/>\n\t<meta name=\"twitter:data1\" content=\"2 minuter\" \/>\n<script type=\"application\/ld+json\" class=\"yoast-schema-graph\">{\"@context\":\"https:\/\/schema.org\",\"@graph\":[{\"@type\":\"WebPage\",\"@id\":\"https:\/\/heideinternational.com\/you-can-still-qualify-for-a-mortgage\/\",\"url\":\"https:\/\/heideinternational.com\/you-can-still-qualify-for-a-mortgage\/\",\"name\":\"You Can Still Qualify for a Mortgage - Heide International LLC\",\"isPartOf\":{\"@id\":\"https:\/\/heideinternational.com\/#website\"},\"datePublished\":\"2023-03-14T19:23:53+00:00\",\"dateModified\":\"2023-03-14T19:30:08+00:00\",\"breadcrumb\":{\"@id\":\"https:\/\/heideinternational.com\/you-can-still-qualify-for-a-mortgage\/#breadcrumb\"},\"inLanguage\":\"sv-SE\",\"potentialAction\":[{\"@type\":\"ReadAction\",\"target\":[\"https:\/\/heideinternational.com\/you-can-still-qualify-for-a-mortgage\/\"]}]},{\"@type\":\"BreadcrumbList\",\"@id\":\"https:\/\/heideinternational.com\/you-can-still-qualify-for-a-mortgage\/#breadcrumb\",\"itemListElement\":[{\"@type\":\"ListItem\",\"position\":1,\"name\":\"Home\",\"item\":\"https:\/\/heideinternational.com\/\"},{\"@type\":\"ListItem\",\"position\":2,\"name\":\"You Can Still Qualify for a Mortgage\"}]},{\"@type\":\"WebSite\",\"@id\":\"https:\/\/heideinternational.com\/#website\",\"url\":\"https:\/\/heideinternational.com\/\",\"name\":\"Heide International LLC\",\"description\":\"Heide International LLC\",\"potentialAction\":[{\"@type\":\"SearchAction\",\"target\":{\"@type\":\"EntryPoint\",\"urlTemplate\":\"https:\/\/heideinternational.com\/?s={search_term_string}\"},\"query-input\":{\"@type\":\"PropertyValueSpecification\",\"valueRequired\":true,\"valueName\":\"search_term_string\"}}],\"inLanguage\":\"sv-SE\"}]}<\/script>\n<!-- \/ Yoast SEO plugin. -->","yoast_head_json":{"title":"Du kan fortfarande kvalificera dig f\u00f6r ett l\u00e5n - Heide International LLC","robots":{"index":"index","follow":"follow","max-snippet":"max-snippet:-1","max-image-preview":"max-image-preview:large","max-video-preview":"max-video-preview:-1"},"canonical":"https:\/\/heideinternational.com\/sv\/du-kan-fortfarande-kvalificera-dig-for-ett-lan-2\/","og_locale":"sv_SE","og_type":"article","og_title":"You Can Still Qualify for a Mortgage - Heide International LLC","og_description":"No Credit Score? You Can Still Qualify for a Mortgage https:\/\/vimeo.com\/808059243 You can still qualify for a mortgage without a credit score. If you are a borrower who doesn\u2019t use traditional credit but have exemplary payment history with rent and other non-reporting creditors, which can include Utilities, insurance carriers, and phone bills as well as [&hellip;]","og_url":"https:\/\/heideinternational.com\/sv\/du-kan-fortfarande-kvalificera-dig-for-ett-lan-2\/","og_site_name":"Heide International LLC","article_modified_time":"2023-03-14T19:30:08+00:00","twitter_card":"summary_large_image","twitter_misc":{"Ber\u00e4knad l\u00e4stid":"2 minuter"},"schema":{"@context":"https:\/\/schema.org","@graph":[{"@type":"WebPage","@id":"https:\/\/heideinternational.com\/you-can-still-qualify-for-a-mortgage\/","url":"https:\/\/heideinternational.com\/you-can-still-qualify-for-a-mortgage\/","name":"Du kan fortfarande kvalificera dig f\u00f6r ett l\u00e5n - Heide International LLC","isPartOf":{"@id":"https:\/\/heideinternational.com\/#website"},"datePublished":"2023-03-14T19:23:53+00:00","dateModified":"2023-03-14T19:30:08+00:00","breadcrumb":{"@id":"https:\/\/heideinternational.com\/you-can-still-qualify-for-a-mortgage\/#breadcrumb"},"inLanguage":"sv-SE","potentialAction":[{"@type":"ReadAction","target":["https:\/\/heideinternational.com\/you-can-still-qualify-for-a-mortgage\/"]}]},{"@type":"BreadcrumbList","@id":"https:\/\/heideinternational.com\/you-can-still-qualify-for-a-mortgage\/#breadcrumb","itemListElement":[{"@type":"ListItem","position":1,"name":"Home","item":"https:\/\/heideinternational.com\/"},{"@type":"ListItem","position":2,"name":"You Can Still Qualify for a Mortgage"}]},{"@type":"WebSite","@id":"https:\/\/heideinternational.com\/#website","url":"https:\/\/heideinternational.com\/","name":"Heide International LLC","description":"Heide International LLC","potentialAction":[{"@type":"SearchAction","target":{"@type":"EntryPoint","urlTemplate":"https:\/\/heideinternational.com\/?s={search_term_string}"},"query-input":{"@type":"PropertyValueSpecification","valueRequired":true,"valueName":"search_term_string"}}],"inLanguage":"sv-SE"}]}},"_links":{"self":[{"href":"https:\/\/heideinternational.com\/sv\/wp-json\/wp\/v2\/pages\/3971","targetHints":{"allow":["GET"]}}],"collection":[{"href":"https:\/\/heideinternational.com\/sv\/wp-json\/wp\/v2\/pages"}],"about":[{"href":"https:\/\/heideinternational.com\/sv\/wp-json\/wp\/v2\/types\/page"}],"author":[{"embeddable":true,"href":"https:\/\/heideinternational.com\/sv\/wp-json\/wp\/v2\/users\/3"}],"replies":[{"embeddable":true,"href":"https:\/\/heideinternational.com\/sv\/wp-json\/wp\/v2\/comments?post=3971"}],"version-history":[{"count":0,"href":"https:\/\/heideinternational.com\/sv\/wp-json\/wp\/v2\/pages\/3971\/revisions"}],"wp:attachment":[{"href":"https:\/\/heideinternational.com\/sv\/wp-json\/wp\/v2\/media?parent=3971"}],"curies":[{"name":"wp","href":"https:\/\/api.w.org\/{rel}","templated":true}]}}