{"id":3958,"date":"2023-03-14T18:56:15","date_gmt":"2023-03-14T18:56:15","guid":{"rendered":"https:\/\/heideinternati.wpengine.com\/?page_id=3958"},"modified":"2023-03-14T19:00:12","modified_gmt":"2023-03-14T19:00:12","slug":"inte-forhandla-om-inkopspriset-2","status":"publish","type":"page","link":"https:\/\/heideinternational.com\/sv\/inte-forhandla-om-inkopspriset-2\/","title":{"rendered":"F\u00f6rhandla inte om ink\u00f6pspriset"},"content":{"rendered":"<div data-elementor-type=\"wp-page\" data-elementor-id=\"3958\" class=\"elementor elementor-3958\" data-elementor-post-type=\"page\">\n\t\t\t\t\t\t<section class=\"elementor-section elementor-top-section elementor-element elementor-element-09c552c elementor-section-boxed elementor-section-height-default elementor-section-height-default\" data-id=\"09c552c\" data-element_type=\"section\" data-settings=\"{&quot;background_background&quot;:&quot;classic&quot;}\">\n\t\t\t\t\t\t<div class=\"elementor-container elementor-column-gap-default\">\n\t\t\t\t\t<div class=\"elementor-column elementor-col-100 elementor-top-column elementor-element elementor-element-2b038dd\" data-id=\"2b038dd\" data-element_type=\"column\">\n\t\t\t<div class=\"elementor-widget-wrap elementor-element-populated\">\n\t\t\t\t\t\t<div class=\"elementor-element elementor-element-01fc5e4 elementor-widget elementor-widget-heading\" data-id=\"01fc5e4\" data-element_type=\"widget\" data-widget_type=\"heading.default\">\n\t\t\t\t<div class=\"elementor-widget-container\">\n\t\t\t\t\t<h1 class=\"elementor-heading-title elementor-size-default\">F\u00f6rhandla inte om ink\u00f6pspriset med s\u00e4ljaren<br>F\u00f6rhandla om priset<\/h1>\t\t\t\t<\/div>\n\t\t\t\t<\/div>\n\t\t\t\t\t<\/div>\n\t\t<\/div>\n\t\t\t\t\t<\/div>\n\t\t<\/section>\n\t\t\t\t<section class=\"elementor-section elementor-top-section elementor-element elementor-element-0d2fdcd elementor-section-boxed elementor-section-height-default elementor-section-height-default\" data-id=\"0d2fdcd\" data-element_type=\"section\">\n\t\t\t\t\t\t<div class=\"elementor-container elementor-column-gap-default\">\n\t\t\t\t\t<div class=\"elementor-column elementor-col-100 elementor-top-column elementor-element elementor-element-dc743ce\" data-id=\"dc743ce\" data-element_type=\"column\">\n\t\t\t<div class=\"elementor-widget-wrap elementor-element-populated\">\n\t\t\t\t\t\t<div class=\"elementor-element elementor-element-9e7c2c9 elementor-widget elementor-widget-video\" data-id=\"9e7c2c9\" data-element_type=\"widget\" data-settings=\"{&quot;video_type&quot;:&quot;vimeo&quot;}\" data-widget_type=\"video.default\">\n\t\t\t\t<div class=\"elementor-widget-container\">\n\t\t\t\t\t\t\t<div class=\"elementor-wrapper elementor-open-inline\">\n\t\t\t<iframe class=\"elementor-video-iframe\" allowfullscreen allow=\"clipboard-write\" title=\"vimeo-videospelare\" src=\"https:\/\/player.vimeo.com\/video\/808049376?color&amp;autopause=0&amp;loop=0&amp;muted=0&amp;title=1&amp;portrait=1&amp;byline=1#t=\" data-no-translation-title=\"\"><\/iframe>\t\t<\/div>\n\t\t\t\t\t\t<\/div>\n\t\t\t\t<\/div>\n\t\t\t\t<div class=\"elementor-element elementor-element-9b4791b elementor-widget elementor-widget-text-editor\" data-id=\"9b4791b\" data-element_type=\"widget\" data-widget_type=\"text-editor.default\">\n\t\t\t\t<div class=\"elementor-widget-container\">\n\t\t\t\t\t\t\t\t\t<p><strong>F\u00f6rhandla inte om k\u00f6peskillingen med s\u00e4ljaren. F\u00f6rhandla om r\u00e4ntan med s\u00e4ljaren.<\/strong><\/p><p>\u00a0Visste du att din r\u00e4nta kan ha en st\u00f6rre inverkan p\u00e5 din m\u00e5nadsbetalning och i slut\u00e4ndan p\u00e5 kostnaden f\u00f6r att \u00e4ga en bostad \u00e4n vad prisf\u00f6rhandlingar kan ha? S\u00e5 varf\u00f6r f\u00f6rhandlar alla fortfarande om priset p\u00e5 bostaden? Traditionellt sett vill k\u00f6pare f\u00f6rhandla om priset med en s\u00e4ljare, men om de f\u00f6rhandlade om l\u00e5nekostnaden med en s\u00e4ljare kan de spara $10:s tusentals dollar. Till och med $100 tusen dollar! H\u00e4r \u00e4r vad jag menar: S\u00e4g att ett hus \u00e4r till salu f\u00f6r $800 000.00 och en k\u00f6pare med en kreditv\u00e4rdighet p\u00e5 740 vill f\u00f6rhandla fram ett pris p\u00e5 $775 000 och l\u00e4gga 20% p\u00e5 ett l\u00e5n p\u00e5 $620 000. Med en marknadsr\u00e4nta p\u00e5 6,5% utan po\u00e4ng skulle betalningen bli $3918,82 per m\u00e5nad.<\/p><p>Om k\u00f6paren i st\u00e4llet erbjuder fullt pris f\u00f6r huset och ber s\u00e4ljaren att betala avdragsavgifter p\u00e5 upp till $25 000 kan k\u00f6paren nu s\u00e4nka r\u00e4ntan avsev\u00e4rt. Dessa $25 000 kan permanent s\u00e4nka r\u00e4ntan f\u00f6r l\u00e5ntagaren till cirka 5,125%. Betalningen f\u00f6r det fullst\u00e4ndiga erbjudandet skulle vara $3485,00. Detta \u00e4r en besparing p\u00e5 $433,82,00 per m\u00e5nad och $156 175,00 under l\u00e5nets l\u00f6ptid j\u00e4mf\u00f6rt med strategin f\u00f6r priss\u00e4nkning av bostaden. Med traditionella f\u00f6rhandlingar om priset p\u00e5 bostaden skulle du beh\u00f6va s\u00e4nka priset p\u00e5 bostaden till $553 752,00 f\u00f6r att f\u00e5 samma besparing, och vi vet att s\u00e4ljaren inte kommer att g\u00f6ra det \u00e5t dig. Det finns ytterligare en f\u00f6rdel. S\u00e4ljaren f\u00e5r fullt pris f\u00f6r bostaden och kan g\u00f6ra skatteavdrag f\u00f6r den rabatt som betalats som en kostnad f\u00f6r att s\u00e4lja bostaden. De f\u00e5r allts\u00e5 tillbaka en del av de pengar som de spenderar p\u00e5 rabatten vid k\u00f6pet. Vill du l\u00e4sa mer om detta? Vad mina videor om skatteavdrag f\u00f6r hus\u00e4gare och g\u00e5 till mina blogginl\u00e4gg p\u00e5 www.heideInternational.com och ring mig sedan f\u00f6r din hypoteksfinansiering!<\/p>\t\t\t\t\t\t\t\t<\/div>\n\t\t\t\t<\/div>\n\t\t\t\t\t<\/div>\n\t\t<\/div>\n\t\t\t\t\t<\/div>\n\t\t<\/section>\n\t\t\t\t<\/div>","protected":false},"excerpt":{"rendered":"<p>Don&#8217;t Negotiate the Purchase Price with the SellerNegotiate the Rate https:\/\/vimeo.com\/808049376 Don\u2019t negotiate the purchase price with a seller. Negotiate the rate with the seller. \u00a0Did you know that your interest rate can have a bigger impact on your monthly payment and ultimately your cost of home ownership than home price negotiations? So why is [&hellip;]<\/p>","protected":false},"author":3,"featured_media":0,"parent":0,"menu_order":0,"comment_status":"closed","ping_status":"closed","template":"","meta":{"footnotes":""},"class_list":["post-3958","page","type-page","status-publish","hentry"],"yoast_head":"<!-- This site is optimized with the Yoast SEO plugin v26.8 - https:\/\/yoast.com\/product\/yoast-seo-wordpress\/ -->\n<title>Don&#039;t Negotiate the Purchase Price - Heide International LLC<\/title>\n<meta name=\"robots\" content=\"index, follow, max-snippet:-1, max-image-preview:large, max-video-preview:-1\" \/>\n<link rel=\"canonical\" href=\"https:\/\/heideinternational.com\/sv\/inte-forhandla-om-inkopspriset-2\/\" \/>\n<meta property=\"og:locale\" content=\"sv_SE\" \/>\n<meta property=\"og:type\" content=\"article\" \/>\n<meta property=\"og:title\" content=\"Don&#039;t Negotiate the Purchase Price - Heide International LLC\" \/>\n<meta property=\"og:description\" content=\"Don&#8217;t Negotiate the Purchase Price with the SellerNegotiate the Rate https:\/\/vimeo.com\/808049376 Don\u2019t negotiate the purchase price with a seller. Negotiate the rate with the seller. \u00a0Did you know that your interest rate can have a bigger impact on your monthly payment and ultimately your cost of home ownership than home price negotiations? So why is [&hellip;]\" \/>\n<meta property=\"og:url\" content=\"https:\/\/heideinternational.com\/sv\/inte-forhandla-om-inkopspriset-2\/\" \/>\n<meta property=\"og:site_name\" content=\"Heide International LLC\" \/>\n<meta property=\"article:modified_time\" content=\"2023-03-14T19:00:12+00:00\" \/>\n<meta name=\"twitter:card\" content=\"summary_large_image\" \/>\n<meta name=\"twitter:label1\" content=\"Ber\u00e4knad l\u00e4stid\" \/>\n\t<meta name=\"twitter:data1\" content=\"2 minuter\" \/>\n<script type=\"application\/ld+json\" class=\"yoast-schema-graph\">{\"@context\":\"https:\/\/schema.org\",\"@graph\":[{\"@type\":\"WebPage\",\"@id\":\"https:\/\/heideinternational.com\/dont-negotiate-the-purchase-price\/\",\"url\":\"https:\/\/heideinternational.com\/dont-negotiate-the-purchase-price\/\",\"name\":\"Don't Negotiate the Purchase Price - Heide International LLC\",\"isPartOf\":{\"@id\":\"https:\/\/heideinternational.com\/#website\"},\"datePublished\":\"2023-03-14T18:56:15+00:00\",\"dateModified\":\"2023-03-14T19:00:12+00:00\",\"breadcrumb\":{\"@id\":\"https:\/\/heideinternational.com\/dont-negotiate-the-purchase-price\/#breadcrumb\"},\"inLanguage\":\"sv-SE\",\"potentialAction\":[{\"@type\":\"ReadAction\",\"target\":[\"https:\/\/heideinternational.com\/dont-negotiate-the-purchase-price\/\"]}]},{\"@type\":\"BreadcrumbList\",\"@id\":\"https:\/\/heideinternational.com\/dont-negotiate-the-purchase-price\/#breadcrumb\",\"itemListElement\":[{\"@type\":\"ListItem\",\"position\":1,\"name\":\"Home\",\"item\":\"https:\/\/heideinternational.com\/\"},{\"@type\":\"ListItem\",\"position\":2,\"name\":\"Don&#8217;t Negotiate the Purchase Price\"}]},{\"@type\":\"WebSite\",\"@id\":\"https:\/\/heideinternational.com\/#website\",\"url\":\"https:\/\/heideinternational.com\/\",\"name\":\"Heide International LLC\",\"description\":\"Heide International LLC\",\"potentialAction\":[{\"@type\":\"SearchAction\",\"target\":{\"@type\":\"EntryPoint\",\"urlTemplate\":\"https:\/\/heideinternational.com\/?s={search_term_string}\"},\"query-input\":{\"@type\":\"PropertyValueSpecification\",\"valueRequired\":true,\"valueName\":\"search_term_string\"}}],\"inLanguage\":\"sv-SE\"}]}<\/script>\n<!-- \/ Yoast SEO plugin. -->","yoast_head_json":{"title":"F\u00f6rhandla inte om ink\u00f6pspriset - Heide International LLC","robots":{"index":"index","follow":"follow","max-snippet":"max-snippet:-1","max-image-preview":"max-image-preview:large","max-video-preview":"max-video-preview:-1"},"canonical":"https:\/\/heideinternational.com\/sv\/inte-forhandla-om-inkopspriset-2\/","og_locale":"sv_SE","og_type":"article","og_title":"Don't Negotiate the Purchase Price - Heide International LLC","og_description":"Don&#8217;t Negotiate the Purchase Price with the SellerNegotiate the Rate https:\/\/vimeo.com\/808049376 Don\u2019t negotiate the purchase price with a seller. Negotiate the rate with the seller. \u00a0Did you know that your interest rate can have a bigger impact on your monthly payment and ultimately your cost of home ownership than home price negotiations? So why is [&hellip;]","og_url":"https:\/\/heideinternational.com\/sv\/inte-forhandla-om-inkopspriset-2\/","og_site_name":"Heide International LLC","article_modified_time":"2023-03-14T19:00:12+00:00","twitter_card":"summary_large_image","twitter_misc":{"Ber\u00e4knad l\u00e4stid":"2 minuter"},"schema":{"@context":"https:\/\/schema.org","@graph":[{"@type":"WebPage","@id":"https:\/\/heideinternational.com\/dont-negotiate-the-purchase-price\/","url":"https:\/\/heideinternational.com\/dont-negotiate-the-purchase-price\/","name":"F\u00f6rhandla inte om ink\u00f6pspriset - Heide International LLC","isPartOf":{"@id":"https:\/\/heideinternational.com\/#website"},"datePublished":"2023-03-14T18:56:15+00:00","dateModified":"2023-03-14T19:00:12+00:00","breadcrumb":{"@id":"https:\/\/heideinternational.com\/dont-negotiate-the-purchase-price\/#breadcrumb"},"inLanguage":"sv-SE","potentialAction":[{"@type":"ReadAction","target":["https:\/\/heideinternational.com\/dont-negotiate-the-purchase-price\/"]}]},{"@type":"BreadcrumbList","@id":"https:\/\/heideinternational.com\/dont-negotiate-the-purchase-price\/#breadcrumb","itemListElement":[{"@type":"ListItem","position":1,"name":"Home","item":"https:\/\/heideinternational.com\/"},{"@type":"ListItem","position":2,"name":"Don&#8217;t Negotiate the Purchase Price"}]},{"@type":"WebSite","@id":"https:\/\/heideinternational.com\/#website","url":"https:\/\/heideinternational.com\/","name":"Heide International LLC","description":"Heide International LLC","potentialAction":[{"@type":"SearchAction","target":{"@type":"EntryPoint","urlTemplate":"https:\/\/heideinternational.com\/?s={search_term_string}"},"query-input":{"@type":"PropertyValueSpecification","valueRequired":true,"valueName":"search_term_string"}}],"inLanguage":"sv-SE"}]}},"_links":{"self":[{"href":"https:\/\/heideinternational.com\/sv\/wp-json\/wp\/v2\/pages\/3958","targetHints":{"allow":["GET"]}}],"collection":[{"href":"https:\/\/heideinternational.com\/sv\/wp-json\/wp\/v2\/pages"}],"about":[{"href":"https:\/\/heideinternational.com\/sv\/wp-json\/wp\/v2\/types\/page"}],"author":[{"embeddable":true,"href":"https:\/\/heideinternational.com\/sv\/wp-json\/wp\/v2\/users\/3"}],"replies":[{"embeddable":true,"href":"https:\/\/heideinternational.com\/sv\/wp-json\/wp\/v2\/comments?post=3958"}],"version-history":[{"count":0,"href":"https:\/\/heideinternational.com\/sv\/wp-json\/wp\/v2\/pages\/3958\/revisions"}],"wp:attachment":[{"href":"https:\/\/heideinternational.com\/sv\/wp-json\/wp\/v2\/media?parent=3958"}],"curies":[{"name":"wp","href":"https:\/\/api.w.org\/{rel}","templated":true}]}}