{"id":3948,"date":"2023-03-14T18:32:17","date_gmt":"2023-03-14T18:32:17","guid":{"rendered":"https:\/\/heideinternati.wpengine.com\/?page_id=3948"},"modified":"2023-03-14T18:35:27","modified_gmt":"2023-03-14T18:35:27","slug":"hur-tak-paverkar-forsaljningen-2","status":"publish","type":"page","link":"https:\/\/heideinternational.com\/sv\/hur-tak-paverkar-forsaljningen-2\/","title":{"rendered":"Hur tak p\u00e5verkar en f\u00f6rs\u00e4ljning"},"content":{"rendered":"<div data-elementor-type=\"wp-page\" data-elementor-id=\"3948\" class=\"elementor elementor-3948\" data-elementor-post-type=\"page\">\n\t\t\t\t\t\t<section class=\"elementor-section elementor-top-section elementor-element elementor-element-f3d4d96 elementor-section-boxed elementor-section-height-default elementor-section-height-default\" data-id=\"f3d4d96\" data-element_type=\"section\" data-settings=\"{&quot;background_background&quot;:&quot;classic&quot;}\">\n\t\t\t\t\t\t<div class=\"elementor-container elementor-column-gap-default\">\n\t\t\t\t\t<div class=\"elementor-column elementor-col-100 elementor-top-column elementor-element elementor-element-a5d90df\" data-id=\"a5d90df\" data-element_type=\"column\">\n\t\t\t<div class=\"elementor-widget-wrap elementor-element-populated\">\n\t\t\t\t\t\t<div class=\"elementor-element elementor-element-e6a0976 elementor-widget elementor-widget-heading\" data-id=\"e6a0976\" data-element_type=\"widget\" data-widget_type=\"heading.default\">\n\t\t\t\t<div class=\"elementor-widget-container\">\n\t\t\t\t\t<h1 class=\"elementor-heading-title elementor-size-default\">Hur tak p\u00e5verkar en f\u00f6rs\u00e4ljning<\/h1>\t\t\t\t<\/div>\n\t\t\t\t<\/div>\n\t\t\t\t\t<\/div>\n\t\t<\/div>\n\t\t\t\t\t<\/div>\n\t\t<\/section>\n\t\t\t\t<section class=\"elementor-section elementor-top-section elementor-element elementor-element-a509e18 elementor-section-boxed elementor-section-height-default elementor-section-height-default\" data-id=\"a509e18\" data-element_type=\"section\">\n\t\t\t\t\t\t<div class=\"elementor-container elementor-column-gap-default\">\n\t\t\t\t\t<div class=\"elementor-column elementor-col-100 elementor-top-column elementor-element elementor-element-af8a491\" data-id=\"af8a491\" data-element_type=\"column\">\n\t\t\t<div class=\"elementor-widget-wrap elementor-element-populated\">\n\t\t\t\t\t\t<div class=\"elementor-element elementor-element-befb656 elementor-widget elementor-widget-video\" data-id=\"befb656\" data-element_type=\"widget\" data-settings=\"{&quot;youtube_url&quot;:&quot;https:\\\/\\\/www.youtube.com\\\/watch?v=Eou7YjdqwWw&quot;,&quot;video_type&quot;:&quot;youtube&quot;,&quot;controls&quot;:&quot;yes&quot;}\" data-widget_type=\"video.default\">\n\t\t\t\t<div class=\"elementor-widget-container\">\n\t\t\t\t\t\t\t<div class=\"elementor-wrapper elementor-open-inline\">\n\t\t\t<div class=\"elementor-video\"><\/div>\t\t<\/div>\n\t\t\t\t\t\t<\/div>\n\t\t\t\t<\/div>\n\t\t\t\t<div class=\"elementor-element elementor-element-fd1cadd elementor-widget elementor-widget-text-editor\" data-id=\"fd1cadd\" data-element_type=\"widget\" data-widget_type=\"text-editor.default\">\n\t\t\t\t<div class=\"elementor-widget-container\">\n\t\t\t\t\t\t\t\t\t<p><strong>L\u00e5t inte ett tak ta d\u00f6d p\u00e5 ditt k\u00f6p eller din f\u00f6rs\u00e4ljning av ett hus<\/strong><\/p><p>\u00a0F\u00f6rs\u00e4kringskostnaderna f\u00f6r hus\u00e4gare i Florida g\u00e5r s\u00e5 att s\u00e4ga genom taket ... F\u00f6rs\u00e4kringsbolagen v\u00e4ljer att inte f\u00f6rs\u00e4kra eller tar ut h\u00f6ga avgifter f\u00f6r hus vars tak, \u00e4ven om de \u00e4r intakta, \u00e4r mer \u00e4n 20 \u00e5r gamla. S\u00e4ljare vill inte byta ut ett tak som \u00e4r bra och inte l\u00e4cker och k\u00f6pare vill inte betala orimliga kostnader f\u00f6r f\u00f6rs\u00e4kringen, om de ens kan f\u00e5 den. F\u00f6rs\u00e4ljningen av bost\u00e4der faller allts\u00e5 samman. Ett annat alternativ \u00e4r att finansiera kostnaden f\u00f6r ett nytt tak i bol\u00e5net. L\u00e5t oss s\u00e4ga att ett hus \u00e4r noterat till $800 000. Beh\u00f6ver ett nytt tak: $45 000. S\u00e4ljaren kan g\u00e5 med p\u00e5 en priss\u00e4nkning p\u00e5 $45 000 f\u00f6r att t\u00e4cka kostnaden f\u00f6r ett nytt tak och vi kan avsluta med ett l\u00e5n f\u00f6r restaurering och rehabilitering. Dessa l\u00e5n g\u00f6r det m\u00f6jligt att st\u00e4nga i f\u00f6rv\u00e4g f\u00f6r takreparationen. K\u00f6parna kan allts\u00e5 flytta in och s\u00e4ljaren kan ta ut pengar och flytta ut som vilken annan transaktion som helst innan det nya taket \u00e4r klart.<\/p><p>Om s\u00e4ljaren inte vill s\u00e4nka sitt pris har k\u00f6paren m\u00f6jlighet att forts\u00e4tta genom att l\u00e4gga till kostnaden f\u00f6r taket till l\u00e5nebeloppet. Detta p\u00e5verkar inte l\u00e5nev\u00e4rdet s\u00e5 l\u00e4nge det totala l\u00e5nev\u00e4rdet inte \u00f6verstiger 95% av bostadens f\u00e4rdigst\u00e4llda framtida v\u00e4rde. S\u00e5 med andra ord tar v\u00e4rderingen h\u00e4nsyn till hemmets v\u00e4rde efter det att taket har installerats. F\u00f6rs\u00e4kringar \u00e4r d\u00e5 l\u00e4ttare att f\u00e5 eftersom f\u00f6rs\u00e4kringsbolaget antingen till\u00e5ter en Builders Risk-policy som kan omvandlas till en standardpolicy n\u00e4r taket \u00e4r klart eller utf\u00e4rdar en policy innan taket \u00e4r klart, vilket kr\u00e4ver inspektion. Den nya f\u00f6rs\u00e4kringspremien ber\u00e4knas sedan med h\u00e4nsyn till det nya taket, vilket ger rabatt p\u00e5 nya tak. Alla vinner allts\u00e5 p\u00e5 det.<\/p><p>Det b\u00f6r noteras att en l\u00e5ntagare som l\u00e4gger ner 20% inte beh\u00f6ver betala n\u00e5gon hypoteksf\u00f6rs\u00e4kring, \u00e4ven om kostnaden f\u00f6r det nya taket g\u00f6r att det kombinerade l\u00e5net till v\u00e4rdet uppg\u00e5r till h\u00f6gst 95%. Det finns n\u00e5gra extra steg med dessa typer av hypoteksl\u00e5n eftersom de till sin natur liknar finansiering av byggl\u00e5n, s\u00e5 vi m\u00e5ste f\u00e5 din takl\u00e4ggare och ditt byggkontrakt godk\u00e4nda under behandlingen av l\u00e5net. Detta liknar finansiering av bostadsr\u00e4tter d\u00e4r vi m\u00e5ste f\u00e5 bostadsr\u00e4ttskomplexet godk\u00e4nt. I st\u00e4llet m\u00e5ste vi f\u00e5 entrepren\u00f6ren godk\u00e4nd. Det vore klokt att ha en takl\u00e4ggare klar och godk\u00e4nd f\u00f6re kontraktet s\u00e5 att en k\u00f6pare vet vad takbytet kostar n\u00e4r han eller hon g\u00e5r in. Det kommer ocks\u00e5 att p\u00e5skynda processen att f\u00e5 en takl\u00e4ggare godk\u00e4nd av en l\u00e5ngivare under handl\u00e4ggningsfasen f\u00f6r hypoteket. Om du vill veta mer om detta eller andra id\u00e9er f\u00f6r att spara aff\u00e4rer f\u00f6r hypoteksfinansiering, g\u00e5 till mina blogginl\u00e4gg och bli f\u00f6rv\u00e5nad. Ring mig sedan.<\/p>\t\t\t\t\t\t\t\t<\/div>\n\t\t\t\t<\/div>\n\t\t\t\t\t<\/div>\n\t\t<\/div>\n\t\t\t\t\t<\/div>\n\t\t<\/section>\n\t\t\t\t<\/div>","protected":false},"excerpt":{"rendered":"<p>How Roofs Affect A Sale https:\/\/www.youtube.com\/watch?v=Eou7YjdqwWw Don\u2019t Let a Roof Kill Your Home Purchase or Sale \u00a0Florida homeowners\u2019 insurance costs are going through the roof, so to speak\u2026 Insurance carriers are choosing not to insure or are charging high rates on homes whose roofs, though intact, are more than 20 years old. Sellers don\u2019t want [&hellip;]<\/p>","protected":false},"author":3,"featured_media":0,"parent":0,"menu_order":0,"comment_status":"closed","ping_status":"closed","template":"","meta":{"footnotes":""},"class_list":["post-3948","page","type-page","status-publish","hentry"],"yoast_head":"<!-- This site is optimized with the Yoast SEO plugin v26.8 - https:\/\/yoast.com\/product\/yoast-seo-wordpress\/ -->\n<title>How Roofs Affect A Sale - Heide International LLC<\/title>\n<meta name=\"robots\" content=\"index, follow, max-snippet:-1, max-image-preview:large, max-video-preview:-1\" \/>\n<link rel=\"canonical\" href=\"https:\/\/heideinternational.com\/sv\/hur-tak-paverkar-forsaljningen-2\/\" \/>\n<meta property=\"og:locale\" content=\"sv_SE\" \/>\n<meta property=\"og:type\" content=\"article\" \/>\n<meta property=\"og:title\" content=\"How Roofs Affect A Sale - Heide International LLC\" \/>\n<meta property=\"og:description\" content=\"How Roofs Affect A Sale https:\/\/www.youtube.com\/watch?v=Eou7YjdqwWw Don\u2019t Let a Roof Kill Your Home Purchase or Sale \u00a0Florida homeowners\u2019 insurance costs are going through the roof, so to speak\u2026 Insurance carriers are choosing not to insure or are charging high rates on homes whose roofs, though intact, are more than 20 years old. Sellers don\u2019t want [&hellip;]\" \/>\n<meta property=\"og:url\" content=\"https:\/\/heideinternational.com\/sv\/hur-tak-paverkar-forsaljningen-2\/\" \/>\n<meta property=\"og:site_name\" content=\"Heide International LLC\" \/>\n<meta property=\"article:modified_time\" content=\"2023-03-14T18:35:27+00:00\" \/>\n<meta name=\"twitter:card\" content=\"summary_large_image\" \/>\n<meta name=\"twitter:label1\" content=\"Ber\u00e4knad l\u00e4stid\" \/>\n\t<meta name=\"twitter:data1\" content=\"3 minuter\" \/>\n<script type=\"application\/ld+json\" class=\"yoast-schema-graph\">{\"@context\":\"https:\/\/schema.org\",\"@graph\":[{\"@type\":\"WebPage\",\"@id\":\"https:\/\/heideinternational.com\/how-roofs-affect-a-sale\/\",\"url\":\"https:\/\/heideinternational.com\/how-roofs-affect-a-sale\/\",\"name\":\"How Roofs Affect A Sale - Heide International LLC\",\"isPartOf\":{\"@id\":\"https:\/\/heideinternational.com\/#website\"},\"datePublished\":\"2023-03-14T18:32:17+00:00\",\"dateModified\":\"2023-03-14T18:35:27+00:00\",\"breadcrumb\":{\"@id\":\"https:\/\/heideinternational.com\/how-roofs-affect-a-sale\/#breadcrumb\"},\"inLanguage\":\"sv-SE\",\"potentialAction\":[{\"@type\":\"ReadAction\",\"target\":[\"https:\/\/heideinternational.com\/how-roofs-affect-a-sale\/\"]}]},{\"@type\":\"BreadcrumbList\",\"@id\":\"https:\/\/heideinternational.com\/how-roofs-affect-a-sale\/#breadcrumb\",\"itemListElement\":[{\"@type\":\"ListItem\",\"position\":1,\"name\":\"Home\",\"item\":\"https:\/\/heideinternational.com\/\"},{\"@type\":\"ListItem\",\"position\":2,\"name\":\"How Roofs Affect A Sale\"}]},{\"@type\":\"WebSite\",\"@id\":\"https:\/\/heideinternational.com\/#website\",\"url\":\"https:\/\/heideinternational.com\/\",\"name\":\"Heide International LLC\",\"description\":\"Heide International LLC\",\"potentialAction\":[{\"@type\":\"SearchAction\",\"target\":{\"@type\":\"EntryPoint\",\"urlTemplate\":\"https:\/\/heideinternational.com\/?s={search_term_string}\"},\"query-input\":{\"@type\":\"PropertyValueSpecification\",\"valueRequired\":true,\"valueName\":\"search_term_string\"}}],\"inLanguage\":\"sv-SE\"}]}<\/script>\n<!-- \/ Yoast SEO plugin. -->","yoast_head_json":{"title":"Hur tak p\u00e5verkar en f\u00f6rs\u00e4ljning - Heide International LLC","robots":{"index":"index","follow":"follow","max-snippet":"max-snippet:-1","max-image-preview":"max-image-preview:large","max-video-preview":"max-video-preview:-1"},"canonical":"https:\/\/heideinternational.com\/sv\/hur-tak-paverkar-forsaljningen-2\/","og_locale":"sv_SE","og_type":"article","og_title":"How Roofs Affect A Sale - Heide International LLC","og_description":"How Roofs Affect A Sale https:\/\/www.youtube.com\/watch?v=Eou7YjdqwWw Don\u2019t Let a Roof Kill Your Home Purchase or Sale \u00a0Florida homeowners\u2019 insurance costs are going through the roof, so to speak\u2026 Insurance carriers are choosing not to insure or are charging high rates on homes whose roofs, though intact, are more than 20 years old. Sellers don\u2019t want [&hellip;]","og_url":"https:\/\/heideinternational.com\/sv\/hur-tak-paverkar-forsaljningen-2\/","og_site_name":"Heide International LLC","article_modified_time":"2023-03-14T18:35:27+00:00","twitter_card":"summary_large_image","twitter_misc":{"Ber\u00e4knad l\u00e4stid":"3 minuter"},"schema":{"@context":"https:\/\/schema.org","@graph":[{"@type":"WebPage","@id":"https:\/\/heideinternational.com\/how-roofs-affect-a-sale\/","url":"https:\/\/heideinternational.com\/how-roofs-affect-a-sale\/","name":"Hur tak p\u00e5verkar en f\u00f6rs\u00e4ljning - Heide International LLC","isPartOf":{"@id":"https:\/\/heideinternational.com\/#website"},"datePublished":"2023-03-14T18:32:17+00:00","dateModified":"2023-03-14T18:35:27+00:00","breadcrumb":{"@id":"https:\/\/heideinternational.com\/how-roofs-affect-a-sale\/#breadcrumb"},"inLanguage":"sv-SE","potentialAction":[{"@type":"ReadAction","target":["https:\/\/heideinternational.com\/how-roofs-affect-a-sale\/"]}]},{"@type":"BreadcrumbList","@id":"https:\/\/heideinternational.com\/how-roofs-affect-a-sale\/#breadcrumb","itemListElement":[{"@type":"ListItem","position":1,"name":"Home","item":"https:\/\/heideinternational.com\/"},{"@type":"ListItem","position":2,"name":"How Roofs Affect A Sale"}]},{"@type":"WebSite","@id":"https:\/\/heideinternational.com\/#website","url":"https:\/\/heideinternational.com\/","name":"Heide International LLC","description":"Heide International LLC","potentialAction":[{"@type":"SearchAction","target":{"@type":"EntryPoint","urlTemplate":"https:\/\/heideinternational.com\/?s={search_term_string}"},"query-input":{"@type":"PropertyValueSpecification","valueRequired":true,"valueName":"search_term_string"}}],"inLanguage":"sv-SE"}]}},"_links":{"self":[{"href":"https:\/\/heideinternational.com\/sv\/wp-json\/wp\/v2\/pages\/3948","targetHints":{"allow":["GET"]}}],"collection":[{"href":"https:\/\/heideinternational.com\/sv\/wp-json\/wp\/v2\/pages"}],"about":[{"href":"https:\/\/heideinternational.com\/sv\/wp-json\/wp\/v2\/types\/page"}],"author":[{"embeddable":true,"href":"https:\/\/heideinternational.com\/sv\/wp-json\/wp\/v2\/users\/3"}],"replies":[{"embeddable":true,"href":"https:\/\/heideinternational.com\/sv\/wp-json\/wp\/v2\/comments?post=3948"}],"version-history":[{"count":0,"href":"https:\/\/heideinternational.com\/sv\/wp-json\/wp\/v2\/pages\/3948\/revisions"}],"wp:attachment":[{"href":"https:\/\/heideinternational.com\/sv\/wp-json\/wp\/v2\/media?parent=3948"}],"curies":[{"name":"wp","href":"https:\/\/api.w.org\/{rel}","templated":true}]}}