{"id":1860,"date":"2021-07-25T06:49:07","date_gmt":"2021-07-25T06:49:07","guid":{"rendered":"https:\/\/heideinternati.wpengine.com\/?page_id=1860"},"modified":"2022-11-23T10:23:15","modified_gmt":"2022-11-23T10:23:15","slug":"tillganglighetsforklaring-2","status":"publish","type":"page","link":"https:\/\/heideinternational.com\/sv\/tillganglighetsforklaring-2\/","title":{"rendered":"Tillg\u00e4nglighetsf\u00f6rklaring"},"content":{"rendered":"<div data-elementor-type=\"wp-page\" data-elementor-id=\"1860\" class=\"elementor elementor-1860\" data-elementor-post-type=\"page\">\n\t\t\t\t\t\t<section class=\"elementor-section elementor-top-section elementor-element elementor-element-69ebbbf elementor-section-boxed elementor-section-height-default elementor-section-height-default\" data-id=\"69ebbbf\" data-element_type=\"section\" data-settings=\"{&quot;background_background&quot;:&quot;classic&quot;}\">\n\t\t\t\t\t\t<div class=\"elementor-container elementor-column-gap-default\">\n\t\t\t\t\t<div class=\"elementor-column elementor-col-100 elementor-top-column elementor-element elementor-element-4cc78e3\" data-id=\"4cc78e3\" data-element_type=\"column\">\n\t\t\t<div class=\"elementor-widget-wrap elementor-element-populated\">\n\t\t\t\t\t\t<div class=\"elementor-element elementor-element-7a01cab elementor-widget elementor-widget-heading\" data-id=\"7a01cab\" data-element_type=\"widget\" data-widget_type=\"heading.default\">\n\t\t\t\t<div class=\"elementor-widget-container\">\n\t\t\t\t\t<h1 class=\"elementor-heading-title elementor-size-default\">Tillg\u00e4nglighetsf\u00f6rklaring\n<\/h1>\t\t\t\t<\/div>\n\t\t\t\t<\/div>\n\t\t\t\t\t<\/div>\n\t\t<\/div>\n\t\t\t\t\t<\/div>\n\t\t<\/section>\n\t\t\t\t<section class=\"elementor-section elementor-top-section elementor-element elementor-element-6f73ee9 elementor-section-boxed elementor-section-height-default elementor-section-height-default\" data-id=\"6f73ee9\" data-element_type=\"section\">\n\t\t\t\t\t\t<div class=\"elementor-container elementor-column-gap-default\">\n\t\t\t\t\t<div class=\"elementor-column elementor-col-100 elementor-top-column elementor-element elementor-element-102d0fb\" data-id=\"102d0fb\" data-element_type=\"column\">\n\t\t\t<div class=\"elementor-widget-wrap elementor-element-populated\">\n\t\t\t\t\t\t<div class=\"elementor-element elementor-element-b5431d6 elementor-widget elementor-widget-heading\" data-id=\"b5431d6\" data-element_type=\"widget\" data-widget_type=\"heading.default\">\n\t\t\t\t<div class=\"elementor-widget-container\">\n\t\t\t\t\t<h2 class=\"elementor-heading-title elementor-size-default\">Tillg\u00e4nglighetsf\u00f6rklaring f\u00f6r Heide Internationals webbplats\n\n<\/h2>\t\t\t\t<\/div>\n\t\t\t\t<\/div>\n\t\t\t\t<div class=\"elementor-element elementor-element-2bb9cd0 elementor-widget elementor-widget-text-editor\" data-id=\"2bb9cd0\" data-element_type=\"widget\" data-widget_type=\"text-editor.default\">\n\t\t\t\t<div class=\"elementor-widget-container\">\n\t\t\t\t\t\t\t\t\t<p>Uppdaterad: Oktober 2020.<\/p>\t\t\t\t\t\t\t\t<\/div>\n\t\t\t\t<\/div>\n\t\t\t\t<div class=\"elementor-element elementor-element-7f51eca elementor-widget elementor-widget-text-editor\" data-id=\"7f51eca\" data-element_type=\"widget\" data-widget_type=\"text-editor.default\">\n\t\t\t\t<div class=\"elementor-widget-container\">\n\t\t\t\t\t\t\t\t\t<p><strong>Allm\u00e4nt<\/strong><\/p>\t\t\t\t\t\t\t\t<\/div>\n\t\t\t\t<\/div>\n\t\t\t\t<div class=\"elementor-element elementor-element-79b8ff6 elementor-widget elementor-widget-text-editor\" data-id=\"79b8ff6\" data-element_type=\"widget\" data-widget_type=\"text-editor.default\">\n\t\t\t\t<div class=\"elementor-widget-container\">\n\t\t\t\t\t\t\t\t\t\nUndefined str\u00e4var efter att se till att dess tj\u00e4nster \u00e4r tillg\u00e4ngliga f\u00f6r personer med funktionshinder. Undefined har investerat en betydande m\u00e4ngd resurser f\u00f6r att se till att webbplatsen \u00e4r l\u00e4ttare att anv\u00e4nda och mer tillg\u00e4nglig f\u00f6r personer med funktionsneds\u00e4ttning, med den starka \u00f6vertygelsen att varje person har r\u00e4tt att leva med v\u00e4rdighet, j\u00e4mlikhet, bekv\u00e4mlighet och oberoende.\t\t\t\t\t\t\t\t<\/div>\n\t\t\t\t<\/div>\n\t\t\t\t<div class=\"elementor-element elementor-element-d9f6782 elementor-widget elementor-widget-text-editor\" data-id=\"d9f6782\" data-element_type=\"widget\" data-widget_type=\"text-editor.default\">\n\t\t\t\t<div class=\"elementor-widget-container\">\n\t\t\t\t\t\t\t\t\t<p>Tillg\u00e4nglighet p\u00e5 <strong>heideinternational.com<\/strong><\/p>\t\t\t\t\t\t\t\t<\/div>\n\t\t\t\t<\/div>\n\t\t\t\t<div class=\"elementor-element elementor-element-8df2fc2 elementor-widget elementor-widget-text-editor\" data-id=\"8df2fc2\" data-element_type=\"widget\" data-widget_type=\"text-editor.default\">\n\t\t\t\t<div class=\"elementor-widget-container\">\n\t\t\t\t\t\t\t\t\t<p>Heideinternational.com tillhandah\u00e5ller AccessiBe Website Accessibility Widget som drivs av en dedikerad tillg\u00e4nglighetsserver. Programvaran g\u00f6r det m\u00f6jligt f\u00f6r Heideinternational.com att f\u00f6rb\u00e4ttra efterlevnaden av riktlinjerna f\u00f6r tillg\u00e4nglighet till webbinneh\u00e5ll (WCAG 2.1).<\/p>\t\t\t\t\t\t\t\t<\/div>\n\t\t\t\t<\/div>\n\t\t\t\t<div class=\"elementor-element elementor-element-58984ea elementor-widget elementor-widget-text-editor\" data-id=\"58984ea\" data-element_type=\"widget\" data-widget_type=\"text-editor.default\">\n\t\t\t\t<div class=\"elementor-widget-container\">\n\t\t\t\t\t\t\t\t\t<p><strong>Aktivera tillg\u00e4nglighetsmenyn<\/strong><\/p>\t\t\t\t\t\t\t\t<\/div>\n\t\t\t\t<\/div>\n\t\t\t\t<div class=\"elementor-element elementor-element-f353cc0 elementor-widget elementor-widget-text-editor\" data-id=\"f353cc0\" data-element_type=\"widget\" data-widget_type=\"text-editor.default\">\n\t\t\t\t<div class=\"elementor-widget-container\">\n\t\t\t\t\t\t\t\t\t<p>Tillg\u00e4nglighetsmenyn p\u00e5 Heideinternational.com kan aktiveras antingen genom att trycka p\u00e5 tabbtangenten n\u00e4r sidan laddas f\u00f6rsta g\u00e5ngen eller genom att klicka p\u00e5 ikonen f\u00f6r tillg\u00e4nglighetsmenyn som visas i sidans h\u00f6rn. N\u00e4r du har aktiverat tillg\u00e4nglighetsmenyn, v\u00e4nligen v\u00e4nta ett \u00f6gonblick f\u00f6r att tillg\u00e4nglighetsmenyn ska laddas i sin helhet.<\/p>\t\t\t\t\t\t\t\t<\/div>\n\t\t\t\t<\/div>\n\t\t\t\t<div class=\"elementor-element elementor-element-6a9dfb6 elementor-widget elementor-widget-text-editor\" data-id=\"6a9dfb6\" data-element_type=\"widget\" data-widget_type=\"text-editor.default\">\n\t\t\t\t<div class=\"elementor-widget-container\">\n\t\t\t\t\t\t\t\t\t<strong>Ansvarsfriskrivning<\/strong>\t\t\t\t\t\t\t\t<\/div>\n\t\t\t\t<\/div>\n\t\t\t\t<div class=\"elementor-element elementor-element-5843f6a elementor-widget elementor-widget-text-editor\" data-id=\"5843f6a\" data-element_type=\"widget\" data-widget_type=\"text-editor.default\">\n\t\t\t\t<div class=\"elementor-widget-container\">\n\t\t\t\t\t\t\t\t\t<p>Undefined forts\u00e4tter sina anstr\u00e4ngningar f\u00f6r att st\u00e4ndigt f\u00f6rb\u00e4ttra tillg\u00e4ngligheten till sin webbplats och sina tj\u00e4nster i tron att det \u00e4r v\u00e5r kollektiva moraliska skyldighet att m\u00f6jligg\u00f6ra s\u00f6ml\u00f6s, tillg\u00e4nglig och obehindrad anv\u00e4ndning f\u00f6r personer med funktionshinder.<\/p>\t\t\t\t\t\t\t\t<\/div>\n\t\t\t\t<\/div>\n\t\t\t\t<div class=\"elementor-element elementor-element-2404126 elementor-widget elementor-widget-text-editor\" data-id=\"2404126\" data-element_type=\"widget\" data-widget_type=\"text-editor.default\">\n\t\t\t\t<div class=\"elementor-widget-container\">\n\t\t\t\t\t\t\t\t\t<p>I ett p\u00e5g\u00e5ende arbete f\u00f6r att st\u00e4ndigt f\u00f6rb\u00e4ttra och \u00e5tg\u00e4rda tillg\u00e4nglighetsproblem skannar vi ocks\u00e5 regelbundet Heideinternational.com med AccessiBe's webbplatstillg\u00e4nglighetsskanner f\u00f6r att identifiera och \u00e5tg\u00e4rda alla m\u00f6jliga tillg\u00e4nglighetshinder p\u00e5 v\u00e5r webbplats.<br \/>Trots v\u00e5ra anstr\u00e4ngningar att g\u00f6ra alla sidor och allt inneh\u00e5ll p\u00e5 Heideinternational.com fullt tillg\u00e4ngliga, kan det h\u00e4nda att en del inneh\u00e5ll \u00e4nnu inte har anpassats fullt ut till de str\u00e4ngaste tillg\u00e4nglighetsstandarderna. Detta kan bero p\u00e5 att vi inte har hittat eller identifierat den l\u00e4mpligaste tekniska l\u00f6sningen.<\/p>\t\t\t\t\t\t\t\t<\/div>\n\t\t\t\t<\/div>\n\t\t\t\t<div class=\"elementor-element elementor-element-b5f5414 elementor-widget elementor-widget-text-editor\" data-id=\"b5f5414\" data-element_type=\"widget\" data-widget_type=\"text-editor.default\">\n\t\t\t\t<div class=\"elementor-widget-container\">\n\t\t\t\t\t\t\t\t\t<strong>H\u00e4r f\u00f6r dig<\/strong>\t\t\t\t\t\t\t\t<\/div>\n\t\t\t\t<\/div>\n\t\t\t\t<div class=\"elementor-element elementor-element-bd1eb93 elementor-widget elementor-widget-text-editor\" data-id=\"bd1eb93\" data-element_type=\"widget\" data-widget_type=\"text-editor.default\">\n\t\t\t\t<div class=\"elementor-widget-container\">\n\t\t\t\t\t\t\t\t\t<p>Om du har problem med n\u00e5got inneh\u00e5ll p\u00e5 Heideinternational.com eller beh\u00f6ver hj\u00e4lp med n\u00e5gon del av v\u00e5r webbplats, v\u00e4nligen kontakta oss under normala \u00f6ppettider enligt nedan s\u00e5 hj\u00e4lper vi dig g\u00e4rna.<\/p>\t\t\t\t\t\t\t\t<\/div>\n\t\t\t\t<\/div>\n\t\t\t\t<div class=\"elementor-element elementor-element-ad22b3d elementor-widget elementor-widget-text-editor\" data-id=\"ad22b3d\" data-element_type=\"widget\" data-widget_type=\"text-editor.default\">\n\t\t\t\t<div class=\"elementor-widget-container\">\n\t\t\t\t\t\t\t\t\t<p><strong>Kontakta oss<\/strong><\/p>\t\t\t\t\t\t\t\t<\/div>\n\t\t\t\t<\/div>\n\t\t\t\t<div class=\"elementor-element elementor-element-c5319ee elementor-widget elementor-widget-text-editor\" data-id=\"c5319ee\" data-element_type=\"widget\" data-widget_type=\"text-editor.default\">\n\t\t\t\t<div class=\"elementor-widget-container\">\n\t\t\t\t\t\t\t\t\t<p>Om du vill rapportera ett tillg\u00e4nglighetsproblem, har fr\u00e5gor eller beh\u00f6ver hj\u00e4lp, v\u00e4nligen kontakta kundtj\u00e4nst p\u00e5 f\u00f6ljande s\u00e4tt:<\/p>\t\t\t\t\t\t\t\t<\/div>\n\t\t\t\t<\/div>\n\t\t\t\t<div class=\"elementor-element elementor-element-690d2f1 elementor-widget elementor-widget-text-editor\" data-id=\"690d2f1\" data-element_type=\"widget\" data-widget_type=\"text-editor.default\">\n\t\t\t\t<div class=\"elementor-widget-container\">\n\t\t\t\t\t\t\t\t\t<p>E-post: <strong><a href=\"mailto:kheide@heideinternational.com\">kheide@heideinternational.com<\/a><\/strong><br \/>Telefon: <strong><a href=\"tel: 561-213-4093\">561-213-4093<\/a><\/strong><\/p>\t\t\t\t\t\t\t\t<\/div>\n\t\t\t\t<\/div>\n\t\t\t\t\t<\/div>\n\t\t<\/div>\n\t\t\t\t\t<\/div>\n\t\t<\/section>\n\t\t\t\t<\/div>","protected":false},"excerpt":{"rendered":"<p>Tillg\u00e4nglighetsf\u00f6rklaring Heide International Webbplats Tillg\u00e4nglighetsf\u00f6rklaring Uppdaterad: Oktober 2020. General Undefined str\u00e4var efter att se till att dess tj\u00e4nster \u00e4r tillg\u00e4ngliga f\u00f6r personer med funktionshinder. Undefined har investerat en betydande m\u00e4ngd resurser f\u00f6r att se till att webbplatsen \u00e4r l\u00e4ttare att anv\u00e4nda och mer tillg\u00e4nglig f\u00f6r personer med funktionshinder, med den starka \u00f6vertygelsen att [...]<\/p>","protected":false},"author":1,"featured_media":0,"parent":0,"menu_order":0,"comment_status":"closed","ping_status":"closed","template":"elementor_header_footer","meta":{"footnotes":""},"class_list":["post-1860","page","type-page","status-publish","hentry"],"yoast_head":"<!-- This site is optimized with the Yoast SEO plugin v26.8 - https:\/\/yoast.com\/product\/yoast-seo-wordpress\/ -->\n<title>Accessibility Statement - Heide International LLC<\/title>\n<meta name=\"description\" content=\"Heide International has invested significant resources to help ensure that our website is made easier to use for people with disabilities\" \/>\n<meta name=\"robots\" content=\"index, follow, max-snippet:-1, max-image-preview:large, max-video-preview:-1\" \/>\n<link rel=\"canonical\" href=\"https:\/\/heideinternational.com\/sv\/tillganglighetsforklaring-2\/\" \/>\n<meta property=\"og:locale\" content=\"sv_SE\" \/>\n<meta property=\"og:type\" content=\"article\" \/>\n<meta property=\"og:title\" content=\"Accessibility Statement - Heide International LLC\" \/>\n<meta property=\"og:description\" content=\"Heide International has invested significant resources to help ensure that our website is made easier to use for people with disabilities\" \/>\n<meta property=\"og:url\" content=\"https:\/\/heideinternational.com\/sv\/tillganglighetsforklaring-2\/\" \/>\n<meta property=\"og:site_name\" content=\"Heide International LLC\" \/>\n<meta property=\"article:modified_time\" content=\"2022-11-23T10:23:15+00:00\" \/>\n<meta name=\"twitter:card\" content=\"summary_large_image\" \/>\n<meta name=\"twitter:label1\" content=\"Ber\u00e4knad l\u00e4stid\" \/>\n\t<meta name=\"twitter:data1\" content=\"2 minuter\" \/>\n<script type=\"application\/ld+json\" class=\"yoast-schema-graph\">{\"@context\":\"https:\/\/schema.org\",\"@graph\":[{\"@type\":\"WebPage\",\"@id\":\"https:\/\/heideinternational.com\/accessibility-statement\/\",\"url\":\"https:\/\/heideinternational.com\/accessibility-statement\/\",\"name\":\"Accessibility Statement - Heide International LLC\",\"isPartOf\":{\"@id\":\"https:\/\/heideinternational.com\/#website\"},\"datePublished\":\"2021-07-25T06:49:07+00:00\",\"dateModified\":\"2022-11-23T10:23:15+00:00\",\"description\":\"Heide International has invested significant resources to help ensure that our website is made easier to use for people with disabilities\",\"breadcrumb\":{\"@id\":\"https:\/\/heideinternational.com\/accessibility-statement\/#breadcrumb\"},\"inLanguage\":\"sv-SE\",\"potentialAction\":[{\"@type\":\"ReadAction\",\"target\":[\"https:\/\/heideinternational.com\/accessibility-statement\/\"]}]},{\"@type\":\"BreadcrumbList\",\"@id\":\"https:\/\/heideinternational.com\/accessibility-statement\/#breadcrumb\",\"itemListElement\":[{\"@type\":\"ListItem\",\"position\":1,\"name\":\"Home\",\"item\":\"https:\/\/heideinternational.com\/\"},{\"@type\":\"ListItem\",\"position\":2,\"name\":\"Accessibility Statement\"}]},{\"@type\":\"WebSite\",\"@id\":\"https:\/\/heideinternational.com\/#website\",\"url\":\"https:\/\/heideinternational.com\/\",\"name\":\"Heide International LLC\",\"description\":\"Heide International LLC\",\"potentialAction\":[{\"@type\":\"SearchAction\",\"target\":{\"@type\":\"EntryPoint\",\"urlTemplate\":\"https:\/\/heideinternational.com\/?s={search_term_string}\"},\"query-input\":{\"@type\":\"PropertyValueSpecification\",\"valueRequired\":true,\"valueName\":\"search_term_string\"}}],\"inLanguage\":\"sv-SE\"}]}<\/script>\n<!-- \/ Yoast SEO plugin. -->","yoast_head_json":{"title":"Tillg\u00e4nglighetsf\u00f6rklaring - Heide International LLC","description":"Heide International har investerat betydande resurser f\u00f6r att se till att v\u00e5r webbplats \u00e4r l\u00e4ttare att anv\u00e4nda f\u00f6r personer med funktionshinder.","robots":{"index":"index","follow":"follow","max-snippet":"max-snippet:-1","max-image-preview":"max-image-preview:large","max-video-preview":"max-video-preview:-1"},"canonical":"https:\/\/heideinternational.com\/sv\/tillganglighetsforklaring-2\/","og_locale":"sv_SE","og_type":"article","og_title":"Accessibility Statement - Heide International LLC","og_description":"Heide International has invested significant resources to help ensure that our website is made easier to use for people with disabilities","og_url":"https:\/\/heideinternational.com\/sv\/tillganglighetsforklaring-2\/","og_site_name":"Heide International LLC","article_modified_time":"2022-11-23T10:23:15+00:00","twitter_card":"summary_large_image","twitter_misc":{"Ber\u00e4knad l\u00e4stid":"2 minuter"},"schema":{"@context":"https:\/\/schema.org","@graph":[{"@type":"WebPage","@id":"https:\/\/heideinternational.com\/accessibility-statement\/","url":"https:\/\/heideinternational.com\/accessibility-statement\/","name":"Tillg\u00e4nglighetsf\u00f6rklaring - Heide International LLC","isPartOf":{"@id":"https:\/\/heideinternational.com\/#website"},"datePublished":"2021-07-25T06:49:07+00:00","dateModified":"2022-11-23T10:23:15+00:00","description":"Heide International har investerat betydande resurser f\u00f6r att se till att v\u00e5r webbplats \u00e4r l\u00e4ttare att anv\u00e4nda f\u00f6r personer med funktionshinder.","breadcrumb":{"@id":"https:\/\/heideinternational.com\/accessibility-statement\/#breadcrumb"},"inLanguage":"sv-SE","potentialAction":[{"@type":"ReadAction","target":["https:\/\/heideinternational.com\/accessibility-statement\/"]}]},{"@type":"BreadcrumbList","@id":"https:\/\/heideinternational.com\/accessibility-statement\/#breadcrumb","itemListElement":[{"@type":"ListItem","position":1,"name":"Home","item":"https:\/\/heideinternational.com\/"},{"@type":"ListItem","position":2,"name":"Accessibility Statement"}]},{"@type":"WebSite","@id":"https:\/\/heideinternational.com\/#website","url":"https:\/\/heideinternational.com\/","name":"Heide International LLC","description":"Heide International LLC","potentialAction":[{"@type":"SearchAction","target":{"@type":"EntryPoint","urlTemplate":"https:\/\/heideinternational.com\/?s={search_term_string}"},"query-input":{"@type":"PropertyValueSpecification","valueRequired":true,"valueName":"search_term_string"}}],"inLanguage":"sv-SE"}]}},"_links":{"self":[{"href":"https:\/\/heideinternational.com\/sv\/wp-json\/wp\/v2\/pages\/1860","targetHints":{"allow":["GET"]}}],"collection":[{"href":"https:\/\/heideinternational.com\/sv\/wp-json\/wp\/v2\/pages"}],"about":[{"href":"https:\/\/heideinternational.com\/sv\/wp-json\/wp\/v2\/types\/page"}],"author":[{"embeddable":true,"href":"https:\/\/heideinternational.com\/sv\/wp-json\/wp\/v2\/users\/1"}],"replies":[{"embeddable":true,"href":"https:\/\/heideinternational.com\/sv\/wp-json\/wp\/v2\/comments?post=1860"}],"version-history":[{"count":0,"href":"https:\/\/heideinternational.com\/sv\/wp-json\/wp\/v2\/pages\/1860\/revisions"}],"wp:attachment":[{"href":"https:\/\/heideinternational.com\/sv\/wp-json\/wp\/v2\/media?parent=1860"}],"curies":[{"name":"wp","href":"https:\/\/api.w.org\/{rel}","templated":true}]}}