{"id":4176,"date":"2023-03-24T16:31:58","date_gmt":"2023-03-24T16:31:58","guid":{"rendered":"https:\/\/heideinternati.wpengine.com\/?page_id=4176"},"modified":"2025-10-31T14:29:55","modified_gmt":"2025-10-31T14:29:55","slug":"nossos-clientes-2","status":"publish","type":"page","link":"https:\/\/heideinternational.com\/pt\/nossos-clientes-2\/","title":{"rendered":"Nossos clientes"},"content":{"rendered":"<div data-elementor-type=\"wp-page\" data-elementor-id=\"4176\" class=\"elementor elementor-4176\" data-elementor-post-type=\"page\">\n\t\t\t\t\t\t<section class=\"elementor-section elementor-top-section elementor-element elementor-element-16dae5e elementor-section-boxed elementor-section-height-default elementor-section-height-default\" data-id=\"16dae5e\" data-element_type=\"section\" data-settings=\"{&quot;background_background&quot;:&quot;classic&quot;}\">\n\t\t\t\t\t\t<div class=\"elementor-container elementor-column-gap-default\">\n\t\t\t\t\t<div class=\"elementor-column elementor-col-100 elementor-top-column elementor-element elementor-element-6777d08\" data-id=\"6777d08\" data-element_type=\"column\">\n\t\t\t<div class=\"elementor-widget-wrap elementor-element-populated\">\n\t\t\t\t\t\t<div class=\"elementor-element elementor-element-e5e8cd2 elementor-widget elementor-widget-heading\" data-id=\"e5e8cd2\" data-element_type=\"widget\" data-widget_type=\"heading.default\">\n\t\t\t\t<div class=\"elementor-widget-container\">\n\t\t\t\t\t<h1 class=\"elementor-heading-title elementor-size-default\">NOSSOS CLIENTES<\/h1>\t\t\t\t<\/div>\n\t\t\t\t<\/div>\n\t\t\t\t\t<\/div>\n\t\t<\/div>\n\t\t\t\t\t<\/div>\n\t\t<\/section>\n\t\t\t\t<section class=\"elementor-section elementor-top-section elementor-element elementor-element-65d37fa elementor-section-boxed elementor-section-height-default elementor-section-height-default\" data-id=\"65d37fa\" data-element_type=\"section\">\n\t\t\t\t\t\t<div class=\"elementor-container elementor-column-gap-default\">\n\t\t\t\t\t<div class=\"elementor-column elementor-col-100 elementor-top-column elementor-element elementor-element-63b04f4\" data-id=\"63b04f4\" data-element_type=\"column\">\n\t\t\t<div class=\"elementor-widget-wrap elementor-element-populated\">\n\t\t\t\t\t\t<section class=\"elementor-section elementor-inner-section elementor-element elementor-element-595dcee elementor-section-boxed elementor-section-height-default elementor-section-height-default\" data-id=\"595dcee\" data-element_type=\"section\">\n\t\t\t\t\t\t<div class=\"elementor-container elementor-column-gap-default\">\n\t\t\t\t\t<div class=\"elementor-column elementor-col-100 elementor-inner-column elementor-element elementor-element-0966ea1\" data-id=\"0966ea1\" data-element_type=\"column\">\n\t\t\t<div class=\"elementor-widget-wrap elementor-element-populated\">\n\t\t\t\t\t\t<div class=\"elementor-element elementor-element-0bd754b elementor-widget elementor-widget-heading\" data-id=\"0bd754b\" data-element_type=\"widget\" data-widget_type=\"heading.default\">\n\t\t\t\t<div class=\"elementor-widget-container\">\n\t\t\t\t\t<h1 class=\"elementor-heading-title elementor-size-default\">Conectando as pessoas aos seus sonhos de propriedade de casa <\/h1>\t\t\t\t<\/div>\n\t\t\t\t<\/div>\n\t\t\t\t<div class=\"elementor-element elementor-element-1751cd0 elementor-widget elementor-widget-text-editor\" data-id=\"1751cd0\" data-element_type=\"widget\" data-widget_type=\"text-editor.default\">\n\t\t\t\t<div class=\"elementor-widget-container\">\n\t\t\t\t\t\t\t\t\t<p>Na Heide International, sabemos como \u00e9 importante que as pessoas realizem seus sonhos de ter uma casa pr\u00f3pria. \u00c9 por isso que nos especializamos em hipotecas de todas as formas e tamanhos, atendendo a clientes locais, nacionais e internacionais. A Heide International \u00e9 uma corretora de hipotecas sediada na Fl\u00f3rida, capaz de fornecer hipotecas para compradores nacionais e internacionais, facilitando o investimento em im\u00f3veis na Fl\u00f3rida. Nossa equipe dedicada de profissionais de hipoteca tem o compromisso de ajud\u00e1-lo a encontrar a melhor solu\u00e7\u00e3o de empr\u00e9stimo para atender \u00e0s suas necessidades. Oferecemos servi\u00e7os personalizados adaptados \u00e0 sua situa\u00e7\u00e3o espec\u00edfica, incluindo op\u00e7\u00f5es para estrangeiros, compradores de im\u00f3veis pela primeira vez e muito mais.<\/p><p>Nossa corretora de hipotecas enfatiza servi\u00e7os experientes, produtos de qualidade e pre\u00e7os competitivos para os estrangeiros. Ao trabalhar com a Heide International, os clientes podem ter acesso a uma ampla sele\u00e7\u00e3o de hipotecas da Fl\u00f3rida personalizadas de acordo com suas necessidades \u00fanicas e objetivos de financiamento. De empr\u00e9stimos convencionais a jumbo loans e muito mais, a equipe da Heide International tem experi\u00eancia no mercado da Fl\u00f3rida, o que nos permite oferecer as melhores op\u00e7\u00f5es para nossos clientes internacionais.<\/p><p>\u00a0<\/p>\t\t\t\t\t\t\t\t<\/div>\n\t\t\t\t<\/div>\n\t\t\t\t\t<\/div>\n\t\t<\/div>\n\t\t\t\t\t<\/div>\n\t\t<\/section>\n\t\t\t\t<section class=\"elementor-section elementor-inner-section elementor-element elementor-element-ac8a74b elementor-section-boxed elementor-section-height-default elementor-section-height-default\" data-id=\"ac8a74b\" data-element_type=\"section\">\n\t\t\t\t\t\t<div class=\"elementor-container elementor-column-gap-default\">\n\t\t\t\t\t<div class=\"elementor-column elementor-col-50 elementor-inner-column elementor-element elementor-element-e60a9f3 elementor-hidden-mobile\" data-id=\"e60a9f3\" data-element_type=\"column\" data-settings=\"{&quot;background_background&quot;:&quot;classic&quot;}\">\n\t\t\t<div class=\"elementor-widget-wrap\">\n\t\t\t\t\t\t\t<\/div>\n\t\t<\/div>\n\t\t\t\t<div class=\"elementor-column elementor-col-50 elementor-inner-column elementor-element elementor-element-e1ed2f9\" data-id=\"e1ed2f9\" data-element_type=\"column\">\n\t\t\t<div class=\"elementor-widget-wrap elementor-element-populated\">\n\t\t\t\t<div class=\"elementor-element elementor-element-9b79cf8 elementor-hidden-desktop elementor-hidden-tablet e-flex e-con-boxed e-con e-parent\" data-id=\"9b79cf8\" data-element_type=\"container\" data-settings=\"{&quot;background_background&quot;:&quot;classic&quot;}\">\n\t\t\t\t\t<div class=\"e-con-inner\">\n\t\t\t\t\t<\/div>\n\t\t\t\t<\/div>\n\t\t\t\t<div class=\"elementor-element elementor-element-80f533d elementor-widget elementor-widget-heading\" data-id=\"80f533d\" data-element_type=\"widget\" data-widget_type=\"heading.default\">\n\t\t\t\t<div class=\"elementor-widget-container\">\n\t\t\t\t\t<h2 class=\"elementor-heading-title elementor-size-default\">Uma base para locais e estrangeiros <\/h2>\t\t\t\t<\/div>\n\t\t\t\t<\/div>\n\t\t\t\t<div class=\"elementor-element elementor-element-d53ef5f elementor-widget elementor-widget-text-editor\" data-id=\"d53ef5f\" data-element_type=\"widget\" data-widget_type=\"text-editor.default\">\n\t\t\t\t<div class=\"elementor-widget-container\">\n\t\t\t\t\t\t\t\t\t<p>Na Heide International, temos orgulho de ajudar nossos clientes a obter as melhores hipotecas poss\u00edveis para suas necessidades. Estamos aqui para ajud\u00e1-lo a obter a casa que voc\u00ea sempre quis.<\/p>\t\t\t\t\t\t\t\t<\/div>\n\t\t\t\t<\/div>\n\t\t\t\t<div class=\"elementor-element elementor-element-a713312 elementor-align-left elementor-widget elementor-widget-button\" data-id=\"a713312\" data-element_type=\"widget\" data-widget_type=\"button.default\">\n\t\t\t\t<div class=\"elementor-widget-container\">\n\t\t\t\t\t\t\t\t\t<div class=\"elementor-button-wrapper\">\n\t\t\t\t\t<a class=\"elementor-button elementor-button-link elementor-size-md\" href=\"https:\/\/www.blink.mortgage\/app\/signup\/p\/heideinternationalllc\/kurtheide\" target=\"_blank\">\n\t\t\t\t\t\t<span class=\"elementor-button-content-wrapper\">\n\t\t\t\t\t\t<span class=\"elementor-button-icon\">\n\t\t\t\t<svg aria-hidden=\"true\" class=\"e-font-icon-svg e-fas-chevron-circle-right\" viewbox=\"0 0 512 512\" xmlns=\"http:\/\/www.w3.org\/2000\/svg\"><path d=\"M256 8c137 0 248 111 248 248S393 504 256 504 8 393 8 256 119 8 256 8zm113.9 231L234.4 103.5c-9.4-9.4-24.6-9.4-33.9 0l-17 17c-9.4 9.4-9.4 24.6 0 33.9L285.1 256 183.5 357.6c-9.4 9.4-9.4 24.6 0 33.9l17 17c9.4 9.4 24.6 9.4 33.9 0L369.9 273c9.4-9.4 9.4-24.6 0-34z\"><\/path><\/svg>\t\t\t<\/span>\n\t\t\t\t\t\t\t\t\t<span class=\"elementor-button-text\">aplicar agora<\/span>\n\t\t\t\t\t<\/span>\n\t\t\t\t\t<\/a>\n\t\t\t\t<\/div>\n\t\t\t\t\t\t\t\t<\/div>\n\t\t\t\t<\/div>\n\t\t\t\t\t<\/div>\n\t\t<\/div>\n\t\t\t\t\t<\/div>\n\t\t<\/section>\n\t\t\t\t<section class=\"elementor-section elementor-inner-section elementor-element elementor-element-05f46a9 elementor-section-boxed elementor-section-height-default elementor-section-height-default\" data-id=\"05f46a9\" data-element_type=\"section\">\n\t\t\t\t\t\t<div class=\"elementor-container elementor-column-gap-default\">\n\t\t\t\t\t<div class=\"elementor-column elementor-col-50 elementor-inner-column elementor-element elementor-element-dc35ebb\" data-id=\"dc35ebb\" data-element_type=\"column\">\n\t\t\t<div class=\"elementor-widget-wrap elementor-element-populated\">\n\t\t\t\t<div class=\"elementor-element elementor-element-75673a6 elementor-hidden-desktop elementor-hidden-tablet e-flex e-con-boxed e-con e-parent\" data-id=\"75673a6\" data-element_type=\"container\" data-settings=\"{&quot;background_background&quot;:&quot;classic&quot;}\">\n\t\t\t\t\t<div class=\"e-con-inner\">\n\t\t\t\t\t<\/div>\n\t\t\t\t<\/div>\n\t\t\t\t<div class=\"elementor-element elementor-element-613acf7 elementor-widget elementor-widget-heading\" data-id=\"613acf7\" data-element_type=\"widget\" data-widget_type=\"heading.default\">\n\t\t\t\t<div class=\"elementor-widget-container\">\n\t\t\t\t\t<h2 class=\"elementor-heading-title elementor-size-default\">Solu\u00e7\u00f5es Hipotec\u00e1rias Profissionais para Todos<\/h2>\t\t\t\t<\/div>\n\t\t\t\t<\/div>\n\t\t\t\t<div class=\"elementor-element elementor-element-33ea3f1 elementor-widget elementor-widget-text-editor\" data-id=\"33ea3f1\" data-element_type=\"widget\" data-widget_type=\"text-editor.default\">\n\t\t\t\t<div class=\"elementor-widget-container\">\n\t\t\t\t\t\t\t\t\t<p>Quer voc\u00ea seja um comprador de primeira viagem ou um investidor experiente, a Heide International est\u00e1 aqui para ajud\u00e1-lo a cada passo do caminho. Oferecemos solu\u00e7\u00f5es hipotec\u00e1rias profissionais que atendem \u00e0s necessidades de todos os nossos clientes. Desde hipotecas para estrangeiros at\u00e9 empr\u00e9stimos para aquisi\u00e7\u00e3o de casa pr\u00f3pria, nossa equipe de profissionais de hipotecas est\u00e1 empenhada em lhe oferecer a melhor solu\u00e7\u00e3o de empr\u00e9stimo. Entre em contato conosco hoje mesmo para come\u00e7ar.<\/p>\t\t\t\t\t\t\t\t<\/div>\n\t\t\t\t<\/div>\n\t\t\t\t<div class=\"elementor-element elementor-element-35feb8c elementor-align-left elementor-widget elementor-widget-button\" data-id=\"35feb8c\" data-element_type=\"widget\" data-widget_type=\"button.default\">\n\t\t\t\t<div class=\"elementor-widget-container\">\n\t\t\t\t\t\t\t\t\t<div class=\"elementor-button-wrapper\">\n\t\t\t\t\t<a class=\"elementor-button elementor-button-link elementor-size-md\" href=\"https:\/\/www.blink.mortgage\/app\/signup\/p\/heideinternationalllc\/kurtheide\" target=\"_blank\">\n\t\t\t\t\t\t<span class=\"elementor-button-content-wrapper\">\n\t\t\t\t\t\t<span class=\"elementor-button-icon\">\n\t\t\t\t<svg aria-hidden=\"true\" class=\"e-font-icon-svg e-fas-chevron-circle-right\" viewbox=\"0 0 512 512\" xmlns=\"http:\/\/www.w3.org\/2000\/svg\"><path d=\"M256 8c137 0 248 111 248 248S393 504 256 504 8 393 8 256 119 8 256 8zm113.9 231L234.4 103.5c-9.4-9.4-24.6-9.4-33.9 0l-17 17c-9.4 9.4-9.4 24.6 0 33.9L285.1 256 183.5 357.6c-9.4 9.4-9.4 24.6 0 33.9l17 17c9.4 9.4 24.6 9.4 33.9 0L369.9 273c9.4-9.4 9.4-24.6 0-34z\"><\/path><\/svg>\t\t\t<\/span>\n\t\t\t\t\t\t\t\t\t<span class=\"elementor-button-text\">aplicar agora<\/span>\n\t\t\t\t\t<\/span>\n\t\t\t\t\t<\/a>\n\t\t\t\t<\/div>\n\t\t\t\t\t\t\t\t<\/div>\n\t\t\t\t<\/div>\n\t\t\t\t\t<\/div>\n\t\t<\/div>\n\t\t\t\t<div class=\"elementor-column elementor-col-50 elementor-inner-column elementor-element elementor-element-07ffa95 elementor-hidden-mobile\" data-id=\"07ffa95\" data-element_type=\"column\" data-settings=\"{&quot;background_background&quot;:&quot;classic&quot;}\">\n\t\t\t<div class=\"elementor-widget-wrap\">\n\t\t\t\t\t\t\t<\/div>\n\t\t<\/div>\n\t\t\t\t\t<\/div>\n\t\t<\/section>\n\t\t\t\t\t<\/div>\n\t\t<\/div>\n\t\t\t\t\t<\/div>\n\t\t<\/section>\n\t\t<div class=\"elementor-element elementor-element-74ce6d5 e-flex e-con-boxed e-con e-parent\" data-id=\"74ce6d5\" data-element_type=\"container\">\n\t\t\t\t\t<div class=\"e-con-inner\">\n\t\t<div class=\"elementor-element elementor-element-1e2ba09 e-con-full e-flex e-con e-child\" data-id=\"1e2ba09\" data-element_type=\"container\">\n\t\t\t\t<div class=\"elementor-element elementor-element-6e81b5f elementor-widget elementor-widget-heading\" data-id=\"6e81b5f\" data-element_type=\"widget\" data-widget_type=\"heading.default\">\n\t\t\t\t<div class=\"elementor-widget-container\">\n\t\t\t\t\t<h2 class=\"elementor-heading-title elementor-size-default\">A Lifetime of Happy Client Letters<\/h2>\t\t\t\t<\/div>\n\t\t\t\t<\/div>\n\t\t\t\t<div class=\"elementor-element elementor-element-47cae8d elementor-widget elementor-widget-spacer\" data-id=\"47cae8d\" data-element_type=\"widget\" data-widget_type=\"spacer.default\">\n\t\t\t\t<div class=\"elementor-widget-container\">\n\t\t\t\t\t\t\t<div class=\"elementor-spacer\">\n\t\t\t<div class=\"elementor-spacer-inner\"><\/div>\n\t\t<\/div>\n\t\t\t\t\t\t<\/div>\n\t\t\t\t<\/div>\n\t\t\t\t<div class=\"elementor-element elementor-element-d8eccb9 elementor-widget elementor-widget-html\" data-id=\"d8eccb9\" data-element_type=\"widget\" data-widget_type=\"html.default\">\n\t\t\t\t<div class=\"elementor-widget-container\">\n\t\t\t\t\t<iframe src=\"https:\/\/heideinternational.com\/wp-content\/uploads\/2025\/10\/A-Lifetime-of-Happy-client-letters-1.pdf\" width=\"100%\" height=\"500\" style=\"border: none;\"><\/iframe>\r\n\t\t\t\t<\/div>\n\t\t\t\t<\/div>\n\t\t\t\t<\/div>\n\t\t\t\t\t<\/div>\n\t\t\t\t<\/div>\n\t\t\t\t<\/div>","protected":false},"excerpt":{"rendered":"<p>NOSSOS CLIENTES Conectando pessoas ao sonho da casa pr\u00f3pria Na Heide International, sabemos como \u00e9 importante que as pessoas realizem o sonho da casa pr\u00f3pria. \u00c9 por isso que nos especializamos em hipotecas de todas as formas e tamanhos, atendendo a clientes locais, nacionais e internacionais. A Heide International \u00e9 uma corretora de hipotecas sediada na Fl\u00f3rida, capaz de [...]<\/p>","protected":false},"author":4,"featured_media":0,"parent":0,"menu_order":0,"comment_status":"closed","ping_status":"closed","template":"elementor_header_footer","meta":{"footnotes":""},"class_list":["post-4176","page","type-page","status-publish","hentry"],"yoast_head":"<!-- This site is optimized with the Yoast SEO plugin v26.8 - https:\/\/yoast.com\/product\/yoast-seo-wordpress\/ -->\n<title>Heide International LLC \u2013 Our Clients<\/title>\n<meta name=\"description\" content=\"Heide International finance service for local and international buyers in Florida United States.\" \/>\n<meta name=\"robots\" content=\"index, follow, max-snippet:-1, max-image-preview:large, max-video-preview:-1\" \/>\n<link rel=\"canonical\" href=\"https:\/\/heideinternational.com\/pt\/nossos-clientes-2\/\" \/>\n<meta property=\"og:locale\" content=\"pt_BR\" \/>\n<meta property=\"og:type\" content=\"article\" \/>\n<meta property=\"og:title\" content=\"Heide International LLC \u2013 Our Clients\" \/>\n<meta property=\"og:description\" content=\"Heide International finance service for local and international buyers in Florida United States.\" \/>\n<meta property=\"og:url\" content=\"https:\/\/heideinternational.com\/pt\/nossos-clientes-2\/\" \/>\n<meta property=\"og:site_name\" content=\"Heide International LLC\" \/>\n<meta property=\"article:modified_time\" content=\"2025-10-31T14:29:55+00:00\" \/>\n<meta name=\"twitter:card\" content=\"summary_large_image\" \/>\n<meta name=\"twitter:label1\" content=\"Est. tempo de leitura\" \/>\n\t<meta name=\"twitter:data1\" content=\"2 minutos\" \/>\n<script type=\"application\/ld+json\" class=\"yoast-schema-graph\">{\"@context\":\"https:\/\/schema.org\",\"@graph\":[{\"@type\":\"WebPage\",\"@id\":\"https:\/\/heideinternational.com\/our-clients\/\",\"url\":\"https:\/\/heideinternational.com\/our-clients\/\",\"name\":\"Heide International LLC \u2013 Our Clients\",\"isPartOf\":{\"@id\":\"https:\/\/heideinternational.com\/#website\"},\"datePublished\":\"2023-03-24T16:31:58+00:00\",\"dateModified\":\"2025-10-31T14:29:55+00:00\",\"description\":\"Heide International finance service for local and international buyers in Florida United States.\",\"breadcrumb\":{\"@id\":\"https:\/\/heideinternational.com\/our-clients\/#breadcrumb\"},\"inLanguage\":\"pt-BR\",\"potentialAction\":[{\"@type\":\"ReadAction\",\"target\":[\"https:\/\/heideinternational.com\/our-clients\/\"]}]},{\"@type\":\"BreadcrumbList\",\"@id\":\"https:\/\/heideinternational.com\/our-clients\/#breadcrumb\",\"itemListElement\":[{\"@type\":\"ListItem\",\"position\":1,\"name\":\"Home\",\"item\":\"https:\/\/heideinternational.com\/\"},{\"@type\":\"ListItem\",\"position\":2,\"name\":\"Our Clients\"}]},{\"@type\":\"WebSite\",\"@id\":\"https:\/\/heideinternational.com\/#website\",\"url\":\"https:\/\/heideinternational.com\/\",\"name\":\"Heide International LLC\",\"description\":\"Heide International LLC\",\"potentialAction\":[{\"@type\":\"SearchAction\",\"target\":{\"@type\":\"EntryPoint\",\"urlTemplate\":\"https:\/\/heideinternational.com\/?s={search_term_string}\"},\"query-input\":{\"@type\":\"PropertyValueSpecification\",\"valueRequired\":true,\"valueName\":\"search_term_string\"}}],\"inLanguage\":\"pt-BR\"}]}<\/script>\n<!-- \/ Yoast SEO plugin. -->","yoast_head_json":{"title":"Heide International LLC - Nossos Clientes","description":"Servi\u00e7o financeiro da Heide International para compradores locais e internacionais na Fl\u00f3rida, Estados Unidos.","robots":{"index":"index","follow":"follow","max-snippet":"max-snippet:-1","max-image-preview":"max-image-preview:large","max-video-preview":"max-video-preview:-1"},"canonical":"https:\/\/heideinternational.com\/pt\/nossos-clientes-2\/","og_locale":"pt_BR","og_type":"article","og_title":"Heide International LLC \u2013 Our Clients","og_description":"Heide International finance service for local and international buyers in Florida United States.","og_url":"https:\/\/heideinternational.com\/pt\/nossos-clientes-2\/","og_site_name":"Heide International LLC","article_modified_time":"2025-10-31T14:29:55+00:00","twitter_card":"summary_large_image","twitter_misc":{"Est. tempo de leitura":"2 minutos"},"schema":{"@context":"https:\/\/schema.org","@graph":[{"@type":"WebPage","@id":"https:\/\/heideinternational.com\/our-clients\/","url":"https:\/\/heideinternational.com\/our-clients\/","name":"Heide International LLC - Nossos Clientes","isPartOf":{"@id":"https:\/\/heideinternational.com\/#website"},"datePublished":"2023-03-24T16:31:58+00:00","dateModified":"2025-10-31T14:29:55+00:00","description":"Servi\u00e7o financeiro da Heide International para compradores locais e internacionais na Fl\u00f3rida, Estados Unidos.","breadcrumb":{"@id":"https:\/\/heideinternational.com\/our-clients\/#breadcrumb"},"inLanguage":"pt-BR","potentialAction":[{"@type":"ReadAction","target":["https:\/\/heideinternational.com\/our-clients\/"]}]},{"@type":"BreadcrumbList","@id":"https:\/\/heideinternational.com\/our-clients\/#breadcrumb","itemListElement":[{"@type":"ListItem","position":1,"name":"Home","item":"https:\/\/heideinternational.com\/"},{"@type":"ListItem","position":2,"name":"Our Clients"}]},{"@type":"WebSite","@id":"https:\/\/heideinternational.com\/#website","url":"https:\/\/heideinternational.com\/","name":"Heide International LLC","description":"Heide International LLC","potentialAction":[{"@type":"SearchAction","target":{"@type":"EntryPoint","urlTemplate":"https:\/\/heideinternational.com\/?s={search_term_string}"},"query-input":{"@type":"PropertyValueSpecification","valueRequired":true,"valueName":"search_term_string"}}],"inLanguage":"pt-BR"}]}},"_links":{"self":[{"href":"https:\/\/heideinternational.com\/pt\/wp-json\/wp\/v2\/pages\/4176","targetHints":{"allow":["GET"]}}],"collection":[{"href":"https:\/\/heideinternational.com\/pt\/wp-json\/wp\/v2\/pages"}],"about":[{"href":"https:\/\/heideinternational.com\/pt\/wp-json\/wp\/v2\/types\/page"}],"author":[{"embeddable":true,"href":"https:\/\/heideinternational.com\/pt\/wp-json\/wp\/v2\/users\/4"}],"replies":[{"embeddable":true,"href":"https:\/\/heideinternational.com\/pt\/wp-json\/wp\/v2\/comments?post=4176"}],"version-history":[{"count":0,"href":"https:\/\/heideinternational.com\/pt\/wp-json\/wp\/v2\/pages\/4176\/revisions"}],"wp:attachment":[{"href":"https:\/\/heideinternational.com\/pt\/wp-json\/wp\/v2\/media?parent=4176"}],"curies":[{"name":"wp","href":"https:\/\/api.w.org\/{rel}","templated":true}]}}