{"id":3983,"date":"2023-03-14T19:53:56","date_gmt":"2023-03-14T19:53:56","guid":{"rendered":"https:\/\/heideinternati.wpengine.com\/?page_id=3983"},"modified":"2023-03-14T20:02:38","modified_gmt":"2023-03-14T20:02:38","slug":"independente-income-hacks-2","status":"publish","type":"page","link":"https:\/\/heideinternational.com\/pt\/independente-income-hacks-2\/","title":{"rendered":"Hacks de renda de aut\u00f4nomos"},"content":{"rendered":"<div data-elementor-type=\"wp-page\" data-elementor-id=\"3983\" class=\"elementor elementor-3983\" data-elementor-post-type=\"page\">\n\t\t\t\t\t\t<section class=\"elementor-section elementor-top-section elementor-element elementor-element-68e8936 elementor-section-boxed elementor-section-height-default elementor-section-height-default\" data-id=\"68e8936\" data-element_type=\"section\" data-settings=\"{&quot;background_background&quot;:&quot;classic&quot;}\">\n\t\t\t\t\t\t<div class=\"elementor-container elementor-column-gap-default\">\n\t\t\t\t\t<div class=\"elementor-column elementor-col-100 elementor-top-column elementor-element elementor-element-3947b0f\" data-id=\"3947b0f\" data-element_type=\"column\">\n\t\t\t<div class=\"elementor-widget-wrap elementor-element-populated\">\n\t\t\t\t\t\t<div class=\"elementor-element elementor-element-f4bd414 elementor-widget elementor-widget-heading\" data-id=\"f4bd414\" data-element_type=\"widget\" data-widget_type=\"heading.default\">\n\t\t\t\t<div class=\"elementor-widget-container\">\n\t\t\t\t\t<h1 class=\"elementor-heading-title elementor-size-default\">Hacks de renda de aut\u00f4nomos<br>O que voc\u00ea precisa saber<\/h1>\t\t\t\t<\/div>\n\t\t\t\t<\/div>\n\t\t\t\t\t<\/div>\n\t\t<\/div>\n\t\t\t\t\t<\/div>\n\t\t<\/section>\n\t\t\t\t<section class=\"elementor-section elementor-top-section elementor-element elementor-element-078e025 elementor-section-boxed elementor-section-height-default elementor-section-height-default\" data-id=\"078e025\" data-element_type=\"section\">\n\t\t\t\t\t\t<div class=\"elementor-container elementor-column-gap-default\">\n\t\t\t\t\t<div class=\"elementor-column elementor-col-100 elementor-top-column elementor-element elementor-element-7d45f34\" data-id=\"7d45f34\" data-element_type=\"column\">\n\t\t\t<div class=\"elementor-widget-wrap elementor-element-populated\">\n\t\t\t\t\t\t<div class=\"elementor-element elementor-element-850fe3f elementor-widget elementor-widget-video\" data-id=\"850fe3f\" data-element_type=\"widget\" data-settings=\"{&quot;video_type&quot;:&quot;vimeo&quot;}\" data-widget_type=\"video.default\">\n\t\t\t\t<div class=\"elementor-widget-container\">\n\t\t\t\t\t\t\t<div class=\"elementor-wrapper elementor-open-inline\">\n\t\t\t<iframe class=\"elementor-video-iframe\" allowfullscreen allow=\"clipboard-write\" title=\"vimeo \u0412\u0438\u0434\u0435\u043e\u043f\u043b\u0435\u0435\u0440\" src=\"https:\/\/player.vimeo.com\/video\/808070370?color&amp;autopause=0&amp;loop=0&amp;muted=0&amp;title=1&amp;portrait=1&amp;byline=1#t=\" data-no-translation-title=\"\"><\/iframe>\t\t<\/div>\n\t\t\t\t\t\t<\/div>\n\t\t\t\t<\/div>\n\t\t\t\t<div class=\"elementor-element elementor-element-e1d05c3 elementor-widget elementor-widget-text-editor\" data-id=\"e1d05c3\" data-element_type=\"widget\" data-widget_type=\"text-editor.default\">\n\t\t\t\t<div class=\"elementor-widget-container\">\n\t\t\t\t\t\t\t\t\t<p><strong>Voc\u00ea sabia que a FNMA n\u00e3o o faz considerar perdas de auto-emprego se a renda de outra fonte estiver dispon\u00edvel?<\/strong><\/p><p>Os preju\u00edzos do mutu\u00e1rio aut\u00f4nomo informados nas declara\u00e7\u00f5es fiscais do mutu\u00e1rio n\u00e3o s\u00e3o exigidos quando um mutu\u00e1rio pode se qualificar usando apenas a renda proveniente de uma fonte separada n\u00e3o aut\u00f4noma. Exemplos de renda de n\u00e3o-empregado de outra fonte incluem sal\u00e1rio de outro emprego, renda passiva e renda de aposentadoria. Portanto, se seu neg\u00f3cio apresentar uma perda, voc\u00ea pode n\u00e3o ter que contar a perda se voc\u00ea tiver outra renda. Os credores exigem dois anos de declara\u00e7\u00e3o de impostos comerciais e pessoais assinada para calcular uma renda m\u00e9dia, mas sob certas condi\u00e7\u00f5es a declara\u00e7\u00e3o de impostos comerciais pode ser dispensada se: -o tomador do empr\u00e9stimo utilizar fundos pessoais para pagamento de entrada, custos de fechamento e reservas, -trabalharam por conta pr\u00f3pria no mesmo neg\u00f3cio por pelo menos cinco anos, e -a declara\u00e7\u00e3o de imposto individual do tomador do empr\u00e9stimo mostrar um aumento na renda do trabalho independente durante os \u00faltimos dois anos. Outra alternativa para um doador permite ao mutu\u00e1rio aut\u00f4nomo qualificar-se usando o ano mais recente de declara\u00e7\u00f5es de impostos pessoais e comerciais, em vez de analisar os \u00faltimos 2 anos de declara\u00e7\u00f5es de impostos. Estas regras podem oferecer grandes vantagens a um mutu\u00e1rio quando a empresa teve uma renda menor no ano anterior. Ou se a perda do neg\u00f3cio aut\u00f4nomo pode afetar negativamente a renda dispon\u00edvel para fins de qualifica\u00e7\u00e3o.<\/p>\t\t\t\t\t\t\t\t<\/div>\n\t\t\t\t<\/div>\n\t\t\t\t\t<\/div>\n\t\t<\/div>\n\t\t\t\t\t<\/div>\n\t\t<\/section>\n\t\t\t\t<\/div>","protected":false},"excerpt":{"rendered":"<p>Self-Employed Income HacksWhat You Need to Know https:\/\/vimeo.com\/808070370 Did you know that FNMA does not make you consider self- employment losses if income from another source is available? Self-employed borrower\u2019s losses reported on the borrower&#8217;s tax returns, is not required when a borrower can qualify using only income that is from separate non self-employed source. [&hellip;]<\/p>","protected":false},"author":3,"featured_media":0,"parent":0,"menu_order":0,"comment_status":"closed","ping_status":"closed","template":"","meta":{"footnotes":""},"class_list":["post-3983","page","type-page","status-publish","hentry"],"yoast_head":"<!-- This site is optimized with the Yoast SEO plugin v26.8 - https:\/\/yoast.com\/product\/yoast-seo-wordpress\/ -->\n<title>Self-Employed Income Hacks - Heide International LLC<\/title>\n<meta name=\"robots\" content=\"index, follow, max-snippet:-1, max-image-preview:large, max-video-preview:-1\" \/>\n<link rel=\"canonical\" href=\"https:\/\/heideinternational.com\/pt\/independente-income-hacks-2\/\" \/>\n<meta property=\"og:locale\" content=\"pt_BR\" \/>\n<meta property=\"og:type\" content=\"article\" \/>\n<meta property=\"og:title\" content=\"Self-Employed Income Hacks - Heide International LLC\" \/>\n<meta property=\"og:description\" content=\"Self-Employed Income HacksWhat You Need to Know https:\/\/vimeo.com\/808070370 Did you know that FNMA does not make you consider self- employment losses if income from another source is available? Self-employed borrower\u2019s losses reported on the borrower&#8217;s tax returns, is not required when a borrower can qualify using only income that is from separate non self-employed source. [&hellip;]\" \/>\n<meta property=\"og:url\" content=\"https:\/\/heideinternational.com\/pt\/independente-income-hacks-2\/\" \/>\n<meta property=\"og:site_name\" content=\"Heide International LLC\" \/>\n<meta property=\"article:modified_time\" content=\"2023-03-14T20:02:38+00:00\" \/>\n<meta name=\"twitter:card\" content=\"summary_large_image\" \/>\n<meta name=\"twitter:label1\" content=\"Est. tempo de leitura\" \/>\n\t<meta name=\"twitter:data1\" content=\"1 minuto\" \/>\n<script type=\"application\/ld+json\" class=\"yoast-schema-graph\">{\"@context\":\"https:\/\/schema.org\",\"@graph\":[{\"@type\":\"WebPage\",\"@id\":\"https:\/\/heideinternational.com\/self-employed-income-hacks\/\",\"url\":\"https:\/\/heideinternational.com\/self-employed-income-hacks\/\",\"name\":\"Self-Employed Income Hacks - Heide International LLC\",\"isPartOf\":{\"@id\":\"https:\/\/heideinternational.com\/#website\"},\"datePublished\":\"2023-03-14T19:53:56+00:00\",\"dateModified\":\"2023-03-14T20:02:38+00:00\",\"breadcrumb\":{\"@id\":\"https:\/\/heideinternational.com\/self-employed-income-hacks\/#breadcrumb\"},\"inLanguage\":\"pt-BR\",\"potentialAction\":[{\"@type\":\"ReadAction\",\"target\":[\"https:\/\/heideinternational.com\/self-employed-income-hacks\/\"]}]},{\"@type\":\"BreadcrumbList\",\"@id\":\"https:\/\/heideinternational.com\/self-employed-income-hacks\/#breadcrumb\",\"itemListElement\":[{\"@type\":\"ListItem\",\"position\":1,\"name\":\"Home\",\"item\":\"https:\/\/heideinternational.com\/\"},{\"@type\":\"ListItem\",\"position\":2,\"name\":\"Self-Employed Income Hacks\"}]},{\"@type\":\"WebSite\",\"@id\":\"https:\/\/heideinternational.com\/#website\",\"url\":\"https:\/\/heideinternational.com\/\",\"name\":\"Heide International LLC\",\"description\":\"Heide International LLC\",\"potentialAction\":[{\"@type\":\"SearchAction\",\"target\":{\"@type\":\"EntryPoint\",\"urlTemplate\":\"https:\/\/heideinternational.com\/?s={search_term_string}\"},\"query-input\":{\"@type\":\"PropertyValueSpecification\",\"valueRequired\":true,\"valueName\":\"search_term_string\"}}],\"inLanguage\":\"pt-BR\"}]}<\/script>\n<!-- \/ Yoast SEO plugin. -->","yoast_head_json":{"title":"Hacks de Renda de Trabalhadores Aut\u00f4nomos - Heide International LLC","robots":{"index":"index","follow":"follow","max-snippet":"max-snippet:-1","max-image-preview":"max-image-preview:large","max-video-preview":"max-video-preview:-1"},"canonical":"https:\/\/heideinternational.com\/pt\/independente-income-hacks-2\/","og_locale":"pt_BR","og_type":"article","og_title":"Self-Employed Income Hacks - Heide International LLC","og_description":"Self-Employed Income HacksWhat You Need to Know https:\/\/vimeo.com\/808070370 Did you know that FNMA does not make you consider self- employment losses if income from another source is available? Self-employed borrower\u2019s losses reported on the borrower&#8217;s tax returns, is not required when a borrower can qualify using only income that is from separate non self-employed source. [&hellip;]","og_url":"https:\/\/heideinternational.com\/pt\/independente-income-hacks-2\/","og_site_name":"Heide International LLC","article_modified_time":"2023-03-14T20:02:38+00:00","twitter_card":"summary_large_image","twitter_misc":{"Est. tempo de leitura":"1 minuto"},"schema":{"@context":"https:\/\/schema.org","@graph":[{"@type":"WebPage","@id":"https:\/\/heideinternational.com\/self-employed-income-hacks\/","url":"https:\/\/heideinternational.com\/self-employed-income-hacks\/","name":"Hacks de Renda de Trabalhadores Aut\u00f4nomos - Heide International LLC","isPartOf":{"@id":"https:\/\/heideinternational.com\/#website"},"datePublished":"2023-03-14T19:53:56+00:00","dateModified":"2023-03-14T20:02:38+00:00","breadcrumb":{"@id":"https:\/\/heideinternational.com\/self-employed-income-hacks\/#breadcrumb"},"inLanguage":"pt-BR","potentialAction":[{"@type":"ReadAction","target":["https:\/\/heideinternational.com\/self-employed-income-hacks\/"]}]},{"@type":"BreadcrumbList","@id":"https:\/\/heideinternational.com\/self-employed-income-hacks\/#breadcrumb","itemListElement":[{"@type":"ListItem","position":1,"name":"Home","item":"https:\/\/heideinternational.com\/"},{"@type":"ListItem","position":2,"name":"Self-Employed Income Hacks"}]},{"@type":"WebSite","@id":"https:\/\/heideinternational.com\/#website","url":"https:\/\/heideinternational.com\/","name":"Heide International LLC","description":"Heide International LLC","potentialAction":[{"@type":"SearchAction","target":{"@type":"EntryPoint","urlTemplate":"https:\/\/heideinternational.com\/?s={search_term_string}"},"query-input":{"@type":"PropertyValueSpecification","valueRequired":true,"valueName":"search_term_string"}}],"inLanguage":"pt-BR"}]}},"_links":{"self":[{"href":"https:\/\/heideinternational.com\/pt\/wp-json\/wp\/v2\/pages\/3983","targetHints":{"allow":["GET"]}}],"collection":[{"href":"https:\/\/heideinternational.com\/pt\/wp-json\/wp\/v2\/pages"}],"about":[{"href":"https:\/\/heideinternational.com\/pt\/wp-json\/wp\/v2\/types\/page"}],"author":[{"embeddable":true,"href":"https:\/\/heideinternational.com\/pt\/wp-json\/wp\/v2\/users\/3"}],"replies":[{"embeddable":true,"href":"https:\/\/heideinternational.com\/pt\/wp-json\/wp\/v2\/comments?post=3983"}],"version-history":[{"count":0,"href":"https:\/\/heideinternational.com\/pt\/wp-json\/wp\/v2\/pages\/3983\/revisions"}],"wp:attachment":[{"href":"https:\/\/heideinternational.com\/pt\/wp-json\/wp\/v2\/media?parent=3983"}],"curies":[{"name":"wp","href":"https:\/\/api.w.org\/{rel}","templated":true}]}}