{"id":2324,"date":"2022-08-12T07:25:37","date_gmt":"2022-08-12T07:25:37","guid":{"rendered":"https:\/\/heideinternational.paradoxmediadev.com\/?page_id=2324"},"modified":"2022-11-21T21:15:02","modified_gmt":"2022-11-21T21:15:02","slug":"formulario-de-credito-2","status":"publish","type":"page","link":"https:\/\/heideinternational.com\/pt\/formulario-de-credito-2\/","title":{"rendered":"Formul\u00e1rio de cr\u00e9dito"},"content":{"rendered":"<div data-elementor-type=\"wp-page\" data-elementor-id=\"2324\" class=\"elementor elementor-2324\" data-elementor-post-type=\"page\">\n\t\t\t\t\t\t<section class=\"elementor-section elementor-top-section elementor-element elementor-element-a2e4df9 elementor-section-boxed elementor-section-height-default elementor-section-height-default\" data-id=\"a2e4df9\" data-element_type=\"section\">\n\t\t\t\t\t\t<div class=\"elementor-container elementor-column-gap-default\">\n\t\t\t\t\t<div class=\"elementor-column elementor-col-100 elementor-top-column elementor-element elementor-element-78ad2ab\" data-id=\"78ad2ab\" data-element_type=\"column\">\n\t\t\t<div class=\"elementor-widget-wrap elementor-element-populated\">\n\t\t\t\t\t\t<div class=\"elementor-element elementor-element-f83f717 elementor-widget elementor-widget-wpforms\" data-id=\"f83f717\" data-element_type=\"widget\" data-widget_type=\"wpforms.default\">\n\t\t\t\t<div class=\"elementor-widget-container\">\n\t\t\t\t\t<div class=\"wpforms-container\" id=\"wpforms-2295\"><form id=\"wpforms-form-2295\" class=\"wpforms-validate wpforms-form wpforms-ajax-form\" data-formid=\"2295\" method=\"post\" enctype=\"multipart\/form-data\" action=\"\/pt\/wp-json\/wp\/v2\/pages\/2324\" data-token=\"2064969543509efb602ad4583a459990\" data-token-time=\"1776761034\" data-trp-original-action=\"\/pt\/wp-json\/wp\/v2\/pages\/2324\"><noscript class=\"wpforms-error-noscript\">Ative o JavaScript no seu navegador para preencher este formul\u00e1rio.<\/noscript><div class=\"wpforms-page-indicator progress\" data-indicator=\"progress\" data-indicator-color=\"#72b239\" data-scroll=\"1\"><span class=\"wpforms-page-indicator-page-title\" ><\/span><span class=\"wpforms-page-indicator-page-title-sep\" style=\"display:none;\"> - <\/span><span class=\"wpforms-page-indicator-steps\">Passo <span class=\"wpforms-page-indicator-steps-current\">1<\/span> de 2<\/span><div class=\"wpforms-page-indicator-page-progress-wrap\"><div class=\"wpforms-page-indicator-page-progress\" style=\"width:50%;background-color:#72b239\"><\/div><\/div><\/div><div class=\"wpforms-field-container\"><div class=\"wpforms-page wpforms-page-1\" data-page=\"1\"><div id=\"wpforms-2295-field_22-container\" class=\"wpforms-field wpforms-field-pagebreak\" data-field-id=\"22\"><\/div><div id=\"wpforms-2295-field_1-container\" class=\"wpforms-field wpforms-field-html\" data-field-id=\"1\"><div id=\"wpforms-2295-field_1\"><h1 style=\"text-align:center;\">FORMUL\u00c1RIO DE AUTORIZA\u00c7\u00c3O DE CART\u00c3O DE CR\u00c9DITO<\/h1><\/div><\/div><div id=\"wpforms-2295-field_2-container\" class=\"wpforms-field wpforms-field-html\" data-field-id=\"2\"><div id=\"wpforms-2295-field_2\"><b>Aviso da Lei de Privacidade:<\/b> Estas informa\u00e7\u00f5es devem ser utilizadas pela ag\u00eancia que as coleta ou seus cession\u00e1rios para determinar se voc\u00ea se qualifica como um poss\u00edvel credor hipotec\u00e1rio no \u00e2mbito de seu programa. N\u00e3o ser\u00e1\r\ndivulgadas fora da ag\u00eancia, exceto conforme exigido e permitido por lei. Voc\u00ea n\u00e3o precisa fornecer estas informa\u00e7\u00f5es, mas se voc\u00ea n\u00e3o fizer seu pedido de aprova\u00e7\u00e3o como um poss\u00edvel credor hipotec\u00e1rio ou\r\nmutu\u00e1rio pode ser atrasado ou rejeitado. As informa\u00e7\u00f5es solicitadas neste formul\u00e1rio s\u00e3o autorizadas pelo T\u00edtulo 38, USC, Cap\u00edtulo 37 (se VA); por 12 USC, Se\u00e7\u00e3o 1701 e seguintes (se HUD\/FHA); por 42 USC, Se\u00e7\u00e3o\r\n1452b (se HUD\/CPD); e T\u00edtulo 42 USC, 1471 e seguintes, ou 7 USC, 1921 e seguintes (se USDA\/FmHA)<\/div><\/div><div id=\"wpforms-2295-field_3-container\" class=\"wpforms-field wpforms-field-checkbox\" data-field-id=\"3\"><label class=\"wpforms-field-label\">Servi\u00e7os Hipotec\u00e1rios: <span class=\"wpforms-required-label\">*<\/span><\/label><ul id=\"wpforms-2295-field_3\" class=\"wpforms-field-required\"><li class=\"choice-1 depth-1\"><input type=\"checkbox\" id=\"wpforms-2295-field_3_1\" name=\"wpforms[fields][3][]\" value=\"Credit Report fee approximately $28.00 per applicant\" required><label class=\"wpforms-field-label-inline\" for=\"wpforms-2295-field_3_1\">Taxa de relat\u00f3rio de cr\u00e9dito aproximadamente $28.00 por solicitante<\/label><\/li><li class=\"choice-2 depth-1\"><input type=\"checkbox\" id=\"wpforms-2295-field_3_2\" name=\"wpforms[fields][3][]\" value=\"Appraisal fee approximately $475.00 to $750.00\" required><label class=\"wpforms-field-label-inline\" for=\"wpforms-2295-field_3_2\">Taxa de avalia\u00e7\u00e3o de aproximadamente $475.00 a $750.00<\/label><\/li><\/ul><\/div><div id=\"wpforms-2295-field_4-container\" class=\"wpforms-field wpforms-field-checkbox\" data-field-id=\"4\"><label class=\"wpforms-field-label\">Tipo de cart\u00e3o de cr\u00e9dito: <span class=\"wpforms-required-label\">*<\/span><\/label><ul id=\"wpforms-2295-field_4\" class=\"wpforms-field-required\"><li class=\"choice-1 depth-1\"><input type=\"checkbox\" id=\"wpforms-2295-field_4_1\" name=\"wpforms[fields][4][]\" value=\"Visa\" required><label class=\"wpforms-field-label-inline\" for=\"wpforms-2295-field_4_1\">Visto<\/label><\/li><li class=\"choice-2 depth-1\"><input type=\"checkbox\" id=\"wpforms-2295-field_4_2\" name=\"wpforms[fields][4][]\" value=\"MasterCard\" required><label class=\"wpforms-field-label-inline\" for=\"wpforms-2295-field_4_2\">MasterCard<\/label><\/li><li class=\"choice-4 depth-1\"><input type=\"checkbox\" id=\"wpforms-2295-field_4_4\" name=\"wpforms[fields][4][]\" value=\"Discover\" required><label class=\"wpforms-field-label-inline\" for=\"wpforms-2295-field_4_4\">Descubra<\/label><\/li><li class=\"choice-5 depth-1\"><input type=\"checkbox\" id=\"wpforms-2295-field_4_5\" name=\"wpforms[fields][4][]\" value=\"AMEX\" required><label class=\"wpforms-field-label-inline\" for=\"wpforms-2295-field_4_5\">AMEX<\/label><\/li><\/ul><\/div><div id=\"wpforms-2295-field_5-container\" class=\"wpforms-field wpforms-field-number wpf-num-limit\" data-field-id=\"5\"><label class=\"wpforms-field-label\" for=\"wpforms-2295-field_5\">Fornecer c\u00f3digo de 4 d\u00edgitos <span class=\"wpforms-required-label\">*<\/span><\/label><input type=\"number\" id=\"wpforms-2295-field_5\" class=\"wpforms-field-large wpforms-field-required\" name=\"wpforms[fields][5]\" step=\"any\" required><\/div><div id=\"wpforms-2295-field_6-container\" class=\"wpforms-field wpforms-field-name\" data-field-id=\"6\"><label class=\"wpforms-field-label\" for=\"wpforms-2295-field_6\">Nome do portador do cart\u00e3o (como aparece no cart\u00e3o): <span class=\"wpforms-required-label\">*<\/span><\/label><input type=\"text\" id=\"wpforms-2295-field_6\" class=\"wpforms-field-large wpforms-field-required\" name=\"wpforms[fields][6]\" required><\/div><div id=\"wpforms-2295-field_7-container\" class=\"wpforms-field wpforms-field-number\" data-field-id=\"7\"><label class=\"wpforms-field-label\" for=\"wpforms-2295-field_7\">N\u00famero do cart\u00e3o de cr\u00e9dito:  <span class=\"wpforms-required-label\">*<\/span><\/label><input type=\"number\" id=\"wpforms-2295-field_7\" class=\"wpforms-field-large wpforms-field-required\" name=\"wpforms[fields][7]\" step=\"any\" required><\/div><div id=\"wpforms-2295-field_8-container\" class=\"wpforms-field wpforms-field-date-time wpforms-two-thirds wpforms-first\" data-field-id=\"8\"><label class=\"wpforms-field-label\" for=\"wpforms-2295-field_8\">Data de expira\u00e7\u00e3o do cart\u00e3o de cr\u00e9dito: <span class=\"wpforms-required-label\">*<\/span><\/label><div class=\"wpforms-datepicker-wrap\"><input type=\"text\" id=\"wpforms-2295-field_8\" class=\"wpforms-field-date-time-date wpforms-datepicker wpforms-field-required wpforms-field-large\" data-date-format=\"m\/d\/Y\" data-disable-past-dates=\"0\" data-input=\"true\" name=\"wpforms[fields][8][date]\" required><a title=\"Limpar Data\" data-clear role=\"button\" tabindex=\"0\" class=\"wpforms-datepicker-clear\" aria-label=\"Limpar Data\" style=\"display:none;\"><\/a><\/div><\/div><div id=\"wpforms-2295-field_9-container\" class=\"wpforms-field wpforms-field-number wpforms-one-third\" data-field-id=\"9\"><label class=\"wpforms-field-label\" for=\"wpforms-2295-field_9\">C\u00f3digo CVV: <span class=\"wpforms-required-label\">*<\/span><\/label><input type=\"number\" id=\"wpforms-2295-field_9\" class=\"wpforms-field-large wpforms-field-required\" name=\"wpforms[fields][9]\" step=\"any\" required><\/div><div id=\"wpforms-2295-field_21-container\" class=\"wpforms-field wpforms-field-pagebreak\" data-field-id=\"21\"><div class=\"wpforms-clear wpforms-pagebreak-left\"><button class=\"wpforms-page-button wpforms-page-next\" data-action=\"next\" data-page=\"1\" data-formid=\"2295\" disabled>Pr\u00f3ximo<\/button><\/div><\/div><\/div><div class=\"wpforms-page wpforms-page-2 last\" data-page=\"2\" style=\"display:none;\"><div id=\"wpforms-2295-field_10-container\" class=\"wpforms-field wpforms-field-text\" data-field-id=\"10\"><label class=\"wpforms-field-label\" for=\"wpforms-2295-field_10\">Endere\u00e7o para faturamento: <span class=\"wpforms-required-label\">*<\/span><\/label><input type=\"text\" id=\"wpforms-2295-field_10\" class=\"wpforms-field-large wpforms-field-required\" name=\"wpforms[fields][10]\" required><div class=\"wpforms-field-description\">(Endere\u00e7o onde s\u00e3o recebidos os extratos mensais do cart\u00e3o de cr\u00e9dito)<\/div><\/div><div id=\"wpforms-2295-field_11-container\" class=\"wpforms-field wpforms-field-date-time wpforms-one-half wpforms-first\" data-field-id=\"11\"><label class=\"wpforms-field-label\" for=\"wpforms-2295-field_11\">Titulares Data de nascimento: <span class=\"wpforms-required-label\">*<\/span><\/label><div class=\"wpforms-datepicker-wrap\"><input type=\"text\" id=\"wpforms-2295-field_11\" class=\"wpforms-field-date-time-date wpforms-datepicker wpforms-field-required wpforms-field-large\" data-date-format=\"m\/d\/Y\" data-disable-past-dates=\"0\" data-input=\"true\" name=\"wpforms[fields][11][date]\" required><a title=\"Limpar Data\" data-clear role=\"button\" tabindex=\"0\" class=\"wpforms-datepicker-clear\" aria-label=\"Limpar Data\" style=\"display:none;\"><\/a><\/div><\/div><div id=\"wpforms-2295-field_12-container\" class=\"wpforms-field wpforms-field-date-time wpforms-one-half\" data-field-id=\"12\"><label class=\"wpforms-field-label\" for=\"wpforms-2295-field_12\">Co-Borrower Data de nascimento: <span class=\"wpforms-required-label\">*<\/span><\/label><div class=\"wpforms-datepicker-wrap\"><input type=\"text\" id=\"wpforms-2295-field_12\" class=\"wpforms-field-date-time-date wpforms-datepicker wpforms-field-required wpforms-field-large\" data-date-format=\"m\/d\/Y\" data-disable-past-dates=\"0\" data-input=\"true\" name=\"wpforms[fields][12][date]\" required><a title=\"Limpar Data\" data-clear role=\"button\" tabindex=\"0\" class=\"wpforms-datepicker-clear\" aria-label=\"Limpar Data\" style=\"display:none;\"><\/a><\/div><\/div><div id=\"wpforms-2295-field_14-container\" class=\"wpforms-field wpforms-field-html\" data-field-id=\"14\"><div id=\"wpforms-2295-field_14\">Como titular do cart\u00e3o, ao assinar abaixo concordo em pagar, e autorizo especificamente a HEIDE INTERNATIONAL LLC a cobrar meu cart\u00e3o de cr\u00e9dito,\r\npara os servi\u00e7os prestados acima. Concordo ainda que, caso meu cart\u00e3o de cr\u00e9dito se torne inv\u00e1lido, fornecerei \u00e0 HEIDE INTERNATIONAL LLC um novo cart\u00e3o de cr\u00e9dito v\u00e1lido mediante solicita\u00e7\u00e3o, a ser cobrado pelo pagamento de quaisquer saldos pendentes devidos \u00e0 HEIDE INTERNATIONAL LLC. Reconhe\u00e7o que compreendo e autorizo as cobran\u00e7as acima e que, uma vez autorizado, n\u00e3o haver\u00e1 reembolso para os produtos encomendados uma vez que os servi\u00e7os sejam prestados. <\/div><\/div><div id=\"wpforms-2295-field_16-container\" class=\"wpforms-field wpforms-field-date-time wpforms-one-half\" data-field-id=\"16\"><label class=\"wpforms-field-label\" for=\"wpforms-2295-field_16\">Data <span class=\"wpforms-required-label\">*<\/span><\/label><div class=\"wpforms-datepicker-wrap\"><input type=\"text\" id=\"wpforms-2295-field_16\" class=\"wpforms-field-date-time-date wpforms-datepicker wpforms-field-required wpforms-field-large\" data-date-format=\"m\/d\/Y\" data-disable-past-dates=\"0\" data-input=\"true\" name=\"wpforms[fields][16][date]\" required><a title=\"Limpar Data\" data-clear role=\"button\" tabindex=\"0\" class=\"wpforms-datepicker-clear\" aria-label=\"Limpar Data\" style=\"display:none;\"><\/a><\/div><\/div><div id=\"wpforms-2295-field_18-container\" class=\"wpforms-field wpforms-field-date-time wpforms-one-half\" data-field-id=\"18\"><label class=\"wpforms-field-label\" for=\"wpforms-2295-field_18\">Data <span class=\"wpforms-required-label\">*<\/span><\/label><div class=\"wpforms-datepicker-wrap\"><input type=\"text\" id=\"wpforms-2295-field_18\" class=\"wpforms-field-date-time-date wpforms-datepicker wpforms-field-required wpforms-field-large\" data-date-format=\"m\/d\/Y\" data-disable-past-dates=\"0\" data-input=\"true\" name=\"wpforms[fields][18][date]\" required><a title=\"Limpar Data\" data-clear role=\"button\" tabindex=\"0\" class=\"wpforms-datepicker-clear\" aria-label=\"Limpar Data\" style=\"display:none;\"><\/a><\/div><\/div><div id=\"wpforms-2295-field_19-container\" class=\"wpforms-field wpforms-field-phone wpforms-one-half wpforms-first\" data-field-id=\"19\"><label class=\"wpforms-field-label\" for=\"wpforms-2295-field_19\">N\u00famero de telefone dos mutu\u00e1rios: <span class=\"wpforms-required-label\">*<\/span><\/label><input type=\"tel\" id=\"wpforms-2295-field_19\" class=\"wpforms-field-large wpforms-field-required wpforms-smart-phone-field\" data-rule-smart-phone-field=\"true\" name=\"wpforms[fields][19]\" aria-label=\"N\u00famero de telefone dos mutu\u00e1rios:\" required><\/div><div id=\"wpforms-2295-field_20-container\" class=\"wpforms-field wpforms-field-text wpforms-one-half\" data-field-id=\"20\"><label class=\"wpforms-field-label\" for=\"wpforms-2295-field_20\">Endere\u00e7o de e-mail dos tomadores de empr\u00e9stimo: <span class=\"wpforms-required-label\">*<\/span><\/label><input type=\"text\" id=\"wpforms-2295-field_20\" class=\"wpforms-field-large wpforms-field-required\" name=\"wpforms[fields][20]\" required><\/div><div id=\"wpforms-2295-field_23-container\" class=\"wpforms-field wpforms-field-pagebreak\" data-field-id=\"23\"><div class=\"wpforms-clear wpforms-pagebreak-left\"><\/div><\/div><\/div><\/div><!-- .wpforms-field-container --><div class=\"wpforms-recaptcha-container wpforms-is-recaptcha wpforms-is-recaptcha-type-v3\" style=\"display:none;\"><input type=\"hidden\" name=\"wpforms[recaptcha]\" value=\"\"><\/div><div class=\"wpforms-submit-container\" style=\"display:none;\"><input type=\"hidden\" name=\"wpforms[id]\" value=\"2295\"><input type=\"hidden\" name=\"page_title\" value=\"\"><input type=\"hidden\" name=\"page_url\" value=\"https:\/\/heideinternational.com\/pt\/wp-json\/wp\/v2\/pages\/2324\"><input type=\"hidden\" name=\"url_referer\" value=\"\"><button type=\"submit\" name=\"wpforms[submit]\" id=\"wpforms-submit-2295\" class=\"wpforms-submit\" data-alt-text=\"Sending...\" data-submit-text=\"Submit\" aria-live=\"assertive\" value=\"wpforms-submit\">Enviar para<\/button><img decoding=\"async\" src=\"https:\/\/heideinternational.com\/wp-content\/plugins\/wpforms\/assets\/images\/submit-spin.svg\" class=\"wpforms-submit-spinner\" style=\"display: none;\" width=\"26\" height=\"26\" alt=\"Carregando\"><\/div><input type=\"hidden\" name=\"trp-form-language\" value=\"pt\"\/><\/form><\/div>  <!-- .wpforms-container -->\t\t\t\t<\/div>\n\t\t\t\t<\/div>\n\t\t\t\t\t<\/div>\n\t\t<\/div>\n\t\t\t\t\t<\/div>\n\t\t<\/section>\n\t\t\t\t<\/div>","protected":false},"excerpt":{"rendered":"","protected":false},"author":4,"featured_media":0,"parent":0,"menu_order":0,"comment_status":"closed","ping_status":"closed","template":"elementor_header_footer","meta":{"footnotes":""},"class_list":["post-2324","page","type-page","status-publish","hentry"],"yoast_head":"<!-- This site is optimized with the Yoast SEO plugin v26.8 - https:\/\/yoast.com\/product\/yoast-seo-wordpress\/ -->\n<title>Credit Form - Heide International LLC<\/title>\n<meta name=\"description\" content=\"This information is to be used by the agency collecting it or its assignees in determining whether you qualify as a prospective mortgagor under its program.\" \/>\n<meta name=\"robots\" content=\"index, follow, max-snippet:-1, max-image-preview:large, max-video-preview:-1\" \/>\n<link rel=\"canonical\" href=\"https:\/\/heideinternational.com\/pt\/formulario-de-credito-2\/\" \/>\n<meta property=\"og:locale\" content=\"pt_BR\" \/>\n<meta property=\"og:type\" content=\"article\" \/>\n<meta property=\"og:title\" content=\"Credit Form - Heide International LLC\" \/>\n<meta property=\"og:description\" content=\"This information is to be used by the agency collecting it or its assignees in determining whether you qualify as a prospective mortgagor under its program.\" \/>\n<meta property=\"og:url\" content=\"https:\/\/heideinternational.com\/pt\/formulario-de-credito-2\/\" \/>\n<meta property=\"og:site_name\" content=\"Heide International LLC\" \/>\n<meta property=\"article:modified_time\" content=\"2022-11-21T21:15:02+00:00\" \/>\n<meta name=\"twitter:card\" content=\"summary_large_image\" \/>\n<meta name=\"twitter:label1\" content=\"Est. tempo de leitura\" \/>\n\t<meta name=\"twitter:data1\" content=\"1 minuto\" \/>\n<script type=\"application\/ld+json\" class=\"yoast-schema-graph\">{\"@context\":\"https:\/\/schema.org\",\"@graph\":[{\"@type\":\"WebPage\",\"@id\":\"https:\/\/heideinternational.com\/credit-form\/\",\"url\":\"https:\/\/heideinternational.com\/credit-form\/\",\"name\":\"Credit Form - Heide International LLC\",\"isPartOf\":{\"@id\":\"https:\/\/heideinternational.com\/#website\"},\"datePublished\":\"2022-08-12T07:25:37+00:00\",\"dateModified\":\"2022-11-21T21:15:02+00:00\",\"description\":\"This information is to be used by the agency collecting it or its assignees in determining whether you qualify as a prospective mortgagor under its program.\",\"breadcrumb\":{\"@id\":\"https:\/\/heideinternational.com\/credit-form\/#breadcrumb\"},\"inLanguage\":\"pt-BR\",\"potentialAction\":[{\"@type\":\"ReadAction\",\"target\":[\"https:\/\/heideinternational.com\/credit-form\/\"]}]},{\"@type\":\"BreadcrumbList\",\"@id\":\"https:\/\/heideinternational.com\/credit-form\/#breadcrumb\",\"itemListElement\":[{\"@type\":\"ListItem\",\"position\":1,\"name\":\"Home\",\"item\":\"https:\/\/heideinternational.com\/\"},{\"@type\":\"ListItem\",\"position\":2,\"name\":\"Credit Form\"}]},{\"@type\":\"WebSite\",\"@id\":\"https:\/\/heideinternational.com\/#website\",\"url\":\"https:\/\/heideinternational.com\/\",\"name\":\"Heide International LLC\",\"description\":\"Heide International LLC\",\"potentialAction\":[{\"@type\":\"SearchAction\",\"target\":{\"@type\":\"EntryPoint\",\"urlTemplate\":\"https:\/\/heideinternational.com\/?s={search_term_string}\"},\"query-input\":{\"@type\":\"PropertyValueSpecification\",\"valueRequired\":true,\"valueName\":\"search_term_string\"}}],\"inLanguage\":\"pt-BR\"}]}<\/script>\n<!-- \/ Yoast SEO plugin. -->","yoast_head_json":{"title":"Formul\u00e1rio de cr\u00e9dito - Heide International LLC","description":"Estas informa\u00e7\u00f5es devem ser utilizadas pela ag\u00eancia que as coleta ou seus cession\u00e1rios para determinar se voc\u00ea se qualifica como um poss\u00edvel credor hipotec\u00e1rio no \u00e2mbito de seu programa.","robots":{"index":"index","follow":"follow","max-snippet":"max-snippet:-1","max-image-preview":"max-image-preview:large","max-video-preview":"max-video-preview:-1"},"canonical":"https:\/\/heideinternational.com\/pt\/formulario-de-credito-2\/","og_locale":"pt_BR","og_type":"article","og_title":"Credit Form - Heide International LLC","og_description":"This information is to be used by the agency collecting it or its assignees in determining whether you qualify as a prospective mortgagor under its program.","og_url":"https:\/\/heideinternational.com\/pt\/formulario-de-credito-2\/","og_site_name":"Heide International LLC","article_modified_time":"2022-11-21T21:15:02+00:00","twitter_card":"summary_large_image","twitter_misc":{"Est. tempo de leitura":"1 minuto"},"schema":{"@context":"https:\/\/schema.org","@graph":[{"@type":"WebPage","@id":"https:\/\/heideinternational.com\/credit-form\/","url":"https:\/\/heideinternational.com\/credit-form\/","name":"Formul\u00e1rio de cr\u00e9dito - Heide International LLC","isPartOf":{"@id":"https:\/\/heideinternational.com\/#website"},"datePublished":"2022-08-12T07:25:37+00:00","dateModified":"2022-11-21T21:15:02+00:00","description":"Estas informa\u00e7\u00f5es devem ser utilizadas pela ag\u00eancia que as coleta ou seus cession\u00e1rios para determinar se voc\u00ea se qualifica como um poss\u00edvel credor hipotec\u00e1rio no \u00e2mbito de seu programa.","breadcrumb":{"@id":"https:\/\/heideinternational.com\/credit-form\/#breadcrumb"},"inLanguage":"pt-BR","potentialAction":[{"@type":"ReadAction","target":["https:\/\/heideinternational.com\/credit-form\/"]}]},{"@type":"BreadcrumbList","@id":"https:\/\/heideinternational.com\/credit-form\/#breadcrumb","itemListElement":[{"@type":"ListItem","position":1,"name":"Home","item":"https:\/\/heideinternational.com\/"},{"@type":"ListItem","position":2,"name":"Credit Form"}]},{"@type":"WebSite","@id":"https:\/\/heideinternational.com\/#website","url":"https:\/\/heideinternational.com\/","name":"Heide International LLC","description":"Heide International LLC","potentialAction":[{"@type":"SearchAction","target":{"@type":"EntryPoint","urlTemplate":"https:\/\/heideinternational.com\/?s={search_term_string}"},"query-input":{"@type":"PropertyValueSpecification","valueRequired":true,"valueName":"search_term_string"}}],"inLanguage":"pt-BR"}]}},"_links":{"self":[{"href":"https:\/\/heideinternational.com\/pt\/wp-json\/wp\/v2\/pages\/2324","targetHints":{"allow":["GET"]}}],"collection":[{"href":"https:\/\/heideinternational.com\/pt\/wp-json\/wp\/v2\/pages"}],"about":[{"href":"https:\/\/heideinternational.com\/pt\/wp-json\/wp\/v2\/types\/page"}],"author":[{"embeddable":true,"href":"https:\/\/heideinternational.com\/pt\/wp-json\/wp\/v2\/users\/4"}],"replies":[{"embeddable":true,"href":"https:\/\/heideinternational.com\/pt\/wp-json\/wp\/v2\/comments?post=2324"}],"version-history":[{"count":0,"href":"https:\/\/heideinternational.com\/pt\/wp-json\/wp\/v2\/pages\/2324\/revisions"}],"wp:attachment":[{"href":"https:\/\/heideinternational.com\/pt\/wp-json\/wp\/v2\/media?parent=2324"}],"curies":[{"name":"wp","href":"https:\/\/api.w.org\/{rel}","templated":true}]}}