{"id":1860,"date":"2021-07-25T06:49:07","date_gmt":"2021-07-25T06:49:07","guid":{"rendered":"https:\/\/heideinternati.wpengine.com\/?page_id=1860"},"modified":"2022-11-23T10:23:15","modified_gmt":"2022-11-23T10:23:15","slug":"acessibilidade-estatuto-2","status":"publish","type":"page","link":"https:\/\/heideinternational.com\/pt\/acessibilidade-estatuto-2\/","title":{"rendered":"Declara\u00e7\u00e3o de Acessibilidade"},"content":{"rendered":"<div data-elementor-type=\"wp-page\" data-elementor-id=\"1860\" class=\"elementor elementor-1860\" data-elementor-post-type=\"page\">\n\t\t\t\t\t\t<section class=\"elementor-section elementor-top-section elementor-element elementor-element-69ebbbf elementor-section-boxed elementor-section-height-default elementor-section-height-default\" data-id=\"69ebbbf\" data-element_type=\"section\" data-settings=\"{&quot;background_background&quot;:&quot;classic&quot;}\">\n\t\t\t\t\t\t<div class=\"elementor-container elementor-column-gap-default\">\n\t\t\t\t\t<div class=\"elementor-column elementor-col-100 elementor-top-column elementor-element elementor-element-4cc78e3\" data-id=\"4cc78e3\" data-element_type=\"column\">\n\t\t\t<div class=\"elementor-widget-wrap elementor-element-populated\">\n\t\t\t\t\t\t<div class=\"elementor-element elementor-element-7a01cab elementor-widget elementor-widget-heading\" data-id=\"7a01cab\" data-element_type=\"widget\" data-widget_type=\"heading.default\">\n\t\t\t\t<div class=\"elementor-widget-container\">\n\t\t\t\t\t<h1 class=\"elementor-heading-title elementor-size-default\">Declara\u00e7\u00e3o de Acessibilidade\n<\/h1>\t\t\t\t<\/div>\n\t\t\t\t<\/div>\n\t\t\t\t\t<\/div>\n\t\t<\/div>\n\t\t\t\t\t<\/div>\n\t\t<\/section>\n\t\t\t\t<section class=\"elementor-section elementor-top-section elementor-element elementor-element-6f73ee9 elementor-section-boxed elementor-section-height-default elementor-section-height-default\" data-id=\"6f73ee9\" data-element_type=\"section\">\n\t\t\t\t\t\t<div class=\"elementor-container elementor-column-gap-default\">\n\t\t\t\t\t<div class=\"elementor-column elementor-col-100 elementor-top-column elementor-element elementor-element-102d0fb\" data-id=\"102d0fb\" data-element_type=\"column\">\n\t\t\t<div class=\"elementor-widget-wrap elementor-element-populated\">\n\t\t\t\t\t\t<div class=\"elementor-element elementor-element-b5431d6 elementor-widget elementor-widget-heading\" data-id=\"b5431d6\" data-element_type=\"widget\" data-widget_type=\"heading.default\">\n\t\t\t\t<div class=\"elementor-widget-container\">\n\t\t\t\t\t<h2 class=\"elementor-heading-title elementor-size-default\">Declara\u00e7\u00e3o de Acessibilidade do Website da Heide International\n\n<\/h2>\t\t\t\t<\/div>\n\t\t\t\t<\/div>\n\t\t\t\t<div class=\"elementor-element elementor-element-2bb9cd0 elementor-widget elementor-widget-text-editor\" data-id=\"2bb9cd0\" data-element_type=\"widget\" data-widget_type=\"text-editor.default\">\n\t\t\t\t<div class=\"elementor-widget-container\">\n\t\t\t\t\t\t\t\t\t<p>Atualizado: Outubro de 2020.<\/p>\t\t\t\t\t\t\t\t<\/div>\n\t\t\t\t<\/div>\n\t\t\t\t<div class=\"elementor-element elementor-element-7f51eca elementor-widget elementor-widget-text-editor\" data-id=\"7f51eca\" data-element_type=\"widget\" data-widget_type=\"text-editor.default\">\n\t\t\t\t<div class=\"elementor-widget-container\">\n\t\t\t\t\t\t\t\t\t<p><strong>Geral<\/strong><\/p>\t\t\t\t\t\t\t\t<\/div>\n\t\t\t\t<\/div>\n\t\t\t\t<div class=\"elementor-element elementor-element-79b8ff6 elementor-widget elementor-widget-text-editor\" data-id=\"79b8ff6\" data-element_type=\"widget\" data-widget_type=\"text-editor.default\">\n\t\t\t\t<div class=\"elementor-widget-container\">\n\t\t\t\t\t\t\t\t\t\nEsfor\u00e7os indefinidos para garantir que seus servi\u00e7os sejam acess\u00edveis \u00e0s pessoas com defici\u00eancias. Undefined investiu uma quantidade significativa de recursos para ajudar a garantir que seu website seja mais f\u00e1cil de usar e mais acess\u00edvel \u00e0s pessoas com defici\u00eancia, com a forte convic\u00e7\u00e3o de que cada pessoa tem o direito de viver com dignidade, igualdade, conforto e independ\u00eancia.\t\t\t\t\t\t\t\t<\/div>\n\t\t\t\t<\/div>\n\t\t\t\t<div class=\"elementor-element elementor-element-d9f6782 elementor-widget elementor-widget-text-editor\" data-id=\"d9f6782\" data-element_type=\"widget\" data-widget_type=\"text-editor.default\">\n\t\t\t\t<div class=\"elementor-widget-container\">\n\t\t\t\t\t\t\t\t\t<p>Acessibilidade em <strong>heideinternational.com<\/strong><\/p>\t\t\t\t\t\t\t\t<\/div>\n\t\t\t\t<\/div>\n\t\t\t\t<div class=\"elementor-element elementor-element-8df2fc2 elementor-widget elementor-widget-text-editor\" data-id=\"8df2fc2\" data-element_type=\"widget\" data-widget_type=\"text-editor.default\">\n\t\t\t\t<div class=\"elementor-widget-container\">\n\t\t\t\t\t\t\t\t\t<p>A Heideinternational.com disponibiliza o AccessiBe Website Accessibility Widget que \u00e9 alimentado por um servidor de acessibilidade dedicado. O software permite que a Heideinternational.com melhore sua conformidade com as Diretrizes de Acessibilidade de Conte\u00fado Web (WCAG 2.1).<\/p>\t\t\t\t\t\t\t\t<\/div>\n\t\t\t\t<\/div>\n\t\t\t\t<div class=\"elementor-element elementor-element-58984ea elementor-widget elementor-widget-text-editor\" data-id=\"58984ea\" data-element_type=\"widget\" data-widget_type=\"text-editor.default\">\n\t\t\t\t<div class=\"elementor-widget-container\">\n\t\t\t\t\t\t\t\t\t<p><strong>Habilitando o Menu de Acessibilidade<\/strong><\/p>\t\t\t\t\t\t\t\t<\/div>\n\t\t\t\t<\/div>\n\t\t\t\t<div class=\"elementor-element elementor-element-f353cc0 elementor-widget elementor-widget-text-editor\" data-id=\"f353cc0\" data-element_type=\"widget\" data-widget_type=\"text-editor.default\">\n\t\t\t\t<div class=\"elementor-widget-container\">\n\t\t\t\t\t\t\t\t\t<p>O menu de acessibilidade da Heideinternational.com pode ser habilitado pressionando a tecla Tab quando a p\u00e1gina \u00e9 carregada pela primeira vez ou clicando no \u00edcone do menu de acessibilidade que aparece no canto da p\u00e1gina. Ap\u00f3s acionar o menu de acessibilidade, aguarde um momento para que o menu de acessibilidade seja carregado em sua totalidade.<\/p>\t\t\t\t\t\t\t\t<\/div>\n\t\t\t\t<\/div>\n\t\t\t\t<div class=\"elementor-element elementor-element-6a9dfb6 elementor-widget elementor-widget-text-editor\" data-id=\"6a9dfb6\" data-element_type=\"widget\" data-widget_type=\"text-editor.default\">\n\t\t\t\t<div class=\"elementor-widget-container\">\n\t\t\t\t\t\t\t\t\t<strong>Isen\u00e7\u00e3o de responsabilidade<\/strong>\t\t\t\t\t\t\t\t<\/div>\n\t\t\t\t<\/div>\n\t\t\t\t<div class=\"elementor-element elementor-element-5843f6a elementor-widget elementor-widget-text-editor\" data-id=\"5843f6a\" data-element_type=\"widget\" data-widget_type=\"text-editor.default\">\n\t\t\t\t<div class=\"elementor-widget-container\">\n\t\t\t\t\t\t\t\t\t<p>Indefinido continua seus esfor\u00e7os para melhorar constantemente a acessibilidade de seu site e servi\u00e7os na cren\u00e7a de que \u00e9 nossa obriga\u00e7\u00e3o moral coletiva permitir o uso sem problemas, acess\u00edvel e sem obst\u00e1culos para aqueles com defici\u00eancias.<\/p>\t\t\t\t\t\t\t\t<\/div>\n\t\t\t\t<\/div>\n\t\t\t\t<div class=\"elementor-element elementor-element-2404126 elementor-widget elementor-widget-text-editor\" data-id=\"2404126\" data-element_type=\"widget\" data-widget_type=\"text-editor.default\">\n\t\t\t\t<div class=\"elementor-widget-container\">\n\t\t\t\t\t\t\t\t\t<p>Em um esfor\u00e7o cont\u00ednuo para melhorar e remediar continuamente as quest\u00f5es de acessibilidade, n\u00f3s tamb\u00e9m escaneamos regularmente o Heideinternational.com com o AccessiBe's Website Accessibility Scanner para identificar e corrigir todas as poss\u00edveis barreiras de acessibilidade em nosso site.<br \/>Apesar de nossos esfor\u00e7os para tornar todas as p\u00e1ginas e conte\u00fados no Heideinternational.com totalmente acess\u00edveis, alguns conte\u00fados podem ainda n\u00e3o ter sido totalmente adaptados aos mais rigorosos padr\u00f5es de acessibilidade. Isto pode ser o resultado de n\u00e3o termos encontrado ou identificado a solu\u00e7\u00e3o tecnol\u00f3gica mais apropriada.<\/p>\t\t\t\t\t\t\t\t<\/div>\n\t\t\t\t<\/div>\n\t\t\t\t<div class=\"elementor-element elementor-element-b5f5414 elementor-widget elementor-widget-text-editor\" data-id=\"b5f5414\" data-element_type=\"widget\" data-widget_type=\"text-editor.default\">\n\t\t\t\t<div class=\"elementor-widget-container\">\n\t\t\t\t\t\t\t\t\t<strong>Aqui para voc\u00ea<\/strong>\t\t\t\t\t\t\t\t<\/div>\n\t\t\t\t<\/div>\n\t\t\t\t<div class=\"elementor-element elementor-element-bd1eb93 elementor-widget elementor-widget-text-editor\" data-id=\"bd1eb93\" data-element_type=\"widget\" data-widget_type=\"text-editor.default\">\n\t\t\t\t<div class=\"elementor-widget-container\">\n\t\t\t\t\t\t\t\t\t<p>Se voc\u00ea estiver enfrentando dificuldades com qualquer conte\u00fado no Heideinternational.com ou precisar de assist\u00eancia com qualquer parte de nosso site, entre em contato conosco durante o hor\u00e1rio comercial normal, conforme detalhado abaixo, e teremos prazer em ajudar.<\/p>\t\t\t\t\t\t\t\t<\/div>\n\t\t\t\t<\/div>\n\t\t\t\t<div class=\"elementor-element elementor-element-ad22b3d elementor-widget elementor-widget-text-editor\" data-id=\"ad22b3d\" data-element_type=\"widget\" data-widget_type=\"text-editor.default\">\n\t\t\t\t<div class=\"elementor-widget-container\">\n\t\t\t\t\t\t\t\t\t<p><strong>Contate-nos<\/strong><\/p>\t\t\t\t\t\t\t\t<\/div>\n\t\t\t\t<\/div>\n\t\t\t\t<div class=\"elementor-element elementor-element-c5319ee elementor-widget elementor-widget-text-editor\" data-id=\"c5319ee\" data-element_type=\"widget\" data-widget_type=\"text-editor.default\">\n\t\t\t\t<div class=\"elementor-widget-container\">\n\t\t\t\t\t\t\t\t\t<p>Se voc\u00ea desejar relatar um problema de acessibilidade, tiver alguma d\u00favida ou precisar de assist\u00eancia, favor entrar em contato com o Suporte ao Cliente da seguinte forma:<\/p>\t\t\t\t\t\t\t\t<\/div>\n\t\t\t\t<\/div>\n\t\t\t\t<div class=\"elementor-element elementor-element-690d2f1 elementor-widget elementor-widget-text-editor\" data-id=\"690d2f1\" data-element_type=\"widget\" data-widget_type=\"text-editor.default\">\n\t\t\t\t<div class=\"elementor-widget-container\">\n\t\t\t\t\t\t\t\t\t<p>Email: <strong><a href=\"mailto:kheide@heideinternational.com\">kheide@heideinternational.com<\/a><\/strong><br \/>Telefone: <strong><a href=\"tel: 561-213-4093\">561-213-4093<\/a><\/strong><\/p>\t\t\t\t\t\t\t\t<\/div>\n\t\t\t\t<\/div>\n\t\t\t\t\t<\/div>\n\t\t<\/div>\n\t\t\t\t\t<\/div>\n\t\t<\/section>\n\t\t\t\t<\/div>","protected":false},"excerpt":{"rendered":"<p>Declara\u00e7\u00e3o de Acessibilidade Declara\u00e7\u00e3o de Acessibilidade do site Heide International Declara\u00e7\u00e3o de Acessibilidade Atualizada: Outubro de 2020. General Undefined esfor\u00e7a-se para garantir que seus servi\u00e7os sejam acess\u00edveis a pessoas com defici\u00eancias. A Undefined investiu uma quantidade significativa de recursos para ajudar a garantir que seu website seja mais f\u00e1cil de usar e mais acess\u00edvel \u00e0s pessoas com defici\u00eancias, com a forte convic\u00e7\u00e3o de que [...]<\/p>","protected":false},"author":1,"featured_media":0,"parent":0,"menu_order":0,"comment_status":"closed","ping_status":"closed","template":"elementor_header_footer","meta":{"footnotes":""},"class_list":["post-1860","page","type-page","status-publish","hentry"],"yoast_head":"<!-- This site is optimized with the Yoast SEO plugin v26.8 - https:\/\/yoast.com\/product\/yoast-seo-wordpress\/ -->\n<title>Accessibility Statement - Heide International LLC<\/title>\n<meta name=\"description\" content=\"Heide International has invested significant resources to help ensure that our website is made easier to use for people with disabilities\" \/>\n<meta name=\"robots\" content=\"index, follow, max-snippet:-1, max-image-preview:large, max-video-preview:-1\" \/>\n<link rel=\"canonical\" href=\"https:\/\/heideinternational.com\/pt\/acessibilidade-estatuto-2\/\" \/>\n<meta property=\"og:locale\" content=\"pt_BR\" \/>\n<meta property=\"og:type\" content=\"article\" \/>\n<meta property=\"og:title\" content=\"Accessibility Statement - Heide International LLC\" \/>\n<meta property=\"og:description\" content=\"Heide International has invested significant resources to help ensure that our website is made easier to use for people with disabilities\" \/>\n<meta property=\"og:url\" content=\"https:\/\/heideinternational.com\/pt\/acessibilidade-estatuto-2\/\" \/>\n<meta property=\"og:site_name\" content=\"Heide International LLC\" \/>\n<meta property=\"article:modified_time\" content=\"2022-11-23T10:23:15+00:00\" \/>\n<meta name=\"twitter:card\" content=\"summary_large_image\" \/>\n<meta name=\"twitter:label1\" content=\"Est. tempo de leitura\" \/>\n\t<meta name=\"twitter:data1\" content=\"2 minutos\" \/>\n<script type=\"application\/ld+json\" class=\"yoast-schema-graph\">{\"@context\":\"https:\/\/schema.org\",\"@graph\":[{\"@type\":\"WebPage\",\"@id\":\"https:\/\/heideinternational.com\/accessibility-statement\/\",\"url\":\"https:\/\/heideinternational.com\/accessibility-statement\/\",\"name\":\"Accessibility Statement - Heide International LLC\",\"isPartOf\":{\"@id\":\"https:\/\/heideinternational.com\/#website\"},\"datePublished\":\"2021-07-25T06:49:07+00:00\",\"dateModified\":\"2022-11-23T10:23:15+00:00\",\"description\":\"Heide International has invested significant resources to help ensure that our website is made easier to use for people with disabilities\",\"breadcrumb\":{\"@id\":\"https:\/\/heideinternational.com\/accessibility-statement\/#breadcrumb\"},\"inLanguage\":\"pt-BR\",\"potentialAction\":[{\"@type\":\"ReadAction\",\"target\":[\"https:\/\/heideinternational.com\/accessibility-statement\/\"]}]},{\"@type\":\"BreadcrumbList\",\"@id\":\"https:\/\/heideinternational.com\/accessibility-statement\/#breadcrumb\",\"itemListElement\":[{\"@type\":\"ListItem\",\"position\":1,\"name\":\"Home\",\"item\":\"https:\/\/heideinternational.com\/\"},{\"@type\":\"ListItem\",\"position\":2,\"name\":\"Accessibility Statement\"}]},{\"@type\":\"WebSite\",\"@id\":\"https:\/\/heideinternational.com\/#website\",\"url\":\"https:\/\/heideinternational.com\/\",\"name\":\"Heide International LLC\",\"description\":\"Heide International LLC\",\"potentialAction\":[{\"@type\":\"SearchAction\",\"target\":{\"@type\":\"EntryPoint\",\"urlTemplate\":\"https:\/\/heideinternational.com\/?s={search_term_string}\"},\"query-input\":{\"@type\":\"PropertyValueSpecification\",\"valueRequired\":true,\"valueName\":\"search_term_string\"}}],\"inLanguage\":\"pt-BR\"}]}<\/script>\n<!-- \/ Yoast SEO plugin. -->","yoast_head_json":{"title":"Declara\u00e7\u00e3o de Acessibilidade - Heide International LLC","description":"A Heide International investiu recursos significativos para ajudar a garantir que nosso website seja mais f\u00e1cil de usar para pessoas com defici\u00eancias","robots":{"index":"index","follow":"follow","max-snippet":"max-snippet:-1","max-image-preview":"max-image-preview:large","max-video-preview":"max-video-preview:-1"},"canonical":"https:\/\/heideinternational.com\/pt\/acessibilidade-estatuto-2\/","og_locale":"pt_BR","og_type":"article","og_title":"Accessibility Statement - Heide International LLC","og_description":"Heide International has invested significant resources to help ensure that our website is made easier to use for people with disabilities","og_url":"https:\/\/heideinternational.com\/pt\/acessibilidade-estatuto-2\/","og_site_name":"Heide International LLC","article_modified_time":"2022-11-23T10:23:15+00:00","twitter_card":"summary_large_image","twitter_misc":{"Est. tempo de leitura":"2 minutos"},"schema":{"@context":"https:\/\/schema.org","@graph":[{"@type":"WebPage","@id":"https:\/\/heideinternational.com\/accessibility-statement\/","url":"https:\/\/heideinternational.com\/accessibility-statement\/","name":"Declara\u00e7\u00e3o de Acessibilidade - Heide International LLC","isPartOf":{"@id":"https:\/\/heideinternational.com\/#website"},"datePublished":"2021-07-25T06:49:07+00:00","dateModified":"2022-11-23T10:23:15+00:00","description":"A Heide International investiu recursos significativos para ajudar a garantir que nosso website seja mais f\u00e1cil de usar para pessoas com defici\u00eancias","breadcrumb":{"@id":"https:\/\/heideinternational.com\/accessibility-statement\/#breadcrumb"},"inLanguage":"pt-BR","potentialAction":[{"@type":"ReadAction","target":["https:\/\/heideinternational.com\/accessibility-statement\/"]}]},{"@type":"BreadcrumbList","@id":"https:\/\/heideinternational.com\/accessibility-statement\/#breadcrumb","itemListElement":[{"@type":"ListItem","position":1,"name":"Home","item":"https:\/\/heideinternational.com\/"},{"@type":"ListItem","position":2,"name":"Accessibility Statement"}]},{"@type":"WebSite","@id":"https:\/\/heideinternational.com\/#website","url":"https:\/\/heideinternational.com\/","name":"Heide International LLC","description":"Heide International LLC","potentialAction":[{"@type":"SearchAction","target":{"@type":"EntryPoint","urlTemplate":"https:\/\/heideinternational.com\/?s={search_term_string}"},"query-input":{"@type":"PropertyValueSpecification","valueRequired":true,"valueName":"search_term_string"}}],"inLanguage":"pt-BR"}]}},"_links":{"self":[{"href":"https:\/\/heideinternational.com\/pt\/wp-json\/wp\/v2\/pages\/1860","targetHints":{"allow":["GET"]}}],"collection":[{"href":"https:\/\/heideinternational.com\/pt\/wp-json\/wp\/v2\/pages"}],"about":[{"href":"https:\/\/heideinternational.com\/pt\/wp-json\/wp\/v2\/types\/page"}],"author":[{"embeddable":true,"href":"https:\/\/heideinternational.com\/pt\/wp-json\/wp\/v2\/users\/1"}],"replies":[{"embeddable":true,"href":"https:\/\/heideinternational.com\/pt\/wp-json\/wp\/v2\/comments?post=1860"}],"version-history":[{"count":0,"href":"https:\/\/heideinternational.com\/pt\/wp-json\/wp\/v2\/pages\/1860\/revisions"}],"wp:attachment":[{"href":"https:\/\/heideinternational.com\/pt\/wp-json\/wp\/v2\/media?parent=1860"}],"curies":[{"name":"wp","href":"https:\/\/api.w.org\/{rel}","templated":true}]}}