{"id":1032,"date":"2021-07-16T10:52:36","date_gmt":"2021-07-16T10:52:36","guid":{"rendered":"https:\/\/heideinternati.wpengine.com\/?page_id=1032"},"modified":"2023-04-26T18:48:02","modified_gmt":"2023-04-26T18:48:02","slug":"falencias-foreclosures-divorce-2","status":"publish","type":"page","link":"https:\/\/heideinternational.com\/pt\/falencias-foreclosures-divorce-2\/","title":{"rendered":"Fal\u00eancias, Execu\u00e7\u00f5es, Div\u00f3rcio"},"content":{"rendered":"<div data-elementor-type=\"wp-page\" data-elementor-id=\"1032\" class=\"elementor elementor-1032\" data-elementor-post-type=\"page\">\n\t\t\t\t\t\t<section class=\"elementor-section elementor-top-section elementor-element elementor-element-8faa9e9 elementor-section-boxed elementor-section-height-default elementor-section-height-default\" data-id=\"8faa9e9\" data-element_type=\"section\" data-settings=\"{&quot;background_background&quot;:&quot;classic&quot;}\">\n\t\t\t\t\t\t<div class=\"elementor-container elementor-column-gap-default\">\n\t\t\t\t\t<div class=\"elementor-column elementor-col-100 elementor-top-column elementor-element elementor-element-8ea94e4\" data-id=\"8ea94e4\" data-element_type=\"column\">\n\t\t\t<div class=\"elementor-widget-wrap elementor-element-populated\">\n\t\t\t\t\t\t<div class=\"elementor-element elementor-element-0788fe0 elementor-widget elementor-widget-heading\" data-id=\"0788fe0\" data-element_type=\"widget\" data-widget_type=\"heading.default\">\n\t\t\t\t<div class=\"elementor-widget-container\">\n\t\t\t\t\t<h1 class=\"elementor-heading-title elementor-size-default\">Fal\u00eancias, Execu\u00e7\u00f5es, Div\u00f3rcio\n<\/h1>\t\t\t\t<\/div>\n\t\t\t\t<\/div>\n\t\t\t\t<div class=\"elementor-element elementor-element-e7fb6ef elementor-align-center elementor-widget elementor-widget-button\" data-id=\"e7fb6ef\" data-element_type=\"widget\" data-widget_type=\"button.default\">\n\t\t\t\t<div class=\"elementor-widget-container\">\n\t\t\t\t\t\t\t\t\t<div class=\"elementor-button-wrapper\">\n\t\t\t\t\t<a class=\"elementor-button elementor-button-link elementor-size-sm\" href=\"\/pt\/falencias-foreclosures-divorce-4\/\">\n\t\t\t\t\t\t<span class=\"elementor-button-content-wrapper\">\n\t\t\t\t\t\t\t\t\t<span class=\"elementor-button-text\">Clique aqui para assistir a nossos v\u00eddeos<\/span>\n\t\t\t\t\t<\/span>\n\t\t\t\t\t<\/a>\n\t\t\t\t<\/div>\n\t\t\t\t\t\t\t\t<\/div>\n\t\t\t\t<\/div>\n\t\t\t\t\t<\/div>\n\t\t<\/div>\n\t\t\t\t\t<\/div>\n\t\t<\/section>\n\t\t\t\t<section class=\"elementor-section elementor-top-section elementor-element elementor-element-05f0f5b elementor-section-boxed elementor-section-height-default elementor-section-height-default\" data-id=\"05f0f5b\" data-element_type=\"section\">\n\t\t\t\t\t\t<div class=\"elementor-container elementor-column-gap-default\">\n\t\t\t\t\t<div class=\"elementor-column elementor-col-50 elementor-top-column elementor-element elementor-element-392c6f2\" data-id=\"392c6f2\" data-element_type=\"column\">\n\t\t\t<div class=\"elementor-widget-wrap elementor-element-populated\">\n\t\t\t\t\t\t<div class=\"elementor-element elementor-element-f70654e elementor-widget elementor-widget-heading\" data-id=\"f70654e\" data-element_type=\"widget\" data-widget_type=\"heading.default\">\n\t\t\t\t<div class=\"elementor-widget-container\">\n\t\t\t\t\t<h2 class=\"elementor-heading-title elementor-size-default\">Per\u00edodos de espera para <br>Bankrupts &amp; Foreclosures<\/h2>\t\t\t\t<\/div>\n\t\t\t\t<\/div>\n\t\t\t\t<div class=\"elementor-element elementor-element-65fa554 elementor-widget elementor-widget-text-editor\" data-id=\"65fa554\" data-element_type=\"widget\" data-widget_type=\"text-editor.default\">\n\t\t\t\t<div class=\"elementor-widget-container\">\n\t\t\t\t\t\t\t\t\t<p>H\u00e1 um equ\u00edvoco comum; que ap\u00f3s uma venda curta, fal\u00eancia ou execu\u00e7\u00e3o hipotec\u00e1ria, voc\u00ea ter\u00e1 que esperar 7 anos antes de conseguir uma nova hipoteca.<\/p><p>Aqui est\u00e3o algumas boas not\u00edcias a respeito dos per\u00edodos de espera.<\/p><p>A FHA N\u00c3O tem per\u00edodo de espera em uma venda curta, se voc\u00ea estiver atual no momento da venda, e no prazo nos \u00faltimos 12 meses.  Se voc\u00ea estava em falta no momento da venda a curto prazo, a FHA o far\u00e1 esperar 3 anos. O per\u00edodo de espera mais curto para Fal\u00eancia est\u00e1 no cap\u00edtulo 13. Onde a FHA e a VA t\u00eam apenas 1 ano de espera! Eles exigir\u00e3o 2 anos para o cap\u00edtulo 7 ou 11.<\/p><p>Fannie Mae e Freddie Mac s\u00e3o mais conservadores e ou exigir\u00e3o mais dinheiro ou o far\u00e3o esperar at\u00e9 7 anos, embora com circunst\u00e2ncias extenuantes espec\u00edficas, eles tamb\u00e9m encurtar\u00e3o os per\u00edodos de espera para 2 anos. Todas as ag\u00eancias t\u00eam regras extras para permitir circunst\u00e2ncias atenuantes. S0, se voc\u00ea planejou a execu\u00e7\u00e3o, as ag\u00eancias podem exigir que voc\u00ea espere 7 anos independentemente. MAS, se voc\u00ea tivesse uma doen\u00e7a grave, voc\u00ea poderia encurtar o per\u00edodo de espera para 1 ano H\u00e1 esperan\u00e7a no final do t\u00fanel e ela pode vir muito mais cedo do que voc\u00ea pensava.<\/p><p>Entretanto, as diretrizes mudam ou podem estar sujeitas a sobreposi\u00e7\u00f5es de emprestadores que acrescentam regras mais conservadoras ao que as ag\u00eancias permitir\u00e3o. Portanto, fa\u00e7a compras e visite os sites das ag\u00eancias no HUD.gov e VA.gov.<\/p>\t\t\t\t\t\t\t\t<\/div>\n\t\t\t\t<\/div>\n\t\t\t\t\t<\/div>\n\t\t<\/div>\n\t\t\t\t<div class=\"elementor-column elementor-col-50 elementor-top-column elementor-element elementor-element-ade456a\" data-id=\"ade456a\" data-element_type=\"column\">\n\t\t\t<div class=\"elementor-widget-wrap elementor-element-populated\">\n\t\t\t\t\t\t<div class=\"elementor-element elementor-element-de77719 elementor-widget elementor-widget-image\" data-id=\"de77719\" data-element_type=\"widget\" data-widget_type=\"image.default\">\n\t\t\t\t<div class=\"elementor-widget-container\">\n\t\t\t\t\t\t\t\t\t\t\t\t\t\t\t<img fetchpriority=\"high\" decoding=\"async\" width=\"800\" height=\"400\" src=\"https:\/\/heideinternational.com\/wp-content\/uploads\/2022\/08\/house-with-gavel-and-law-books-real-estate-law-a-2021-08-26-16-57-05-utc-1024x512.jpg\" class=\"attachment-large size-large wp-image-2473\" alt=\"\" srcset=\"https:\/\/heideinternational.com\/wp-content\/uploads\/2022\/08\/house-with-gavel-and-law-books-real-estate-law-a-2021-08-26-16-57-05-utc-1024x512.jpg 1024w, https:\/\/heideinternational.com\/wp-content\/uploads\/2022\/08\/house-with-gavel-and-law-books-real-estate-law-a-2021-08-26-16-57-05-utc-300x150.jpg 300w, https:\/\/heideinternational.com\/wp-content\/uploads\/2022\/08\/house-with-gavel-and-law-books-real-estate-law-a-2021-08-26-16-57-05-utc-768x384.jpg 768w, https:\/\/heideinternational.com\/wp-content\/uploads\/2022\/08\/house-with-gavel-and-law-books-real-estate-law-a-2021-08-26-16-57-05-utc-1536x768.jpg 1536w, https:\/\/heideinternational.com\/wp-content\/uploads\/2022\/08\/house-with-gavel-and-law-books-real-estate-law-a-2021-08-26-16-57-05-utc-2048x1024.jpg 2048w\" sizes=\"(max-width: 800px) 100vw, 800px\" \/>\t\t\t\t\t\t\t\t\t\t\t\t\t\t\t<\/div>\n\t\t\t\t<\/div>\n\t\t\t\t\t<\/div>\n\t\t<\/div>\n\t\t\t\t\t<\/div>\n\t\t<\/section>\n\t\t\t\t<section class=\"elementor-section elementor-top-section elementor-element elementor-element-5da0d10 elementor-section-boxed elementor-section-height-default elementor-section-height-default\" data-id=\"5da0d10\" data-element_type=\"section\" data-settings=\"{&quot;background_background&quot;:&quot;classic&quot;}\">\n\t\t\t\t\t\t<div class=\"elementor-container elementor-column-gap-default\">\n\t\t\t\t\t<div class=\"elementor-column elementor-col-100 elementor-top-column elementor-element elementor-element-e69acc3\" data-id=\"e69acc3\" data-element_type=\"column\">\n\t\t\t<div class=\"elementor-widget-wrap elementor-element-populated\">\n\t\t\t\t\t\t<section class=\"elementor-section elementor-inner-section elementor-element elementor-element-654755b elementor-section-boxed elementor-section-height-default elementor-section-height-default\" data-id=\"654755b\" data-element_type=\"section\">\n\t\t\t\t\t\t<div class=\"elementor-container elementor-column-gap-default\">\n\t\t\t\t\t<div class=\"elementor-column elementor-col-100 elementor-inner-column elementor-element elementor-element-72c1c5e\" data-id=\"72c1c5e\" data-element_type=\"column\">\n\t\t\t<div class=\"elementor-widget-wrap elementor-element-populated\">\n\t\t\t\t\t\t<div class=\"elementor-element elementor-element-f68b0bc elementor-widget elementor-widget-heading\" data-id=\"f68b0bc\" data-element_type=\"widget\" data-widget_type=\"heading.default\">\n\t\t\t\t<div class=\"elementor-widget-container\">\n\t\t\t\t\t<h2 class=\"elementor-heading-title elementor-size-default\">Depoimento\n<\/h2>\t\t\t\t<\/div>\n\t\t\t\t<\/div>\n\t\t\t\t<div class=\"elementor-element elementor-element-d16b6ea elementor-widget-divider--view-line elementor-widget elementor-widget-divider\" data-id=\"d16b6ea\" data-element_type=\"widget\" data-widget_type=\"divider.default\">\n\t\t\t\t<div class=\"elementor-widget-container\">\n\t\t\t\t\t\t\t<div class=\"elementor-divider\">\n\t\t\t<span class=\"elementor-divider-separator\">\n\t\t\t\t\t\t<\/span>\n\t\t<\/div>\n\t\t\t\t\t\t<\/div>\n\t\t\t\t<\/div>\n\t\t\t\t\t<\/div>\n\t\t<\/div>\n\t\t\t\t\t<\/div>\n\t\t<\/section>\n\t\t\t\t<section class=\"elementor-section elementor-inner-section elementor-element elementor-element-74a582a elementor-section-boxed elementor-section-height-default elementor-section-height-default\" data-id=\"74a582a\" data-element_type=\"section\">\n\t\t\t\t\t\t<div class=\"elementor-container elementor-column-gap-wider\">\n\t\t\t\t\t<div class=\"elementor-column elementor-col-50 elementor-inner-column elementor-element elementor-element-6f24a59\" data-id=\"6f24a59\" data-element_type=\"column\">\n\t\t\t<div class=\"elementor-widget-wrap elementor-element-populated\">\n\t\t\t\t\t\t<div class=\"elementor-element elementor-element-8241ab3 elementor-blockquote--align-left elementor-blockquote--skin-border elementor-widget elementor-widget-blockquote\" data-id=\"8241ab3\" data-element_type=\"widget\" data-widget_type=\"blockquote.default\">\n\t\t\t\t<div class=\"elementor-widget-container\">\n\t\t\t\t\t\t\t<blockquote class=\"elementor-blockquote\">\n\t\t\t<p class=\"elementor-blockquote__content\">\n\t\t\t\t\"Como agente imobili\u00e1rio lido com muitos emprestadores diferentes, desde empresas globais at\u00e9 as locais (o que prefiro). Desde a primeira comunica\u00e7\u00e3o com Kurt e sua equipe, pude dizer que seria uma transa\u00e7\u00e3o tranq\u00fcila e sem problemas! Eles s\u00e3o muito \u00e1geis, minuciosos e profissionais. Foi um verdadeiro prazer trabalhar com eles e esperar continuar a trabalhar com eles no futuro. Definitivamente, vou adicion\u00e1-los \u00e0 minha lista de emprestadores indicados e vou indicar clientes que precisam de seus servi\u00e7os, o que n\u00e3o tomo de \u00e2nimo leve, pois \u00e9 meu nome e minha reputa\u00e7\u00e3o que v\u00e3o junto com minha indica\u00e7\u00e3o. Tenho plena confian\u00e7a em todas as suas capacidades para garantir que meus clientes estejam recebendo ajuda em todos os aspectos durante o que pode ser um tempo e uma compra estressantes e assustadores. Eles realmente se preocupam com seus clientes e v\u00e3o al\u00e9m e acima! Mais uma vez, obrigado!\n(Nota de b\u00f4nus - n\u00e3o h\u00e1 muitos emprestadores que aparecer\u00e3o at\u00e9 um fechamento, muito menos com uma garrafa comemorativa de champanhe!!!)\".\t\t\t<\/p>\n\t\t\t\t\t\t\t<div class=\"e-q-footer\">\n\t\t\t\t\t\t\t\t\t\t\t<cite class=\"elementor-blockquote__author\">Lauren Saqui<\/cite>\n\t\t\t\t\t\t\t\t\t\t\t\t\t\t<\/div>\n\t\t\t\t\t<\/blockquote>\n\t\t\t\t\t\t<\/div>\n\t\t\t\t<\/div>\n\t\t\t\t\t<\/div>\n\t\t<\/div>\n\t\t\t\t<div class=\"elementor-column elementor-col-50 elementor-inner-column elementor-element elementor-element-973d1af\" data-id=\"973d1af\" data-element_type=\"column\">\n\t\t\t<div class=\"elementor-widget-wrap elementor-element-populated\">\n\t\t\t\t\t\t<div class=\"elementor-element elementor-element-0da66c3 elementor-widget elementor-widget-heading\" data-id=\"0da66c3\" data-element_type=\"widget\" data-widget_type=\"heading.default\">\n\t\t\t\t<div class=\"elementor-widget-container\">\n\t\t\t\t\t<h3 class=\"elementor-heading-title elementor-size-default\">Gostaria de saber mais e conversar com um profissional experiente que possa responder \u00e0s suas perguntas?\n\n\n<\/h3>\t\t\t\t<\/div>\n\t\t\t\t<\/div>\n\t\t\t\t<div class=\"elementor-element elementor-element-34b1e15 elementor-widget elementor-widget-heading\" data-id=\"34b1e15\" data-element_type=\"widget\" data-widget_type=\"heading.default\">\n\t\t\t\t<div class=\"elementor-widget-container\">\n\t\t\t\t\t<h3 class=\"elementor-heading-title elementor-size-default\">Gostaria de ver se voc\u00ea pode se qualificar como cidad\u00e3o estrangeiro para obter financiamento para comprar propriedade nos EUA?\n\n\n\n<\/h3>\t\t\t\t<\/div>\n\t\t\t\t<\/div>\n\t\t\t\t<div class=\"elementor-element elementor-element-649b5ab elementor-widget elementor-widget-text-editor\" data-id=\"649b5ab\" data-element_type=\"widget\" data-widget_type=\"text-editor.default\">\n\t\t\t\t<div class=\"elementor-widget-container\">\n\t\t\t\t\t\t\t\t\t<p>Ligue para Kurt (Ele \u00e9 f\u00e1cil de falar)<\/p>\t\t\t\t\t\t\t\t<\/div>\n\t\t\t\t<\/div>\n\t\t\t\t<div class=\"elementor-element elementor-element-a9b653f elementor-icon-list--layout-traditional elementor-list-item-link-full_width elementor-widget elementor-widget-icon-list\" data-id=\"a9b653f\" data-element_type=\"widget\" data-widget_type=\"icon-list.default\">\n\t\t\t\t<div class=\"elementor-widget-container\">\n\t\t\t\t\t\t\t<ul class=\"elementor-icon-list-items\">\n\t\t\t\t\t\t\t<li class=\"elementor-icon-list-item\">\n\t\t\t\t\t\t\t\t\t\t\t<a href=\"tel:%20561-213-4093\">\n\n\t\t\t\t\t\t\t\t\t\t\t\t<span class=\"elementor-icon-list-icon\">\n\t\t\t\t\t\t\t<svg aria-hidden=\"true\" class=\"e-font-icon-svg e-fas-phone-alt\" viewbox=\"0 0 512 512\" xmlns=\"http:\/\/www.w3.org\/2000\/svg\"><path d=\"M497.39 361.8l-112-48a24 24 0 0 0-28 6.9l-49.6 60.6A370.66 370.66 0 0 1 130.6 204.11l60.6-49.6a23.94 23.94 0 0 0 6.9-28l-48-112A24.16 24.16 0 0 0 122.6.61l-104 24A24 24 0 0 0 0 48c0 256.5 207.9 464 464 464a24 24 0 0 0 23.4-18.6l24-104a24.29 24.29 0 0 0-14.01-27.6z\"><\/path><\/svg>\t\t\t\t\t\t<\/span>\n\t\t\t\t\t\t\t\t\t\t<span class=\"elementor-icon-list-text\">Telefone: 561-213-4093<\/span>\n\t\t\t\t\t\t\t\t\t\t\t<\/a>\n\t\t\t\t\t\t\t\t\t<\/li>\n\t\t\t\t\t\t\t\t<li class=\"elementor-icon-list-item\">\n\t\t\t\t\t\t\t\t\t\t\t<a href=\"mailto:%20Kheide@HeideInternational.com\">\n\n\t\t\t\t\t\t\t\t\t\t\t\t<span class=\"elementor-icon-list-icon\">\n\t\t\t\t\t\t\t<svg aria-hidden=\"true\" class=\"e-font-icon-svg e-fas-envelope\" viewbox=\"0 0 512 512\" xmlns=\"http:\/\/www.w3.org\/2000\/svg\"><path d=\"M502.3 190.8c3.9-3.1 9.7-.2 9.7 4.7V400c0 26.5-21.5 48-48 48H48c-26.5 0-48-21.5-48-48V195.6c0-5 5.7-7.8 9.7-4.7 22.4 17.4 52.1 39.5 154.1 113.6 21.1 15.4 56.7 47.8 92.2 47.6 35.7.3 72-32.8 92.3-47.6 102-74.1 131.6-96.3 154-113.7zM256 320c23.2.4 56.6-29.2 73.4-41.4 132.7-96.3 142.8-104.7 173.4-128.7 5.8-4.5 9.2-11.5 9.2-18.9v-19c0-26.5-21.5-48-48-48H48C21.5 64 0 85.5 0 112v19c0 7.4 3.4 14.3 9.2 18.9 30.6 23.9 40.7 32.4 173.4 128.7 16.8 12.2 50.2 41.8 73.4 41.4z\"><\/path><\/svg>\t\t\t\t\t\t<\/span>\n\t\t\t\t\t\t\t\t\t\t<span class=\"elementor-icon-list-text\">Kheide@HeideInternational.com<\/span>\n\t\t\t\t\t\t\t\t\t\t\t<\/a>\n\t\t\t\t\t\t\t\t\t<\/li>\n\t\t\t\t\t\t\t\t<li class=\"elementor-icon-list-item\">\n\t\t\t\t\t\t\t\t\t\t\t<span class=\"elementor-icon-list-icon\">\n\t\t\t\t\t\t\t<svg aria-hidden=\"true\" class=\"e-font-icon-svg e-far-id-card\" viewbox=\"0 0 576 512\" xmlns=\"http:\/\/www.w3.org\/2000\/svg\"><path d=\"M528 32H48C21.5 32 0 53.5 0 80v352c0 26.5 21.5 48 48 48h480c26.5 0 48-21.5 48-48V80c0-26.5-21.5-48-48-48zm0 400H303.2c.9-4.5.8 3.6.8-22.4 0-31.8-30.1-57.6-67.2-57.6-10.8 0-18.7 8-44.8 8-26.9 0-33.4-8-44.8-8-37.1 0-67.2 25.8-67.2 57.6 0 26-.2 17.9.8 22.4H48V144h480v288zm-168-80h112c4.4 0 8-3.6 8-8v-16c0-4.4-3.6-8-8-8H360c-4.4 0-8 3.6-8 8v16c0 4.4 3.6 8 8 8zm0-64h112c4.4 0 8-3.6 8-8v-16c0-4.4-3.6-8-8-8H360c-4.4 0-8 3.6-8 8v16c0 4.4 3.6 8 8 8zm0-64h112c4.4 0 8-3.6 8-8v-16c0-4.4-3.6-8-8-8H360c-4.4 0-8 3.6-8 8v16c0 4.4 3.6 8 8 8zm-168 96c35.3 0 64-28.7 64-64s-28.7-64-64-64-64 28.7-64 64 28.7 64 64 64z\"><\/path><\/svg>\t\t\t\t\t\t<\/span>\n\t\t\t\t\t\t\t\t\t\t<span class=\"elementor-icon-list-text\">Ramo ID #1845861, NMLS ID #368938<\/span>\n\t\t\t\t\t\t\t\t\t<\/li>\n\t\t\t\t\t\t<\/ul>\n\t\t\t\t\t\t<\/div>\n\t\t\t\t<\/div>\n\t\t\t\t\t<\/div>\n\t\t<\/div>\n\t\t\t\t\t<\/div>\n\t\t<\/section>\n\t\t\t\t\t<\/div>\n\t\t<\/div>\n\t\t\t\t\t<\/div>\n\t\t<\/section>\n\t\t\t\t<\/div>","protected":false},"excerpt":{"rendered":"<p>Bankruptcies, Foreclosures, Divorce Click Here to Watch Our Videos Waiting Periods for Bankrupts &amp; Foreclosures There\u2019s a common misconception; that after a short sale, bankruptcy or foreclosure, you\u2019ll have to wait 7 years before you can get a new mortgage. Here\u2019s some good news regarding the waiting periods. FHA has NO waiting period on a [&hellip;]<\/p>","protected":false},"author":1,"featured_media":0,"parent":0,"menu_order":0,"comment_status":"closed","ping_status":"closed","template":"elementor_header_footer","meta":{"footnotes":""},"class_list":["post-1032","page","type-page","status-publish","hentry"],"yoast_head":"<!-- This site is optimized with the Yoast SEO plugin v26.8 - https:\/\/yoast.com\/product\/yoast-seo-wordpress\/ -->\n<title>Mortgage for Bankruptcies, Foreclosures - Heide International<\/title>\n<meta name=\"description\" content=\"Find out about the waiting periods and mortgage plans for Bankruptcies, Foreclosures, and Divorce in the USA. Get more details!\" \/>\n<meta name=\"robots\" content=\"index, follow, max-snippet:-1, max-image-preview:large, max-video-preview:-1\" \/>\n<link rel=\"canonical\" href=\"https:\/\/heideinternational.com\/pt\/falencias-foreclosures-divorce-2\/\" \/>\n<meta property=\"og:locale\" content=\"pt_BR\" \/>\n<meta property=\"og:type\" content=\"article\" \/>\n<meta property=\"og:title\" content=\"Mortgage for Bankruptcies, Foreclosures - Heide International\" \/>\n<meta property=\"og:description\" content=\"Find out about the waiting periods and mortgage plans for Bankruptcies, Foreclosures, and Divorce in the USA. Get more details!\" \/>\n<meta property=\"og:url\" content=\"https:\/\/heideinternational.com\/pt\/falencias-foreclosures-divorce-2\/\" \/>\n<meta property=\"og:site_name\" content=\"Heide International LLC\" \/>\n<meta property=\"article:modified_time\" content=\"2023-04-26T18:48:02+00:00\" \/>\n<meta property=\"og:image\" content=\"https:\/\/heideinternational.com\/wp-content\/uploads\/2022\/08\/house-with-gavel-and-law-books-real-estate-law-a-2021-08-26-16-57-05-utc-1024x512.jpg\" \/>\n<meta name=\"twitter:card\" content=\"summary_large_image\" \/>\n<meta name=\"twitter:label1\" content=\"Est. tempo de leitura\" \/>\n\t<meta name=\"twitter:data1\" content=\"3 minutos\" \/>\n<script type=\"application\/ld+json\" class=\"yoast-schema-graph\">{\"@context\":\"https:\/\/schema.org\",\"@graph\":[{\"@type\":\"WebPage\",\"@id\":\"https:\/\/heideinternational.com\/bankruptcies-foreclosures-divorce\/\",\"url\":\"https:\/\/heideinternational.com\/bankruptcies-foreclosures-divorce\/\",\"name\":\"Mortgage for Bankruptcies, Foreclosures - Heide International\",\"isPartOf\":{\"@id\":\"https:\/\/heideinternational.com\/#website\"},\"primaryImageOfPage\":{\"@id\":\"https:\/\/heideinternational.com\/bankruptcies-foreclosures-divorce\/#primaryimage\"},\"image\":{\"@id\":\"https:\/\/heideinternational.com\/bankruptcies-foreclosures-divorce\/#primaryimage\"},\"thumbnailUrl\":\"https:\/\/heideinternational.com\/wp-content\/uploads\/2022\/08\/house-with-gavel-and-law-books-real-estate-law-a-2021-08-26-16-57-05-utc-1024x512.jpg\",\"datePublished\":\"2021-07-16T10:52:36+00:00\",\"dateModified\":\"2023-04-26T18:48:02+00:00\",\"description\":\"Find out about the waiting periods and mortgage plans for Bankruptcies, Foreclosures, and Divorce in the USA. Get more details!\",\"breadcrumb\":{\"@id\":\"https:\/\/heideinternational.com\/bankruptcies-foreclosures-divorce\/#breadcrumb\"},\"inLanguage\":\"pt-BR\",\"potentialAction\":[{\"@type\":\"ReadAction\",\"target\":[\"https:\/\/heideinternational.com\/bankruptcies-foreclosures-divorce\/\"]}]},{\"@type\":\"ImageObject\",\"inLanguage\":\"pt-BR\",\"@id\":\"https:\/\/heideinternational.com\/bankruptcies-foreclosures-divorce\/#primaryimage\",\"url\":\"https:\/\/heideinternational.com\/wp-content\/uploads\/2022\/08\/house-with-gavel-and-law-books-real-estate-law-a-2021-08-26-16-57-05-utc-1024x512.jpg\",\"contentUrl\":\"https:\/\/heideinternational.com\/wp-content\/uploads\/2022\/08\/house-with-gavel-and-law-books-real-estate-law-a-2021-08-26-16-57-05-utc-1024x512.jpg\"},{\"@type\":\"BreadcrumbList\",\"@id\":\"https:\/\/heideinternational.com\/bankruptcies-foreclosures-divorce\/#breadcrumb\",\"itemListElement\":[{\"@type\":\"ListItem\",\"position\":1,\"name\":\"Home\",\"item\":\"https:\/\/heideinternational.com\/\"},{\"@type\":\"ListItem\",\"position\":2,\"name\":\"Bankruptcies, Foreclosures, Divorce\"}]},{\"@type\":\"WebSite\",\"@id\":\"https:\/\/heideinternational.com\/#website\",\"url\":\"https:\/\/heideinternational.com\/\",\"name\":\"Heide International LLC\",\"description\":\"Heide International LLC\",\"potentialAction\":[{\"@type\":\"SearchAction\",\"target\":{\"@type\":\"EntryPoint\",\"urlTemplate\":\"https:\/\/heideinternational.com\/?s={search_term_string}\"},\"query-input\":{\"@type\":\"PropertyValueSpecification\",\"valueRequired\":true,\"valueName\":\"search_term_string\"}}],\"inLanguage\":\"pt-BR\"}]}<\/script>\n<!-- \/ Yoast SEO plugin. -->","yoast_head_json":{"title":"Hipoteca para fal\u00eancias, execu\u00e7\u00f5es hipotec\u00e1rias - Heide International","description":"Saiba mais sobre os per\u00edodos de espera e os planos de hipoteca para fal\u00eancias, execu\u00e7\u00f5es hipotec\u00e1rias e div\u00f3rcios nos EUA. Obtenha mais detalhes!","robots":{"index":"index","follow":"follow","max-snippet":"max-snippet:-1","max-image-preview":"max-image-preview:large","max-video-preview":"max-video-preview:-1"},"canonical":"https:\/\/heideinternational.com\/pt\/falencias-foreclosures-divorce-2\/","og_locale":"pt_BR","og_type":"article","og_title":"Mortgage for Bankruptcies, Foreclosures - Heide International","og_description":"Find out about the waiting periods and mortgage plans for Bankruptcies, Foreclosures, and Divorce in the USA. Get more details!","og_url":"https:\/\/heideinternational.com\/pt\/falencias-foreclosures-divorce-2\/","og_site_name":"Heide International LLC","article_modified_time":"2023-04-26T18:48:02+00:00","og_image":[{"url":"https:\/\/heideinternational.com\/wp-content\/uploads\/2022\/08\/house-with-gavel-and-law-books-real-estate-law-a-2021-08-26-16-57-05-utc-1024x512.jpg","type":"","width":"","height":""}],"twitter_card":"summary_large_image","twitter_misc":{"Est. tempo de leitura":"3 minutos"},"schema":{"@context":"https:\/\/schema.org","@graph":[{"@type":"WebPage","@id":"https:\/\/heideinternational.com\/bankruptcies-foreclosures-divorce\/","url":"https:\/\/heideinternational.com\/bankruptcies-foreclosures-divorce\/","name":"Hipoteca para fal\u00eancias, execu\u00e7\u00f5es hipotec\u00e1rias - Heide International","isPartOf":{"@id":"https:\/\/heideinternational.com\/#website"},"primaryImageOfPage":{"@id":"https:\/\/heideinternational.com\/bankruptcies-foreclosures-divorce\/#primaryimage"},"image":{"@id":"https:\/\/heideinternational.com\/bankruptcies-foreclosures-divorce\/#primaryimage"},"thumbnailUrl":"https:\/\/heideinternational.com\/wp-content\/uploads\/2022\/08\/house-with-gavel-and-law-books-real-estate-law-a-2021-08-26-16-57-05-utc-1024x512.jpg","datePublished":"2021-07-16T10:52:36+00:00","dateModified":"2023-04-26T18:48:02+00:00","description":"Saiba mais sobre os per\u00edodos de espera e os planos de hipoteca para fal\u00eancias, execu\u00e7\u00f5es hipotec\u00e1rias e div\u00f3rcios nos EUA. Obtenha mais detalhes!","breadcrumb":{"@id":"https:\/\/heideinternational.com\/bankruptcies-foreclosures-divorce\/#breadcrumb"},"inLanguage":"pt-BR","potentialAction":[{"@type":"ReadAction","target":["https:\/\/heideinternational.com\/bankruptcies-foreclosures-divorce\/"]}]},{"@type":"ImageObject","inLanguage":"pt-BR","@id":"https:\/\/heideinternational.com\/bankruptcies-foreclosures-divorce\/#primaryimage","url":"https:\/\/heideinternational.com\/wp-content\/uploads\/2022\/08\/house-with-gavel-and-law-books-real-estate-law-a-2021-08-26-16-57-05-utc-1024x512.jpg","contentUrl":"https:\/\/heideinternational.com\/wp-content\/uploads\/2022\/08\/house-with-gavel-and-law-books-real-estate-law-a-2021-08-26-16-57-05-utc-1024x512.jpg"},{"@type":"BreadcrumbList","@id":"https:\/\/heideinternational.com\/bankruptcies-foreclosures-divorce\/#breadcrumb","itemListElement":[{"@type":"ListItem","position":1,"name":"Home","item":"https:\/\/heideinternational.com\/"},{"@type":"ListItem","position":2,"name":"Bankruptcies, Foreclosures, Divorce"}]},{"@type":"WebSite","@id":"https:\/\/heideinternational.com\/#website","url":"https:\/\/heideinternational.com\/","name":"Heide International LLC","description":"Heide International LLC","potentialAction":[{"@type":"SearchAction","target":{"@type":"EntryPoint","urlTemplate":"https:\/\/heideinternational.com\/?s={search_term_string}"},"query-input":{"@type":"PropertyValueSpecification","valueRequired":true,"valueName":"search_term_string"}}],"inLanguage":"pt-BR"}]}},"_links":{"self":[{"href":"https:\/\/heideinternational.com\/pt\/wp-json\/wp\/v2\/pages\/1032","targetHints":{"allow":["GET"]}}],"collection":[{"href":"https:\/\/heideinternational.com\/pt\/wp-json\/wp\/v2\/pages"}],"about":[{"href":"https:\/\/heideinternational.com\/pt\/wp-json\/wp\/v2\/types\/page"}],"author":[{"embeddable":true,"href":"https:\/\/heideinternational.com\/pt\/wp-json\/wp\/v2\/users\/1"}],"replies":[{"embeddable":true,"href":"https:\/\/heideinternational.com\/pt\/wp-json\/wp\/v2\/comments?post=1032"}],"version-history":[{"count":0,"href":"https:\/\/heideinternational.com\/pt\/wp-json\/wp\/v2\/pages\/1032\/revisions"}],"wp:attachment":[{"href":"https:\/\/heideinternational.com\/pt\/wp-json\/wp\/v2\/media?parent=1032"}],"curies":[{"name":"wp","href":"https:\/\/api.w.org\/{rel}","templated":true}]}}