{"id":4176,"date":"2023-03-24T16:31:58","date_gmt":"2023-03-24T16:31:58","guid":{"rendered":"https:\/\/heideinternati.wpengine.com\/?page_id=4176"},"modified":"2025-10-31T14:29:55","modified_gmt":"2025-10-31T14:29:55","slug":"nos-clients-2","status":"publish","type":"page","link":"https:\/\/heideinternational.com\/fr\/nos-clients-2\/","title":{"rendered":"Nos clients"},"content":{"rendered":"<div data-elementor-type=\"wp-page\" data-elementor-id=\"4176\" class=\"elementor elementor-4176\" data-elementor-post-type=\"page\">\n\t\t\t\t\t\t<section class=\"elementor-section elementor-top-section elementor-element elementor-element-16dae5e elementor-section-boxed elementor-section-height-default elementor-section-height-default\" data-id=\"16dae5e\" data-element_type=\"section\" data-settings=\"{&quot;background_background&quot;:&quot;classic&quot;}\">\n\t\t\t\t\t\t<div class=\"elementor-container elementor-column-gap-default\">\n\t\t\t\t\t<div class=\"elementor-column elementor-col-100 elementor-top-column elementor-element elementor-element-6777d08\" data-id=\"6777d08\" data-element_type=\"column\">\n\t\t\t<div class=\"elementor-widget-wrap elementor-element-populated\">\n\t\t\t\t\t\t<div class=\"elementor-element elementor-element-e5e8cd2 elementor-widget elementor-widget-heading\" data-id=\"e5e8cd2\" data-element_type=\"widget\" data-widget_type=\"heading.default\">\n\t\t\t\t<div class=\"elementor-widget-container\">\n\t\t\t\t\t<h1 class=\"elementor-heading-title elementor-size-default\">NOS CLIENTS<\/h1>\t\t\t\t<\/div>\n\t\t\t\t<\/div>\n\t\t\t\t\t<\/div>\n\t\t<\/div>\n\t\t\t\t\t<\/div>\n\t\t<\/section>\n\t\t\t\t<section class=\"elementor-section elementor-top-section elementor-element elementor-element-65d37fa elementor-section-boxed elementor-section-height-default elementor-section-height-default\" data-id=\"65d37fa\" data-element_type=\"section\">\n\t\t\t\t\t\t<div class=\"elementor-container elementor-column-gap-default\">\n\t\t\t\t\t<div class=\"elementor-column elementor-col-100 elementor-top-column elementor-element elementor-element-63b04f4\" data-id=\"63b04f4\" data-element_type=\"column\">\n\t\t\t<div class=\"elementor-widget-wrap elementor-element-populated\">\n\t\t\t\t\t\t<section class=\"elementor-section elementor-inner-section elementor-element elementor-element-595dcee elementor-section-boxed elementor-section-height-default elementor-section-height-default\" data-id=\"595dcee\" data-element_type=\"section\">\n\t\t\t\t\t\t<div class=\"elementor-container elementor-column-gap-default\">\n\t\t\t\t\t<div class=\"elementor-column elementor-col-100 elementor-inner-column elementor-element elementor-element-0966ea1\" data-id=\"0966ea1\" data-element_type=\"column\">\n\t\t\t<div class=\"elementor-widget-wrap elementor-element-populated\">\n\t\t\t\t\t\t<div class=\"elementor-element elementor-element-0bd754b elementor-widget elementor-widget-heading\" data-id=\"0bd754b\" data-element_type=\"widget\" data-widget_type=\"heading.default\">\n\t\t\t\t<div class=\"elementor-widget-container\">\n\t\t\t\t\t<h1 class=\"elementor-heading-title elementor-size-default\">Connecter les gens \u00e0 leurs r\u00eaves d'accession \u00e0 la propri\u00e9t\u00e9 <\/h1>\t\t\t\t<\/div>\n\t\t\t\t<\/div>\n\t\t\t\t<div class=\"elementor-element elementor-element-1751cd0 elementor-widget elementor-widget-text-editor\" data-id=\"1751cd0\" data-element_type=\"widget\" data-widget_type=\"text-editor.default\">\n\t\t\t\t<div class=\"elementor-widget-container\">\n\t\t\t\t\t\t\t\t\t<p>Chez Heide International, nous savons \u00e0 quel point il est important pour les gens de r\u00e9aliser leur r\u00eave d'acc\u00e9der \u00e0 la propri\u00e9t\u00e9. C'est pourquoi nous nous sp\u00e9cialisons dans les pr\u00eats hypoth\u00e9caires de toutes formes et de toutes tailles, au service de clients locaux, nationaux et internationaux. Heide International est un courtier hypoth\u00e9caire bas\u00e9 en Floride qui est en mesure de fournir des pr\u00eats hypoth\u00e9caires aux acheteurs nationaux et internationaux, facilitant ainsi la t\u00e2che de ceux qui cherchent \u00e0 investir dans l'immobilier en Floride. Notre \u00e9quipe de professionnels de l'hypoth\u00e8que s'engage \u00e0 vous aider \u00e0 trouver la meilleure solution de pr\u00eat pour r\u00e9pondre \u00e0 vos besoins. Nous fournissons des services personnalis\u00e9s adapt\u00e9s \u00e0 votre situation unique, y compris des options pour les ressortissants \u00e9trangers, les acheteurs d'une premi\u00e8re maison, et plus encore.<\/p><p>Notre soci\u00e9t\u00e9 de courtage hypoth\u00e9caire met l'accent sur un service exp\u00e9riment\u00e9, des produits de qualit\u00e9 et des prix comp\u00e9titifs pour les ressortissants \u00e9trangers. En travaillant avec Heide International, les clients peuvent acc\u00e9der \u00e0 une vaste s\u00e9lection de pr\u00eats hypoth\u00e9caires en Floride, adapt\u00e9s \u00e0 leurs besoins uniques et \u00e0 leurs objectifs de financement. Des pr\u00eats conventionnels aux pr\u00eats jumbo et plus encore, l'\u00e9quipe de Heide International poss\u00e8de une expertise du march\u00e9 de la Floride, ce qui lui permet d'offrir les meilleures options \u00e0 ses clients internationaux.<\/p><p>\u00a0<\/p>\t\t\t\t\t\t\t\t<\/div>\n\t\t\t\t<\/div>\n\t\t\t\t\t<\/div>\n\t\t<\/div>\n\t\t\t\t\t<\/div>\n\t\t<\/section>\n\t\t\t\t<section class=\"elementor-section elementor-inner-section elementor-element elementor-element-ac8a74b elementor-section-boxed elementor-section-height-default elementor-section-height-default\" data-id=\"ac8a74b\" data-element_type=\"section\">\n\t\t\t\t\t\t<div class=\"elementor-container elementor-column-gap-default\">\n\t\t\t\t\t<div class=\"elementor-column elementor-col-50 elementor-inner-column elementor-element elementor-element-e60a9f3 elementor-hidden-mobile\" data-id=\"e60a9f3\" data-element_type=\"column\" data-settings=\"{&quot;background_background&quot;:&quot;classic&quot;}\">\n\t\t\t<div class=\"elementor-widget-wrap\">\n\t\t\t\t\t\t\t<\/div>\n\t\t<\/div>\n\t\t\t\t<div class=\"elementor-column elementor-col-50 elementor-inner-column elementor-element elementor-element-e1ed2f9\" data-id=\"e1ed2f9\" data-element_type=\"column\">\n\t\t\t<div class=\"elementor-widget-wrap elementor-element-populated\">\n\t\t\t\t<div class=\"elementor-element elementor-element-9b79cf8 elementor-hidden-desktop elementor-hidden-tablet e-flex e-con-boxed e-con e-parent\" data-id=\"9b79cf8\" data-element_type=\"container\" data-settings=\"{&quot;background_background&quot;:&quot;classic&quot;}\">\n\t\t\t\t\t<div class=\"e-con-inner\">\n\t\t\t\t\t<\/div>\n\t\t\t\t<\/div>\n\t\t\t\t<div class=\"elementor-element elementor-element-80f533d elementor-widget elementor-widget-heading\" data-id=\"80f533d\" data-element_type=\"widget\" data-widget_type=\"heading.default\">\n\t\t\t\t<div class=\"elementor-widget-container\">\n\t\t\t\t\t<h2 class=\"elementor-heading-title elementor-size-default\">Un port d'attache pour les locaux et les \u00e9trangers <\/h2>\t\t\t\t<\/div>\n\t\t\t\t<\/div>\n\t\t\t\t<div class=\"elementor-element elementor-element-d53ef5f elementor-widget elementor-widget-text-editor\" data-id=\"d53ef5f\" data-element_type=\"widget\" data-widget_type=\"text-editor.default\">\n\t\t\t\t<div class=\"elementor-widget-container\">\n\t\t\t\t\t\t\t\t\t<p>Chez Heide International, nous sommes fiers d'aider nos clients \u00e0 obtenir les meilleurs pr\u00eats hypoth\u00e9caires possibles pour leurs besoins. Nous sommes l\u00e0 pour vous aider \u00e0 obtenir la maison dont vous avez toujours r\u00eav\u00e9.<\/p>\t\t\t\t\t\t\t\t<\/div>\n\t\t\t\t<\/div>\n\t\t\t\t<div class=\"elementor-element elementor-element-a713312 elementor-align-left elementor-widget elementor-widget-button\" data-id=\"a713312\" data-element_type=\"widget\" data-widget_type=\"button.default\">\n\t\t\t\t<div class=\"elementor-widget-container\">\n\t\t\t\t\t\t\t\t\t<div class=\"elementor-button-wrapper\">\n\t\t\t\t\t<a class=\"elementor-button elementor-button-link elementor-size-md\" href=\"https:\/\/www.blink.mortgage\/app\/signup\/p\/heideinternationalllc\/kurtheide\" target=\"_blank\">\n\t\t\t\t\t\t<span class=\"elementor-button-content-wrapper\">\n\t\t\t\t\t\t<span class=\"elementor-button-icon\">\n\t\t\t\t<svg aria-hidden=\"true\" class=\"e-font-icon-svg e-fas-chevron-circle-right\" viewbox=\"0 0 512 512\" xmlns=\"http:\/\/www.w3.org\/2000\/svg\"><path d=\"M256 8c137 0 248 111 248 248S393 504 256 504 8 393 8 256 119 8 256 8zm113.9 231L234.4 103.5c-9.4-9.4-24.6-9.4-33.9 0l-17 17c-9.4 9.4-9.4 24.6 0 33.9L285.1 256 183.5 357.6c-9.4 9.4-9.4 24.6 0 33.9l17 17c9.4 9.4 24.6 9.4 33.9 0L369.9 273c9.4-9.4 9.4-24.6 0-34z\"><\/path><\/svg>\t\t\t<\/span>\n\t\t\t\t\t\t\t\t\t<span class=\"elementor-button-text\">postuler maintenant<\/span>\n\t\t\t\t\t<\/span>\n\t\t\t\t\t<\/a>\n\t\t\t\t<\/div>\n\t\t\t\t\t\t\t\t<\/div>\n\t\t\t\t<\/div>\n\t\t\t\t\t<\/div>\n\t\t<\/div>\n\t\t\t\t\t<\/div>\n\t\t<\/section>\n\t\t\t\t<section class=\"elementor-section elementor-inner-section elementor-element elementor-element-05f46a9 elementor-section-boxed elementor-section-height-default elementor-section-height-default\" data-id=\"05f46a9\" data-element_type=\"section\">\n\t\t\t\t\t\t<div class=\"elementor-container elementor-column-gap-default\">\n\t\t\t\t\t<div class=\"elementor-column elementor-col-50 elementor-inner-column elementor-element elementor-element-dc35ebb\" data-id=\"dc35ebb\" data-element_type=\"column\">\n\t\t\t<div class=\"elementor-widget-wrap elementor-element-populated\">\n\t\t\t\t<div class=\"elementor-element elementor-element-75673a6 elementor-hidden-desktop elementor-hidden-tablet e-flex e-con-boxed e-con e-parent\" data-id=\"75673a6\" data-element_type=\"container\" data-settings=\"{&quot;background_background&quot;:&quot;classic&quot;}\">\n\t\t\t\t\t<div class=\"e-con-inner\">\n\t\t\t\t\t<\/div>\n\t\t\t\t<\/div>\n\t\t\t\t<div class=\"elementor-element elementor-element-613acf7 elementor-widget elementor-widget-heading\" data-id=\"613acf7\" data-element_type=\"widget\" data-widget_type=\"heading.default\">\n\t\t\t\t<div class=\"elementor-widget-container\">\n\t\t\t\t\t<h2 class=\"elementor-heading-title elementor-size-default\">Des solutions hypoth\u00e9caires professionnelles pour tous<\/h2>\t\t\t\t<\/div>\n\t\t\t\t<\/div>\n\t\t\t\t<div class=\"elementor-element elementor-element-33ea3f1 elementor-widget elementor-widget-text-editor\" data-id=\"33ea3f1\" data-element_type=\"widget\" data-widget_type=\"text-editor.default\">\n\t\t\t\t<div class=\"elementor-widget-container\">\n\t\t\t\t\t\t\t\t\t<p>Que vous achetiez votre premi\u00e8re maison ou que vous soyez un investisseur exp\u00e9riment\u00e9, Heide International est l\u00e0 pour vous aider \u00e0 chaque \u00e9tape du processus. Nous offrons des solutions hypoth\u00e9caires professionnelles qui r\u00e9pondent aux besoins de tous nos clients. Qu'il s'agisse de pr\u00eats hypoth\u00e9caires pour les ressortissants \u00e9trangers ou de pr\u00eats sur fonds propres, notre \u00e9quipe de professionnels du cr\u00e9dit hypoth\u00e9caire s'engage \u00e0 vous fournir la meilleure solution de pr\u00eat. Contactez-nous d\u00e8s aujourd'hui pour commencer.<\/p>\t\t\t\t\t\t\t\t<\/div>\n\t\t\t\t<\/div>\n\t\t\t\t<div class=\"elementor-element elementor-element-35feb8c elementor-align-left elementor-widget elementor-widget-button\" data-id=\"35feb8c\" data-element_type=\"widget\" data-widget_type=\"button.default\">\n\t\t\t\t<div class=\"elementor-widget-container\">\n\t\t\t\t\t\t\t\t\t<div class=\"elementor-button-wrapper\">\n\t\t\t\t\t<a class=\"elementor-button elementor-button-link elementor-size-md\" href=\"https:\/\/www.blink.mortgage\/app\/signup\/p\/heideinternationalllc\/kurtheide\" target=\"_blank\">\n\t\t\t\t\t\t<span class=\"elementor-button-content-wrapper\">\n\t\t\t\t\t\t<span class=\"elementor-button-icon\">\n\t\t\t\t<svg aria-hidden=\"true\" class=\"e-font-icon-svg e-fas-chevron-circle-right\" viewbox=\"0 0 512 512\" xmlns=\"http:\/\/www.w3.org\/2000\/svg\"><path d=\"M256 8c137 0 248 111 248 248S393 504 256 504 8 393 8 256 119 8 256 8zm113.9 231L234.4 103.5c-9.4-9.4-24.6-9.4-33.9 0l-17 17c-9.4 9.4-9.4 24.6 0 33.9L285.1 256 183.5 357.6c-9.4 9.4-9.4 24.6 0 33.9l17 17c9.4 9.4 24.6 9.4 33.9 0L369.9 273c9.4-9.4 9.4-24.6 0-34z\"><\/path><\/svg>\t\t\t<\/span>\n\t\t\t\t\t\t\t\t\t<span class=\"elementor-button-text\">postuler maintenant<\/span>\n\t\t\t\t\t<\/span>\n\t\t\t\t\t<\/a>\n\t\t\t\t<\/div>\n\t\t\t\t\t\t\t\t<\/div>\n\t\t\t\t<\/div>\n\t\t\t\t\t<\/div>\n\t\t<\/div>\n\t\t\t\t<div class=\"elementor-column elementor-col-50 elementor-inner-column elementor-element elementor-element-07ffa95 elementor-hidden-mobile\" data-id=\"07ffa95\" data-element_type=\"column\" data-settings=\"{&quot;background_background&quot;:&quot;classic&quot;}\">\n\t\t\t<div class=\"elementor-widget-wrap\">\n\t\t\t\t\t\t\t<\/div>\n\t\t<\/div>\n\t\t\t\t\t<\/div>\n\t\t<\/section>\n\t\t\t\t\t<\/div>\n\t\t<\/div>\n\t\t\t\t\t<\/div>\n\t\t<\/section>\n\t\t<div class=\"elementor-element elementor-element-74ce6d5 e-flex e-con-boxed e-con e-parent\" data-id=\"74ce6d5\" data-element_type=\"container\">\n\t\t\t\t\t<div class=\"e-con-inner\">\n\t\t<div class=\"elementor-element elementor-element-1e2ba09 e-con-full e-flex e-con e-child\" data-id=\"1e2ba09\" data-element_type=\"container\">\n\t\t\t\t<div class=\"elementor-element elementor-element-6e81b5f elementor-widget elementor-widget-heading\" data-id=\"6e81b5f\" data-element_type=\"widget\" data-widget_type=\"heading.default\">\n\t\t\t\t<div class=\"elementor-widget-container\">\n\t\t\t\t\t<h2 class=\"elementor-heading-title elementor-size-default\">A Lifetime of Happy Client Letters<\/h2>\t\t\t\t<\/div>\n\t\t\t\t<\/div>\n\t\t\t\t<div class=\"elementor-element elementor-element-47cae8d elementor-widget elementor-widget-spacer\" data-id=\"47cae8d\" data-element_type=\"widget\" data-widget_type=\"spacer.default\">\n\t\t\t\t<div class=\"elementor-widget-container\">\n\t\t\t\t\t\t\t<div class=\"elementor-spacer\">\n\t\t\t<div class=\"elementor-spacer-inner\"><\/div>\n\t\t<\/div>\n\t\t\t\t\t\t<\/div>\n\t\t\t\t<\/div>\n\t\t\t\t<div class=\"elementor-element elementor-element-d8eccb9 elementor-widget elementor-widget-html\" data-id=\"d8eccb9\" data-element_type=\"widget\" data-widget_type=\"html.default\">\n\t\t\t\t<div class=\"elementor-widget-container\">\n\t\t\t\t\t<iframe src=\"https:\/\/heideinternational.com\/wp-content\/uploads\/2025\/10\/A-Lifetime-of-Happy-client-letters-1.pdf\" width=\"100%\" height=\"500\" style=\"border: none;\"><\/iframe>\r\n\t\t\t\t<\/div>\n\t\t\t\t<\/div>\n\t\t\t\t<\/div>\n\t\t\t\t\t<\/div>\n\t\t\t\t<\/div>\n\t\t\t\t<\/div>","protected":false},"excerpt":{"rendered":"<p>OUR CLIENTS Connecting People to Their Dreams of Home Ownership At Heide International, we know how important it is for people to realize their dreams of home ownership. That\u2019s why we specialize in mortgages of all shapes and sizes, serving local, national, and international clients. Heide International is Florida-based mortgage broker that is able to [&hellip;]<\/p>","protected":false},"author":4,"featured_media":0,"parent":0,"menu_order":0,"comment_status":"closed","ping_status":"closed","template":"elementor_header_footer","meta":{"footnotes":""},"class_list":["post-4176","page","type-page","status-publish","hentry"],"yoast_head":"<!-- This site is optimized with the Yoast SEO plugin v26.8 - https:\/\/yoast.com\/product\/yoast-seo-wordpress\/ -->\n<title>Heide International LLC \u2013 Our Clients<\/title>\n<meta name=\"description\" content=\"Heide International finance service for local and international buyers in Florida United States.\" \/>\n<meta name=\"robots\" content=\"index, follow, max-snippet:-1, max-image-preview:large, max-video-preview:-1\" \/>\n<link rel=\"canonical\" href=\"https:\/\/heideinternational.com\/fr\/nos-clients-2\/\" \/>\n<meta property=\"og:locale\" content=\"fr_FR\" \/>\n<meta property=\"og:type\" content=\"article\" \/>\n<meta property=\"og:title\" content=\"Heide International LLC \u2013 Our Clients\" \/>\n<meta property=\"og:description\" content=\"Heide International finance service for local and international buyers in Florida United States.\" \/>\n<meta property=\"og:url\" content=\"https:\/\/heideinternational.com\/fr\/nos-clients-2\/\" \/>\n<meta property=\"og:site_name\" content=\"Heide International LLC\" \/>\n<meta property=\"article:modified_time\" content=\"2025-10-31T14:29:55+00:00\" \/>\n<meta name=\"twitter:card\" content=\"summary_large_image\" \/>\n<meta name=\"twitter:label1\" content=\"Dur\u00e9e de lecture estim\u00e9e\" \/>\n\t<meta name=\"twitter:data1\" content=\"2 minutes\" \/>\n<script type=\"application\/ld+json\" class=\"yoast-schema-graph\">{\"@context\":\"https:\/\/schema.org\",\"@graph\":[{\"@type\":\"WebPage\",\"@id\":\"https:\/\/heideinternational.com\/our-clients\/\",\"url\":\"https:\/\/heideinternational.com\/our-clients\/\",\"name\":\"Heide International LLC \u2013 Our Clients\",\"isPartOf\":{\"@id\":\"https:\/\/heideinternational.com\/#website\"},\"datePublished\":\"2023-03-24T16:31:58+00:00\",\"dateModified\":\"2025-10-31T14:29:55+00:00\",\"description\":\"Heide International finance service for local and international buyers in Florida United States.\",\"breadcrumb\":{\"@id\":\"https:\/\/heideinternational.com\/our-clients\/#breadcrumb\"},\"inLanguage\":\"fr-FR\",\"potentialAction\":[{\"@type\":\"ReadAction\",\"target\":[\"https:\/\/heideinternational.com\/our-clients\/\"]}]},{\"@type\":\"BreadcrumbList\",\"@id\":\"https:\/\/heideinternational.com\/our-clients\/#breadcrumb\",\"itemListElement\":[{\"@type\":\"ListItem\",\"position\":1,\"name\":\"Home\",\"item\":\"https:\/\/heideinternational.com\/\"},{\"@type\":\"ListItem\",\"position\":2,\"name\":\"Our Clients\"}]},{\"@type\":\"WebSite\",\"@id\":\"https:\/\/heideinternational.com\/#website\",\"url\":\"https:\/\/heideinternational.com\/\",\"name\":\"Heide International LLC\",\"description\":\"Heide International LLC\",\"potentialAction\":[{\"@type\":\"SearchAction\",\"target\":{\"@type\":\"EntryPoint\",\"urlTemplate\":\"https:\/\/heideinternational.com\/?s={search_term_string}\"},\"query-input\":{\"@type\":\"PropertyValueSpecification\",\"valueRequired\":true,\"valueName\":\"search_term_string\"}}],\"inLanguage\":\"fr-FR\"}]}<\/script>\n<!-- \/ Yoast SEO plugin. -->","yoast_head_json":{"title":"Heide International LLC - Nos clients","description":"Heide International est un service de financement pour les acheteurs locaux et internationaux en Floride, aux \u00c9tats-Unis.","robots":{"index":"index","follow":"follow","max-snippet":"max-snippet:-1","max-image-preview":"max-image-preview:large","max-video-preview":"max-video-preview:-1"},"canonical":"https:\/\/heideinternational.com\/fr\/nos-clients-2\/","og_locale":"fr_FR","og_type":"article","og_title":"Heide International LLC \u2013 Our Clients","og_description":"Heide International finance service for local and international buyers in Florida United States.","og_url":"https:\/\/heideinternational.com\/fr\/nos-clients-2\/","og_site_name":"Heide International LLC","article_modified_time":"2025-10-31T14:29:55+00:00","twitter_card":"summary_large_image","twitter_misc":{"Dur\u00e9e de lecture estim\u00e9e":"2 minutes"},"schema":{"@context":"https:\/\/schema.org","@graph":[{"@type":"WebPage","@id":"https:\/\/heideinternational.com\/our-clients\/","url":"https:\/\/heideinternational.com\/our-clients\/","name":"Heide International LLC - Nos clients","isPartOf":{"@id":"https:\/\/heideinternational.com\/#website"},"datePublished":"2023-03-24T16:31:58+00:00","dateModified":"2025-10-31T14:29:55+00:00","description":"Heide International est un service de financement pour les acheteurs locaux et internationaux en Floride, aux \u00c9tats-Unis.","breadcrumb":{"@id":"https:\/\/heideinternational.com\/our-clients\/#breadcrumb"},"inLanguage":"fr-FR","potentialAction":[{"@type":"ReadAction","target":["https:\/\/heideinternational.com\/our-clients\/"]}]},{"@type":"BreadcrumbList","@id":"https:\/\/heideinternational.com\/our-clients\/#breadcrumb","itemListElement":[{"@type":"ListItem","position":1,"name":"Home","item":"https:\/\/heideinternational.com\/"},{"@type":"ListItem","position":2,"name":"Our Clients"}]},{"@type":"WebSite","@id":"https:\/\/heideinternational.com\/#website","url":"https:\/\/heideinternational.com\/","name":"Heide International LLC","description":"Heide International LLC","potentialAction":[{"@type":"SearchAction","target":{"@type":"EntryPoint","urlTemplate":"https:\/\/heideinternational.com\/?s={search_term_string}"},"query-input":{"@type":"PropertyValueSpecification","valueRequired":true,"valueName":"search_term_string"}}],"inLanguage":"fr-FR"}]}},"_links":{"self":[{"href":"https:\/\/heideinternational.com\/fr\/wp-json\/wp\/v2\/pages\/4176","targetHints":{"allow":["GET"]}}],"collection":[{"href":"https:\/\/heideinternational.com\/fr\/wp-json\/wp\/v2\/pages"}],"about":[{"href":"https:\/\/heideinternational.com\/fr\/wp-json\/wp\/v2\/types\/page"}],"author":[{"embeddable":true,"href":"https:\/\/heideinternational.com\/fr\/wp-json\/wp\/v2\/users\/4"}],"replies":[{"embeddable":true,"href":"https:\/\/heideinternational.com\/fr\/wp-json\/wp\/v2\/comments?post=4176"}],"version-history":[{"count":0,"href":"https:\/\/heideinternational.com\/fr\/wp-json\/wp\/v2\/pages\/4176\/revisions"}],"wp:attachment":[{"href":"https:\/\/heideinternational.com\/fr\/wp-json\/wp\/v2\/media?parent=4176"}],"curies":[{"name":"wp","href":"https:\/\/api.w.org\/{rel}","templated":true}]}}