{"id":3948,"date":"2023-03-14T18:32:17","date_gmt":"2023-03-14T18:32:17","guid":{"rendered":"https:\/\/heideinternati.wpengine.com\/?page_id=3948"},"modified":"2023-03-14T18:35:27","modified_gmt":"2023-03-14T18:35:27","slug":"comment-les-toits-influencent-ils-la-vente-2","status":"publish","type":"page","link":"https:\/\/heideinternational.com\/fr\/comment-les-toits-influencent-ils-la-vente-2\/","title":{"rendered":"L'influence des toits sur la vente"},"content":{"rendered":"<div data-elementor-type=\"wp-page\" data-elementor-id=\"3948\" class=\"elementor elementor-3948\" data-elementor-post-type=\"page\">\n\t\t\t\t\t\t<section class=\"elementor-section elementor-top-section elementor-element elementor-element-f3d4d96 elementor-section-boxed elementor-section-height-default elementor-section-height-default\" data-id=\"f3d4d96\" data-element_type=\"section\" data-settings=\"{&quot;background_background&quot;:&quot;classic&quot;}\">\n\t\t\t\t\t\t<div class=\"elementor-container elementor-column-gap-default\">\n\t\t\t\t\t<div class=\"elementor-column elementor-col-100 elementor-top-column elementor-element elementor-element-a5d90df\" data-id=\"a5d90df\" data-element_type=\"column\">\n\t\t\t<div class=\"elementor-widget-wrap elementor-element-populated\">\n\t\t\t\t\t\t<div class=\"elementor-element elementor-element-e6a0976 elementor-widget elementor-widget-heading\" data-id=\"e6a0976\" data-element_type=\"widget\" data-widget_type=\"heading.default\">\n\t\t\t\t<div class=\"elementor-widget-container\">\n\t\t\t\t\t<h1 class=\"elementor-heading-title elementor-size-default\">L'influence des toits sur la vente<\/h1>\t\t\t\t<\/div>\n\t\t\t\t<\/div>\n\t\t\t\t\t<\/div>\n\t\t<\/div>\n\t\t\t\t\t<\/div>\n\t\t<\/section>\n\t\t\t\t<section class=\"elementor-section elementor-top-section elementor-element elementor-element-a509e18 elementor-section-boxed elementor-section-height-default elementor-section-height-default\" data-id=\"a509e18\" data-element_type=\"section\">\n\t\t\t\t\t\t<div class=\"elementor-container elementor-column-gap-default\">\n\t\t\t\t\t<div class=\"elementor-column elementor-col-100 elementor-top-column elementor-element elementor-element-af8a491\" data-id=\"af8a491\" data-element_type=\"column\">\n\t\t\t<div class=\"elementor-widget-wrap elementor-element-populated\">\n\t\t\t\t\t\t<div class=\"elementor-element elementor-element-befb656 elementor-widget elementor-widget-video\" data-id=\"befb656\" data-element_type=\"widget\" data-settings=\"{&quot;youtube_url&quot;:&quot;https:\\\/\\\/www.youtube.com\\\/watch?v=Eou7YjdqwWw&quot;,&quot;video_type&quot;:&quot;youtube&quot;,&quot;controls&quot;:&quot;yes&quot;}\" data-widget_type=\"video.default\">\n\t\t\t\t<div class=\"elementor-widget-container\">\n\t\t\t\t\t\t\t<div class=\"elementor-wrapper elementor-open-inline\">\n\t\t\t<div class=\"elementor-video\"><\/div>\t\t<\/div>\n\t\t\t\t\t\t<\/div>\n\t\t\t\t<\/div>\n\t\t\t\t<div class=\"elementor-element elementor-element-fd1cadd elementor-widget elementor-widget-text-editor\" data-id=\"fd1cadd\" data-element_type=\"widget\" data-widget_type=\"text-editor.default\">\n\t\t\t\t<div class=\"elementor-widget-container\">\n\t\t\t\t\t\t\t\t\t<p><strong>Ne laissez pas un toit g\u00e2cher l'achat ou la vente de votre maison<\/strong><\/p><p>\u00a0Les compagnies d'assurance choisissent de ne pas assurer les maisons dont les toits, bien qu'intacts, ont plus de 20 ans, ou pratiquent des tarifs \u00e9lev\u00e9s. Les vendeurs ne veulent pas remplacer un toit qui est sain et qui ne fuit pas et les acheteurs ne veulent pas payer les co\u00fbts exorbitants de l'assurance, si tant est qu'ils puissent l'obtenir. Les ventes de maisons s'effondrent donc. Une autre solution consiste \u00e0 financer le co\u00fbt d'une nouvelle toiture dans le cadre du pr\u00eat hypoth\u00e9caire. Supposons qu'une maison soit vendue au prix de $800.000. Elle a besoin d'un nouveau toit : $45.000. Le vendeur peut accepter une r\u00e9duction de prix de $45.000 pour couvrir le co\u00fbt d'une nouvelle toiture et nous pouvons conclure en utilisant un pr\u00eat hypoth\u00e9caire de restauration, de r\u00e9habilitation. Ces pr\u00eats permettent de conclure le contrat AVANT la r\u00e9paration du toit. Ainsi, les acheteurs peuvent emm\u00e9nager et le vendeur peut encaisser et quitter les lieux comme n'importe quelle autre transaction avant l'ach\u00e8vement de la nouvelle toiture.<\/p><p>Si le vendeur ne veut pas r\u00e9duire son prix, l'acheteur a la possibilit\u00e9 d'ajouter le co\u00fbt de la toiture au montant du pr\u00eat. Cela n'affecte pas le rapport pr\u00eat\/valeur tant que le rapport pr\u00eat\/valeur total ne d\u00e9passe pas 95% de la valeur future achev\u00e9e de la maison. En d'autres termes, l'\u00e9valuation prend en consid\u00e9ration la valeur de la maison apr\u00e8s l'installation du toit. Il est alors plus facile d'obtenir une assurance, car l'assureur peut soit autoriser la souscription d'une police d'assurance contre les risques li\u00e9s \u00e0 la construction, qui peut \u00eatre convertie en police standard une fois la toiture achev\u00e9e, soit \u00e9mettre une police d'assurance avant l'ach\u00e8vement de la toiture, qui n\u00e9cessite une inspection. La prime de la nouvelle police est alors calcul\u00e9e en fonction de la nouvelle toiture, ce qui permet d'obtenir des r\u00e9ductions. Tout le monde est donc gagnant.<\/p><p>Il convient de noter qu'un emprunteur qui verse un acompte de 20% n'aura pas \u00e0 payer d'assurance hypoth\u00e9caire m\u00eame si le co\u00fbt de la nouvelle toiture porte la valeur combin\u00e9e du pr\u00eat \u00e0 un maximum de 95%. Ce type de pr\u00eat hypoth\u00e9caire comporte quelques \u00e9tapes suppl\u00e9mentaires, car il s'agit d'un financement similaire \u00e0 celui d'un pr\u00eat \u00e0 la construction ; nous devrons donc faire approuver votre couvreur et votre contrat de construction au cours du traitement du pr\u00eat. Nous devrons donc faire approuver votre couvreur et le contrat de construction pendant le traitement du pr\u00eat. Ceci est similaire au financement de condominiums o\u00f9 nous devons faire approuver le complexe de condominiums. En revanche, nous devons faire approuver l'entrepreneur. Il serait judicieux que le couvreur soit pr\u00eat et approuv\u00e9 avant la signature du contrat afin que l'acheteur connaisse le co\u00fbt du remplacement de la toiture. Cela permettra \u00e9galement d'acc\u00e9l\u00e9rer le processus d'approbation du couvreur par le pr\u00eateur au cours de la phase de traitement du pr\u00eat hypoth\u00e9caire. Si vous souhaitez en savoir plus sur ce sujet ou sur d'autres id\u00e9es de financement hypoth\u00e9caire permettant de r\u00e9aliser des \u00e9conomies, consultez les articles de mon blog et laissez-vous surprendre. Ensuite, appelez-moi.<\/p>\t\t\t\t\t\t\t\t<\/div>\n\t\t\t\t<\/div>\n\t\t\t\t\t<\/div>\n\t\t<\/div>\n\t\t\t\t\t<\/div>\n\t\t<\/section>\n\t\t\t\t<\/div>","protected":false},"excerpt":{"rendered":"<p>How Roofs Affect A Sale https:\/\/www.youtube.com\/watch?v=Eou7YjdqwWw Don\u2019t Let a Roof Kill Your Home Purchase or Sale \u00a0Florida homeowners\u2019 insurance costs are going through the roof, so to speak\u2026 Insurance carriers are choosing not to insure or are charging high rates on homes whose roofs, though intact, are more than 20 years old. Sellers don\u2019t want [&hellip;]<\/p>","protected":false},"author":3,"featured_media":0,"parent":0,"menu_order":0,"comment_status":"closed","ping_status":"closed","template":"","meta":{"footnotes":""},"class_list":["post-3948","page","type-page","status-publish","hentry"],"yoast_head":"<!-- This site is optimized with the Yoast SEO plugin v26.8 - https:\/\/yoast.com\/product\/yoast-seo-wordpress\/ -->\n<title>How Roofs Affect A Sale - Heide International LLC<\/title>\n<meta name=\"robots\" content=\"index, follow, max-snippet:-1, max-image-preview:large, max-video-preview:-1\" \/>\n<link rel=\"canonical\" href=\"https:\/\/heideinternational.com\/fr\/comment-les-toits-influencent-ils-la-vente-2\/\" \/>\n<meta property=\"og:locale\" content=\"fr_FR\" \/>\n<meta property=\"og:type\" content=\"article\" \/>\n<meta property=\"og:title\" content=\"How Roofs Affect A Sale - Heide International LLC\" \/>\n<meta property=\"og:description\" content=\"How Roofs Affect A Sale https:\/\/www.youtube.com\/watch?v=Eou7YjdqwWw Don\u2019t Let a Roof Kill Your Home Purchase or Sale \u00a0Florida homeowners\u2019 insurance costs are going through the roof, so to speak\u2026 Insurance carriers are choosing not to insure or are charging high rates on homes whose roofs, though intact, are more than 20 years old. Sellers don\u2019t want [&hellip;]\" \/>\n<meta property=\"og:url\" content=\"https:\/\/heideinternational.com\/fr\/comment-les-toits-influencent-ils-la-vente-2\/\" \/>\n<meta property=\"og:site_name\" content=\"Heide International LLC\" \/>\n<meta property=\"article:modified_time\" content=\"2023-03-14T18:35:27+00:00\" \/>\n<meta name=\"twitter:card\" content=\"summary_large_image\" \/>\n<meta name=\"twitter:label1\" content=\"Dur\u00e9e de lecture estim\u00e9e\" \/>\n\t<meta name=\"twitter:data1\" content=\"3 minutes\" \/>\n<script type=\"application\/ld+json\" class=\"yoast-schema-graph\">{\"@context\":\"https:\/\/schema.org\",\"@graph\":[{\"@type\":\"WebPage\",\"@id\":\"https:\/\/heideinternational.com\/how-roofs-affect-a-sale\/\",\"url\":\"https:\/\/heideinternational.com\/how-roofs-affect-a-sale\/\",\"name\":\"How Roofs Affect A Sale - Heide International LLC\",\"isPartOf\":{\"@id\":\"https:\/\/heideinternational.com\/#website\"},\"datePublished\":\"2023-03-14T18:32:17+00:00\",\"dateModified\":\"2023-03-14T18:35:27+00:00\",\"breadcrumb\":{\"@id\":\"https:\/\/heideinternational.com\/how-roofs-affect-a-sale\/#breadcrumb\"},\"inLanguage\":\"fr-FR\",\"potentialAction\":[{\"@type\":\"ReadAction\",\"target\":[\"https:\/\/heideinternational.com\/how-roofs-affect-a-sale\/\"]}]},{\"@type\":\"BreadcrumbList\",\"@id\":\"https:\/\/heideinternational.com\/how-roofs-affect-a-sale\/#breadcrumb\",\"itemListElement\":[{\"@type\":\"ListItem\",\"position\":1,\"name\":\"Home\",\"item\":\"https:\/\/heideinternational.com\/\"},{\"@type\":\"ListItem\",\"position\":2,\"name\":\"How Roofs Affect A Sale\"}]},{\"@type\":\"WebSite\",\"@id\":\"https:\/\/heideinternational.com\/#website\",\"url\":\"https:\/\/heideinternational.com\/\",\"name\":\"Heide International LLC\",\"description\":\"Heide International LLC\",\"potentialAction\":[{\"@type\":\"SearchAction\",\"target\":{\"@type\":\"EntryPoint\",\"urlTemplate\":\"https:\/\/heideinternational.com\/?s={search_term_string}\"},\"query-input\":{\"@type\":\"PropertyValueSpecification\",\"valueRequired\":true,\"valueName\":\"search_term_string\"}}],\"inLanguage\":\"fr-FR\"}]}<\/script>\n<!-- \/ Yoast SEO plugin. -->","yoast_head_json":{"title":"Comment les toits affectent une vente - Heide International LLC","robots":{"index":"index","follow":"follow","max-snippet":"max-snippet:-1","max-image-preview":"max-image-preview:large","max-video-preview":"max-video-preview:-1"},"canonical":"https:\/\/heideinternational.com\/fr\/comment-les-toits-influencent-ils-la-vente-2\/","og_locale":"fr_FR","og_type":"article","og_title":"How Roofs Affect A Sale - Heide International LLC","og_description":"How Roofs Affect A Sale https:\/\/www.youtube.com\/watch?v=Eou7YjdqwWw Don\u2019t Let a Roof Kill Your Home Purchase or Sale \u00a0Florida homeowners\u2019 insurance costs are going through the roof, so to speak\u2026 Insurance carriers are choosing not to insure or are charging high rates on homes whose roofs, though intact, are more than 20 years old. Sellers don\u2019t want [&hellip;]","og_url":"https:\/\/heideinternational.com\/fr\/comment-les-toits-influencent-ils-la-vente-2\/","og_site_name":"Heide International LLC","article_modified_time":"2023-03-14T18:35:27+00:00","twitter_card":"summary_large_image","twitter_misc":{"Dur\u00e9e de lecture estim\u00e9e":"3 minutes"},"schema":{"@context":"https:\/\/schema.org","@graph":[{"@type":"WebPage","@id":"https:\/\/heideinternational.com\/how-roofs-affect-a-sale\/","url":"https:\/\/heideinternational.com\/how-roofs-affect-a-sale\/","name":"Comment les toits affectent une vente - Heide International LLC","isPartOf":{"@id":"https:\/\/heideinternational.com\/#website"},"datePublished":"2023-03-14T18:32:17+00:00","dateModified":"2023-03-14T18:35:27+00:00","breadcrumb":{"@id":"https:\/\/heideinternational.com\/how-roofs-affect-a-sale\/#breadcrumb"},"inLanguage":"fr-FR","potentialAction":[{"@type":"ReadAction","target":["https:\/\/heideinternational.com\/how-roofs-affect-a-sale\/"]}]},{"@type":"BreadcrumbList","@id":"https:\/\/heideinternational.com\/how-roofs-affect-a-sale\/#breadcrumb","itemListElement":[{"@type":"ListItem","position":1,"name":"Home","item":"https:\/\/heideinternational.com\/"},{"@type":"ListItem","position":2,"name":"How Roofs Affect A Sale"}]},{"@type":"WebSite","@id":"https:\/\/heideinternational.com\/#website","url":"https:\/\/heideinternational.com\/","name":"Heide International LLC","description":"Heide International LLC","potentialAction":[{"@type":"SearchAction","target":{"@type":"EntryPoint","urlTemplate":"https:\/\/heideinternational.com\/?s={search_term_string}"},"query-input":{"@type":"PropertyValueSpecification","valueRequired":true,"valueName":"search_term_string"}}],"inLanguage":"fr-FR"}]}},"_links":{"self":[{"href":"https:\/\/heideinternational.com\/fr\/wp-json\/wp\/v2\/pages\/3948","targetHints":{"allow":["GET"]}}],"collection":[{"href":"https:\/\/heideinternational.com\/fr\/wp-json\/wp\/v2\/pages"}],"about":[{"href":"https:\/\/heideinternational.com\/fr\/wp-json\/wp\/v2\/types\/page"}],"author":[{"embeddable":true,"href":"https:\/\/heideinternational.com\/fr\/wp-json\/wp\/v2\/users\/3"}],"replies":[{"embeddable":true,"href":"https:\/\/heideinternational.com\/fr\/wp-json\/wp\/v2\/comments?post=3948"}],"version-history":[{"count":0,"href":"https:\/\/heideinternational.com\/fr\/wp-json\/wp\/v2\/pages\/3948\/revisions"}],"wp:attachment":[{"href":"https:\/\/heideinternational.com\/fr\/wp-json\/wp\/v2\/media?parent=3948"}],"curies":[{"name":"wp","href":"https:\/\/api.w.org\/{rel}","templated":true}]}}