{"id":2324,"date":"2022-08-12T07:25:37","date_gmt":"2022-08-12T07:25:37","guid":{"rendered":"https:\/\/heideinternational.paradoxmediadev.com\/?page_id=2324"},"modified":"2022-11-21T21:15:02","modified_gmt":"2022-11-21T21:15:02","slug":"formulaire-de-credit-2","status":"publish","type":"page","link":"https:\/\/heideinternational.com\/fr\/formulaire-de-credit-2\/","title":{"rendered":"Formulaire de cr\u00e9dit"},"content":{"rendered":"<div data-elementor-type=\"wp-page\" data-elementor-id=\"2324\" class=\"elementor elementor-2324\" data-elementor-post-type=\"page\">\n\t\t\t\t\t\t<section class=\"elementor-section elementor-top-section elementor-element elementor-element-a2e4df9 elementor-section-boxed elementor-section-height-default elementor-section-height-default\" data-id=\"a2e4df9\" data-element_type=\"section\">\n\t\t\t\t\t\t<div class=\"elementor-container elementor-column-gap-default\">\n\t\t\t\t\t<div class=\"elementor-column elementor-col-100 elementor-top-column elementor-element elementor-element-78ad2ab\" data-id=\"78ad2ab\" data-element_type=\"column\">\n\t\t\t<div class=\"elementor-widget-wrap elementor-element-populated\">\n\t\t\t\t\t\t<div class=\"elementor-element elementor-element-f83f717 elementor-widget elementor-widget-wpforms\" data-id=\"f83f717\" data-element_type=\"widget\" data-widget_type=\"wpforms.default\">\n\t\t\t\t<div class=\"elementor-widget-container\">\n\t\t\t\t\t<div class=\"wpforms-container\" id=\"wpforms-2295\"><form id=\"wpforms-form-2295\" class=\"wpforms-validate wpforms-form wpforms-ajax-form\" data-formid=\"2295\" method=\"post\" enctype=\"multipart\/form-data\" action=\"\/fr\/wp-json\/wp\/v2\/pages\/2324\" data-token=\"23815acf717b49f5a80165f53a1b4478\" data-token-time=\"1776419133\" data-trp-original-action=\"\/fr\/wp-json\/wp\/v2\/pages\/2324\"><noscript class=\"wpforms-error-noscript\">Veuillez activer JavaScript dans votre navigateur pour remplir ce formulaire.<\/noscript><div class=\"wpforms-page-indicator progress\" data-indicator=\"progress\" data-indicator-color=\"#72b239\" data-scroll=\"1\"><span class=\"wpforms-page-indicator-page-title\" ><\/span><span class=\"wpforms-page-indicator-page-title-sep\" style=\"display:none;\"> - <\/span><span class=\"wpforms-page-indicator-steps\">\u00c9tape <span class=\"wpforms-page-indicator-steps-current\">1<\/span> sur 2<\/span><div class=\"wpforms-page-indicator-page-progress-wrap\"><div class=\"wpforms-page-indicator-page-progress\" style=\"width:50%;background-color:#72b239\"><\/div><\/div><\/div><div class=\"wpforms-field-container\"><div class=\"wpforms-page wpforms-page-1\" data-page=\"1\"><div id=\"wpforms-2295-field_22-container\" class=\"wpforms-field wpforms-field-pagebreak\" data-field-id=\"22\"><\/div><div id=\"wpforms-2295-field_1-container\" class=\"wpforms-field wpforms-field-html\" data-field-id=\"1\"><div id=\"wpforms-2295-field_1\"><h1 style=\"text-align:center;\">FORMULAIRE D'AUTORISATION DE CARTE DE CR\u00c9DIT<\/h1><\/div><\/div><div id=\"wpforms-2295-field_2-container\" class=\"wpforms-field wpforms-field-html\" data-field-id=\"2\"><div id=\"wpforms-2295-field_2\"><b>Avis sur la loi sur la protection de la vie priv\u00e9e :<\/b> Ces informations sont destin\u00e9es \u00e0 \u00eatre utilis\u00e9es par l'organisme qui les recueille ou par ses cessionnaires pour d\u00e9terminer si vous remplissez les conditions requises pour devenir un emprunteur hypoth\u00e9caire potentiel dans le cadre de son programme. Elles ne seront pas\r\ndivulgu\u00e9es en dehors de l'agence, sauf si la loi l'exige et le permet. Vous n'\u00eates pas oblig\u00e9 de fournir ces informations, mais si vous ne le faites pas, votre demande d'approbation en tant qu'emprunteur ou d\u00e9biteur hypoth\u00e9caire potentiel peut \u00eatre retard\u00e9e ou rejet\u00e9e.\r\nou emprunteur potentiel peut \u00eatre retard\u00e9e ou rejet\u00e9e. Les informations demand\u00e9es dans ce formulaire sont autoris\u00e9es par le Titre 38, USC, Chapitre 37 (si VA) ; par 12 USC, Section 1701 et. seq. (si HUD\/FHA) ; par 42 USC, Section\r\n1452b (si HUD\/CPD) ; et par le titre 42 USC, 1471 et suivants, ou 7 USC, 1921 et suivants (si USDA\/FmHA).<\/div><\/div><div id=\"wpforms-2295-field_3-container\" class=\"wpforms-field wpforms-field-checkbox\" data-field-id=\"3\"><label class=\"wpforms-field-label\">Services hypoth\u00e9caires : <span class=\"wpforms-required-label\">*<\/span><\/label><ul id=\"wpforms-2295-field_3\" class=\"wpforms-field-required\"><li class=\"choice-1 depth-1\"><input type=\"checkbox\" id=\"wpforms-2295-field_3_1\" name=\"wpforms[fields][3][]\" value=\"Credit Report fee approximately $28.00 per applicant\" required><label class=\"wpforms-field-label-inline\" for=\"wpforms-2295-field_3_1\">Frais de rapport de cr\u00e9dit environ $28.00 par demandeur<\/label><\/li><li class=\"choice-2 depth-1\"><input type=\"checkbox\" id=\"wpforms-2295-field_3_2\" name=\"wpforms[fields][3][]\" value=\"Appraisal fee approximately $475.00 to $750.00\" required><label class=\"wpforms-field-label-inline\" for=\"wpforms-2295-field_3_2\">Frais d'\u00e9valuation environ $475.00 \u00e0 $750.00<\/label><\/li><\/ul><\/div><div id=\"wpforms-2295-field_4-container\" class=\"wpforms-field wpforms-field-checkbox\" data-field-id=\"4\"><label class=\"wpforms-field-label\">Type de carte de cr\u00e9dit : <span class=\"wpforms-required-label\">*<\/span><\/label><ul id=\"wpforms-2295-field_4\" class=\"wpforms-field-required\"><li class=\"choice-1 depth-1\"><input type=\"checkbox\" id=\"wpforms-2295-field_4_1\" name=\"wpforms[fields][4][]\" value=\"Visa\" required><label class=\"wpforms-field-label-inline\" for=\"wpforms-2295-field_4_1\">Visa<\/label><\/li><li class=\"choice-2 depth-1\"><input type=\"checkbox\" id=\"wpforms-2295-field_4_2\" name=\"wpforms[fields][4][]\" value=\"MasterCard\" required><label class=\"wpforms-field-label-inline\" for=\"wpforms-2295-field_4_2\">MasterCard<\/label><\/li><li class=\"choice-4 depth-1\"><input type=\"checkbox\" id=\"wpforms-2295-field_4_4\" name=\"wpforms[fields][4][]\" value=\"Discover\" required><label class=\"wpforms-field-label-inline\" for=\"wpforms-2295-field_4_4\">D\u00e9couvrez<\/label><\/li><li class=\"choice-5 depth-1\"><input type=\"checkbox\" id=\"wpforms-2295-field_4_5\" name=\"wpforms[fields][4][]\" value=\"AMEX\" required><label class=\"wpforms-field-label-inline\" for=\"wpforms-2295-field_4_5\">AMEX<\/label><\/li><\/ul><\/div><div id=\"wpforms-2295-field_5-container\" class=\"wpforms-field wpforms-field-number wpf-num-limit\" data-field-id=\"5\"><label class=\"wpforms-field-label\" for=\"wpforms-2295-field_5\">Fournir un code \u00e0 4 chiffres <span class=\"wpforms-required-label\">*<\/span><\/label><input type=\"number\" id=\"wpforms-2295-field_5\" class=\"wpforms-field-large wpforms-field-required\" name=\"wpforms[fields][5]\" step=\"any\" required><\/div><div id=\"wpforms-2295-field_6-container\" class=\"wpforms-field wpforms-field-name\" data-field-id=\"6\"><label class=\"wpforms-field-label\" for=\"wpforms-2295-field_6\">Nom du titulaire de la carte (tel qu'il figure sur la carte) : <span class=\"wpforms-required-label\">*<\/span><\/label><input type=\"text\" id=\"wpforms-2295-field_6\" class=\"wpforms-field-large wpforms-field-required\" name=\"wpforms[fields][6]\" required><\/div><div id=\"wpforms-2295-field_7-container\" class=\"wpforms-field wpforms-field-number\" data-field-id=\"7\"><label class=\"wpforms-field-label\" for=\"wpforms-2295-field_7\">Num\u00e9ro de la carte de cr\u00e9dit :  <span class=\"wpforms-required-label\">*<\/span><\/label><input type=\"number\" id=\"wpforms-2295-field_7\" class=\"wpforms-field-large wpforms-field-required\" name=\"wpforms[fields][7]\" step=\"any\" required><\/div><div id=\"wpforms-2295-field_8-container\" class=\"wpforms-field wpforms-field-date-time wpforms-two-thirds wpforms-first\" data-field-id=\"8\"><label class=\"wpforms-field-label\" for=\"wpforms-2295-field_8\">Date d'expiration de la carte de cr\u00e9dit : <span class=\"wpforms-required-label\">*<\/span><\/label><div class=\"wpforms-datepicker-wrap\"><input type=\"text\" id=\"wpforms-2295-field_8\" class=\"wpforms-field-date-time-date wpforms-datepicker wpforms-field-required wpforms-field-large\" data-date-format=\"m\/d\/Y\" data-disable-past-dates=\"0\" data-input=\"true\" name=\"wpforms[fields][8][date]\" required><a title=\"Effacer la date\" data-clear role=\"button\" tabindex=\"0\" class=\"wpforms-datepicker-clear\" aria-label=\"Effacer la date\" style=\"display:none;\"><\/a><\/div><\/div><div id=\"wpforms-2295-field_9-container\" class=\"wpforms-field wpforms-field-number wpforms-one-third\" data-field-id=\"9\"><label class=\"wpforms-field-label\" for=\"wpforms-2295-field_9\">Code CVV : <span class=\"wpforms-required-label\">*<\/span><\/label><input type=\"number\" id=\"wpforms-2295-field_9\" class=\"wpforms-field-large wpforms-field-required\" name=\"wpforms[fields][9]\" step=\"any\" required><\/div><div id=\"wpforms-2295-field_21-container\" class=\"wpforms-field wpforms-field-pagebreak\" data-field-id=\"21\"><div class=\"wpforms-clear wpforms-pagebreak-left\"><button class=\"wpforms-page-button wpforms-page-next\" data-action=\"next\" data-page=\"1\" data-formid=\"2295\" disabled>Suivant<\/button><\/div><\/div><\/div><div class=\"wpforms-page wpforms-page-2 last\" data-page=\"2\" style=\"display:none;\"><div id=\"wpforms-2295-field_10-container\" class=\"wpforms-field wpforms-field-text\" data-field-id=\"10\"><label class=\"wpforms-field-label\" for=\"wpforms-2295-field_10\">Adresse de facturation : <span class=\"wpforms-required-label\">*<\/span><\/label><input type=\"text\" id=\"wpforms-2295-field_10\" class=\"wpforms-field-large wpforms-field-required\" name=\"wpforms[fields][10]\" required><div class=\"wpforms-field-description\">(Adresse o\u00f9 sont re\u00e7us les relev\u00e9s mensuels de carte de cr\u00e9dit)<\/div><\/div><div id=\"wpforms-2295-field_11-container\" class=\"wpforms-field wpforms-field-date-time wpforms-one-half wpforms-first\" data-field-id=\"11\"><label class=\"wpforms-field-label\" for=\"wpforms-2295-field_11\">Date de naissance du titulaire de la carte : <span class=\"wpforms-required-label\">*<\/span><\/label><div class=\"wpforms-datepicker-wrap\"><input type=\"text\" id=\"wpforms-2295-field_11\" class=\"wpforms-field-date-time-date wpforms-datepicker wpforms-field-required wpforms-field-large\" data-date-format=\"m\/d\/Y\" data-disable-past-dates=\"0\" data-input=\"true\" name=\"wpforms[fields][11][date]\" required><a title=\"Effacer la date\" data-clear role=\"button\" tabindex=\"0\" class=\"wpforms-datepicker-clear\" aria-label=\"Effacer la date\" style=\"display:none;\"><\/a><\/div><\/div><div id=\"wpforms-2295-field_12-container\" class=\"wpforms-field wpforms-field-date-time wpforms-one-half\" data-field-id=\"12\"><label class=\"wpforms-field-label\" for=\"wpforms-2295-field_12\">Date de naissance du co-emprunteur : <span class=\"wpforms-required-label\">*<\/span><\/label><div class=\"wpforms-datepicker-wrap\"><input type=\"text\" id=\"wpforms-2295-field_12\" class=\"wpforms-field-date-time-date wpforms-datepicker wpforms-field-required wpforms-field-large\" data-date-format=\"m\/d\/Y\" data-disable-past-dates=\"0\" data-input=\"true\" name=\"wpforms[fields][12][date]\" required><a title=\"Effacer la date\" data-clear role=\"button\" tabindex=\"0\" class=\"wpforms-datepicker-clear\" aria-label=\"Effacer la date\" style=\"display:none;\"><\/a><\/div><\/div><div id=\"wpforms-2295-field_14-container\" class=\"wpforms-field wpforms-field-html\" data-field-id=\"14\"><div id=\"wpforms-2295-field_14\">En tant que titulaire de la carte, en signant ci-dessous, j'accepte de payer, et j'autorise sp\u00e9cifiquement HEIDE INTERNATIONAL LLC \u00e0 d\u00e9biter ma carte de cr\u00e9dit,\r\npour les services fournis ci-dessus. J'accepte \u00e9galement que dans le cas o\u00f9 ma carte de cr\u00e9dit deviendrait invalide, je fournirai \u00e0 HEIDE INTERNATIONAL LLC, sur demande, une nouvelle carte de cr\u00e9dit valide, qui sera d\u00e9bit\u00e9e pour le paiement de tout solde d\u00fb \u00e0 HEIDE INTERNATIONAL LLC. Je reconnais que je comprends et autorise les frais ci-dessus et que, une fois autoris\u00e9s, il n'y aura aucun remboursement pour les produits command\u00e9s une fois les services rendus. <\/div><\/div><div id=\"wpforms-2295-field_16-container\" class=\"wpforms-field wpforms-field-date-time wpforms-one-half\" data-field-id=\"16\"><label class=\"wpforms-field-label\" for=\"wpforms-2295-field_16\">Date <span class=\"wpforms-required-label\">*<\/span><\/label><div class=\"wpforms-datepicker-wrap\"><input type=\"text\" id=\"wpforms-2295-field_16\" class=\"wpforms-field-date-time-date wpforms-datepicker wpforms-field-required wpforms-field-large\" data-date-format=\"m\/d\/Y\" data-disable-past-dates=\"0\" data-input=\"true\" name=\"wpforms[fields][16][date]\" required><a title=\"Effacer la date\" data-clear role=\"button\" tabindex=\"0\" class=\"wpforms-datepicker-clear\" aria-label=\"Effacer la date\" style=\"display:none;\"><\/a><\/div><\/div><div id=\"wpforms-2295-field_18-container\" class=\"wpforms-field wpforms-field-date-time wpforms-one-half\" data-field-id=\"18\"><label class=\"wpforms-field-label\" for=\"wpforms-2295-field_18\">Date <span class=\"wpforms-required-label\">*<\/span><\/label><div class=\"wpforms-datepicker-wrap\"><input type=\"text\" id=\"wpforms-2295-field_18\" class=\"wpforms-field-date-time-date wpforms-datepicker wpforms-field-required wpforms-field-large\" data-date-format=\"m\/d\/Y\" data-disable-past-dates=\"0\" data-input=\"true\" name=\"wpforms[fields][18][date]\" required><a title=\"Effacer la date\" data-clear role=\"button\" tabindex=\"0\" class=\"wpforms-datepicker-clear\" aria-label=\"Effacer la date\" style=\"display:none;\"><\/a><\/div><\/div><div id=\"wpforms-2295-field_19-container\" class=\"wpforms-field wpforms-field-phone wpforms-one-half wpforms-first\" data-field-id=\"19\"><label class=\"wpforms-field-label\" for=\"wpforms-2295-field_19\">Num\u00e9ro de t\u00e9l\u00e9phone de l'emprunteur : <span class=\"wpforms-required-label\">*<\/span><\/label><input type=\"tel\" id=\"wpforms-2295-field_19\" class=\"wpforms-field-large wpforms-field-required wpforms-smart-phone-field\" data-rule-smart-phone-field=\"true\" name=\"wpforms[fields][19]\" aria-label=\"Num\u00e9ro de t\u00e9l\u00e9phone de l&#039;emprunteur :\" required><\/div><div id=\"wpforms-2295-field_20-container\" class=\"wpforms-field wpforms-field-text wpforms-one-half\" data-field-id=\"20\"><label class=\"wpforms-field-label\" for=\"wpforms-2295-field_20\">Adresse \u00e9lectronique de l'emprunteur : <span class=\"wpforms-required-label\">*<\/span><\/label><input type=\"text\" id=\"wpforms-2295-field_20\" class=\"wpforms-field-large wpforms-field-required\" name=\"wpforms[fields][20]\" required><\/div><div id=\"wpforms-2295-field_23-container\" class=\"wpforms-field wpforms-field-pagebreak\" data-field-id=\"23\"><div class=\"wpforms-clear wpforms-pagebreak-left\"><\/div><\/div><\/div><\/div><!-- .wpforms-field-container --><div class=\"wpforms-recaptcha-container wpforms-is-recaptcha wpforms-is-recaptcha-type-v3\" style=\"display:none;\"><input type=\"hidden\" name=\"wpforms[recaptcha]\" value=\"\"><\/div><div class=\"wpforms-submit-container\" style=\"display:none;\"><input type=\"hidden\" name=\"wpforms[id]\" value=\"2295\"><input type=\"hidden\" name=\"page_title\" value=\"\"><input type=\"hidden\" name=\"page_url\" value=\"https:\/\/heideinternational.com\/fr\/wp-json\/wp\/v2\/pages\/2324\"><input type=\"hidden\" name=\"url_referer\" value=\"\"><button type=\"submit\" name=\"wpforms[submit]\" id=\"wpforms-submit-2295\" class=\"wpforms-submit\" data-alt-text=\"Sending...\" data-submit-text=\"Submit\" aria-live=\"assertive\" value=\"wpforms-submit\">Soumettre<\/button><img decoding=\"async\" src=\"https:\/\/heideinternational.com\/wp-content\/plugins\/wpforms\/assets\/images\/submit-spin.svg\" class=\"wpforms-submit-spinner\" style=\"display: none;\" width=\"26\" height=\"26\" alt=\"Chargement en cours\"><\/div><input type=\"hidden\" name=\"trp-form-language\" value=\"fr\"\/><\/form><\/div>  <!-- .wpforms-container -->\t\t\t\t<\/div>\n\t\t\t\t<\/div>\n\t\t\t\t\t<\/div>\n\t\t<\/div>\n\t\t\t\t\t<\/div>\n\t\t<\/section>\n\t\t\t\t<\/div>","protected":false},"excerpt":{"rendered":"","protected":false},"author":4,"featured_media":0,"parent":0,"menu_order":0,"comment_status":"closed","ping_status":"closed","template":"elementor_header_footer","meta":{"footnotes":""},"class_list":["post-2324","page","type-page","status-publish","hentry"],"yoast_head":"<!-- This site is optimized with the Yoast SEO plugin v26.8 - https:\/\/yoast.com\/product\/yoast-seo-wordpress\/ -->\n<title>Credit Form - Heide International LLC<\/title>\n<meta name=\"description\" content=\"This information is to be used by the agency collecting it or its assignees in determining whether you qualify as a prospective mortgagor under its program.\" \/>\n<meta name=\"robots\" content=\"index, follow, max-snippet:-1, max-image-preview:large, max-video-preview:-1\" \/>\n<link rel=\"canonical\" href=\"https:\/\/heideinternational.com\/fr\/formulaire-de-credit-2\/\" \/>\n<meta property=\"og:locale\" content=\"fr_FR\" \/>\n<meta property=\"og:type\" content=\"article\" \/>\n<meta property=\"og:title\" content=\"Credit Form - Heide International LLC\" \/>\n<meta property=\"og:description\" content=\"This information is to be used by the agency collecting it or its assignees in determining whether you qualify as a prospective mortgagor under its program.\" \/>\n<meta property=\"og:url\" content=\"https:\/\/heideinternational.com\/fr\/formulaire-de-credit-2\/\" \/>\n<meta property=\"og:site_name\" content=\"Heide International LLC\" \/>\n<meta property=\"article:modified_time\" content=\"2022-11-21T21:15:02+00:00\" \/>\n<meta name=\"twitter:card\" content=\"summary_large_image\" \/>\n<meta name=\"twitter:label1\" content=\"Dur\u00e9e de lecture estim\u00e9e\" \/>\n\t<meta name=\"twitter:data1\" content=\"1 minute\" \/>\n<script type=\"application\/ld+json\" class=\"yoast-schema-graph\">{\"@context\":\"https:\/\/schema.org\",\"@graph\":[{\"@type\":\"WebPage\",\"@id\":\"https:\/\/heideinternational.com\/credit-form\/\",\"url\":\"https:\/\/heideinternational.com\/credit-form\/\",\"name\":\"Credit Form - Heide International LLC\",\"isPartOf\":{\"@id\":\"https:\/\/heideinternational.com\/#website\"},\"datePublished\":\"2022-08-12T07:25:37+00:00\",\"dateModified\":\"2022-11-21T21:15:02+00:00\",\"description\":\"This information is to be used by the agency collecting it or its assignees in determining whether you qualify as a prospective mortgagor under its program.\",\"breadcrumb\":{\"@id\":\"https:\/\/heideinternational.com\/credit-form\/#breadcrumb\"},\"inLanguage\":\"fr-FR\",\"potentialAction\":[{\"@type\":\"ReadAction\",\"target\":[\"https:\/\/heideinternational.com\/credit-form\/\"]}]},{\"@type\":\"BreadcrumbList\",\"@id\":\"https:\/\/heideinternational.com\/credit-form\/#breadcrumb\",\"itemListElement\":[{\"@type\":\"ListItem\",\"position\":1,\"name\":\"Home\",\"item\":\"https:\/\/heideinternational.com\/\"},{\"@type\":\"ListItem\",\"position\":2,\"name\":\"Credit Form\"}]},{\"@type\":\"WebSite\",\"@id\":\"https:\/\/heideinternational.com\/#website\",\"url\":\"https:\/\/heideinternational.com\/\",\"name\":\"Heide International LLC\",\"description\":\"Heide International LLC\",\"potentialAction\":[{\"@type\":\"SearchAction\",\"target\":{\"@type\":\"EntryPoint\",\"urlTemplate\":\"https:\/\/heideinternational.com\/?s={search_term_string}\"},\"query-input\":{\"@type\":\"PropertyValueSpecification\",\"valueRequired\":true,\"valueName\":\"search_term_string\"}}],\"inLanguage\":\"fr-FR\"}]}<\/script>\n<!-- \/ Yoast SEO plugin. -->","yoast_head_json":{"title":"Formulaire de cr\u00e9dit - Heide International LLC","description":"Ces informations sont destin\u00e9es \u00e0 \u00eatre utilis\u00e9es par l'organisme qui les recueille ou par ses cessionnaires pour d\u00e9terminer si vous remplissez les conditions requises pour devenir un emprunteur hypoth\u00e9caire potentiel dans le cadre de son programme.","robots":{"index":"index","follow":"follow","max-snippet":"max-snippet:-1","max-image-preview":"max-image-preview:large","max-video-preview":"max-video-preview:-1"},"canonical":"https:\/\/heideinternational.com\/fr\/formulaire-de-credit-2\/","og_locale":"fr_FR","og_type":"article","og_title":"Credit Form - Heide International LLC","og_description":"This information is to be used by the agency collecting it or its assignees in determining whether you qualify as a prospective mortgagor under its program.","og_url":"https:\/\/heideinternational.com\/fr\/formulaire-de-credit-2\/","og_site_name":"Heide International LLC","article_modified_time":"2022-11-21T21:15:02+00:00","twitter_card":"summary_large_image","twitter_misc":{"Dur\u00e9e de lecture estim\u00e9e":"1 minute"},"schema":{"@context":"https:\/\/schema.org","@graph":[{"@type":"WebPage","@id":"https:\/\/heideinternational.com\/credit-form\/","url":"https:\/\/heideinternational.com\/credit-form\/","name":"Formulaire de cr\u00e9dit - Heide International LLC","isPartOf":{"@id":"https:\/\/heideinternational.com\/#website"},"datePublished":"2022-08-12T07:25:37+00:00","dateModified":"2022-11-21T21:15:02+00:00","description":"Ces informations sont destin\u00e9es \u00e0 \u00eatre utilis\u00e9es par l'organisme qui les recueille ou par ses cessionnaires pour d\u00e9terminer si vous remplissez les conditions requises pour devenir un emprunteur hypoth\u00e9caire potentiel dans le cadre de son programme.","breadcrumb":{"@id":"https:\/\/heideinternational.com\/credit-form\/#breadcrumb"},"inLanguage":"fr-FR","potentialAction":[{"@type":"ReadAction","target":["https:\/\/heideinternational.com\/credit-form\/"]}]},{"@type":"BreadcrumbList","@id":"https:\/\/heideinternational.com\/credit-form\/#breadcrumb","itemListElement":[{"@type":"ListItem","position":1,"name":"Home","item":"https:\/\/heideinternational.com\/"},{"@type":"ListItem","position":2,"name":"Credit Form"}]},{"@type":"WebSite","@id":"https:\/\/heideinternational.com\/#website","url":"https:\/\/heideinternational.com\/","name":"Heide International LLC","description":"Heide International LLC","potentialAction":[{"@type":"SearchAction","target":{"@type":"EntryPoint","urlTemplate":"https:\/\/heideinternational.com\/?s={search_term_string}"},"query-input":{"@type":"PropertyValueSpecification","valueRequired":true,"valueName":"search_term_string"}}],"inLanguage":"fr-FR"}]}},"_links":{"self":[{"href":"https:\/\/heideinternational.com\/fr\/wp-json\/wp\/v2\/pages\/2324","targetHints":{"allow":["GET"]}}],"collection":[{"href":"https:\/\/heideinternational.com\/fr\/wp-json\/wp\/v2\/pages"}],"about":[{"href":"https:\/\/heideinternational.com\/fr\/wp-json\/wp\/v2\/types\/page"}],"author":[{"embeddable":true,"href":"https:\/\/heideinternational.com\/fr\/wp-json\/wp\/v2\/users\/4"}],"replies":[{"embeddable":true,"href":"https:\/\/heideinternational.com\/fr\/wp-json\/wp\/v2\/comments?post=2324"}],"version-history":[{"count":0,"href":"https:\/\/heideinternational.com\/fr\/wp-json\/wp\/v2\/pages\/2324\/revisions"}],"wp:attachment":[{"href":"https:\/\/heideinternational.com\/fr\/wp-json\/wp\/v2\/media?parent=2324"}],"curies":[{"name":"wp","href":"https:\/\/api.w.org\/{rel}","templated":true}]}}