{"id":1860,"date":"2021-07-25T06:49:07","date_gmt":"2021-07-25T06:49:07","guid":{"rendered":"https:\/\/heideinternati.wpengine.com\/?page_id=1860"},"modified":"2022-11-23T10:23:15","modified_gmt":"2022-11-23T10:23:15","slug":"declaration-daccessibilite-2","status":"publish","type":"page","link":"https:\/\/heideinternational.com\/fr\/declaration-daccessibilite-2\/","title":{"rendered":"D\u00e9claration d'accessibilit\u00e9"},"content":{"rendered":"<div data-elementor-type=\"wp-page\" data-elementor-id=\"1860\" class=\"elementor elementor-1860\" data-elementor-post-type=\"page\">\n\t\t\t\t\t\t<section class=\"elementor-section elementor-top-section elementor-element elementor-element-69ebbbf elementor-section-boxed elementor-section-height-default elementor-section-height-default\" data-id=\"69ebbbf\" data-element_type=\"section\" data-settings=\"{&quot;background_background&quot;:&quot;classic&quot;}\">\n\t\t\t\t\t\t<div class=\"elementor-container elementor-column-gap-default\">\n\t\t\t\t\t<div class=\"elementor-column elementor-col-100 elementor-top-column elementor-element elementor-element-4cc78e3\" data-id=\"4cc78e3\" data-element_type=\"column\">\n\t\t\t<div class=\"elementor-widget-wrap elementor-element-populated\">\n\t\t\t\t\t\t<div class=\"elementor-element elementor-element-7a01cab elementor-widget elementor-widget-heading\" data-id=\"7a01cab\" data-element_type=\"widget\" data-widget_type=\"heading.default\">\n\t\t\t\t<div class=\"elementor-widget-container\">\n\t\t\t\t\t<h1 class=\"elementor-heading-title elementor-size-default\">D\u00e9claration d'accessibilit\u00e9\n<\/h1>\t\t\t\t<\/div>\n\t\t\t\t<\/div>\n\t\t\t\t\t<\/div>\n\t\t<\/div>\n\t\t\t\t\t<\/div>\n\t\t<\/section>\n\t\t\t\t<section class=\"elementor-section elementor-top-section elementor-element elementor-element-6f73ee9 elementor-section-boxed elementor-section-height-default elementor-section-height-default\" data-id=\"6f73ee9\" data-element_type=\"section\">\n\t\t\t\t\t\t<div class=\"elementor-container elementor-column-gap-default\">\n\t\t\t\t\t<div class=\"elementor-column elementor-col-100 elementor-top-column elementor-element elementor-element-102d0fb\" data-id=\"102d0fb\" data-element_type=\"column\">\n\t\t\t<div class=\"elementor-widget-wrap elementor-element-populated\">\n\t\t\t\t\t\t<div class=\"elementor-element elementor-element-b5431d6 elementor-widget elementor-widget-heading\" data-id=\"b5431d6\" data-element_type=\"widget\" data-widget_type=\"heading.default\">\n\t\t\t\t<div class=\"elementor-widget-container\">\n\t\t\t\t\t<h2 class=\"elementor-heading-title elementor-size-default\">D\u00e9claration d'accessibilit\u00e9 du site Web de Heide International\n\n<\/h2>\t\t\t\t<\/div>\n\t\t\t\t<\/div>\n\t\t\t\t<div class=\"elementor-element elementor-element-2bb9cd0 elementor-widget elementor-widget-text-editor\" data-id=\"2bb9cd0\" data-element_type=\"widget\" data-widget_type=\"text-editor.default\">\n\t\t\t\t<div class=\"elementor-widget-container\">\n\t\t\t\t\t\t\t\t\t<p>Mise \u00e0 jour : Octobre 2020.<\/p>\t\t\t\t\t\t\t\t<\/div>\n\t\t\t\t<\/div>\n\t\t\t\t<div class=\"elementor-element elementor-element-7f51eca elementor-widget elementor-widget-text-editor\" data-id=\"7f51eca\" data-element_type=\"widget\" data-widget_type=\"text-editor.default\">\n\t\t\t\t<div class=\"elementor-widget-container\">\n\t\t\t\t\t\t\t\t\t<p><strong>G\u00e9n\u00e9ral<\/strong><\/p>\t\t\t\t\t\t\t\t<\/div>\n\t\t\t\t<\/div>\n\t\t\t\t<div class=\"elementor-element elementor-element-79b8ff6 elementor-widget elementor-widget-text-editor\" data-id=\"79b8ff6\" data-element_type=\"widget\" data-widget_type=\"text-editor.default\">\n\t\t\t\t<div class=\"elementor-widget-container\">\n\t\t\t\t\t\t\t\t\t\nUndefined s'efforce de garantir l'accessibilit\u00e9 de ses services aux personnes handicap\u00e9es. Undefined a investi une quantit\u00e9 importante de ressources pour s'assurer que son site Web est plus facile \u00e0 utiliser et plus accessible pour les personnes handicap\u00e9es, avec la ferme conviction que chaque personne a le droit de vivre avec dignit\u00e9, \u00e9galit\u00e9, confort et ind\u00e9pendance.\t\t\t\t\t\t\t\t<\/div>\n\t\t\t\t<\/div>\n\t\t\t\t<div class=\"elementor-element elementor-element-d9f6782 elementor-widget elementor-widget-text-editor\" data-id=\"d9f6782\" data-element_type=\"widget\" data-widget_type=\"text-editor.default\">\n\t\t\t\t<div class=\"elementor-widget-container\">\n\t\t\t\t\t\t\t\t\t<p>Accessibilit\u00e9 sur <strong>heideinternational.com<\/strong><\/p>\t\t\t\t\t\t\t\t<\/div>\n\t\t\t\t<\/div>\n\t\t\t\t<div class=\"elementor-element elementor-element-8df2fc2 elementor-widget elementor-widget-text-editor\" data-id=\"8df2fc2\" data-element_type=\"widget\" data-widget_type=\"text-editor.default\">\n\t\t\t\t<div class=\"elementor-widget-container\">\n\t\t\t\t\t\t\t\t\t<p>Heideinternational.com met \u00e0 disposition le widget d'accessibilit\u00e9 du site AccessiBe qui est aliment\u00e9 par un serveur d'accessibilit\u00e9 d\u00e9di\u00e9. Ce logiciel permet \u00e0 Heideinternational.com d'am\u00e9liorer sa conformit\u00e9 aux directives d'accessibilit\u00e9 du contenu Web (WCAG 2.1).<\/p>\t\t\t\t\t\t\t\t<\/div>\n\t\t\t\t<\/div>\n\t\t\t\t<div class=\"elementor-element elementor-element-58984ea elementor-widget elementor-widget-text-editor\" data-id=\"58984ea\" data-element_type=\"widget\" data-widget_type=\"text-editor.default\">\n\t\t\t\t<div class=\"elementor-widget-container\">\n\t\t\t\t\t\t\t\t\t<p><strong>Activer le menu d'accessibilit\u00e9<\/strong><\/p>\t\t\t\t\t\t\t\t<\/div>\n\t\t\t\t<\/div>\n\t\t\t\t<div class=\"elementor-element elementor-element-f353cc0 elementor-widget elementor-widget-text-editor\" data-id=\"f353cc0\" data-element_type=\"widget\" data-widget_type=\"text-editor.default\">\n\t\t\t\t<div class=\"elementor-widget-container\">\n\t\t\t\t\t\t\t\t\t<p>Le menu d'accessibilit\u00e9 de Heideinternational.com peut \u00eatre activ\u00e9 soit en appuyant sur la touche de tabulation lors du premier chargement de la page, soit en cliquant sur l'ic\u00f4ne du menu d'accessibilit\u00e9 qui appara\u00eet dans le coin de la page. Apr\u00e8s avoir d\u00e9clench\u00e9 le menu d'accessibilit\u00e9, veuillez attendre un moment pour que le menu d'accessibilit\u00e9 se charge dans son int\u00e9gralit\u00e9.<\/p>\t\t\t\t\t\t\t\t<\/div>\n\t\t\t\t<\/div>\n\t\t\t\t<div class=\"elementor-element elementor-element-6a9dfb6 elementor-widget elementor-widget-text-editor\" data-id=\"6a9dfb6\" data-element_type=\"widget\" data-widget_type=\"text-editor.default\">\n\t\t\t\t<div class=\"elementor-widget-container\">\n\t\t\t\t\t\t\t\t\t<strong>Avis de non-responsabilit\u00e9<\/strong>\t\t\t\t\t\t\t\t<\/div>\n\t\t\t\t<\/div>\n\t\t\t\t<div class=\"elementor-element elementor-element-5843f6a elementor-widget elementor-widget-text-editor\" data-id=\"5843f6a\" data-element_type=\"widget\" data-widget_type=\"text-editor.default\">\n\t\t\t\t<div class=\"elementor-widget-container\">\n\t\t\t\t\t\t\t\t\t<p>Undefined poursuit ses efforts pour am\u00e9liorer constamment l'accessibilit\u00e9 de son site et de ses services, convaincu qu'il est de notre obligation morale collective de permettre une utilisation transparente, accessible et sans entrave pour les personnes handicap\u00e9es.<\/p>\t\t\t\t\t\t\t\t<\/div>\n\t\t\t\t<\/div>\n\t\t\t\t<div class=\"elementor-element elementor-element-2404126 elementor-widget elementor-widget-text-editor\" data-id=\"2404126\" data-element_type=\"widget\" data-widget_type=\"text-editor.default\">\n\t\t\t\t<div class=\"elementor-widget-container\">\n\t\t\t\t\t\t\t\t\t<p>Dans un effort continu d'am\u00e9lioration et de correction des probl\u00e8mes d'accessibilit\u00e9, nous analysons aussi r\u00e9guli\u00e8rement Heideinternational.com avec le scanner d'accessibilit\u00e9 des sites Web d'AccessiBe pour identifier et corriger tous les obstacles possibles \u00e0 l'accessibilit\u00e9 de notre site.<br \/>Malgr\u00e9 nos efforts pour rendre toutes les pages et le contenu de Heideinternational.com enti\u00e8rement accessibles, il se peut que certains contenus n'aient pas encore \u00e9t\u00e9 enti\u00e8rement adapt\u00e9s aux normes d'accessibilit\u00e9 les plus strictes. Cela peut \u00eatre d\u00fb au fait que nous n'avons pas trouv\u00e9 ou identifi\u00e9 la solution technologique la plus appropri\u00e9e.<\/p>\t\t\t\t\t\t\t\t<\/div>\n\t\t\t\t<\/div>\n\t\t\t\t<div class=\"elementor-element elementor-element-b5f5414 elementor-widget elementor-widget-text-editor\" data-id=\"b5f5414\" data-element_type=\"widget\" data-widget_type=\"text-editor.default\">\n\t\t\t\t<div class=\"elementor-widget-container\">\n\t\t\t\t\t\t\t\t\t<strong>Ici pour vous<\/strong>\t\t\t\t\t\t\t\t<\/div>\n\t\t\t\t<\/div>\n\t\t\t\t<div class=\"elementor-element elementor-element-bd1eb93 elementor-widget elementor-widget-text-editor\" data-id=\"bd1eb93\" data-element_type=\"widget\" data-widget_type=\"text-editor.default\">\n\t\t\t\t<div class=\"elementor-widget-container\">\n\t\t\t\t\t\t\t\t\t<p>Si vous rencontrez des difficult\u00e9s avec le contenu de Heideinternational.com ou si vous avez besoin d'aide avec n'importe quelle partie de notre site, veuillez nous contacter pendant les heures de bureau normales, comme indiqu\u00e9 ci-dessous, et nous serons heureux de vous aider.<\/p>\t\t\t\t\t\t\t\t<\/div>\n\t\t\t\t<\/div>\n\t\t\t\t<div class=\"elementor-element elementor-element-ad22b3d elementor-widget elementor-widget-text-editor\" data-id=\"ad22b3d\" data-element_type=\"widget\" data-widget_type=\"text-editor.default\">\n\t\t\t\t<div class=\"elementor-widget-container\">\n\t\t\t\t\t\t\t\t\t<p><strong>Nous contacter<\/strong><\/p>\t\t\t\t\t\t\t\t<\/div>\n\t\t\t\t<\/div>\n\t\t\t\t<div class=\"elementor-element elementor-element-c5319ee elementor-widget elementor-widget-text-editor\" data-id=\"c5319ee\" data-element_type=\"widget\" data-widget_type=\"text-editor.default\">\n\t\t\t\t<div class=\"elementor-widget-container\">\n\t\t\t\t\t\t\t\t\t<p>Si vous souhaitez signaler un probl\u00e8me d'accessibilit\u00e9, si vous avez des questions ou si vous avez besoin d'aide, veuillez contacter l'assistance client\u00e8le comme suit :<\/p>\t\t\t\t\t\t\t\t<\/div>\n\t\t\t\t<\/div>\n\t\t\t\t<div class=\"elementor-element elementor-element-690d2f1 elementor-widget elementor-widget-text-editor\" data-id=\"690d2f1\" data-element_type=\"widget\" data-widget_type=\"text-editor.default\">\n\t\t\t\t<div class=\"elementor-widget-container\">\n\t\t\t\t\t\t\t\t\t<p>Courriel : <strong><a href=\"mailto:kheide@heideinternational.com\">kheide@heideinternational.com<\/a><\/strong><br \/>T\u00e9l\u00e9phone : <strong><a href=\"tel: 561-213-4093\">561-213-4093<\/a><\/strong><\/p>\t\t\t\t\t\t\t\t<\/div>\n\t\t\t\t<\/div>\n\t\t\t\t\t<\/div>\n\t\t<\/div>\n\t\t\t\t\t<\/div>\n\t\t<\/section>\n\t\t\t\t<\/div>","protected":false},"excerpt":{"rendered":"<p>D\u00e9claration d'accessibilit\u00e9 D\u00e9claration d'accessibilit\u00e9 du site web de Heide International Mise \u00e0 jour : octobre 2020. G\u00e9n\u00e9ralit\u00e9s Undefined s'efforce de veiller \u00e0 ce que ses services soient accessibles aux personnes handicap\u00e9es. Undefined a investi une quantit\u00e9 importante de ressources pour aider \u00e0 garantir que son site Web est plus facile \u00e0 utiliser et plus accessible aux personnes handicap\u00e9es, avec la ferme conviction que [...]<\/p>","protected":false},"author":1,"featured_media":0,"parent":0,"menu_order":0,"comment_status":"closed","ping_status":"closed","template":"elementor_header_footer","meta":{"footnotes":""},"class_list":["post-1860","page","type-page","status-publish","hentry"],"yoast_head":"<!-- This site is optimized with the Yoast SEO plugin v26.8 - https:\/\/yoast.com\/product\/yoast-seo-wordpress\/ -->\n<title>Accessibility Statement - Heide International LLC<\/title>\n<meta name=\"description\" content=\"Heide International has invested significant resources to help ensure that our website is made easier to use for people with disabilities\" \/>\n<meta name=\"robots\" content=\"index, follow, max-snippet:-1, max-image-preview:large, max-video-preview:-1\" \/>\n<link rel=\"canonical\" href=\"https:\/\/heideinternational.com\/fr\/declaration-daccessibilite-2\/\" \/>\n<meta property=\"og:locale\" content=\"fr_FR\" \/>\n<meta property=\"og:type\" content=\"article\" \/>\n<meta property=\"og:title\" content=\"Accessibility Statement - Heide International LLC\" \/>\n<meta property=\"og:description\" content=\"Heide International has invested significant resources to help ensure that our website is made easier to use for people with disabilities\" \/>\n<meta property=\"og:url\" content=\"https:\/\/heideinternational.com\/fr\/declaration-daccessibilite-2\/\" \/>\n<meta property=\"og:site_name\" content=\"Heide International LLC\" \/>\n<meta property=\"article:modified_time\" content=\"2022-11-23T10:23:15+00:00\" \/>\n<meta name=\"twitter:card\" content=\"summary_large_image\" \/>\n<meta name=\"twitter:label1\" content=\"Dur\u00e9e de lecture estim\u00e9e\" \/>\n\t<meta name=\"twitter:data1\" content=\"2 minutes\" \/>\n<script type=\"application\/ld+json\" class=\"yoast-schema-graph\">{\"@context\":\"https:\/\/schema.org\",\"@graph\":[{\"@type\":\"WebPage\",\"@id\":\"https:\/\/heideinternational.com\/accessibility-statement\/\",\"url\":\"https:\/\/heideinternational.com\/accessibility-statement\/\",\"name\":\"Accessibility Statement - Heide International LLC\",\"isPartOf\":{\"@id\":\"https:\/\/heideinternational.com\/#website\"},\"datePublished\":\"2021-07-25T06:49:07+00:00\",\"dateModified\":\"2022-11-23T10:23:15+00:00\",\"description\":\"Heide International has invested significant resources to help ensure that our website is made easier to use for people with disabilities\",\"breadcrumb\":{\"@id\":\"https:\/\/heideinternational.com\/accessibility-statement\/#breadcrumb\"},\"inLanguage\":\"fr-FR\",\"potentialAction\":[{\"@type\":\"ReadAction\",\"target\":[\"https:\/\/heideinternational.com\/accessibility-statement\/\"]}]},{\"@type\":\"BreadcrumbList\",\"@id\":\"https:\/\/heideinternational.com\/accessibility-statement\/#breadcrumb\",\"itemListElement\":[{\"@type\":\"ListItem\",\"position\":1,\"name\":\"Home\",\"item\":\"https:\/\/heideinternational.com\/\"},{\"@type\":\"ListItem\",\"position\":2,\"name\":\"Accessibility Statement\"}]},{\"@type\":\"WebSite\",\"@id\":\"https:\/\/heideinternational.com\/#website\",\"url\":\"https:\/\/heideinternational.com\/\",\"name\":\"Heide International LLC\",\"description\":\"Heide International LLC\",\"potentialAction\":[{\"@type\":\"SearchAction\",\"target\":{\"@type\":\"EntryPoint\",\"urlTemplate\":\"https:\/\/heideinternational.com\/?s={search_term_string}\"},\"query-input\":{\"@type\":\"PropertyValueSpecification\",\"valueRequired\":true,\"valueName\":\"search_term_string\"}}],\"inLanguage\":\"fr-FR\"}]}<\/script>\n<!-- \/ Yoast SEO plugin. -->","yoast_head_json":{"title":"D\u00e9claration d'accessibilit\u00e9 - Heide International LLC","description":"Heide International a investi des ressources importantes pour faciliter l'utilisation de son site Web par les personnes handicap\u00e9es.","robots":{"index":"index","follow":"follow","max-snippet":"max-snippet:-1","max-image-preview":"max-image-preview:large","max-video-preview":"max-video-preview:-1"},"canonical":"https:\/\/heideinternational.com\/fr\/declaration-daccessibilite-2\/","og_locale":"fr_FR","og_type":"article","og_title":"Accessibility Statement - Heide International LLC","og_description":"Heide International has invested significant resources to help ensure that our website is made easier to use for people with disabilities","og_url":"https:\/\/heideinternational.com\/fr\/declaration-daccessibilite-2\/","og_site_name":"Heide International LLC","article_modified_time":"2022-11-23T10:23:15+00:00","twitter_card":"summary_large_image","twitter_misc":{"Dur\u00e9e de lecture estim\u00e9e":"2 minutes"},"schema":{"@context":"https:\/\/schema.org","@graph":[{"@type":"WebPage","@id":"https:\/\/heideinternational.com\/accessibility-statement\/","url":"https:\/\/heideinternational.com\/accessibility-statement\/","name":"D\u00e9claration d'accessibilit\u00e9 - Heide International LLC","isPartOf":{"@id":"https:\/\/heideinternational.com\/#website"},"datePublished":"2021-07-25T06:49:07+00:00","dateModified":"2022-11-23T10:23:15+00:00","description":"Heide International a investi des ressources importantes pour faciliter l'utilisation de son site Web par les personnes handicap\u00e9es.","breadcrumb":{"@id":"https:\/\/heideinternational.com\/accessibility-statement\/#breadcrumb"},"inLanguage":"fr-FR","potentialAction":[{"@type":"ReadAction","target":["https:\/\/heideinternational.com\/accessibility-statement\/"]}]},{"@type":"BreadcrumbList","@id":"https:\/\/heideinternational.com\/accessibility-statement\/#breadcrumb","itemListElement":[{"@type":"ListItem","position":1,"name":"Home","item":"https:\/\/heideinternational.com\/"},{"@type":"ListItem","position":2,"name":"Accessibility Statement"}]},{"@type":"WebSite","@id":"https:\/\/heideinternational.com\/#website","url":"https:\/\/heideinternational.com\/","name":"Heide International LLC","description":"Heide International LLC","potentialAction":[{"@type":"SearchAction","target":{"@type":"EntryPoint","urlTemplate":"https:\/\/heideinternational.com\/?s={search_term_string}"},"query-input":{"@type":"PropertyValueSpecification","valueRequired":true,"valueName":"search_term_string"}}],"inLanguage":"fr-FR"}]}},"_links":{"self":[{"href":"https:\/\/heideinternational.com\/fr\/wp-json\/wp\/v2\/pages\/1860","targetHints":{"allow":["GET"]}}],"collection":[{"href":"https:\/\/heideinternational.com\/fr\/wp-json\/wp\/v2\/pages"}],"about":[{"href":"https:\/\/heideinternational.com\/fr\/wp-json\/wp\/v2\/types\/page"}],"author":[{"embeddable":true,"href":"https:\/\/heideinternational.com\/fr\/wp-json\/wp\/v2\/users\/1"}],"replies":[{"embeddable":true,"href":"https:\/\/heideinternational.com\/fr\/wp-json\/wp\/v2\/comments?post=1860"}],"version-history":[{"count":0,"href":"https:\/\/heideinternational.com\/fr\/wp-json\/wp\/v2\/pages\/1860\/revisions"}],"wp:attachment":[{"href":"https:\/\/heideinternational.com\/fr\/wp-json\/wp\/v2\/media?parent=1860"}],"curies":[{"name":"wp","href":"https:\/\/api.w.org\/{rel}","templated":true}]}}