{"id":1032,"date":"2021-07-16T10:52:36","date_gmt":"2021-07-16T10:52:36","guid":{"rendered":"https:\/\/heideinternati.wpengine.com\/?page_id=1032"},"modified":"2023-04-26T18:48:02","modified_gmt":"2023-04-26T18:48:02","slug":"faillites-forclusions-divorce-2","status":"publish","type":"page","link":"https:\/\/heideinternational.com\/fr\/faillites-forclusions-divorce-2\/","title":{"rendered":"Faillites, saisies, divorce"},"content":{"rendered":"<div data-elementor-type=\"wp-page\" data-elementor-id=\"1032\" class=\"elementor elementor-1032\" data-elementor-post-type=\"page\">\n\t\t\t\t\t\t<section class=\"elementor-section elementor-top-section elementor-element elementor-element-8faa9e9 elementor-section-boxed elementor-section-height-default elementor-section-height-default\" data-id=\"8faa9e9\" data-element_type=\"section\" data-settings=\"{&quot;background_background&quot;:&quot;classic&quot;}\">\n\t\t\t\t\t\t<div class=\"elementor-container elementor-column-gap-default\">\n\t\t\t\t\t<div class=\"elementor-column elementor-col-100 elementor-top-column elementor-element elementor-element-8ea94e4\" data-id=\"8ea94e4\" data-element_type=\"column\">\n\t\t\t<div class=\"elementor-widget-wrap elementor-element-populated\">\n\t\t\t\t\t\t<div class=\"elementor-element elementor-element-0788fe0 elementor-widget elementor-widget-heading\" data-id=\"0788fe0\" data-element_type=\"widget\" data-widget_type=\"heading.default\">\n\t\t\t\t<div class=\"elementor-widget-container\">\n\t\t\t\t\t<h1 class=\"elementor-heading-title elementor-size-default\">Faillites, saisies, divorce\n<\/h1>\t\t\t\t<\/div>\n\t\t\t\t<\/div>\n\t\t\t\t<div class=\"elementor-element elementor-element-e7fb6ef elementor-align-center elementor-widget elementor-widget-button\" data-id=\"e7fb6ef\" data-element_type=\"widget\" data-widget_type=\"button.default\">\n\t\t\t\t<div class=\"elementor-widget-container\">\n\t\t\t\t\t\t\t\t\t<div class=\"elementor-button-wrapper\">\n\t\t\t\t\t<a class=\"elementor-button elementor-button-link elementor-size-sm\" href=\"\/fr\/faillites-forclusions-divorce-4\/\">\n\t\t\t\t\t\t<span class=\"elementor-button-content-wrapper\">\n\t\t\t\t\t\t\t\t\t<span class=\"elementor-button-text\">Cliquez ici pour regarder nos vid\u00e9os<\/span>\n\t\t\t\t\t<\/span>\n\t\t\t\t\t<\/a>\n\t\t\t\t<\/div>\n\t\t\t\t\t\t\t\t<\/div>\n\t\t\t\t<\/div>\n\t\t\t\t\t<\/div>\n\t\t<\/div>\n\t\t\t\t\t<\/div>\n\t\t<\/section>\n\t\t\t\t<section class=\"elementor-section elementor-top-section elementor-element elementor-element-05f0f5b elementor-section-boxed elementor-section-height-default elementor-section-height-default\" data-id=\"05f0f5b\" data-element_type=\"section\">\n\t\t\t\t\t\t<div class=\"elementor-container elementor-column-gap-default\">\n\t\t\t\t\t<div class=\"elementor-column elementor-col-50 elementor-top-column elementor-element elementor-element-392c6f2\" data-id=\"392c6f2\" data-element_type=\"column\">\n\t\t\t<div class=\"elementor-widget-wrap elementor-element-populated\">\n\t\t\t\t\t\t<div class=\"elementor-element elementor-element-f70654e elementor-widget elementor-widget-heading\" data-id=\"f70654e\" data-element_type=\"widget\" data-widget_type=\"heading.default\">\n\t\t\t\t<div class=\"elementor-widget-container\">\n\t\t\t\t\t<h2 class=\"elementor-heading-title elementor-size-default\">P\u00e9riodes d'attente pour <br>Bankrupts &amp; Foreclosures<\/h2>\t\t\t\t<\/div>\n\t\t\t\t<\/div>\n\t\t\t\t<div class=\"elementor-element elementor-element-65fa554 elementor-widget elementor-widget-text-editor\" data-id=\"65fa554\" data-element_type=\"widget\" data-widget_type=\"text-editor.default\">\n\t\t\t\t<div class=\"elementor-widget-container\">\n\t\t\t\t\t\t\t\t\t<p>Il existe une id\u00e9e fausse tr\u00e8s r\u00e9pandue : apr\u00e8s une vente \u00e0 d\u00e9couvert, une faillite ou une saisie, vous devez attendre sept ans avant de pouvoir obtenir un nouveau pr\u00eat hypoth\u00e9caire.<\/p><p>Voici quelques bonnes nouvelles concernant les p\u00e9riodes d'attente.<\/p><p>La FHA n'impose AUCUNE p\u00e9riode d'attente pour une vente \u00e0 d\u00e9couvert, si vous \u00eates \u00e0 jour au moment de la vente et si vous avez respect\u00e9 les \u00e9ch\u00e9ances au cours des 12 derniers mois.  Si vous \u00e9tiez en d\u00e9faut de paiement au moment de la vente \u00e0 d\u00e9couvert, la FHA vous fera attendre 3 ans. Les p\u00e9riodes d'attente les plus courtes en cas de faillite concernent le chapitre 13. Pour la FHA et la VA, la p\u00e9riode d'attente est d'un an seulement ! Ils exigent 2 ans pour le chapitre 7 ou 11.<\/p><p>Fannie Mae et Freddie Mac sont plus conservateurs et exigent une mise de fonds plus importante ou vous font attendre jusqu'\u00e0 7 ans, bien qu'avec des circonstances att\u00e9nuantes sp\u00e9cifiques, ils r\u00e9duisent \u00e9galement les p\u00e9riodes d'attente \u00e0 2 ans. Toutes les agences ont des r\u00e8gles suppl\u00e9mentaires pour tenir compte des circonstances att\u00e9nuantes. Ainsi, si vous avez planifi\u00e9 la saisie, les agences peuvent exiger que vous attendiez sept ans. MAIS, si vous avez eu une maladie grave, vous pourriez \u00eatre en mesure de r\u00e9duire la p\u00e9riode d'attente \u00e0 1 an. Il y a de l'espoir au bout du tunnel et il peut arriver beaucoup plus t\u00f4t que vous ne le pensiez.<\/p><p>Toutefois, les directives changent ou peuvent faire l'objet d'ajouts de la part des pr\u00eateurs, qui ajoutent des r\u00e8gles plus conservatrices \u00e0 ce que les agences autorisent. Faites donc le tour du march\u00e9 et visitez les sites Web des agences \u00e0 HUD.gov et VA.gov.<\/p>\t\t\t\t\t\t\t\t<\/div>\n\t\t\t\t<\/div>\n\t\t\t\t\t<\/div>\n\t\t<\/div>\n\t\t\t\t<div class=\"elementor-column elementor-col-50 elementor-top-column elementor-element elementor-element-ade456a\" data-id=\"ade456a\" data-element_type=\"column\">\n\t\t\t<div class=\"elementor-widget-wrap elementor-element-populated\">\n\t\t\t\t\t\t<div class=\"elementor-element elementor-element-de77719 elementor-widget elementor-widget-image\" data-id=\"de77719\" data-element_type=\"widget\" data-widget_type=\"image.default\">\n\t\t\t\t<div class=\"elementor-widget-container\">\n\t\t\t\t\t\t\t\t\t\t\t\t\t\t\t<img fetchpriority=\"high\" decoding=\"async\" width=\"800\" height=\"400\" src=\"https:\/\/heideinternational.com\/wp-content\/uploads\/2022\/08\/house-with-gavel-and-law-books-real-estate-law-a-2021-08-26-16-57-05-utc-1024x512.jpg\" class=\"attachment-large size-large wp-image-2473\" alt=\"\" srcset=\"https:\/\/heideinternational.com\/wp-content\/uploads\/2022\/08\/house-with-gavel-and-law-books-real-estate-law-a-2021-08-26-16-57-05-utc-1024x512.jpg 1024w, https:\/\/heideinternational.com\/wp-content\/uploads\/2022\/08\/house-with-gavel-and-law-books-real-estate-law-a-2021-08-26-16-57-05-utc-300x150.jpg 300w, https:\/\/heideinternational.com\/wp-content\/uploads\/2022\/08\/house-with-gavel-and-law-books-real-estate-law-a-2021-08-26-16-57-05-utc-768x384.jpg 768w, https:\/\/heideinternational.com\/wp-content\/uploads\/2022\/08\/house-with-gavel-and-law-books-real-estate-law-a-2021-08-26-16-57-05-utc-1536x768.jpg 1536w, https:\/\/heideinternational.com\/wp-content\/uploads\/2022\/08\/house-with-gavel-and-law-books-real-estate-law-a-2021-08-26-16-57-05-utc-2048x1024.jpg 2048w\" sizes=\"(max-width: 800px) 100vw, 800px\" \/>\t\t\t\t\t\t\t\t\t\t\t\t\t\t\t<\/div>\n\t\t\t\t<\/div>\n\t\t\t\t\t<\/div>\n\t\t<\/div>\n\t\t\t\t\t<\/div>\n\t\t<\/section>\n\t\t\t\t<section class=\"elementor-section elementor-top-section elementor-element elementor-element-5da0d10 elementor-section-boxed elementor-section-height-default elementor-section-height-default\" data-id=\"5da0d10\" data-element_type=\"section\" data-settings=\"{&quot;background_background&quot;:&quot;classic&quot;}\">\n\t\t\t\t\t\t<div class=\"elementor-container elementor-column-gap-default\">\n\t\t\t\t\t<div class=\"elementor-column elementor-col-100 elementor-top-column elementor-element elementor-element-e69acc3\" data-id=\"e69acc3\" data-element_type=\"column\">\n\t\t\t<div class=\"elementor-widget-wrap elementor-element-populated\">\n\t\t\t\t\t\t<section class=\"elementor-section elementor-inner-section elementor-element elementor-element-654755b elementor-section-boxed elementor-section-height-default elementor-section-height-default\" data-id=\"654755b\" data-element_type=\"section\">\n\t\t\t\t\t\t<div class=\"elementor-container elementor-column-gap-default\">\n\t\t\t\t\t<div class=\"elementor-column elementor-col-100 elementor-inner-column elementor-element elementor-element-72c1c5e\" data-id=\"72c1c5e\" data-element_type=\"column\">\n\t\t\t<div class=\"elementor-widget-wrap elementor-element-populated\">\n\t\t\t\t\t\t<div class=\"elementor-element elementor-element-f68b0bc elementor-widget elementor-widget-heading\" data-id=\"f68b0bc\" data-element_type=\"widget\" data-widget_type=\"heading.default\">\n\t\t\t\t<div class=\"elementor-widget-container\">\n\t\t\t\t\t<h2 class=\"elementor-heading-title elementor-size-default\">T\u00e9moignage\n<\/h2>\t\t\t\t<\/div>\n\t\t\t\t<\/div>\n\t\t\t\t<div class=\"elementor-element elementor-element-d16b6ea elementor-widget-divider--view-line elementor-widget elementor-widget-divider\" data-id=\"d16b6ea\" data-element_type=\"widget\" data-widget_type=\"divider.default\">\n\t\t\t\t<div class=\"elementor-widget-container\">\n\t\t\t\t\t\t\t<div class=\"elementor-divider\">\n\t\t\t<span class=\"elementor-divider-separator\">\n\t\t\t\t\t\t<\/span>\n\t\t<\/div>\n\t\t\t\t\t\t<\/div>\n\t\t\t\t<\/div>\n\t\t\t\t\t<\/div>\n\t\t<\/div>\n\t\t\t\t\t<\/div>\n\t\t<\/section>\n\t\t\t\t<section class=\"elementor-section elementor-inner-section elementor-element elementor-element-74a582a elementor-section-boxed elementor-section-height-default elementor-section-height-default\" data-id=\"74a582a\" data-element_type=\"section\">\n\t\t\t\t\t\t<div class=\"elementor-container elementor-column-gap-wider\">\n\t\t\t\t\t<div class=\"elementor-column elementor-col-50 elementor-inner-column elementor-element elementor-element-6f24a59\" data-id=\"6f24a59\" data-element_type=\"column\">\n\t\t\t<div class=\"elementor-widget-wrap elementor-element-populated\">\n\t\t\t\t\t\t<div class=\"elementor-element elementor-element-8241ab3 elementor-blockquote--align-left elementor-blockquote--skin-border elementor-widget elementor-widget-blockquote\" data-id=\"8241ab3\" data-element_type=\"widget\" data-widget_type=\"blockquote.default\">\n\t\t\t\t<div class=\"elementor-widget-container\">\n\t\t\t\t\t\t\t<blockquote class=\"elementor-blockquote\">\n\t\t\t<p class=\"elementor-blockquote__content\">\n\t\t\t\t\"En tant qu'agent immobilier, je traite avec beaucoup de pr\u00eateurs diff\u00e9rents, des entreprises mondiales aux entreprises locales (que je pr\u00e9f\u00e8re). D\u00e8s la premi\u00e8re communication avec Kurt et son \u00e9quipe, j'ai su que la transaction allait se d\u00e9rouler en douceur et sans accroc ! Ils sont tr\u00e8s r\u00e9actifs, minutieux et professionnels. C'\u00e9tait un vrai plaisir de travailler avec eux et j'esp\u00e8re continuer \u00e0 travailler avec eux \u00e0 l'avenir. Je vais certainement les ajouter \u00e0 ma liste de pr\u00eateurs recommand\u00e9s et je vais recommander des clients qui ont besoin de leurs services, ce que je ne prends pas \u00e0 la l\u00e9g\u00e8re car c'est mon nom et ma r\u00e9putation qui vont de pair avec ma recommandation. J'ai une confiance totale dans toutes leurs capacit\u00e9s \u00e0 assurer que mes clients re\u00e7oivent de l'aide dans tous les aspects de ce qui peut \u00eatre une p\u00e9riode et un achat stressants et effrayants. Ils se soucient vraiment de leurs clients et se surpassent ! Merci encore !\n(Note suppl\u00e9mentaire : peu de pr\u00eateurs se pr\u00e9sentent \u00e0 une cl\u00f4ture, et encore moins avec une bouteille de champagne pour c\u00e9l\u00e9brer l'\u00e9v\u00e9nement !)\t\t\t<\/p>\n\t\t\t\t\t\t\t<div class=\"e-q-footer\">\n\t\t\t\t\t\t\t\t\t\t\t<cite class=\"elementor-blockquote__author\">Lauren Saqui<\/cite>\n\t\t\t\t\t\t\t\t\t\t\t\t\t\t<\/div>\n\t\t\t\t\t<\/blockquote>\n\t\t\t\t\t\t<\/div>\n\t\t\t\t<\/div>\n\t\t\t\t\t<\/div>\n\t\t<\/div>\n\t\t\t\t<div class=\"elementor-column elementor-col-50 elementor-inner-column elementor-element elementor-element-973d1af\" data-id=\"973d1af\" data-element_type=\"column\">\n\t\t\t<div class=\"elementor-widget-wrap elementor-element-populated\">\n\t\t\t\t\t\t<div class=\"elementor-element elementor-element-0da66c3 elementor-widget elementor-widget-heading\" data-id=\"0da66c3\" data-element_type=\"widget\" data-widget_type=\"heading.default\">\n\t\t\t\t<div class=\"elementor-widget-container\">\n\t\t\t\t\t<h3 class=\"elementor-heading-title elementor-size-default\">Vous souhaitez en savoir plus et parler \u00e0 un professionnel exp\u00e9riment\u00e9 qui pourra r\u00e9pondre \u00e0 vos questions ?\n\n\n<\/h3>\t\t\t\t<\/div>\n\t\t\t\t<\/div>\n\t\t\t\t<div class=\"elementor-element elementor-element-34b1e15 elementor-widget elementor-widget-heading\" data-id=\"34b1e15\" data-element_type=\"widget\" data-widget_type=\"heading.default\">\n\t\t\t\t<div class=\"elementor-widget-container\">\n\t\t\t\t\t<h3 class=\"elementor-heading-title elementor-size-default\">Vous souhaitez savoir si vous pouvez b\u00e9n\u00e9ficier, en tant que ressortissant \u00e9tranger, d'un financement pour l'achat d'une propri\u00e9t\u00e9 aux \u00c9tats-Unis ?\n\n\n\n<\/h3>\t\t\t\t<\/div>\n\t\t\t\t<\/div>\n\t\t\t\t<div class=\"elementor-element elementor-element-649b5ab elementor-widget elementor-widget-text-editor\" data-id=\"649b5ab\" data-element_type=\"widget\" data-widget_type=\"text-editor.default\">\n\t\t\t\t<div class=\"elementor-widget-container\">\n\t\t\t\t\t\t\t\t\t<p>Appelez Kurt (il est facile de lui parler).<\/p>\t\t\t\t\t\t\t\t<\/div>\n\t\t\t\t<\/div>\n\t\t\t\t<div class=\"elementor-element elementor-element-a9b653f elementor-icon-list--layout-traditional elementor-list-item-link-full_width elementor-widget elementor-widget-icon-list\" data-id=\"a9b653f\" data-element_type=\"widget\" data-widget_type=\"icon-list.default\">\n\t\t\t\t<div class=\"elementor-widget-container\">\n\t\t\t\t\t\t\t<ul class=\"elementor-icon-list-items\">\n\t\t\t\t\t\t\t<li class=\"elementor-icon-list-item\">\n\t\t\t\t\t\t\t\t\t\t\t<a href=\"tel:%20561-213-4093\">\n\n\t\t\t\t\t\t\t\t\t\t\t\t<span class=\"elementor-icon-list-icon\">\n\t\t\t\t\t\t\t<svg aria-hidden=\"true\" class=\"e-font-icon-svg e-fas-phone-alt\" viewbox=\"0 0 512 512\" xmlns=\"http:\/\/www.w3.org\/2000\/svg\"><path d=\"M497.39 361.8l-112-48a24 24 0 0 0-28 6.9l-49.6 60.6A370.66 370.66 0 0 1 130.6 204.11l60.6-49.6a23.94 23.94 0 0 0 6.9-28l-48-112A24.16 24.16 0 0 0 122.6.61l-104 24A24 24 0 0 0 0 48c0 256.5 207.9 464 464 464a24 24 0 0 0 23.4-18.6l24-104a24.29 24.29 0 0 0-14.01-27.6z\"><\/path><\/svg>\t\t\t\t\t\t<\/span>\n\t\t\t\t\t\t\t\t\t\t<span class=\"elementor-icon-list-text\">T\u00e9l\u00e9phone : 561-213-4093<\/span>\n\t\t\t\t\t\t\t\t\t\t\t<\/a>\n\t\t\t\t\t\t\t\t\t<\/li>\n\t\t\t\t\t\t\t\t<li class=\"elementor-icon-list-item\">\n\t\t\t\t\t\t\t\t\t\t\t<a href=\"mailto:%20Kheide@HeideInternational.com\">\n\n\t\t\t\t\t\t\t\t\t\t\t\t<span class=\"elementor-icon-list-icon\">\n\t\t\t\t\t\t\t<svg aria-hidden=\"true\" class=\"e-font-icon-svg e-fas-envelope\" viewbox=\"0 0 512 512\" xmlns=\"http:\/\/www.w3.org\/2000\/svg\"><path d=\"M502.3 190.8c3.9-3.1 9.7-.2 9.7 4.7V400c0 26.5-21.5 48-48 48H48c-26.5 0-48-21.5-48-48V195.6c0-5 5.7-7.8 9.7-4.7 22.4 17.4 52.1 39.5 154.1 113.6 21.1 15.4 56.7 47.8 92.2 47.6 35.7.3 72-32.8 92.3-47.6 102-74.1 131.6-96.3 154-113.7zM256 320c23.2.4 56.6-29.2 73.4-41.4 132.7-96.3 142.8-104.7 173.4-128.7 5.8-4.5 9.2-11.5 9.2-18.9v-19c0-26.5-21.5-48-48-48H48C21.5 64 0 85.5 0 112v19c0 7.4 3.4 14.3 9.2 18.9 30.6 23.9 40.7 32.4 173.4 128.7 16.8 12.2 50.2 41.8 73.4 41.4z\"><\/path><\/svg>\t\t\t\t\t\t<\/span>\n\t\t\t\t\t\t\t\t\t\t<span class=\"elementor-icon-list-text\">Kheide@HeideInternational.com<\/span>\n\t\t\t\t\t\t\t\t\t\t\t<\/a>\n\t\t\t\t\t\t\t\t\t<\/li>\n\t\t\t\t\t\t\t\t<li class=\"elementor-icon-list-item\">\n\t\t\t\t\t\t\t\t\t\t\t<span class=\"elementor-icon-list-icon\">\n\t\t\t\t\t\t\t<svg aria-hidden=\"true\" class=\"e-font-icon-svg e-far-id-card\" viewbox=\"0 0 576 512\" xmlns=\"http:\/\/www.w3.org\/2000\/svg\"><path d=\"M528 32H48C21.5 32 0 53.5 0 80v352c0 26.5 21.5 48 48 48h480c26.5 0 48-21.5 48-48V80c0-26.5-21.5-48-48-48zm0 400H303.2c.9-4.5.8 3.6.8-22.4 0-31.8-30.1-57.6-67.2-57.6-10.8 0-18.7 8-44.8 8-26.9 0-33.4-8-44.8-8-37.1 0-67.2 25.8-67.2 57.6 0 26-.2 17.9.8 22.4H48V144h480v288zm-168-80h112c4.4 0 8-3.6 8-8v-16c0-4.4-3.6-8-8-8H360c-4.4 0-8 3.6-8 8v16c0 4.4 3.6 8 8 8zm0-64h112c4.4 0 8-3.6 8-8v-16c0-4.4-3.6-8-8-8H360c-4.4 0-8 3.6-8 8v16c0 4.4 3.6 8 8 8zm0-64h112c4.4 0 8-3.6 8-8v-16c0-4.4-3.6-8-8-8H360c-4.4 0-8 3.6-8 8v16c0 4.4 3.6 8 8 8zm-168 96c35.3 0 64-28.7 64-64s-28.7-64-64-64-64 28.7-64 64 28.7 64 64 64z\"><\/path><\/svg>\t\t\t\t\t\t<\/span>\n\t\t\t\t\t\t\t\t\t\t<span class=\"elementor-icon-list-text\">Num\u00e9ro de succursale #1845861, Num\u00e9ro NMLS #368938<\/span>\n\t\t\t\t\t\t\t\t\t<\/li>\n\t\t\t\t\t\t<\/ul>\n\t\t\t\t\t\t<\/div>\n\t\t\t\t<\/div>\n\t\t\t\t\t<\/div>\n\t\t<\/div>\n\t\t\t\t\t<\/div>\n\t\t<\/section>\n\t\t\t\t\t<\/div>\n\t\t<\/div>\n\t\t\t\t\t<\/div>\n\t\t<\/section>\n\t\t\t\t<\/div>","protected":false},"excerpt":{"rendered":"<p>Bankruptcies, Foreclosures, Divorce Click Here to Watch Our Videos Waiting Periods for Bankrupts &amp; Foreclosures There\u2019s a common misconception; that after a short sale, bankruptcy or foreclosure, you\u2019ll have to wait 7 years before you can get a new mortgage. Here\u2019s some good news regarding the waiting periods. FHA has NO waiting period on a [&hellip;]<\/p>","protected":false},"author":1,"featured_media":0,"parent":0,"menu_order":0,"comment_status":"closed","ping_status":"closed","template":"elementor_header_footer","meta":{"footnotes":""},"class_list":["post-1032","page","type-page","status-publish","hentry"],"yoast_head":"<!-- This site is optimized with the Yoast SEO plugin v26.8 - https:\/\/yoast.com\/product\/yoast-seo-wordpress\/ -->\n<title>Mortgage for Bankruptcies, Foreclosures - Heide International<\/title>\n<meta name=\"description\" content=\"Find out about the waiting periods and mortgage plans for Bankruptcies, Foreclosures, and Divorce in the USA. Get more details!\" \/>\n<meta name=\"robots\" content=\"index, follow, max-snippet:-1, max-image-preview:large, max-video-preview:-1\" \/>\n<link rel=\"canonical\" href=\"https:\/\/heideinternational.com\/fr\/faillites-forclusions-divorce-2\/\" \/>\n<meta property=\"og:locale\" content=\"fr_FR\" \/>\n<meta property=\"og:type\" content=\"article\" \/>\n<meta property=\"og:title\" content=\"Mortgage for Bankruptcies, Foreclosures - Heide International\" \/>\n<meta property=\"og:description\" content=\"Find out about the waiting periods and mortgage plans for Bankruptcies, Foreclosures, and Divorce in the USA. Get more details!\" \/>\n<meta property=\"og:url\" content=\"https:\/\/heideinternational.com\/fr\/faillites-forclusions-divorce-2\/\" \/>\n<meta property=\"og:site_name\" content=\"Heide International LLC\" \/>\n<meta property=\"article:modified_time\" content=\"2023-04-26T18:48:02+00:00\" \/>\n<meta property=\"og:image\" content=\"https:\/\/heideinternational.com\/wp-content\/uploads\/2022\/08\/house-with-gavel-and-law-books-real-estate-law-a-2021-08-26-16-57-05-utc-1024x512.jpg\" \/>\n<meta name=\"twitter:card\" content=\"summary_large_image\" \/>\n<meta name=\"twitter:label1\" content=\"Dur\u00e9e de lecture estim\u00e9e\" \/>\n\t<meta name=\"twitter:data1\" content=\"3 minutes\" \/>\n<script type=\"application\/ld+json\" class=\"yoast-schema-graph\">{\"@context\":\"https:\/\/schema.org\",\"@graph\":[{\"@type\":\"WebPage\",\"@id\":\"https:\/\/heideinternational.com\/bankruptcies-foreclosures-divorce\/\",\"url\":\"https:\/\/heideinternational.com\/bankruptcies-foreclosures-divorce\/\",\"name\":\"Mortgage for Bankruptcies, Foreclosures - Heide International\",\"isPartOf\":{\"@id\":\"https:\/\/heideinternational.com\/#website\"},\"primaryImageOfPage\":{\"@id\":\"https:\/\/heideinternational.com\/bankruptcies-foreclosures-divorce\/#primaryimage\"},\"image\":{\"@id\":\"https:\/\/heideinternational.com\/bankruptcies-foreclosures-divorce\/#primaryimage\"},\"thumbnailUrl\":\"https:\/\/heideinternational.com\/wp-content\/uploads\/2022\/08\/house-with-gavel-and-law-books-real-estate-law-a-2021-08-26-16-57-05-utc-1024x512.jpg\",\"datePublished\":\"2021-07-16T10:52:36+00:00\",\"dateModified\":\"2023-04-26T18:48:02+00:00\",\"description\":\"Find out about the waiting periods and mortgage plans for Bankruptcies, Foreclosures, and Divorce in the USA. Get more details!\",\"breadcrumb\":{\"@id\":\"https:\/\/heideinternational.com\/bankruptcies-foreclosures-divorce\/#breadcrumb\"},\"inLanguage\":\"fr-FR\",\"potentialAction\":[{\"@type\":\"ReadAction\",\"target\":[\"https:\/\/heideinternational.com\/bankruptcies-foreclosures-divorce\/\"]}]},{\"@type\":\"ImageObject\",\"inLanguage\":\"fr-FR\",\"@id\":\"https:\/\/heideinternational.com\/bankruptcies-foreclosures-divorce\/#primaryimage\",\"url\":\"https:\/\/heideinternational.com\/wp-content\/uploads\/2022\/08\/house-with-gavel-and-law-books-real-estate-law-a-2021-08-26-16-57-05-utc-1024x512.jpg\",\"contentUrl\":\"https:\/\/heideinternational.com\/wp-content\/uploads\/2022\/08\/house-with-gavel-and-law-books-real-estate-law-a-2021-08-26-16-57-05-utc-1024x512.jpg\"},{\"@type\":\"BreadcrumbList\",\"@id\":\"https:\/\/heideinternational.com\/bankruptcies-foreclosures-divorce\/#breadcrumb\",\"itemListElement\":[{\"@type\":\"ListItem\",\"position\":1,\"name\":\"Home\",\"item\":\"https:\/\/heideinternational.com\/\"},{\"@type\":\"ListItem\",\"position\":2,\"name\":\"Bankruptcies, Foreclosures, Divorce\"}]},{\"@type\":\"WebSite\",\"@id\":\"https:\/\/heideinternational.com\/#website\",\"url\":\"https:\/\/heideinternational.com\/\",\"name\":\"Heide International LLC\",\"description\":\"Heide International LLC\",\"potentialAction\":[{\"@type\":\"SearchAction\",\"target\":{\"@type\":\"EntryPoint\",\"urlTemplate\":\"https:\/\/heideinternational.com\/?s={search_term_string}\"},\"query-input\":{\"@type\":\"PropertyValueSpecification\",\"valueRequired\":true,\"valueName\":\"search_term_string\"}}],\"inLanguage\":\"fr-FR\"}]}<\/script>\n<!-- \/ Yoast SEO plugin. -->","yoast_head_json":{"title":"Hypoth\u00e8que pour les faillites et les saisies - Heide International","description":"D\u00e9couvrez les p\u00e9riodes d'attente et les plans hypoth\u00e9caires pour les faillites, les saisies et les divorces aux \u00c9tats-Unis. Plus d'informations !","robots":{"index":"index","follow":"follow","max-snippet":"max-snippet:-1","max-image-preview":"max-image-preview:large","max-video-preview":"max-video-preview:-1"},"canonical":"https:\/\/heideinternational.com\/fr\/faillites-forclusions-divorce-2\/","og_locale":"fr_FR","og_type":"article","og_title":"Mortgage for Bankruptcies, Foreclosures - Heide International","og_description":"Find out about the waiting periods and mortgage plans for Bankruptcies, Foreclosures, and Divorce in the USA. Get more details!","og_url":"https:\/\/heideinternational.com\/fr\/faillites-forclusions-divorce-2\/","og_site_name":"Heide International LLC","article_modified_time":"2023-04-26T18:48:02+00:00","og_image":[{"url":"https:\/\/heideinternational.com\/wp-content\/uploads\/2022\/08\/house-with-gavel-and-law-books-real-estate-law-a-2021-08-26-16-57-05-utc-1024x512.jpg","type":"","width":"","height":""}],"twitter_card":"summary_large_image","twitter_misc":{"Dur\u00e9e de lecture estim\u00e9e":"3 minutes"},"schema":{"@context":"https:\/\/schema.org","@graph":[{"@type":"WebPage","@id":"https:\/\/heideinternational.com\/bankruptcies-foreclosures-divorce\/","url":"https:\/\/heideinternational.com\/bankruptcies-foreclosures-divorce\/","name":"Hypoth\u00e8que pour les faillites et les saisies - Heide International","isPartOf":{"@id":"https:\/\/heideinternational.com\/#website"},"primaryImageOfPage":{"@id":"https:\/\/heideinternational.com\/bankruptcies-foreclosures-divorce\/#primaryimage"},"image":{"@id":"https:\/\/heideinternational.com\/bankruptcies-foreclosures-divorce\/#primaryimage"},"thumbnailUrl":"https:\/\/heideinternational.com\/wp-content\/uploads\/2022\/08\/house-with-gavel-and-law-books-real-estate-law-a-2021-08-26-16-57-05-utc-1024x512.jpg","datePublished":"2021-07-16T10:52:36+00:00","dateModified":"2023-04-26T18:48:02+00:00","description":"D\u00e9couvrez les p\u00e9riodes d'attente et les plans hypoth\u00e9caires pour les faillites, les saisies et les divorces aux \u00c9tats-Unis. Plus d'informations !","breadcrumb":{"@id":"https:\/\/heideinternational.com\/bankruptcies-foreclosures-divorce\/#breadcrumb"},"inLanguage":"fr-FR","potentialAction":[{"@type":"ReadAction","target":["https:\/\/heideinternational.com\/bankruptcies-foreclosures-divorce\/"]}]},{"@type":"ImageObject","inLanguage":"fr-FR","@id":"https:\/\/heideinternational.com\/bankruptcies-foreclosures-divorce\/#primaryimage","url":"https:\/\/heideinternational.com\/wp-content\/uploads\/2022\/08\/house-with-gavel-and-law-books-real-estate-law-a-2021-08-26-16-57-05-utc-1024x512.jpg","contentUrl":"https:\/\/heideinternational.com\/wp-content\/uploads\/2022\/08\/house-with-gavel-and-law-books-real-estate-law-a-2021-08-26-16-57-05-utc-1024x512.jpg"},{"@type":"BreadcrumbList","@id":"https:\/\/heideinternational.com\/bankruptcies-foreclosures-divorce\/#breadcrumb","itemListElement":[{"@type":"ListItem","position":1,"name":"Home","item":"https:\/\/heideinternational.com\/"},{"@type":"ListItem","position":2,"name":"Bankruptcies, Foreclosures, Divorce"}]},{"@type":"WebSite","@id":"https:\/\/heideinternational.com\/#website","url":"https:\/\/heideinternational.com\/","name":"Heide International LLC","description":"Heide International LLC","potentialAction":[{"@type":"SearchAction","target":{"@type":"EntryPoint","urlTemplate":"https:\/\/heideinternational.com\/?s={search_term_string}"},"query-input":{"@type":"PropertyValueSpecification","valueRequired":true,"valueName":"search_term_string"}}],"inLanguage":"fr-FR"}]}},"_links":{"self":[{"href":"https:\/\/heideinternational.com\/fr\/wp-json\/wp\/v2\/pages\/1032","targetHints":{"allow":["GET"]}}],"collection":[{"href":"https:\/\/heideinternational.com\/fr\/wp-json\/wp\/v2\/pages"}],"about":[{"href":"https:\/\/heideinternational.com\/fr\/wp-json\/wp\/v2\/types\/page"}],"author":[{"embeddable":true,"href":"https:\/\/heideinternational.com\/fr\/wp-json\/wp\/v2\/users\/1"}],"replies":[{"embeddable":true,"href":"https:\/\/heideinternational.com\/fr\/wp-json\/wp\/v2\/comments?post=1032"}],"version-history":[{"count":0,"href":"https:\/\/heideinternational.com\/fr\/wp-json\/wp\/v2\/pages\/1032\/revisions"}],"wp:attachment":[{"href":"https:\/\/heideinternational.com\/fr\/wp-json\/wp\/v2\/media?parent=1032"}],"curies":[{"name":"wp","href":"https:\/\/api.w.org\/{rel}","templated":true}]}}