{"id":3983,"date":"2023-03-14T19:53:56","date_gmt":"2023-03-14T19:53:56","guid":{"rendered":"https:\/\/heideinternati.wpengine.com\/?page_id=3983"},"modified":"2023-03-14T20:02:38","modified_gmt":"2023-03-14T20:02:38","slug":"trucos-para-ganar-dinero-por-cuenta-propia-2","status":"publish","type":"page","link":"https:\/\/heideinternational.com\/es\/trucos-para-ganar-dinero-por-cuenta-propia-2\/","title":{"rendered":"Trucos para ganar dinero como aut\u00f3nomo"},"content":{"rendered":"<div data-elementor-type=\"wp-page\" data-elementor-id=\"3983\" class=\"elementor elementor-3983\" data-elementor-post-type=\"page\">\n\t\t\t\t\t\t<section class=\"elementor-section elementor-top-section elementor-element elementor-element-68e8936 elementor-section-boxed elementor-section-height-default elementor-section-height-default\" data-id=\"68e8936\" data-element_type=\"section\" data-settings=\"{&quot;background_background&quot;:&quot;classic&quot;}\">\n\t\t\t\t\t\t<div class=\"elementor-container elementor-column-gap-default\">\n\t\t\t\t\t<div class=\"elementor-column elementor-col-100 elementor-top-column elementor-element elementor-element-3947b0f\" data-id=\"3947b0f\" data-element_type=\"column\">\n\t\t\t<div class=\"elementor-widget-wrap elementor-element-populated\">\n\t\t\t\t\t\t<div class=\"elementor-element elementor-element-f4bd414 elementor-widget elementor-widget-heading\" data-id=\"f4bd414\" data-element_type=\"widget\" data-widget_type=\"heading.default\">\n\t\t\t\t<div class=\"elementor-widget-container\">\n\t\t\t\t\t<h1 class=\"elementor-heading-title elementor-size-default\">Trucos para ganar dinero como aut\u00f3nomo<br>Lo que hay que saber<\/h1>\t\t\t\t<\/div>\n\t\t\t\t<\/div>\n\t\t\t\t\t<\/div>\n\t\t<\/div>\n\t\t\t\t\t<\/div>\n\t\t<\/section>\n\t\t\t\t<section class=\"elementor-section elementor-top-section elementor-element elementor-element-078e025 elementor-section-boxed elementor-section-height-default elementor-section-height-default\" data-id=\"078e025\" data-element_type=\"section\">\n\t\t\t\t\t\t<div class=\"elementor-container elementor-column-gap-default\">\n\t\t\t\t\t<div class=\"elementor-column elementor-col-100 elementor-top-column elementor-element elementor-element-7d45f34\" data-id=\"7d45f34\" data-element_type=\"column\">\n\t\t\t<div class=\"elementor-widget-wrap elementor-element-populated\">\n\t\t\t\t\t\t<div class=\"elementor-element elementor-element-850fe3f elementor-widget elementor-widget-video\" data-id=\"850fe3f\" data-element_type=\"widget\" data-settings=\"{&quot;video_type&quot;:&quot;vimeo&quot;}\" data-widget_type=\"video.default\">\n\t\t\t\t<div class=\"elementor-widget-container\">\n\t\t\t\t\t\t\t<div class=\"elementor-wrapper elementor-open-inline\">\n\t\t\t<iframe class=\"elementor-video-iframe\" allowfullscreen allow=\"clipboard-write\" title=\"vimeo \u0412\u0438\u0434\u0435\u043e\u043f\u043b\u0435\u0435\u0440\" src=\"https:\/\/player.vimeo.com\/video\/808070370?color&amp;autopause=0&amp;loop=0&amp;muted=0&amp;title=1&amp;portrait=1&amp;byline=1#t=\" data-no-translation-title=\"\"><\/iframe>\t\t<\/div>\n\t\t\t\t\t\t<\/div>\n\t\t\t\t<\/div>\n\t\t\t\t<div class=\"elementor-element elementor-element-e1d05c3 elementor-widget elementor-widget-text-editor\" data-id=\"e1d05c3\" data-element_type=\"widget\" data-widget_type=\"text-editor.default\">\n\t\t\t\t<div class=\"elementor-widget-container\">\n\t\t\t\t\t\t\t\t\t<p><strong>\u00bfSab\u00eda que la FNMA no le obliga a tener en cuenta las p\u00e9rdidas por trabajo aut\u00f3nomo si dispone de ingresos de otra fuente?<\/strong><\/p><p>Las p\u00e9rdidas de los prestatarios aut\u00f3nomos declaradas en las declaraciones de impuestos del prestatario, no es necesario cuando un prestatario puede calificar utilizando s\u00f3lo los ingresos que son de otra fuente no aut\u00f3nomo. Ejemplos de ingresos no aut\u00f3nomos de otra fuente incluyen el salario de otro trabajo, los ingresos pasivos y los ingresos de jubilaci\u00f3n. Por lo tanto, si su negocio arroja p\u00e9rdidas, es posible que no tenga que contabilizarlas si dispone de otros ingresos. Los prestamistas exigen dos a\u00f1os de declaraciones de impuestos personales y de la empresa firmadas para calcular unos ingresos medios, pero en determinadas condiciones se puede prescindir de las declaraciones de impuestos de la empresa si: -el prestatario utiliza fondos personales para el pago inicial, los gastos de cierre y las reservas, -ha trabajado por cuenta propia en el mismo negocio durante al menos cinco a\u00f1os, y -las declaraciones de impuestos individuales del prestatario muestran un aumento de los ingresos por cuenta propia en los dos \u00faltimos a\u00f1os. Otra alternativa para un prestamista permite a un prestatario aut\u00f3nomo cumplir los requisitos utilizando el a\u00f1o m\u00e1s reciente de declaraciones de impuestos personales y empresariales, en lugar de analizar los 2 \u00faltimos a\u00f1os de declaraciones de impuestos. Estas normas pueden ofrecer grandes ventajas a un prestatario cuando la empresa tuvo menores ingresos el a\u00f1o anterior. O si las p\u00e9rdidas del negocio del aut\u00f3nomo pueden afectar negativamente a los ingresos disponibles a efectos de calificaci\u00f3n.<\/p>\t\t\t\t\t\t\t\t<\/div>\n\t\t\t\t<\/div>\n\t\t\t\t\t<\/div>\n\t\t<\/div>\n\t\t\t\t\t<\/div>\n\t\t<\/section>\n\t\t\t\t<\/div>","protected":false},"excerpt":{"rendered":"<p>Self-Employed Income HacksWhat You Need to Know https:\/\/vimeo.com\/808070370 Did you know that FNMA does not make you consider self- employment losses if income from another source is available? Self-employed borrower\u2019s losses reported on the borrower&#8217;s tax returns, is not required when a borrower can qualify using only income that is from separate non self-employed source. [&hellip;]<\/p>","protected":false},"author":3,"featured_media":0,"parent":0,"menu_order":0,"comment_status":"closed","ping_status":"closed","template":"","meta":{"footnotes":""},"class_list":["post-3983","page","type-page","status-publish","hentry"],"yoast_head":"<!-- This site is optimized with the Yoast SEO plugin v26.8 - https:\/\/yoast.com\/product\/yoast-seo-wordpress\/ -->\n<title>Self-Employed Income Hacks - Heide International LLC<\/title>\n<meta name=\"robots\" content=\"index, follow, max-snippet:-1, max-image-preview:large, max-video-preview:-1\" \/>\n<link rel=\"canonical\" href=\"https:\/\/heideinternational.com\/es\/trucos-para-ganar-dinero-por-cuenta-propia-2\/\" \/>\n<meta property=\"og:locale\" content=\"es_MX\" \/>\n<meta property=\"og:type\" content=\"article\" \/>\n<meta property=\"og:title\" content=\"Self-Employed Income Hacks - Heide International LLC\" \/>\n<meta property=\"og:description\" content=\"Self-Employed Income HacksWhat You Need to Know https:\/\/vimeo.com\/808070370 Did you know that FNMA does not make you consider self- employment losses if income from another source is available? Self-employed borrower\u2019s losses reported on the borrower&#8217;s tax returns, is not required when a borrower can qualify using only income that is from separate non self-employed source. [&hellip;]\" \/>\n<meta property=\"og:url\" content=\"https:\/\/heideinternational.com\/es\/trucos-para-ganar-dinero-por-cuenta-propia-2\/\" \/>\n<meta property=\"og:site_name\" content=\"Heide International LLC\" \/>\n<meta property=\"article:modified_time\" content=\"2023-03-14T20:02:38+00:00\" \/>\n<meta name=\"twitter:card\" content=\"summary_large_image\" \/>\n<meta name=\"twitter:label1\" content=\"Tiempo de lectura\" \/>\n\t<meta name=\"twitter:data1\" content=\"1 minuto\" \/>\n<script type=\"application\/ld+json\" class=\"yoast-schema-graph\">{\"@context\":\"https:\/\/schema.org\",\"@graph\":[{\"@type\":\"WebPage\",\"@id\":\"https:\/\/heideinternational.com\/self-employed-income-hacks\/\",\"url\":\"https:\/\/heideinternational.com\/self-employed-income-hacks\/\",\"name\":\"Self-Employed Income Hacks - Heide International LLC\",\"isPartOf\":{\"@id\":\"https:\/\/heideinternational.com\/#website\"},\"datePublished\":\"2023-03-14T19:53:56+00:00\",\"dateModified\":\"2023-03-14T20:02:38+00:00\",\"breadcrumb\":{\"@id\":\"https:\/\/heideinternational.com\/self-employed-income-hacks\/#breadcrumb\"},\"inLanguage\":\"es\",\"potentialAction\":[{\"@type\":\"ReadAction\",\"target\":[\"https:\/\/heideinternational.com\/self-employed-income-hacks\/\"]}]},{\"@type\":\"BreadcrumbList\",\"@id\":\"https:\/\/heideinternational.com\/self-employed-income-hacks\/#breadcrumb\",\"itemListElement\":[{\"@type\":\"ListItem\",\"position\":1,\"name\":\"Home\",\"item\":\"https:\/\/heideinternational.com\/\"},{\"@type\":\"ListItem\",\"position\":2,\"name\":\"Self-Employed Income Hacks\"}]},{\"@type\":\"WebSite\",\"@id\":\"https:\/\/heideinternational.com\/#website\",\"url\":\"https:\/\/heideinternational.com\/\",\"name\":\"Heide International LLC\",\"description\":\"Heide International LLC\",\"potentialAction\":[{\"@type\":\"SearchAction\",\"target\":{\"@type\":\"EntryPoint\",\"urlTemplate\":\"https:\/\/heideinternational.com\/?s={search_term_string}\"},\"query-input\":{\"@type\":\"PropertyValueSpecification\",\"valueRequired\":true,\"valueName\":\"search_term_string\"}}],\"inLanguage\":\"es\"}]}<\/script>\n<!-- \/ Yoast SEO plugin. -->","yoast_head_json":{"title":"Trucos para obtener ingresos como aut\u00f3nomo - Heide International LLC","robots":{"index":"index","follow":"follow","max-snippet":"max-snippet:-1","max-image-preview":"max-image-preview:large","max-video-preview":"max-video-preview:-1"},"canonical":"https:\/\/heideinternational.com\/es\/trucos-para-ganar-dinero-por-cuenta-propia-2\/","og_locale":"es_MX","og_type":"article","og_title":"Self-Employed Income Hacks - Heide International LLC","og_description":"Self-Employed Income HacksWhat You Need to Know https:\/\/vimeo.com\/808070370 Did you know that FNMA does not make you consider self- employment losses if income from another source is available? Self-employed borrower\u2019s losses reported on the borrower&#8217;s tax returns, is not required when a borrower can qualify using only income that is from separate non self-employed source. [&hellip;]","og_url":"https:\/\/heideinternational.com\/es\/trucos-para-ganar-dinero-por-cuenta-propia-2\/","og_site_name":"Heide International LLC","article_modified_time":"2023-03-14T20:02:38+00:00","twitter_card":"summary_large_image","twitter_misc":{"Tiempo de lectura":"1 minuto"},"schema":{"@context":"https:\/\/schema.org","@graph":[{"@type":"WebPage","@id":"https:\/\/heideinternational.com\/self-employed-income-hacks\/","url":"https:\/\/heideinternational.com\/self-employed-income-hacks\/","name":"Trucos para obtener ingresos como aut\u00f3nomo - Heide International LLC","isPartOf":{"@id":"https:\/\/heideinternational.com\/#website"},"datePublished":"2023-03-14T19:53:56+00:00","dateModified":"2023-03-14T20:02:38+00:00","breadcrumb":{"@id":"https:\/\/heideinternational.com\/self-employed-income-hacks\/#breadcrumb"},"inLanguage":"es","potentialAction":[{"@type":"ReadAction","target":["https:\/\/heideinternational.com\/self-employed-income-hacks\/"]}]},{"@type":"BreadcrumbList","@id":"https:\/\/heideinternational.com\/self-employed-income-hacks\/#breadcrumb","itemListElement":[{"@type":"ListItem","position":1,"name":"Home","item":"https:\/\/heideinternational.com\/"},{"@type":"ListItem","position":2,"name":"Self-Employed Income Hacks"}]},{"@type":"WebSite","@id":"https:\/\/heideinternational.com\/#website","url":"https:\/\/heideinternational.com\/","name":"Heide International LLC","description":"Heide International LLC","potentialAction":[{"@type":"SearchAction","target":{"@type":"EntryPoint","urlTemplate":"https:\/\/heideinternational.com\/?s={search_term_string}"},"query-input":{"@type":"PropertyValueSpecification","valueRequired":true,"valueName":"search_term_string"}}],"inLanguage":"es"}]}},"_links":{"self":[{"href":"https:\/\/heideinternational.com\/es\/wp-json\/wp\/v2\/pages\/3983","targetHints":{"allow":["GET"]}}],"collection":[{"href":"https:\/\/heideinternational.com\/es\/wp-json\/wp\/v2\/pages"}],"about":[{"href":"https:\/\/heideinternational.com\/es\/wp-json\/wp\/v2\/types\/page"}],"author":[{"embeddable":true,"href":"https:\/\/heideinternational.com\/es\/wp-json\/wp\/v2\/users\/3"}],"replies":[{"embeddable":true,"href":"https:\/\/heideinternational.com\/es\/wp-json\/wp\/v2\/comments?post=3983"}],"version-history":[{"count":0,"href":"https:\/\/heideinternational.com\/es\/wp-json\/wp\/v2\/pages\/3983\/revisions"}],"wp:attachment":[{"href":"https:\/\/heideinternational.com\/es\/wp-json\/wp\/v2\/media?parent=3983"}],"curies":[{"name":"wp","href":"https:\/\/api.w.org\/{rel}","templated":true}]}}