{"id":3948,"date":"2023-03-14T18:32:17","date_gmt":"2023-03-14T18:32:17","guid":{"rendered":"https:\/\/heideinternati.wpengine.com\/?page_id=3948"},"modified":"2023-03-14T18:35:27","modified_gmt":"2023-03-14T18:35:27","slug":"como-afectan-los-techos-a-la-venta-2","status":"publish","type":"page","link":"https:\/\/heideinternational.com\/es\/como-afectan-los-techos-a-la-venta-2\/","title":{"rendered":"C\u00f3mo afectan los tejados a una venta"},"content":{"rendered":"<div data-elementor-type=\"wp-page\" data-elementor-id=\"3948\" class=\"elementor elementor-3948\" data-elementor-post-type=\"page\">\n\t\t\t\t\t\t<section class=\"elementor-section elementor-top-section elementor-element elementor-element-f3d4d96 elementor-section-boxed elementor-section-height-default elementor-section-height-default\" data-id=\"f3d4d96\" data-element_type=\"section\" data-settings=\"{&quot;background_background&quot;:&quot;classic&quot;}\">\n\t\t\t\t\t\t<div class=\"elementor-container elementor-column-gap-default\">\n\t\t\t\t\t<div class=\"elementor-column elementor-col-100 elementor-top-column elementor-element elementor-element-a5d90df\" data-id=\"a5d90df\" data-element_type=\"column\">\n\t\t\t<div class=\"elementor-widget-wrap elementor-element-populated\">\n\t\t\t\t\t\t<div class=\"elementor-element elementor-element-e6a0976 elementor-widget elementor-widget-heading\" data-id=\"e6a0976\" data-element_type=\"widget\" data-widget_type=\"heading.default\">\n\t\t\t\t<div class=\"elementor-widget-container\">\n\t\t\t\t\t<h1 class=\"elementor-heading-title elementor-size-default\">C\u00f3mo afectan los tejados a una venta<\/h1>\t\t\t\t<\/div>\n\t\t\t\t<\/div>\n\t\t\t\t\t<\/div>\n\t\t<\/div>\n\t\t\t\t\t<\/div>\n\t\t<\/section>\n\t\t\t\t<section class=\"elementor-section elementor-top-section elementor-element elementor-element-a509e18 elementor-section-boxed elementor-section-height-default elementor-section-height-default\" data-id=\"a509e18\" data-element_type=\"section\">\n\t\t\t\t\t\t<div class=\"elementor-container elementor-column-gap-default\">\n\t\t\t\t\t<div class=\"elementor-column elementor-col-100 elementor-top-column elementor-element elementor-element-af8a491\" data-id=\"af8a491\" data-element_type=\"column\">\n\t\t\t<div class=\"elementor-widget-wrap elementor-element-populated\">\n\t\t\t\t\t\t<div class=\"elementor-element elementor-element-befb656 elementor-widget elementor-widget-video\" data-id=\"befb656\" data-element_type=\"widget\" data-settings=\"{&quot;youtube_url&quot;:&quot;https:\\\/\\\/www.youtube.com\\\/watch?v=Eou7YjdqwWw&quot;,&quot;video_type&quot;:&quot;youtube&quot;,&quot;controls&quot;:&quot;yes&quot;}\" data-widget_type=\"video.default\">\n\t\t\t\t<div class=\"elementor-widget-container\">\n\t\t\t\t\t\t\t<div class=\"elementor-wrapper elementor-open-inline\">\n\t\t\t<div class=\"elementor-video\"><\/div>\t\t<\/div>\n\t\t\t\t\t\t<\/div>\n\t\t\t\t<\/div>\n\t\t\t\t<div class=\"elementor-element elementor-element-fd1cadd elementor-widget elementor-widget-text-editor\" data-id=\"fd1cadd\" data-element_type=\"widget\" data-widget_type=\"text-editor.default\">\n\t\t\t\t<div class=\"elementor-widget-container\">\n\t\t\t\t\t\t\t\t\t<p><strong>No deje que un tejado frustre la compra o venta de su casa<\/strong><\/p><p>\u00a0Los costes de los seguros de los propietarios de viviendas de Florida se est\u00e1n disparando, por as\u00ed decirlo... Las aseguradoras est\u00e1n optando por no asegurar o est\u00e1n cobrando tarifas elevadas en viviendas cuyos tejados, aunque intactos, tienen m\u00e1s de 20 a\u00f1os. Los vendedores no quieren cambiar un tejado que est\u00e1 en buen estado y no tiene goteras, y los compradores no quieren pagar los desorbitados costes del seguro, si es que pueden conseguirlo. As\u00ed pues, las ventas de viviendas se desploman. Otra opci\u00f3n es financiar el coste de un tejado nuevo en la hipoteca. Digamos que una casa se cotiza en $800.000. Necesita un nuevo techo: $45.000. El vendedor puede aceptar una reducci\u00f3n del precio de $45.000 para cubrir el coste de un tejado nuevo y podemos cerrar la operaci\u00f3n con una hipoteca de restauraci\u00f3n o rehabilitaci\u00f3n. Estos pr\u00e9stamos permiten el cierre por adelantado de la reparaci\u00f3n del techo. Por lo tanto, los compradores pueden mudarse y el vendedor puede cobrar y salir como cualquier otro cierre antes de la finalizaci\u00f3n del nuevo techo.<\/p><p>Si el vendedor no quiere reducir su precio, el comprador tiene la opci\u00f3n de proceder a\u00f1adiendo el coste del tejado al importe del pr\u00e9stamo. Esto no afecta a la relaci\u00f3n pr\u00e9stamo-valor siempre que la relaci\u00f3n pr\u00e9stamo-valor total no supere el 95% del valor futuro total de la vivienda. En otras palabras, la tasaci\u00f3n tiene en cuenta el valor de la vivienda una vez instalado el tejado. El seguro es entonces m\u00e1s f\u00e1cil de obtener ya que la compa\u00f1\u00eda de seguros permitir\u00e1 una p\u00f3liza de riesgo de constructores que se puede convertir en una p\u00f3liza est\u00e1ndar una vez que el techo se ha completado o emitir una p\u00f3liza antes de la finalizaci\u00f3n del techo que requiere la inspecci\u00f3n. La prima de la nueva p\u00f3liza se calcula teniendo en cuenta el nuevo tejado, lo que permite obtener descuentos. As\u00ed, todos ganan.<\/p><p>Cabe se\u00f1alar que un prestatario poner 20% abajo no tendr\u00e1 que pagar el seguro hipotecario, incluso cuando el costo del nuevo techo lleva el pr\u00e9stamo combinado a valor m\u00e1ximo 95%. Hay algunos pasos adicionales con este tipo de hipotecas, ya que son similares en naturaleza a la financiaci\u00f3n de pr\u00e9stamos de construcci\u00f3n, por lo que tendr\u00e1 que tener su techador y contrato de construcci\u00f3n aprobado durante la tramitaci\u00f3n del pr\u00e9stamo. Esto es similar a la financiaci\u00f3n de condominios donde tenemos que conseguir el complejo de condominios aprobado. En cambio, tenemos que tener el contratista aprobado. Ser\u00eda prudente tener un techador listo y aprobado antes del contrato por lo que un comprador sabe el costo de la sustituci\u00f3n del techo de entrar. Tambi\u00e9n acelerar\u00e1 el proceso de conseguir un techador aprobado por un prestamista durante la fase de tramitaci\u00f3n de la hipoteca. Si quieres saber m\u00e1s sobre esto u otras ideas de financiaci\u00f3n de hipotecas de ahorro de acuerdo, ir a mis entradas del blog y se sorprender\u00e1. Entonces ll\u00e1mame.<\/p>\t\t\t\t\t\t\t\t<\/div>\n\t\t\t\t<\/div>\n\t\t\t\t\t<\/div>\n\t\t<\/div>\n\t\t\t\t\t<\/div>\n\t\t<\/section>\n\t\t\t\t<\/div>","protected":false},"excerpt":{"rendered":"<p>How Roofs Affect A Sale https:\/\/www.youtube.com\/watch?v=Eou7YjdqwWw Don\u2019t Let a Roof Kill Your Home Purchase or Sale \u00a0Florida homeowners\u2019 insurance costs are going through the roof, so to speak\u2026 Insurance carriers are choosing not to insure or are charging high rates on homes whose roofs, though intact, are more than 20 years old. Sellers don\u2019t want [&hellip;]<\/p>","protected":false},"author":3,"featured_media":0,"parent":0,"menu_order":0,"comment_status":"closed","ping_status":"closed","template":"","meta":{"footnotes":""},"class_list":["post-3948","page","type-page","status-publish","hentry"],"yoast_head":"<!-- This site is optimized with the Yoast SEO plugin v26.8 - https:\/\/yoast.com\/product\/yoast-seo-wordpress\/ -->\n<title>How Roofs Affect A Sale - Heide International LLC<\/title>\n<meta name=\"robots\" content=\"index, follow, max-snippet:-1, max-image-preview:large, max-video-preview:-1\" \/>\n<link rel=\"canonical\" href=\"https:\/\/heideinternational.com\/es\/como-afectan-los-techos-a-la-venta-2\/\" \/>\n<meta property=\"og:locale\" content=\"es_MX\" \/>\n<meta property=\"og:type\" content=\"article\" \/>\n<meta property=\"og:title\" content=\"How Roofs Affect A Sale - Heide International LLC\" \/>\n<meta property=\"og:description\" content=\"How Roofs Affect A Sale https:\/\/www.youtube.com\/watch?v=Eou7YjdqwWw Don\u2019t Let a Roof Kill Your Home Purchase or Sale \u00a0Florida homeowners\u2019 insurance costs are going through the roof, so to speak\u2026 Insurance carriers are choosing not to insure or are charging high rates on homes whose roofs, though intact, are more than 20 years old. Sellers don\u2019t want [&hellip;]\" \/>\n<meta property=\"og:url\" content=\"https:\/\/heideinternational.com\/es\/como-afectan-los-techos-a-la-venta-2\/\" \/>\n<meta property=\"og:site_name\" content=\"Heide International LLC\" \/>\n<meta property=\"article:modified_time\" content=\"2023-03-14T18:35:27+00:00\" \/>\n<meta name=\"twitter:card\" content=\"summary_large_image\" \/>\n<meta name=\"twitter:label1\" content=\"Tiempo de lectura\" \/>\n\t<meta name=\"twitter:data1\" content=\"3 minutos\" \/>\n<script type=\"application\/ld+json\" class=\"yoast-schema-graph\">{\"@context\":\"https:\/\/schema.org\",\"@graph\":[{\"@type\":\"WebPage\",\"@id\":\"https:\/\/heideinternational.com\/how-roofs-affect-a-sale\/\",\"url\":\"https:\/\/heideinternational.com\/how-roofs-affect-a-sale\/\",\"name\":\"How Roofs Affect A Sale - Heide International LLC\",\"isPartOf\":{\"@id\":\"https:\/\/heideinternational.com\/#website\"},\"datePublished\":\"2023-03-14T18:32:17+00:00\",\"dateModified\":\"2023-03-14T18:35:27+00:00\",\"breadcrumb\":{\"@id\":\"https:\/\/heideinternational.com\/how-roofs-affect-a-sale\/#breadcrumb\"},\"inLanguage\":\"es\",\"potentialAction\":[{\"@type\":\"ReadAction\",\"target\":[\"https:\/\/heideinternational.com\/how-roofs-affect-a-sale\/\"]}]},{\"@type\":\"BreadcrumbList\",\"@id\":\"https:\/\/heideinternational.com\/how-roofs-affect-a-sale\/#breadcrumb\",\"itemListElement\":[{\"@type\":\"ListItem\",\"position\":1,\"name\":\"Home\",\"item\":\"https:\/\/heideinternational.com\/\"},{\"@type\":\"ListItem\",\"position\":2,\"name\":\"How Roofs Affect A Sale\"}]},{\"@type\":\"WebSite\",\"@id\":\"https:\/\/heideinternational.com\/#website\",\"url\":\"https:\/\/heideinternational.com\/\",\"name\":\"Heide International LLC\",\"description\":\"Heide International LLC\",\"potentialAction\":[{\"@type\":\"SearchAction\",\"target\":{\"@type\":\"EntryPoint\",\"urlTemplate\":\"https:\/\/heideinternational.com\/?s={search_term_string}\"},\"query-input\":{\"@type\":\"PropertyValueSpecification\",\"valueRequired\":true,\"valueName\":\"search_term_string\"}}],\"inLanguage\":\"es\"}]}<\/script>\n<!-- \/ Yoast SEO plugin. -->","yoast_head_json":{"title":"C\u00f3mo afectan los tejados a una venta - Heide International LLC","robots":{"index":"index","follow":"follow","max-snippet":"max-snippet:-1","max-image-preview":"max-image-preview:large","max-video-preview":"max-video-preview:-1"},"canonical":"https:\/\/heideinternational.com\/es\/como-afectan-los-techos-a-la-venta-2\/","og_locale":"es_MX","og_type":"article","og_title":"How Roofs Affect A Sale - Heide International LLC","og_description":"How Roofs Affect A Sale https:\/\/www.youtube.com\/watch?v=Eou7YjdqwWw Don\u2019t Let a Roof Kill Your Home Purchase or Sale \u00a0Florida homeowners\u2019 insurance costs are going through the roof, so to speak\u2026 Insurance carriers are choosing not to insure or are charging high rates on homes whose roofs, though intact, are more than 20 years old. Sellers don\u2019t want [&hellip;]","og_url":"https:\/\/heideinternational.com\/es\/como-afectan-los-techos-a-la-venta-2\/","og_site_name":"Heide International LLC","article_modified_time":"2023-03-14T18:35:27+00:00","twitter_card":"summary_large_image","twitter_misc":{"Tiempo de lectura":"3 minutos"},"schema":{"@context":"https:\/\/schema.org","@graph":[{"@type":"WebPage","@id":"https:\/\/heideinternational.com\/how-roofs-affect-a-sale\/","url":"https:\/\/heideinternational.com\/how-roofs-affect-a-sale\/","name":"C\u00f3mo afectan los tejados a una venta - Heide International LLC","isPartOf":{"@id":"https:\/\/heideinternational.com\/#website"},"datePublished":"2023-03-14T18:32:17+00:00","dateModified":"2023-03-14T18:35:27+00:00","breadcrumb":{"@id":"https:\/\/heideinternational.com\/how-roofs-affect-a-sale\/#breadcrumb"},"inLanguage":"es","potentialAction":[{"@type":"ReadAction","target":["https:\/\/heideinternational.com\/how-roofs-affect-a-sale\/"]}]},{"@type":"BreadcrumbList","@id":"https:\/\/heideinternational.com\/how-roofs-affect-a-sale\/#breadcrumb","itemListElement":[{"@type":"ListItem","position":1,"name":"Home","item":"https:\/\/heideinternational.com\/"},{"@type":"ListItem","position":2,"name":"How Roofs Affect A Sale"}]},{"@type":"WebSite","@id":"https:\/\/heideinternational.com\/#website","url":"https:\/\/heideinternational.com\/","name":"Heide International LLC","description":"Heide International LLC","potentialAction":[{"@type":"SearchAction","target":{"@type":"EntryPoint","urlTemplate":"https:\/\/heideinternational.com\/?s={search_term_string}"},"query-input":{"@type":"PropertyValueSpecification","valueRequired":true,"valueName":"search_term_string"}}],"inLanguage":"es"}]}},"_links":{"self":[{"href":"https:\/\/heideinternational.com\/es\/wp-json\/wp\/v2\/pages\/3948","targetHints":{"allow":["GET"]}}],"collection":[{"href":"https:\/\/heideinternational.com\/es\/wp-json\/wp\/v2\/pages"}],"about":[{"href":"https:\/\/heideinternational.com\/es\/wp-json\/wp\/v2\/types\/page"}],"author":[{"embeddable":true,"href":"https:\/\/heideinternational.com\/es\/wp-json\/wp\/v2\/users\/3"}],"replies":[{"embeddable":true,"href":"https:\/\/heideinternational.com\/es\/wp-json\/wp\/v2\/comments?post=3948"}],"version-history":[{"count":0,"href":"https:\/\/heideinternational.com\/es\/wp-json\/wp\/v2\/pages\/3948\/revisions"}],"wp:attachment":[{"href":"https:\/\/heideinternational.com\/es\/wp-json\/wp\/v2\/media?parent=3948"}],"curies":[{"name":"wp","href":"https:\/\/api.w.org\/{rel}","templated":true}]}}