{"id":3303,"date":"2023-02-03T09:42:32","date_gmt":"2023-02-03T09:42:32","guid":{"rendered":"https:\/\/heideinternati.wpengine.com\/?page_id=3303"},"modified":"2023-04-27T05:36:21","modified_gmt":"2023-04-27T05:36:21","slug":"quiebras-juicios-divorcio-5","status":"publish","type":"page","link":"https:\/\/heideinternational.com\/es\/quiebras-juicios-divorcio-5\/","title":{"rendered":"Mortgage Financing For A Professional Yachtie"},"content":{"rendered":"<div data-elementor-type=\"wp-page\" data-elementor-id=\"3303\" class=\"elementor elementor-3303\" data-elementor-post-type=\"page\">\n\t\t\t\t\t\t<section class=\"elementor-section elementor-top-section elementor-element elementor-element-8faa9e9 elementor-section-boxed elementor-section-height-default elementor-section-height-default\" data-id=\"8faa9e9\" data-element_type=\"section\" data-settings=\"{&quot;background_background&quot;:&quot;classic&quot;}\">\n\t\t\t\t\t\t<div class=\"elementor-container elementor-column-gap-default\">\n\t\t\t\t\t<div class=\"elementor-column elementor-col-100 elementor-top-column elementor-element elementor-element-8ea94e4\" data-id=\"8ea94e4\" data-element_type=\"column\">\n\t\t\t<div class=\"elementor-widget-wrap elementor-element-populated\">\n\t\t\t\t\t\t<div class=\"elementor-element elementor-element-0788fe0 elementor-widget elementor-widget-heading\" data-id=\"0788fe0\" data-element_type=\"widget\" data-widget_type=\"heading.default\">\n\t\t\t\t<div class=\"elementor-widget-container\">\n\t\t\t\t\t<h1 class=\"elementor-heading-title elementor-size-default\">Mortgage Financing For A Professional Yachtie<\/h1>\t\t\t\t<\/div>\n\t\t\t\t<\/div>\n\t\t\t\t\t<\/div>\n\t\t<\/div>\n\t\t\t\t\t<\/div>\n\t\t<\/section>\n\t\t\t\t<section class=\"elementor-section elementor-top-section elementor-element elementor-element-05f0f5b elementor-section-boxed elementor-section-height-default elementor-section-height-default\" data-id=\"05f0f5b\" data-element_type=\"section\">\n\t\t\t\t\t\t<div class=\"elementor-container elementor-column-gap-default\">\n\t\t\t\t\t<div class=\"elementor-column elementor-col-100 elementor-top-column elementor-element elementor-element-392c6f2\" data-id=\"392c6f2\" data-element_type=\"column\">\n\t\t\t<div class=\"elementor-widget-wrap elementor-element-populated\">\n\t\t\t\t\t\t<div class=\"elementor-element elementor-element-3f6c190 elementor-widget elementor-widget-video\" data-id=\"3f6c190\" data-element_type=\"widget\" data-settings=\"{&quot;youtube_url&quot;:&quot;https:\\\/\\\/youtu.be\\\/ax6_4UYaYfA&quot;,&quot;video_type&quot;:&quot;youtube&quot;,&quot;controls&quot;:&quot;yes&quot;}\" data-widget_type=\"video.default\">\n\t\t\t\t<div class=\"elementor-widget-container\">\n\t\t\t\t\t\t\t<div class=\"elementor-wrapper elementor-open-inline\">\n\t\t\t<div class=\"elementor-video\"><\/div>\t\t<\/div>\n\t\t\t\t\t\t<\/div>\n\t\t\t\t<\/div>\n\t\t\t\t<div class=\"elementor-element elementor-element-65fa554 elementor-widget elementor-widget-text-editor\" data-id=\"65fa554\" data-element_type=\"widget\" data-widget_type=\"text-editor.default\">\n\t\t\t\t<div class=\"elementor-widget-container\">\n\t\t\t\t\t\t\t\t\t<p>Si viene de los yates con un nuevo trabajo en los EE.UU. o si se queda en los yates en busca de una propiedad de inversi\u00f3n, podr\u00eda sorprenderse de lo f\u00e1cil que puede calificar para la financiaci\u00f3n hipotecaria.<\/p><p>\u00a0<\/p><p>You&#8217;ve sailed the seven seas and seen the great wonders of the world, but you may think securing real estate financing in Florida can be like navigating shoals without a depth finder. Some programs only require a letter from your employer stating your income and a letter from your international banker stating your available funds. Down payments can be as low as 20% without requirements for US credit or green cards and rates are always very competitive. Mortgage financing in Florida can be as easy as being nice to the charter guests. If you\u2019re a yachtie with questions on real estate finance in Florida, give me a call. I\u2019m Kurt Heide, president of Heide International. I\u2019ve been sailing the mortgage waters over 32 years. I\u2019ll steer you right and help you navigate the mortgage shoals.<\/p>\t\t\t\t\t\t\t\t<\/div>\n\t\t\t\t<\/div>\n\t\t\t\t\t<\/div>\n\t\t<\/div>\n\t\t\t\t\t<\/div>\n\t\t<\/section>\n\t\t\t\t<\/div>","protected":false},"excerpt":{"rendered":"<p>Mortgage Financing For A Professional Yachtie If you\u2019re coming off the yachts with a new job in the USA or if you&#8217;re staying on the yachts looking for investment property, you could be surprised at how easy you can qualify for mortgage financing. You&#8217;ve sailed the seven seas and seen the great wonders of the [&hellip;]<\/p>","protected":false},"author":4,"featured_media":0,"parent":0,"menu_order":0,"comment_status":"closed","ping_status":"closed","template":"elementor_header_footer","meta":{"footnotes":""},"class_list":["post-3303","page","type-page","status-publish","hentry"],"yoast_head":"<!-- This site is optimized with the Yoast SEO plugin v26.8 - https:\/\/yoast.com\/product\/yoast-seo-wordpress\/ -->\n<title>Mortgage Financing For A Professional Yachtie<\/title>\n<meta name=\"description\" content=\"Are you staying on the yachts and looking for investment property, you could be surprised at how easy you can qualify for mortgage financing.\" \/>\n<meta name=\"robots\" content=\"index, follow, max-snippet:-1, max-image-preview:large, max-video-preview:-1\" \/>\n<link rel=\"canonical\" href=\"https:\/\/heideinternational.com\/es\/quiebras-juicios-divorcio-5\/\" \/>\n<meta property=\"og:locale\" content=\"es_MX\" \/>\n<meta property=\"og:type\" content=\"article\" \/>\n<meta property=\"og:title\" content=\"Mortgage Financing For A Professional Yachtie\" \/>\n<meta property=\"og:description\" content=\"Are you staying on the yachts and looking for investment property, you could be surprised at how easy you can qualify for mortgage financing.\" \/>\n<meta property=\"og:url\" content=\"https:\/\/heideinternational.com\/es\/quiebras-juicios-divorcio-5\/\" \/>\n<meta property=\"og:site_name\" content=\"Heide International LLC\" \/>\n<meta property=\"article:modified_time\" content=\"2023-04-27T05:36:21+00:00\" \/>\n<meta name=\"twitter:card\" content=\"summary_large_image\" \/>\n<meta name=\"twitter:label1\" content=\"Tiempo de lectura\" \/>\n\t<meta name=\"twitter:data1\" content=\"1 minuto\" \/>\n<script type=\"application\/ld+json\" class=\"yoast-schema-graph\">{\"@context\":\"https:\/\/schema.org\",\"@graph\":[{\"@type\":\"WebPage\",\"@id\":\"https:\/\/heideinternational.com\/mortgage-financing-professional-yachtie\/\",\"url\":\"https:\/\/heideinternational.com\/mortgage-financing-professional-yachtie\/\",\"name\":\"Mortgage Financing For A Professional Yachtie\",\"isPartOf\":{\"@id\":\"https:\/\/heideinternational.com\/#website\"},\"datePublished\":\"2023-02-03T09:42:32+00:00\",\"dateModified\":\"2023-04-27T05:36:21+00:00\",\"description\":\"Are you staying on the yachts and looking for investment property, you could be surprised at how easy you can qualify for mortgage financing.\",\"breadcrumb\":{\"@id\":\"https:\/\/heideinternational.com\/mortgage-financing-professional-yachtie\/#breadcrumb\"},\"inLanguage\":\"es\",\"potentialAction\":[{\"@type\":\"ReadAction\",\"target\":[\"https:\/\/heideinternational.com\/mortgage-financing-professional-yachtie\/\"]}]},{\"@type\":\"BreadcrumbList\",\"@id\":\"https:\/\/heideinternational.com\/mortgage-financing-professional-yachtie\/#breadcrumb\",\"itemListElement\":[{\"@type\":\"ListItem\",\"position\":1,\"name\":\"Home\",\"item\":\"https:\/\/heideinternational.com\/\"},{\"@type\":\"ListItem\",\"position\":2,\"name\":\"Mortgage Financing For A Professional Yachtie\"}]},{\"@type\":\"WebSite\",\"@id\":\"https:\/\/heideinternational.com\/#website\",\"url\":\"https:\/\/heideinternational.com\/\",\"name\":\"Heide International LLC\",\"description\":\"Heide International LLC\",\"potentialAction\":[{\"@type\":\"SearchAction\",\"target\":{\"@type\":\"EntryPoint\",\"urlTemplate\":\"https:\/\/heideinternational.com\/?s={search_term_string}\"},\"query-input\":{\"@type\":\"PropertyValueSpecification\",\"valueRequired\":true,\"valueName\":\"search_term_string\"}}],\"inLanguage\":\"es\"}]}<\/script>\n<!-- \/ Yoast SEO plugin. -->","yoast_head_json":{"title":"Mortgage Financing For A Professional Yachtie","description":"Are you staying on the yachts and looking for investment property, you could be surprised at how easy you can qualify for mortgage financing.","robots":{"index":"index","follow":"follow","max-snippet":"max-snippet:-1","max-image-preview":"max-image-preview:large","max-video-preview":"max-video-preview:-1"},"canonical":"https:\/\/heideinternational.com\/es\/quiebras-juicios-divorcio-5\/","og_locale":"es_MX","og_type":"article","og_title":"Mortgage Financing For A Professional Yachtie","og_description":"Are you staying on the yachts and looking for investment property, you could be surprised at how easy you can qualify for mortgage financing.","og_url":"https:\/\/heideinternational.com\/es\/quiebras-juicios-divorcio-5\/","og_site_name":"Heide International LLC","article_modified_time":"2023-04-27T05:36:21+00:00","twitter_card":"summary_large_image","twitter_misc":{"Tiempo de lectura":"1 minuto"},"schema":{"@context":"https:\/\/schema.org","@graph":[{"@type":"WebPage","@id":"https:\/\/heideinternational.com\/mortgage-financing-professional-yachtie\/","url":"https:\/\/heideinternational.com\/mortgage-financing-professional-yachtie\/","name":"Mortgage Financing For A Professional Yachtie","isPartOf":{"@id":"https:\/\/heideinternational.com\/#website"},"datePublished":"2023-02-03T09:42:32+00:00","dateModified":"2023-04-27T05:36:21+00:00","description":"Are you staying on the yachts and looking for investment property, you could be surprised at how easy you can qualify for mortgage financing.","breadcrumb":{"@id":"https:\/\/heideinternational.com\/mortgage-financing-professional-yachtie\/#breadcrumb"},"inLanguage":"es","potentialAction":[{"@type":"ReadAction","target":["https:\/\/heideinternational.com\/mortgage-financing-professional-yachtie\/"]}]},{"@type":"BreadcrumbList","@id":"https:\/\/heideinternational.com\/mortgage-financing-professional-yachtie\/#breadcrumb","itemListElement":[{"@type":"ListItem","position":1,"name":"Home","item":"https:\/\/heideinternational.com\/"},{"@type":"ListItem","position":2,"name":"Mortgage Financing For A Professional Yachtie"}]},{"@type":"WebSite","@id":"https:\/\/heideinternational.com\/#website","url":"https:\/\/heideinternational.com\/","name":"Heide International LLC","description":"Heide International LLC","potentialAction":[{"@type":"SearchAction","target":{"@type":"EntryPoint","urlTemplate":"https:\/\/heideinternational.com\/?s={search_term_string}"},"query-input":{"@type":"PropertyValueSpecification","valueRequired":true,"valueName":"search_term_string"}}],"inLanguage":"es"}]}},"_links":{"self":[{"href":"https:\/\/heideinternational.com\/es\/wp-json\/wp\/v2\/pages\/3303","targetHints":{"allow":["GET"]}}],"collection":[{"href":"https:\/\/heideinternational.com\/es\/wp-json\/wp\/v2\/pages"}],"about":[{"href":"https:\/\/heideinternational.com\/es\/wp-json\/wp\/v2\/types\/page"}],"author":[{"embeddable":true,"href":"https:\/\/heideinternational.com\/es\/wp-json\/wp\/v2\/users\/4"}],"replies":[{"embeddable":true,"href":"https:\/\/heideinternational.com\/es\/wp-json\/wp\/v2\/comments?post=3303"}],"version-history":[{"count":0,"href":"https:\/\/heideinternational.com\/es\/wp-json\/wp\/v2\/pages\/3303\/revisions"}],"wp:attachment":[{"href":"https:\/\/heideinternational.com\/es\/wp-json\/wp\/v2\/media?parent=3303"}],"curies":[{"name":"wp","href":"https:\/\/api.w.org\/{rel}","templated":true}]}}