{"id":2324,"date":"2022-08-12T07:25:37","date_gmt":"2022-08-12T07:25:37","guid":{"rendered":"https:\/\/heideinternational.paradoxmediadev.com\/?page_id=2324"},"modified":"2022-11-21T21:15:02","modified_gmt":"2022-11-21T21:15:02","slug":"formulario-de-credito-2","status":"publish","type":"page","link":"https:\/\/heideinternational.com\/es\/formulario-de-credito-2\/","title":{"rendered":"Formulario de cr\u00e9dito"},"content":{"rendered":"<div data-elementor-type=\"wp-page\" data-elementor-id=\"2324\" class=\"elementor elementor-2324\" data-elementor-post-type=\"page\">\n\t\t\t\t\t\t<section class=\"elementor-section elementor-top-section elementor-element elementor-element-a2e4df9 elementor-section-boxed elementor-section-height-default elementor-section-height-default\" data-id=\"a2e4df9\" data-element_type=\"section\">\n\t\t\t\t\t\t<div class=\"elementor-container elementor-column-gap-default\">\n\t\t\t\t\t<div class=\"elementor-column elementor-col-100 elementor-top-column elementor-element elementor-element-78ad2ab\" data-id=\"78ad2ab\" data-element_type=\"column\">\n\t\t\t<div class=\"elementor-widget-wrap elementor-element-populated\">\n\t\t\t\t\t\t<div class=\"elementor-element elementor-element-f83f717 elementor-widget elementor-widget-wpforms\" data-id=\"f83f717\" data-element_type=\"widget\" data-widget_type=\"wpforms.default\">\n\t\t\t\t<div class=\"elementor-widget-container\">\n\t\t\t\t\t<div class=\"wpforms-container\" id=\"wpforms-2295\"><form id=\"wpforms-form-2295\" class=\"wpforms-validate wpforms-form wpforms-ajax-form\" data-formid=\"2295\" method=\"post\" enctype=\"multipart\/form-data\" action=\"\/es\/wp-json\/wp\/v2\/pages\/2324\" data-token=\"2064969543509efb602ad4583a459990\" data-token-time=\"1776762025\" data-trp-original-action=\"\/es\/wp-json\/wp\/v2\/pages\/2324\"><noscript class=\"wpforms-error-noscript\">Por favor, active JavaScript en su navegador para completar este formulario.<\/noscript><div class=\"wpforms-page-indicator progress\" data-indicator=\"progress\" data-indicator-color=\"#72b239\" data-scroll=\"1\"><span class=\"wpforms-page-indicator-page-title\" ><\/span><span class=\"wpforms-page-indicator-page-title-sep\" style=\"display:none;\"> - <\/span><span class=\"wpforms-page-indicator-steps\">Paso <span class=\"wpforms-page-indicator-steps-current\">1<\/span> of 2<\/span><div class=\"wpforms-page-indicator-page-progress-wrap\"><div class=\"wpforms-page-indicator-page-progress\" style=\"width:50%;background-color:#72b239\"><\/div><\/div><\/div><div class=\"wpforms-field-container\"><div class=\"wpforms-page wpforms-page-1\" data-page=\"1\"><div id=\"wpforms-2295-field_22-container\" class=\"wpforms-field wpforms-field-pagebreak\" data-field-id=\"22\"><\/div><div id=\"wpforms-2295-field_1-container\" class=\"wpforms-field wpforms-field-html\" data-field-id=\"1\"><div id=\"wpforms-2295-field_1\"><h1 style=\"text-align:center;\">FORMULARIO DE AUTORIZACI\u00d3N DE TARJETA DE CR\u00c9DITO<\/h1><\/div><\/div><div id=\"wpforms-2295-field_2-container\" class=\"wpforms-field wpforms-field-html\" data-field-id=\"2\"><div id=\"wpforms-2295-field_2\"><b>Aviso de la Ley de Privacidad:<\/b> Esta informaci\u00f3n ser\u00e1 utilizada por el organismo que la recoge o sus cesionarios para determinar si usted re\u00fane los requisitos para ser un posible deudor hipotecario en el marco de su programa. No ser\u00e1\r\nfuera de la agencia, salvo en la medida en que lo exija y permita la ley. Usted no est\u00e1 obligado a proporcionar esta informaci\u00f3n, pero si no lo hace su solicitud de aprobaci\u00f3n como posible deudor hipotecario o\r\no prestatario puede ser retrasada o rechazada. La informaci\u00f3n solicitada en este formulario est\u00e1 autorizada por el T\u00edtulo 38 del C\u00f3digo de los Estados Unidos, Cap\u00edtulo 37 (si se trata de la VA); por el 12 del C\u00f3digo de los Estados Unidos, Secci\u00f3n 1701 y siguientes (si se trata del HUD\/FHA); por el 42 del C\u00f3digo de los Estados Unidos, Secci\u00f3n\r\n1452b (si es HUD\/CPD); y por el T\u00edtulo 42 del USC, 1471 y siguientes, o por el 7 del USC, 1921 y siguientes (si es USDA\/FmHA)<\/div><\/div><div id=\"wpforms-2295-field_3-container\" class=\"wpforms-field wpforms-field-checkbox\" data-field-id=\"3\"><label class=\"wpforms-field-label\">Servicios hipotecarios: <span class=\"wpforms-required-label\">*<\/span><\/label><ul id=\"wpforms-2295-field_3\" class=\"wpforms-field-required\"><li class=\"choice-1 depth-1\"><input type=\"checkbox\" id=\"wpforms-2295-field_3_1\" name=\"wpforms[fields][3][]\" value=\"Credit Report fee approximately $28.00 per applicant\" required><label class=\"wpforms-field-label-inline\" for=\"wpforms-2295-field_3_1\">Tasa de informe de cr\u00e9dito de aproximadamente $28,00 por solicitante<\/label><\/li><li class=\"choice-2 depth-1\"><input type=\"checkbox\" id=\"wpforms-2295-field_3_2\" name=\"wpforms[fields][3][]\" value=\"Appraisal fee approximately $475.00 to $750.00\" required><label class=\"wpforms-field-label-inline\" for=\"wpforms-2295-field_3_2\">Tasa de tasaci\u00f3n de aproximadamente $475,00 a $750,00<\/label><\/li><\/ul><\/div><div id=\"wpforms-2295-field_4-container\" class=\"wpforms-field wpforms-field-checkbox\" data-field-id=\"4\"><label class=\"wpforms-field-label\">Tipo de tarjeta de cr\u00e9dito: <span class=\"wpforms-required-label\">*<\/span><\/label><ul id=\"wpforms-2295-field_4\" class=\"wpforms-field-required\"><li class=\"choice-1 depth-1\"><input type=\"checkbox\" id=\"wpforms-2295-field_4_1\" name=\"wpforms[fields][4][]\" value=\"Visa\" required><label class=\"wpforms-field-label-inline\" for=\"wpforms-2295-field_4_1\">Visa<\/label><\/li><li class=\"choice-2 depth-1\"><input type=\"checkbox\" id=\"wpforms-2295-field_4_2\" name=\"wpforms[fields][4][]\" value=\"MasterCard\" required><label class=\"wpforms-field-label-inline\" for=\"wpforms-2295-field_4_2\">MasterCard<\/label><\/li><li class=\"choice-4 depth-1\"><input type=\"checkbox\" id=\"wpforms-2295-field_4_4\" name=\"wpforms[fields][4][]\" value=\"Discover\" required><label class=\"wpforms-field-label-inline\" for=\"wpforms-2295-field_4_4\">Descubra<\/label><\/li><li class=\"choice-5 depth-1\"><input type=\"checkbox\" id=\"wpforms-2295-field_4_5\" name=\"wpforms[fields][4][]\" value=\"AMEX\" required><label class=\"wpforms-field-label-inline\" for=\"wpforms-2295-field_4_5\">AMEX<\/label><\/li><\/ul><\/div><div id=\"wpforms-2295-field_5-container\" class=\"wpforms-field wpforms-field-number wpf-num-limit\" data-field-id=\"5\"><label class=\"wpforms-field-label\" for=\"wpforms-2295-field_5\">Indique el c\u00f3digo de 4 d\u00edgitos <span class=\"wpforms-required-label\">*<\/span><\/label><input type=\"number\" id=\"wpforms-2295-field_5\" class=\"wpforms-field-large wpforms-field-required\" name=\"wpforms[fields][5]\" step=\"any\" required><\/div><div id=\"wpforms-2295-field_6-container\" class=\"wpforms-field wpforms-field-name\" data-field-id=\"6\"><label class=\"wpforms-field-label\" for=\"wpforms-2295-field_6\">Nombre del titular de la tarjeta (tal como aparece en la tarjeta): <span class=\"wpforms-required-label\">*<\/span><\/label><input type=\"text\" id=\"wpforms-2295-field_6\" class=\"wpforms-field-large wpforms-field-required\" name=\"wpforms[fields][6]\" required><\/div><div id=\"wpforms-2295-field_7-container\" class=\"wpforms-field wpforms-field-number\" data-field-id=\"7\"><label class=\"wpforms-field-label\" for=\"wpforms-2295-field_7\">N\u00famero de tarjeta de cr\u00e9dito:  <span class=\"wpforms-required-label\">*<\/span><\/label><input type=\"number\" id=\"wpforms-2295-field_7\" class=\"wpforms-field-large wpforms-field-required\" name=\"wpforms[fields][7]\" step=\"any\" required><\/div><div id=\"wpforms-2295-field_8-container\" class=\"wpforms-field wpforms-field-date-time wpforms-two-thirds wpforms-first\" data-field-id=\"8\"><label class=\"wpforms-field-label\" for=\"wpforms-2295-field_8\">Fecha de caducidad de la tarjeta de cr\u00e9dito: <span class=\"wpforms-required-label\">*<\/span><\/label><div class=\"wpforms-datepicker-wrap\"><input type=\"text\" id=\"wpforms-2295-field_8\" class=\"wpforms-field-date-time-date wpforms-datepicker wpforms-field-required wpforms-field-large\" data-date-format=\"m\/d\/Y\" data-disable-past-dates=\"0\" data-input=\"true\" name=\"wpforms[fields][8][date]\" required><a title=\"Clear Date\" data-clear role=\"button\" tabindex=\"0\" class=\"wpforms-datepicker-clear\" aria-label=\"Clear Date\" style=\"display:none;\"><\/a><\/div><\/div><div id=\"wpforms-2295-field_9-container\" class=\"wpforms-field wpforms-field-number wpforms-one-third\" data-field-id=\"9\"><label class=\"wpforms-field-label\" for=\"wpforms-2295-field_9\">C\u00f3digo CVV: <span class=\"wpforms-required-label\">*<\/span><\/label><input type=\"number\" id=\"wpforms-2295-field_9\" class=\"wpforms-field-large wpforms-field-required\" name=\"wpforms[fields][9]\" step=\"any\" required><\/div><div id=\"wpforms-2295-field_21-container\" class=\"wpforms-field wpforms-field-pagebreak\" data-field-id=\"21\"><div class=\"wpforms-clear wpforms-pagebreak-left\"><button class=\"wpforms-page-button wpforms-page-next\" data-action=\"next\" data-page=\"1\" data-formid=\"2295\" disabled>Siguiente<\/button><\/div><\/div><\/div><div class=\"wpforms-page wpforms-page-2 last\" data-page=\"2\" style=\"display:none;\"><div id=\"wpforms-2295-field_10-container\" class=\"wpforms-field wpforms-field-text\" data-field-id=\"10\"><label class=\"wpforms-field-label\" for=\"wpforms-2295-field_10\">Direcci\u00f3n de facturaci\u00f3n: <span class=\"wpforms-required-label\">*<\/span><\/label><input type=\"text\" id=\"wpforms-2295-field_10\" class=\"wpforms-field-large wpforms-field-required\" name=\"wpforms[fields][10]\" required><div class=\"wpforms-field-description\">(Direcci\u00f3n donde se reciben los extractos mensuales de la tarjeta de cr\u00e9dito)<\/div><\/div><div id=\"wpforms-2295-field_11-container\" class=\"wpforms-field wpforms-field-date-time wpforms-one-half wpforms-first\" data-field-id=\"11\"><label class=\"wpforms-field-label\" for=\"wpforms-2295-field_11\">Fecha de nacimiento del titular de la tarjeta: <span class=\"wpforms-required-label\">*<\/span><\/label><div class=\"wpforms-datepicker-wrap\"><input type=\"text\" id=\"wpforms-2295-field_11\" class=\"wpforms-field-date-time-date wpforms-datepicker wpforms-field-required wpforms-field-large\" data-date-format=\"m\/d\/Y\" data-disable-past-dates=\"0\" data-input=\"true\" name=\"wpforms[fields][11][date]\" required><a title=\"Clear Date\" data-clear role=\"button\" tabindex=\"0\" class=\"wpforms-datepicker-clear\" aria-label=\"Clear Date\" style=\"display:none;\"><\/a><\/div><\/div><div id=\"wpforms-2295-field_12-container\" class=\"wpforms-field wpforms-field-date-time wpforms-one-half\" data-field-id=\"12\"><label class=\"wpforms-field-label\" for=\"wpforms-2295-field_12\">Fecha de nacimiento del co-prestatario: <span class=\"wpforms-required-label\">*<\/span><\/label><div class=\"wpforms-datepicker-wrap\"><input type=\"text\" id=\"wpforms-2295-field_12\" class=\"wpforms-field-date-time-date wpforms-datepicker wpforms-field-required wpforms-field-large\" data-date-format=\"m\/d\/Y\" data-disable-past-dates=\"0\" data-input=\"true\" name=\"wpforms[fields][12][date]\" required><a title=\"Clear Date\" data-clear role=\"button\" tabindex=\"0\" class=\"wpforms-datepicker-clear\" aria-label=\"Clear Date\" style=\"display:none;\"><\/a><\/div><\/div><div id=\"wpforms-2295-field_14-container\" class=\"wpforms-field wpforms-field-html\" data-field-id=\"14\"><div id=\"wpforms-2295-field_14\">Como titular de la tarjeta, al firmar abajo acepto pagar, y autorizo espec\u00edficamente a HEIDE INTERNATIONAL LLC a cargar en mi tarjeta de cr\u00e9dito\r\npor los servicios prestados anteriormente. Adem\u00e1s, acepto que, en caso de que mi tarjeta de cr\u00e9dito pierda su validez, proporcionar\u00e9 a HEIDE INTERNATIONAL LLC una nueva tarjeta de cr\u00e9dito v\u00e1lida cuando lo solicite, para que se cargue en ella el pago de cualquier saldo pendiente que se deba a HEIDE INTERNATIONAL LLC. Reconozco que entiendo y autorizo los cargos anteriores y que, una vez autorizados, no habr\u00e1 reembolso de los productos pedidos una vez prestados los servicios. <\/div><\/div><div id=\"wpforms-2295-field_16-container\" class=\"wpforms-field wpforms-field-date-time wpforms-one-half\" data-field-id=\"16\"><label class=\"wpforms-field-label\" for=\"wpforms-2295-field_16\">Fecha <span class=\"wpforms-required-label\">*<\/span><\/label><div class=\"wpforms-datepicker-wrap\"><input type=\"text\" id=\"wpforms-2295-field_16\" class=\"wpforms-field-date-time-date wpforms-datepicker wpforms-field-required wpforms-field-large\" data-date-format=\"m\/d\/Y\" data-disable-past-dates=\"0\" data-input=\"true\" name=\"wpforms[fields][16][date]\" required><a title=\"Clear Date\" data-clear role=\"button\" tabindex=\"0\" class=\"wpforms-datepicker-clear\" aria-label=\"Clear Date\" style=\"display:none;\"><\/a><\/div><\/div><div id=\"wpforms-2295-field_18-container\" class=\"wpforms-field wpforms-field-date-time wpforms-one-half\" data-field-id=\"18\"><label class=\"wpforms-field-label\" for=\"wpforms-2295-field_18\">Fecha <span class=\"wpforms-required-label\">*<\/span><\/label><div class=\"wpforms-datepicker-wrap\"><input type=\"text\" id=\"wpforms-2295-field_18\" class=\"wpforms-field-date-time-date wpforms-datepicker wpforms-field-required wpforms-field-large\" data-date-format=\"m\/d\/Y\" data-disable-past-dates=\"0\" data-input=\"true\" name=\"wpforms[fields][18][date]\" required><a title=\"Clear Date\" data-clear role=\"button\" tabindex=\"0\" class=\"wpforms-datepicker-clear\" aria-label=\"Clear Date\" style=\"display:none;\"><\/a><\/div><\/div><div id=\"wpforms-2295-field_19-container\" class=\"wpforms-field wpforms-field-phone wpforms-one-half wpforms-first\" data-field-id=\"19\"><label class=\"wpforms-field-label\" for=\"wpforms-2295-field_19\">N\u00famero de tel\u00e9fono del prestatario: <span class=\"wpforms-required-label\">*<\/span><\/label><input type=\"tel\" id=\"wpforms-2295-field_19\" class=\"wpforms-field-large wpforms-field-required wpforms-smart-phone-field\" data-rule-smart-phone-field=\"true\" name=\"wpforms[fields][19]\" aria-label=\"N\u00famero de tel\u00e9fono del prestatario:\" required><\/div><div id=\"wpforms-2295-field_20-container\" class=\"wpforms-field wpforms-field-text wpforms-one-half\" data-field-id=\"20\"><label class=\"wpforms-field-label\" for=\"wpforms-2295-field_20\">Direcci\u00f3n de correo electr\u00f3nico del prestatario: <span class=\"wpforms-required-label\">*<\/span><\/label><input type=\"text\" id=\"wpforms-2295-field_20\" class=\"wpforms-field-large wpforms-field-required\" name=\"wpforms[fields][20]\" required><\/div><div id=\"wpforms-2295-field_23-container\" class=\"wpforms-field wpforms-field-pagebreak\" data-field-id=\"23\"><div class=\"wpforms-clear wpforms-pagebreak-left\"><\/div><\/div><\/div><\/div><!-- .wpforms-field-container --><div class=\"wpforms-recaptcha-container wpforms-is-recaptcha wpforms-is-recaptcha-type-v3\" style=\"display:none;\"><input type=\"hidden\" name=\"wpforms[recaptcha]\" value=\"\"><\/div><div class=\"wpforms-submit-container\" style=\"display:none;\"><input type=\"hidden\" name=\"wpforms[id]\" value=\"2295\"><input type=\"hidden\" name=\"page_title\" value=\"\"><input type=\"hidden\" name=\"page_url\" value=\"https:\/\/heideinternational.com\/es\/wp-json\/wp\/v2\/pages\/2324\"><input type=\"hidden\" name=\"url_referer\" value=\"\"><button type=\"submit\" name=\"wpforms[submit]\" id=\"wpforms-submit-2295\" class=\"wpforms-submit\" data-alt-text=\"Sending...\" data-submit-text=\"Submit\" aria-live=\"assertive\" value=\"wpforms-submit\">Enviar<\/button><img decoding=\"async\" src=\"https:\/\/heideinternational.com\/wp-content\/plugins\/wpforms\/assets\/images\/submit-spin.svg\" class=\"wpforms-submit-spinner\" style=\"display: none;\" width=\"26\" height=\"26\" alt=\"Cargando\"><\/div><input type=\"hidden\" name=\"trp-form-language\" value=\"es\"\/><\/form><\/div>  <!-- .wpforms-container -->\t\t\t\t<\/div>\n\t\t\t\t<\/div>\n\t\t\t\t\t<\/div>\n\t\t<\/div>\n\t\t\t\t\t<\/div>\n\t\t<\/section>\n\t\t\t\t<\/div>","protected":false},"excerpt":{"rendered":"","protected":false},"author":4,"featured_media":0,"parent":0,"menu_order":0,"comment_status":"closed","ping_status":"closed","template":"elementor_header_footer","meta":{"footnotes":""},"class_list":["post-2324","page","type-page","status-publish","hentry"],"yoast_head":"<!-- This site is optimized with the Yoast SEO plugin v26.8 - https:\/\/yoast.com\/product\/yoast-seo-wordpress\/ -->\n<title>Credit Form - Heide International LLC<\/title>\n<meta name=\"description\" content=\"This information is to be used by the agency collecting it or its assignees in determining whether you qualify as a prospective mortgagor under its program.\" \/>\n<meta name=\"robots\" content=\"index, follow, max-snippet:-1, max-image-preview:large, max-video-preview:-1\" \/>\n<link rel=\"canonical\" href=\"https:\/\/heideinternational.com\/es\/formulario-de-credito-2\/\" \/>\n<meta property=\"og:locale\" content=\"es_MX\" \/>\n<meta property=\"og:type\" content=\"article\" \/>\n<meta property=\"og:title\" content=\"Credit Form - Heide International LLC\" \/>\n<meta property=\"og:description\" content=\"This information is to be used by the agency collecting it or its assignees in determining whether you qualify as a prospective mortgagor under its program.\" \/>\n<meta property=\"og:url\" content=\"https:\/\/heideinternational.com\/es\/formulario-de-credito-2\/\" \/>\n<meta property=\"og:site_name\" content=\"Heide International LLC\" \/>\n<meta property=\"article:modified_time\" content=\"2022-11-21T21:15:02+00:00\" \/>\n<meta name=\"twitter:card\" content=\"summary_large_image\" \/>\n<meta name=\"twitter:label1\" content=\"Tiempo de lectura\" \/>\n\t<meta name=\"twitter:data1\" content=\"1 minuto\" \/>\n<script type=\"application\/ld+json\" class=\"yoast-schema-graph\">{\"@context\":\"https:\/\/schema.org\",\"@graph\":[{\"@type\":\"WebPage\",\"@id\":\"https:\/\/heideinternational.com\/credit-form\/\",\"url\":\"https:\/\/heideinternational.com\/credit-form\/\",\"name\":\"Credit Form - Heide International LLC\",\"isPartOf\":{\"@id\":\"https:\/\/heideinternational.com\/#website\"},\"datePublished\":\"2022-08-12T07:25:37+00:00\",\"dateModified\":\"2022-11-21T21:15:02+00:00\",\"description\":\"This information is to be used by the agency collecting it or its assignees in determining whether you qualify as a prospective mortgagor under its program.\",\"breadcrumb\":{\"@id\":\"https:\/\/heideinternational.com\/credit-form\/#breadcrumb\"},\"inLanguage\":\"es\",\"potentialAction\":[{\"@type\":\"ReadAction\",\"target\":[\"https:\/\/heideinternational.com\/credit-form\/\"]}]},{\"@type\":\"BreadcrumbList\",\"@id\":\"https:\/\/heideinternational.com\/credit-form\/#breadcrumb\",\"itemListElement\":[{\"@type\":\"ListItem\",\"position\":1,\"name\":\"Home\",\"item\":\"https:\/\/heideinternational.com\/\"},{\"@type\":\"ListItem\",\"position\":2,\"name\":\"Credit Form\"}]},{\"@type\":\"WebSite\",\"@id\":\"https:\/\/heideinternational.com\/#website\",\"url\":\"https:\/\/heideinternational.com\/\",\"name\":\"Heide International LLC\",\"description\":\"Heide International LLC\",\"potentialAction\":[{\"@type\":\"SearchAction\",\"target\":{\"@type\":\"EntryPoint\",\"urlTemplate\":\"https:\/\/heideinternational.com\/?s={search_term_string}\"},\"query-input\":{\"@type\":\"PropertyValueSpecification\",\"valueRequired\":true,\"valueName\":\"search_term_string\"}}],\"inLanguage\":\"es\"}]}<\/script>\n<!-- \/ Yoast SEO plugin. -->","yoast_head_json":{"title":"Formulario de cr\u00e9dito - Heide International LLC","description":"Esta informaci\u00f3n ser\u00e1 utilizada por el organismo que la recabe o sus cesionarios para determinar si usted re\u00fane los requisitos para ser un posible deudor hipotecario en el marco de su programa.","robots":{"index":"index","follow":"follow","max-snippet":"max-snippet:-1","max-image-preview":"max-image-preview:large","max-video-preview":"max-video-preview:-1"},"canonical":"https:\/\/heideinternational.com\/es\/formulario-de-credito-2\/","og_locale":"es_MX","og_type":"article","og_title":"Credit Form - Heide International LLC","og_description":"This information is to be used by the agency collecting it or its assignees in determining whether you qualify as a prospective mortgagor under its program.","og_url":"https:\/\/heideinternational.com\/es\/formulario-de-credito-2\/","og_site_name":"Heide International LLC","article_modified_time":"2022-11-21T21:15:02+00:00","twitter_card":"summary_large_image","twitter_misc":{"Tiempo de lectura":"1 minuto"},"schema":{"@context":"https:\/\/schema.org","@graph":[{"@type":"WebPage","@id":"https:\/\/heideinternational.com\/credit-form\/","url":"https:\/\/heideinternational.com\/credit-form\/","name":"Formulario de cr\u00e9dito - Heide International LLC","isPartOf":{"@id":"https:\/\/heideinternational.com\/#website"},"datePublished":"2022-08-12T07:25:37+00:00","dateModified":"2022-11-21T21:15:02+00:00","description":"Esta informaci\u00f3n ser\u00e1 utilizada por el organismo que la recabe o sus cesionarios para determinar si usted re\u00fane los requisitos para ser un posible deudor hipotecario en el marco de su programa.","breadcrumb":{"@id":"https:\/\/heideinternational.com\/credit-form\/#breadcrumb"},"inLanguage":"es","potentialAction":[{"@type":"ReadAction","target":["https:\/\/heideinternational.com\/credit-form\/"]}]},{"@type":"BreadcrumbList","@id":"https:\/\/heideinternational.com\/credit-form\/#breadcrumb","itemListElement":[{"@type":"ListItem","position":1,"name":"Home","item":"https:\/\/heideinternational.com\/"},{"@type":"ListItem","position":2,"name":"Credit Form"}]},{"@type":"WebSite","@id":"https:\/\/heideinternational.com\/#website","url":"https:\/\/heideinternational.com\/","name":"Heide International LLC","description":"Heide International LLC","potentialAction":[{"@type":"SearchAction","target":{"@type":"EntryPoint","urlTemplate":"https:\/\/heideinternational.com\/?s={search_term_string}"},"query-input":{"@type":"PropertyValueSpecification","valueRequired":true,"valueName":"search_term_string"}}],"inLanguage":"es"}]}},"_links":{"self":[{"href":"https:\/\/heideinternational.com\/es\/wp-json\/wp\/v2\/pages\/2324","targetHints":{"allow":["GET"]}}],"collection":[{"href":"https:\/\/heideinternational.com\/es\/wp-json\/wp\/v2\/pages"}],"about":[{"href":"https:\/\/heideinternational.com\/es\/wp-json\/wp\/v2\/types\/page"}],"author":[{"embeddable":true,"href":"https:\/\/heideinternational.com\/es\/wp-json\/wp\/v2\/users\/4"}],"replies":[{"embeddable":true,"href":"https:\/\/heideinternational.com\/es\/wp-json\/wp\/v2\/comments?post=2324"}],"version-history":[{"count":0,"href":"https:\/\/heideinternational.com\/es\/wp-json\/wp\/v2\/pages\/2324\/revisions"}],"wp:attachment":[{"href":"https:\/\/heideinternational.com\/es\/wp-json\/wp\/v2\/media?parent=2324"}],"curies":[{"name":"wp","href":"https:\/\/api.w.org\/{rel}","templated":true}]}}