{"id":1032,"date":"2021-07-16T10:52:36","date_gmt":"2021-07-16T10:52:36","guid":{"rendered":"https:\/\/heideinternati.wpengine.com\/?page_id=1032"},"modified":"2023-04-26T18:48:02","modified_gmt":"2023-04-26T18:48:02","slug":"quiebras-juicios-divorcio-2","status":"publish","type":"page","link":"https:\/\/heideinternational.com\/es\/quiebras-juicios-divorcio-2\/","title":{"rendered":"Quiebras, ejecuciones hipotecarias, divorcios"},"content":{"rendered":"<div data-elementor-type=\"wp-page\" data-elementor-id=\"1032\" class=\"elementor elementor-1032\" data-elementor-post-type=\"page\">\n\t\t\t\t\t\t<section class=\"elementor-section elementor-top-section elementor-element elementor-element-8faa9e9 elementor-section-boxed elementor-section-height-default elementor-section-height-default\" data-id=\"8faa9e9\" data-element_type=\"section\" data-settings=\"{&quot;background_background&quot;:&quot;classic&quot;}\">\n\t\t\t\t\t\t<div class=\"elementor-container elementor-column-gap-default\">\n\t\t\t\t\t<div class=\"elementor-column elementor-col-100 elementor-top-column elementor-element elementor-element-8ea94e4\" data-id=\"8ea94e4\" data-element_type=\"column\">\n\t\t\t<div class=\"elementor-widget-wrap elementor-element-populated\">\n\t\t\t\t\t\t<div class=\"elementor-element elementor-element-0788fe0 elementor-widget elementor-widget-heading\" data-id=\"0788fe0\" data-element_type=\"widget\" data-widget_type=\"heading.default\">\n\t\t\t\t<div class=\"elementor-widget-container\">\n\t\t\t\t\t<h1 class=\"elementor-heading-title elementor-size-default\">Quiebras, ejecuciones hipotecarias, divorcios\n<\/h1>\t\t\t\t<\/div>\n\t\t\t\t<\/div>\n\t\t\t\t<div class=\"elementor-element elementor-element-e7fb6ef elementor-align-center elementor-widget elementor-widget-button\" data-id=\"e7fb6ef\" data-element_type=\"widget\" data-widget_type=\"button.default\">\n\t\t\t\t<div class=\"elementor-widget-container\">\n\t\t\t\t\t\t\t\t\t<div class=\"elementor-button-wrapper\">\n\t\t\t\t\t<a class=\"elementor-button elementor-button-link elementor-size-sm\" href=\"\/es\/quiebras-juicios-divorcio-4\/\">\n\t\t\t\t\t\t<span class=\"elementor-button-content-wrapper\">\n\t\t\t\t\t\t\t\t\t<span class=\"elementor-button-text\">Haga clic aqu\u00ed para ver nuestros v\u00eddeos<\/span>\n\t\t\t\t\t<\/span>\n\t\t\t\t\t<\/a>\n\t\t\t\t<\/div>\n\t\t\t\t\t\t\t\t<\/div>\n\t\t\t\t<\/div>\n\t\t\t\t\t<\/div>\n\t\t<\/div>\n\t\t\t\t\t<\/div>\n\t\t<\/section>\n\t\t\t\t<section class=\"elementor-section elementor-top-section elementor-element elementor-element-05f0f5b elementor-section-boxed elementor-section-height-default elementor-section-height-default\" data-id=\"05f0f5b\" data-element_type=\"section\">\n\t\t\t\t\t\t<div class=\"elementor-container elementor-column-gap-default\">\n\t\t\t\t\t<div class=\"elementor-column elementor-col-50 elementor-top-column elementor-element elementor-element-392c6f2\" data-id=\"392c6f2\" data-element_type=\"column\">\n\t\t\t<div class=\"elementor-widget-wrap elementor-element-populated\">\n\t\t\t\t\t\t<div class=\"elementor-element elementor-element-f70654e elementor-widget elementor-widget-heading\" data-id=\"f70654e\" data-element_type=\"widget\" data-widget_type=\"heading.default\">\n\t\t\t\t<div class=\"elementor-widget-container\">\n\t\t\t\t\t<h2 class=\"elementor-heading-title elementor-size-default\">Periodos de espera para <br>Bankrupts &amp; Foreclosures<\/h2>\t\t\t\t<\/div>\n\t\t\t\t<\/div>\n\t\t\t\t<div class=\"elementor-element elementor-element-65fa554 elementor-widget elementor-widget-text-editor\" data-id=\"65fa554\" data-element_type=\"widget\" data-widget_type=\"text-editor.default\">\n\t\t\t\t<div class=\"elementor-widget-container\">\n\t\t\t\t\t\t\t\t\t<p>Hay una idea err\u00f3nea com\u00fan; que despu\u00e9s de una venta corta, bancarrota o ejecuci\u00f3n hipotecaria, tendr\u00e1 que esperar 7 a\u00f1os antes de poder obtener una nueva hipoteca.<\/p><p>Buenas noticias sobre los periodos de espera.<\/p><p>La FHA NO tiene per\u00edodo de espera en una venta al descubierto, si usted est\u00e1 al d\u00eda en el momento de la venta, y a tiempo durante los \u00faltimos 12 meses.  Si usted estaba en mora en el momento de la venta corta, la FHA le har\u00e1 esperar 3 a\u00f1os. Los per\u00edodos de espera m\u00e1s cortos para la bancarrota es en el cap\u00edtulo 13. \u00a1Donde FHA y VA s\u00f3lo 1 a\u00f1o de per\u00edodo de espera! Ellos requerir\u00e1n 2 a\u00f1os para el cap\u00edtulo 7 o 11.<\/p><p>Fannie Mae y Freddie Mac son m\u00e1s conservadores y exigen m\u00e1s dinero de entrada o te hacen esperar hasta 7 a\u00f1os, aunque en determinadas circunstancias atenuantes tambi\u00e9n acortan los periodos de espera a 2 a\u00f1os. Todas las agencias tienen normas adicionales para permitir circunstancias atenuantes. S0, si usted plane\u00f3 la ejecuci\u00f3n hipotecaria, las agencias podr\u00edan exigirle que espere 7 a\u00f1os a pesar de todo. PERO si tuvieras una enfermedad grave, podr\u00edas acortar el periodo de espera a 1 a\u00f1o Hay esperanza al final del t\u00fanel y puede llegar mucho antes de lo que pensabas.<\/p><p>Sin embargo, las directrices cambian o pueden estar sujetas a superposiciones del prestamista que a\u00f1aden normas m\u00e1s conservadoras a lo que las agencias permitir\u00e1n. Por lo tanto, compare precios y visite los sitios web de las agencias en HUD.gov y VA.gov.<\/p>\t\t\t\t\t\t\t\t<\/div>\n\t\t\t\t<\/div>\n\t\t\t\t\t<\/div>\n\t\t<\/div>\n\t\t\t\t<div class=\"elementor-column elementor-col-50 elementor-top-column elementor-element elementor-element-ade456a\" data-id=\"ade456a\" data-element_type=\"column\">\n\t\t\t<div class=\"elementor-widget-wrap elementor-element-populated\">\n\t\t\t\t\t\t<div class=\"elementor-element elementor-element-de77719 elementor-widget elementor-widget-image\" data-id=\"de77719\" data-element_type=\"widget\" data-widget_type=\"image.default\">\n\t\t\t\t<div class=\"elementor-widget-container\">\n\t\t\t\t\t\t\t\t\t\t\t\t\t\t\t<img fetchpriority=\"high\" decoding=\"async\" width=\"800\" height=\"400\" src=\"https:\/\/heideinternational.com\/wp-content\/uploads\/2022\/08\/house-with-gavel-and-law-books-real-estate-law-a-2021-08-26-16-57-05-utc-1024x512.jpg\" class=\"attachment-large size-large wp-image-2473\" alt=\"\" srcset=\"https:\/\/heideinternational.com\/wp-content\/uploads\/2022\/08\/house-with-gavel-and-law-books-real-estate-law-a-2021-08-26-16-57-05-utc-1024x512.jpg 1024w, https:\/\/heideinternational.com\/wp-content\/uploads\/2022\/08\/house-with-gavel-and-law-books-real-estate-law-a-2021-08-26-16-57-05-utc-300x150.jpg 300w, https:\/\/heideinternational.com\/wp-content\/uploads\/2022\/08\/house-with-gavel-and-law-books-real-estate-law-a-2021-08-26-16-57-05-utc-768x384.jpg 768w, https:\/\/heideinternational.com\/wp-content\/uploads\/2022\/08\/house-with-gavel-and-law-books-real-estate-law-a-2021-08-26-16-57-05-utc-1536x768.jpg 1536w, https:\/\/heideinternational.com\/wp-content\/uploads\/2022\/08\/house-with-gavel-and-law-books-real-estate-law-a-2021-08-26-16-57-05-utc-2048x1024.jpg 2048w\" sizes=\"(max-width: 800px) 100vw, 800px\" \/>\t\t\t\t\t\t\t\t\t\t\t\t\t\t\t<\/div>\n\t\t\t\t<\/div>\n\t\t\t\t\t<\/div>\n\t\t<\/div>\n\t\t\t\t\t<\/div>\n\t\t<\/section>\n\t\t\t\t<section class=\"elementor-section elementor-top-section elementor-element elementor-element-5da0d10 elementor-section-boxed elementor-section-height-default elementor-section-height-default\" data-id=\"5da0d10\" data-element_type=\"section\" data-settings=\"{&quot;background_background&quot;:&quot;classic&quot;}\">\n\t\t\t\t\t\t<div class=\"elementor-container elementor-column-gap-default\">\n\t\t\t\t\t<div class=\"elementor-column elementor-col-100 elementor-top-column elementor-element elementor-element-e69acc3\" data-id=\"e69acc3\" data-element_type=\"column\">\n\t\t\t<div class=\"elementor-widget-wrap elementor-element-populated\">\n\t\t\t\t\t\t<section class=\"elementor-section elementor-inner-section elementor-element elementor-element-654755b elementor-section-boxed elementor-section-height-default elementor-section-height-default\" data-id=\"654755b\" data-element_type=\"section\">\n\t\t\t\t\t\t<div class=\"elementor-container elementor-column-gap-default\">\n\t\t\t\t\t<div class=\"elementor-column elementor-col-100 elementor-inner-column elementor-element elementor-element-72c1c5e\" data-id=\"72c1c5e\" data-element_type=\"column\">\n\t\t\t<div class=\"elementor-widget-wrap elementor-element-populated\">\n\t\t\t\t\t\t<div class=\"elementor-element elementor-element-f68b0bc elementor-widget elementor-widget-heading\" data-id=\"f68b0bc\" data-element_type=\"widget\" data-widget_type=\"heading.default\">\n\t\t\t\t<div class=\"elementor-widget-container\">\n\t\t\t\t\t<h2 class=\"elementor-heading-title elementor-size-default\">Testimonio\n<\/h2>\t\t\t\t<\/div>\n\t\t\t\t<\/div>\n\t\t\t\t<div class=\"elementor-element elementor-element-d16b6ea elementor-widget-divider--view-line elementor-widget elementor-widget-divider\" data-id=\"d16b6ea\" data-element_type=\"widget\" data-widget_type=\"divider.default\">\n\t\t\t\t<div class=\"elementor-widget-container\">\n\t\t\t\t\t\t\t<div class=\"elementor-divider\">\n\t\t\t<span class=\"elementor-divider-separator\">\n\t\t\t\t\t\t<\/span>\n\t\t<\/div>\n\t\t\t\t\t\t<\/div>\n\t\t\t\t<\/div>\n\t\t\t\t\t<\/div>\n\t\t<\/div>\n\t\t\t\t\t<\/div>\n\t\t<\/section>\n\t\t\t\t<section class=\"elementor-section elementor-inner-section elementor-element elementor-element-74a582a elementor-section-boxed elementor-section-height-default elementor-section-height-default\" data-id=\"74a582a\" data-element_type=\"section\">\n\t\t\t\t\t\t<div class=\"elementor-container elementor-column-gap-wider\">\n\t\t\t\t\t<div class=\"elementor-column elementor-col-50 elementor-inner-column elementor-element elementor-element-6f24a59\" data-id=\"6f24a59\" data-element_type=\"column\">\n\t\t\t<div class=\"elementor-widget-wrap elementor-element-populated\">\n\t\t\t\t\t\t<div class=\"elementor-element elementor-element-8241ab3 elementor-blockquote--align-left elementor-blockquote--skin-border elementor-widget elementor-widget-blockquote\" data-id=\"8241ab3\" data-element_type=\"widget\" data-widget_type=\"blockquote.default\">\n\t\t\t\t<div class=\"elementor-widget-container\">\n\t\t\t\t\t\t\t<blockquote class=\"elementor-blockquote\">\n\t\t\t<p class=\"elementor-blockquote__content\">\n\t\t\t\t\"Como agente inmobiliario, trato con muchos prestamistas diferentes, desde empresas internacionales hasta las locales (que son las que prefiero). Desde la primera comunicaci\u00f3n con Kurt y su equipo me di cuenta de que iba a ser una transacci\u00f3n fluida y sin problemas. Son muy receptivos, meticulosos y profesionales. Fue un verdadero placer trabajar con ellos y espero seguir trabajando con ellos en el futuro. Definitivamente voy a a\u00f1adir a mi lista de prestamistas y se refiere a los clientes en necesidad de sus servicios, que no tomo a la ligera, ya que es mi nombre y la reputaci\u00f3n que va junto con mi referencia. Tengo plena fe en todas sus capacidades para asegurar que mis clientes est\u00e1n recibiendo ayuda en todos los aspectos durante lo que puede ser un momento estresante y aterrador y la compra. Realmente se preocupan por sus clientes y van m\u00e1s all\u00e1. \u00a1Gracias de nuevo!\n(Nota extra - no muchos prestamistas se presentar\u00e1 a un cierre, y mucho menos con una botella de champ\u00e1n de celebraci\u00f3n!!)\"\t\t\t<\/p>\n\t\t\t\t\t\t\t<div class=\"e-q-footer\">\n\t\t\t\t\t\t\t\t\t\t\t<cite class=\"elementor-blockquote__author\">Lauren Saqui<\/cite>\n\t\t\t\t\t\t\t\t\t\t\t\t\t\t<\/div>\n\t\t\t\t\t<\/blockquote>\n\t\t\t\t\t\t<\/div>\n\t\t\t\t<\/div>\n\t\t\t\t\t<\/div>\n\t\t<\/div>\n\t\t\t\t<div class=\"elementor-column elementor-col-50 elementor-inner-column elementor-element elementor-element-973d1af\" data-id=\"973d1af\" data-element_type=\"column\">\n\t\t\t<div class=\"elementor-widget-wrap elementor-element-populated\">\n\t\t\t\t\t\t<div class=\"elementor-element elementor-element-0da66c3 elementor-widget elementor-widget-heading\" data-id=\"0da66c3\" data-element_type=\"widget\" data-widget_type=\"heading.default\">\n\t\t\t\t<div class=\"elementor-widget-container\">\n\t\t\t\t\t<h3 class=\"elementor-heading-title elementor-size-default\">\u00bfQuiere saber m\u00e1s y hablar con un profesional experimentado que pueda responder a sus preguntas?\n\n\n<\/h3>\t\t\t\t<\/div>\n\t\t\t\t<\/div>\n\t\t\t\t<div class=\"elementor-element elementor-element-34b1e15 elementor-widget elementor-widget-heading\" data-id=\"34b1e15\" data-element_type=\"widget\" data-widget_type=\"heading.default\">\n\t\t\t\t<div class=\"elementor-widget-container\">\n\t\t\t\t\t<h3 class=\"elementor-heading-title elementor-size-default\">\u00bfDesea saber si, como extranjero, puede obtener financiaci\u00f3n para comprar una propiedad en los Estados Unidos?\n\n\n\n<\/h3>\t\t\t\t<\/div>\n\t\t\t\t<\/div>\n\t\t\t\t<div class=\"elementor-element elementor-element-649b5ab elementor-widget elementor-widget-text-editor\" data-id=\"649b5ab\" data-element_type=\"widget\" data-widget_type=\"text-editor.default\">\n\t\t\t\t<div class=\"elementor-widget-container\">\n\t\t\t\t\t\t\t\t\t<p>Llama a Kurt (es f\u00e1cil hablar con \u00e9l)<\/p>\t\t\t\t\t\t\t\t<\/div>\n\t\t\t\t<\/div>\n\t\t\t\t<div class=\"elementor-element elementor-element-a9b653f elementor-icon-list--layout-traditional elementor-list-item-link-full_width elementor-widget elementor-widget-icon-list\" data-id=\"a9b653f\" data-element_type=\"widget\" data-widget_type=\"icon-list.default\">\n\t\t\t\t<div class=\"elementor-widget-container\">\n\t\t\t\t\t\t\t<ul class=\"elementor-icon-list-items\">\n\t\t\t\t\t\t\t<li class=\"elementor-icon-list-item\">\n\t\t\t\t\t\t\t\t\t\t\t<a href=\"tel:%20561-213-4093\">\n\n\t\t\t\t\t\t\t\t\t\t\t\t<span class=\"elementor-icon-list-icon\">\n\t\t\t\t\t\t\t<svg aria-hidden=\"true\" class=\"e-font-icon-svg e-fas-phone-alt\" viewbox=\"0 0 512 512\" xmlns=\"http:\/\/www.w3.org\/2000\/svg\"><path d=\"M497.39 361.8l-112-48a24 24 0 0 0-28 6.9l-49.6 60.6A370.66 370.66 0 0 1 130.6 204.11l60.6-49.6a23.94 23.94 0 0 0 6.9-28l-48-112A24.16 24.16 0 0 0 122.6.61l-104 24A24 24 0 0 0 0 48c0 256.5 207.9 464 464 464a24 24 0 0 0 23.4-18.6l24-104a24.29 24.29 0 0 0-14.01-27.6z\"><\/path><\/svg>\t\t\t\t\t\t<\/span>\n\t\t\t\t\t\t\t\t\t\t<span class=\"elementor-icon-list-text\">Tel\u00e9fono: 561-213-4093<\/span>\n\t\t\t\t\t\t\t\t\t\t\t<\/a>\n\t\t\t\t\t\t\t\t\t<\/li>\n\t\t\t\t\t\t\t\t<li class=\"elementor-icon-list-item\">\n\t\t\t\t\t\t\t\t\t\t\t<a href=\"mailto:%20Kheide@HeideInternational.com\">\n\n\t\t\t\t\t\t\t\t\t\t\t\t<span class=\"elementor-icon-list-icon\">\n\t\t\t\t\t\t\t<svg aria-hidden=\"true\" class=\"e-font-icon-svg e-fas-envelope\" viewbox=\"0 0 512 512\" xmlns=\"http:\/\/www.w3.org\/2000\/svg\"><path d=\"M502.3 190.8c3.9-3.1 9.7-.2 9.7 4.7V400c0 26.5-21.5 48-48 48H48c-26.5 0-48-21.5-48-48V195.6c0-5 5.7-7.8 9.7-4.7 22.4 17.4 52.1 39.5 154.1 113.6 21.1 15.4 56.7 47.8 92.2 47.6 35.7.3 72-32.8 92.3-47.6 102-74.1 131.6-96.3 154-113.7zM256 320c23.2.4 56.6-29.2 73.4-41.4 132.7-96.3 142.8-104.7 173.4-128.7 5.8-4.5 9.2-11.5 9.2-18.9v-19c0-26.5-21.5-48-48-48H48C21.5 64 0 85.5 0 112v19c0 7.4 3.4 14.3 9.2 18.9 30.6 23.9 40.7 32.4 173.4 128.7 16.8 12.2 50.2 41.8 73.4 41.4z\"><\/path><\/svg>\t\t\t\t\t\t<\/span>\n\t\t\t\t\t\t\t\t\t\t<span class=\"elementor-icon-list-text\">Kheide@HeideInternational.com<\/span>\n\t\t\t\t\t\t\t\t\t\t\t<\/a>\n\t\t\t\t\t\t\t\t\t<\/li>\n\t\t\t\t\t\t\t\t<li class=\"elementor-icon-list-item\">\n\t\t\t\t\t\t\t\t\t\t\t<span class=\"elementor-icon-list-icon\">\n\t\t\t\t\t\t\t<svg aria-hidden=\"true\" class=\"e-font-icon-svg e-far-id-card\" viewbox=\"0 0 576 512\" xmlns=\"http:\/\/www.w3.org\/2000\/svg\"><path d=\"M528 32H48C21.5 32 0 53.5 0 80v352c0 26.5 21.5 48 48 48h480c26.5 0 48-21.5 48-48V80c0-26.5-21.5-48-48-48zm0 400H303.2c.9-4.5.8 3.6.8-22.4 0-31.8-30.1-57.6-67.2-57.6-10.8 0-18.7 8-44.8 8-26.9 0-33.4-8-44.8-8-37.1 0-67.2 25.8-67.2 57.6 0 26-.2 17.9.8 22.4H48V144h480v288zm-168-80h112c4.4 0 8-3.6 8-8v-16c0-4.4-3.6-8-8-8H360c-4.4 0-8 3.6-8 8v16c0 4.4 3.6 8 8 8zm0-64h112c4.4 0 8-3.6 8-8v-16c0-4.4-3.6-8-8-8H360c-4.4 0-8 3.6-8 8v16c0 4.4 3.6 8 8 8zm0-64h112c4.4 0 8-3.6 8-8v-16c0-4.4-3.6-8-8-8H360c-4.4 0-8 3.6-8 8v16c0 4.4 3.6 8 8 8zm-168 96c35.3 0 64-28.7 64-64s-28.7-64-64-64-64 28.7-64 64 28.7 64 64 64z\"><\/path><\/svg>\t\t\t\t\t\t<\/span>\n\t\t\t\t\t\t\t\t\t\t<span class=\"elementor-icon-list-text\">ID de sucursal #1845861, ID NMLS #368938<\/span>\n\t\t\t\t\t\t\t\t\t<\/li>\n\t\t\t\t\t\t<\/ul>\n\t\t\t\t\t\t<\/div>\n\t\t\t\t<\/div>\n\t\t\t\t\t<\/div>\n\t\t<\/div>\n\t\t\t\t\t<\/div>\n\t\t<\/section>\n\t\t\t\t\t<\/div>\n\t\t<\/div>\n\t\t\t\t\t<\/div>\n\t\t<\/section>\n\t\t\t\t<\/div>","protected":false},"excerpt":{"rendered":"<p>Bancarrotas, Ejecuciones Hipotecarias, Divorcio Haga clic aqu\u00ed para ver nuestros videos Per\u00edodos de espera para bancarrotas y ejecuciones hipotecarias Hay un error com\u00fan; que despu\u00e9s de una venta corta, bancarrota o ejecuci\u00f3n hipotecaria, tendr\u00e1 que esperar 7 a\u00f1os antes de poder obtener una nueva hipoteca. Aqu\u00ed hay algunas buenas noticias con respecto a los per\u00edodos de espera. FHA NO tiene per\u00edodo de espera en una [...]<\/p>","protected":false},"author":1,"featured_media":0,"parent":0,"menu_order":0,"comment_status":"closed","ping_status":"closed","template":"elementor_header_footer","meta":{"footnotes":""},"class_list":["post-1032","page","type-page","status-publish","hentry"],"yoast_head":"<!-- This site is optimized with the Yoast SEO plugin v26.8 - https:\/\/yoast.com\/product\/yoast-seo-wordpress\/ -->\n<title>Mortgage for Bankruptcies, Foreclosures - Heide International<\/title>\n<meta name=\"description\" content=\"Find out about the waiting periods and mortgage plans for Bankruptcies, Foreclosures, and Divorce in the USA. Get more details!\" \/>\n<meta name=\"robots\" content=\"index, follow, max-snippet:-1, max-image-preview:large, max-video-preview:-1\" \/>\n<link rel=\"canonical\" href=\"https:\/\/heideinternational.com\/es\/quiebras-juicios-divorcio-2\/\" \/>\n<meta property=\"og:locale\" content=\"es_MX\" \/>\n<meta property=\"og:type\" content=\"article\" \/>\n<meta property=\"og:title\" content=\"Mortgage for Bankruptcies, Foreclosures - Heide International\" \/>\n<meta property=\"og:description\" content=\"Find out about the waiting periods and mortgage plans for Bankruptcies, Foreclosures, and Divorce in the USA. Get more details!\" \/>\n<meta property=\"og:url\" content=\"https:\/\/heideinternational.com\/es\/quiebras-juicios-divorcio-2\/\" \/>\n<meta property=\"og:site_name\" content=\"Heide International LLC\" \/>\n<meta property=\"article:modified_time\" content=\"2023-04-26T18:48:02+00:00\" \/>\n<meta property=\"og:image\" content=\"https:\/\/heideinternational.com\/wp-content\/uploads\/2022\/08\/house-with-gavel-and-law-books-real-estate-law-a-2021-08-26-16-57-05-utc-1024x512.jpg\" \/>\n<meta name=\"twitter:card\" content=\"summary_large_image\" \/>\n<meta name=\"twitter:label1\" content=\"Tiempo de lectura\" \/>\n\t<meta name=\"twitter:data1\" content=\"3 minutos\" \/>\n<script type=\"application\/ld+json\" class=\"yoast-schema-graph\">{\"@context\":\"https:\/\/schema.org\",\"@graph\":[{\"@type\":\"WebPage\",\"@id\":\"https:\/\/heideinternational.com\/bankruptcies-foreclosures-divorce\/\",\"url\":\"https:\/\/heideinternational.com\/bankruptcies-foreclosures-divorce\/\",\"name\":\"Mortgage for Bankruptcies, Foreclosures - Heide International\",\"isPartOf\":{\"@id\":\"https:\/\/heideinternational.com\/#website\"},\"primaryImageOfPage\":{\"@id\":\"https:\/\/heideinternational.com\/bankruptcies-foreclosures-divorce\/#primaryimage\"},\"image\":{\"@id\":\"https:\/\/heideinternational.com\/bankruptcies-foreclosures-divorce\/#primaryimage\"},\"thumbnailUrl\":\"https:\/\/heideinternational.com\/wp-content\/uploads\/2022\/08\/house-with-gavel-and-law-books-real-estate-law-a-2021-08-26-16-57-05-utc-1024x512.jpg\",\"datePublished\":\"2021-07-16T10:52:36+00:00\",\"dateModified\":\"2023-04-26T18:48:02+00:00\",\"description\":\"Find out about the waiting periods and mortgage plans for Bankruptcies, Foreclosures, and Divorce in the USA. Get more details!\",\"breadcrumb\":{\"@id\":\"https:\/\/heideinternational.com\/bankruptcies-foreclosures-divorce\/#breadcrumb\"},\"inLanguage\":\"es\",\"potentialAction\":[{\"@type\":\"ReadAction\",\"target\":[\"https:\/\/heideinternational.com\/bankruptcies-foreclosures-divorce\/\"]}]},{\"@type\":\"ImageObject\",\"inLanguage\":\"es\",\"@id\":\"https:\/\/heideinternational.com\/bankruptcies-foreclosures-divorce\/#primaryimage\",\"url\":\"https:\/\/heideinternational.com\/wp-content\/uploads\/2022\/08\/house-with-gavel-and-law-books-real-estate-law-a-2021-08-26-16-57-05-utc-1024x512.jpg\",\"contentUrl\":\"https:\/\/heideinternational.com\/wp-content\/uploads\/2022\/08\/house-with-gavel-and-law-books-real-estate-law-a-2021-08-26-16-57-05-utc-1024x512.jpg\"},{\"@type\":\"BreadcrumbList\",\"@id\":\"https:\/\/heideinternational.com\/bankruptcies-foreclosures-divorce\/#breadcrumb\",\"itemListElement\":[{\"@type\":\"ListItem\",\"position\":1,\"name\":\"Home\",\"item\":\"https:\/\/heideinternational.com\/\"},{\"@type\":\"ListItem\",\"position\":2,\"name\":\"Bankruptcies, Foreclosures, Divorce\"}]},{\"@type\":\"WebSite\",\"@id\":\"https:\/\/heideinternational.com\/#website\",\"url\":\"https:\/\/heideinternational.com\/\",\"name\":\"Heide International LLC\",\"description\":\"Heide International LLC\",\"potentialAction\":[{\"@type\":\"SearchAction\",\"target\":{\"@type\":\"EntryPoint\",\"urlTemplate\":\"https:\/\/heideinternational.com\/?s={search_term_string}\"},\"query-input\":{\"@type\":\"PropertyValueSpecification\",\"valueRequired\":true,\"valueName\":\"search_term_string\"}}],\"inLanguage\":\"es\"}]}<\/script>\n<!-- \/ Yoast SEO plugin. -->","yoast_head_json":{"title":"Hipoteca para quiebras, ejecuciones hipotecarias - Heide International","description":"Inf\u00f3rmese sobre los plazos de espera y los planes hipotecarios para quiebras, ejecuciones hipotecarias y divorcios en EE.UU. M\u00e1s informaci\u00f3n","robots":{"index":"index","follow":"follow","max-snippet":"max-snippet:-1","max-image-preview":"max-image-preview:large","max-video-preview":"max-video-preview:-1"},"canonical":"https:\/\/heideinternational.com\/es\/quiebras-juicios-divorcio-2\/","og_locale":"es_MX","og_type":"article","og_title":"Mortgage for Bankruptcies, Foreclosures - Heide International","og_description":"Find out about the waiting periods and mortgage plans for Bankruptcies, Foreclosures, and Divorce in the USA. Get more details!","og_url":"https:\/\/heideinternational.com\/es\/quiebras-juicios-divorcio-2\/","og_site_name":"Heide International LLC","article_modified_time":"2023-04-26T18:48:02+00:00","og_image":[{"url":"https:\/\/heideinternational.com\/wp-content\/uploads\/2022\/08\/house-with-gavel-and-law-books-real-estate-law-a-2021-08-26-16-57-05-utc-1024x512.jpg","type":"","width":"","height":""}],"twitter_card":"summary_large_image","twitter_misc":{"Tiempo de lectura":"3 minutos"},"schema":{"@context":"https:\/\/schema.org","@graph":[{"@type":"WebPage","@id":"https:\/\/heideinternational.com\/bankruptcies-foreclosures-divorce\/","url":"https:\/\/heideinternational.com\/bankruptcies-foreclosures-divorce\/","name":"Hipoteca para quiebras, ejecuciones hipotecarias - Heide International","isPartOf":{"@id":"https:\/\/heideinternational.com\/#website"},"primaryImageOfPage":{"@id":"https:\/\/heideinternational.com\/bankruptcies-foreclosures-divorce\/#primaryimage"},"image":{"@id":"https:\/\/heideinternational.com\/bankruptcies-foreclosures-divorce\/#primaryimage"},"thumbnailUrl":"https:\/\/heideinternational.com\/wp-content\/uploads\/2022\/08\/house-with-gavel-and-law-books-real-estate-law-a-2021-08-26-16-57-05-utc-1024x512.jpg","datePublished":"2021-07-16T10:52:36+00:00","dateModified":"2023-04-26T18:48:02+00:00","description":"Inf\u00f3rmese sobre los plazos de espera y los planes hipotecarios para quiebras, ejecuciones hipotecarias y divorcios en EE.UU. M\u00e1s informaci\u00f3n","breadcrumb":{"@id":"https:\/\/heideinternational.com\/bankruptcies-foreclosures-divorce\/#breadcrumb"},"inLanguage":"es","potentialAction":[{"@type":"ReadAction","target":["https:\/\/heideinternational.com\/bankruptcies-foreclosures-divorce\/"]}]},{"@type":"ImageObject","inLanguage":"es","@id":"https:\/\/heideinternational.com\/bankruptcies-foreclosures-divorce\/#primaryimage","url":"https:\/\/heideinternational.com\/wp-content\/uploads\/2022\/08\/house-with-gavel-and-law-books-real-estate-law-a-2021-08-26-16-57-05-utc-1024x512.jpg","contentUrl":"https:\/\/heideinternational.com\/wp-content\/uploads\/2022\/08\/house-with-gavel-and-law-books-real-estate-law-a-2021-08-26-16-57-05-utc-1024x512.jpg"},{"@type":"BreadcrumbList","@id":"https:\/\/heideinternational.com\/bankruptcies-foreclosures-divorce\/#breadcrumb","itemListElement":[{"@type":"ListItem","position":1,"name":"Home","item":"https:\/\/heideinternational.com\/"},{"@type":"ListItem","position":2,"name":"Bankruptcies, Foreclosures, Divorce"}]},{"@type":"WebSite","@id":"https:\/\/heideinternational.com\/#website","url":"https:\/\/heideinternational.com\/","name":"Heide International LLC","description":"Heide International LLC","potentialAction":[{"@type":"SearchAction","target":{"@type":"EntryPoint","urlTemplate":"https:\/\/heideinternational.com\/?s={search_term_string}"},"query-input":{"@type":"PropertyValueSpecification","valueRequired":true,"valueName":"search_term_string"}}],"inLanguage":"es"}]}},"_links":{"self":[{"href":"https:\/\/heideinternational.com\/es\/wp-json\/wp\/v2\/pages\/1032","targetHints":{"allow":["GET"]}}],"collection":[{"href":"https:\/\/heideinternational.com\/es\/wp-json\/wp\/v2\/pages"}],"about":[{"href":"https:\/\/heideinternational.com\/es\/wp-json\/wp\/v2\/types\/page"}],"author":[{"embeddable":true,"href":"https:\/\/heideinternational.com\/es\/wp-json\/wp\/v2\/users\/1"}],"replies":[{"embeddable":true,"href":"https:\/\/heideinternational.com\/es\/wp-json\/wp\/v2\/comments?post=1032"}],"version-history":[{"count":0,"href":"https:\/\/heideinternational.com\/es\/wp-json\/wp\/v2\/pages\/1032\/revisions"}],"wp:attachment":[{"href":"https:\/\/heideinternational.com\/es\/wp-json\/wp\/v2\/media?parent=1032"}],"curies":[{"name":"wp","href":"https:\/\/api.w.org\/{rel}","templated":true}]}}