{"id":4176,"date":"2023-03-24T16:31:58","date_gmt":"2023-03-24T16:31:58","guid":{"rendered":"https:\/\/heideinternati.wpengine.com\/?page_id=4176"},"modified":"2025-10-31T14:29:55","modified_gmt":"2025-10-31T14:29:55","slug":"unsere-kunden-2","status":"publish","type":"page","link":"https:\/\/heideinternational.com\/de\/unsere-kunden-2\/","title":{"rendered":"Unsere Kunden"},"content":{"rendered":"<div data-elementor-type=\"wp-page\" data-elementor-id=\"4176\" class=\"elementor elementor-4176\" data-elementor-post-type=\"page\">\n\t\t\t\t\t\t<section class=\"elementor-section elementor-top-section elementor-element elementor-element-16dae5e elementor-section-boxed elementor-section-height-default elementor-section-height-default\" data-id=\"16dae5e\" data-element_type=\"section\" data-settings=\"{&quot;background_background&quot;:&quot;classic&quot;}\">\n\t\t\t\t\t\t<div class=\"elementor-container elementor-column-gap-default\">\n\t\t\t\t\t<div class=\"elementor-column elementor-col-100 elementor-top-column elementor-element elementor-element-6777d08\" data-id=\"6777d08\" data-element_type=\"column\">\n\t\t\t<div class=\"elementor-widget-wrap elementor-element-populated\">\n\t\t\t\t\t\t<div class=\"elementor-element elementor-element-e5e8cd2 elementor-widget elementor-widget-heading\" data-id=\"e5e8cd2\" data-element_type=\"widget\" data-widget_type=\"heading.default\">\n\t\t\t\t<div class=\"elementor-widget-container\">\n\t\t\t\t\t<h1 class=\"elementor-heading-title elementor-size-default\">UNSERE KUNDEN<\/h1>\t\t\t\t<\/div>\n\t\t\t\t<\/div>\n\t\t\t\t\t<\/div>\n\t\t<\/div>\n\t\t\t\t\t<\/div>\n\t\t<\/section>\n\t\t\t\t<section class=\"elementor-section elementor-top-section elementor-element elementor-element-65d37fa elementor-section-boxed elementor-section-height-default elementor-section-height-default\" data-id=\"65d37fa\" data-element_type=\"section\">\n\t\t\t\t\t\t<div class=\"elementor-container elementor-column-gap-default\">\n\t\t\t\t\t<div class=\"elementor-column elementor-col-100 elementor-top-column elementor-element elementor-element-63b04f4\" data-id=\"63b04f4\" data-element_type=\"column\">\n\t\t\t<div class=\"elementor-widget-wrap elementor-element-populated\">\n\t\t\t\t\t\t<section class=\"elementor-section elementor-inner-section elementor-element elementor-element-595dcee elementor-section-boxed elementor-section-height-default elementor-section-height-default\" data-id=\"595dcee\" data-element_type=\"section\">\n\t\t\t\t\t\t<div class=\"elementor-container elementor-column-gap-default\">\n\t\t\t\t\t<div class=\"elementor-column elementor-col-100 elementor-inner-column elementor-element elementor-element-0966ea1\" data-id=\"0966ea1\" data-element_type=\"column\">\n\t\t\t<div class=\"elementor-widget-wrap elementor-element-populated\">\n\t\t\t\t\t\t<div class=\"elementor-element elementor-element-0bd754b elementor-widget elementor-widget-heading\" data-id=\"0bd754b\" data-element_type=\"widget\" data-widget_type=\"heading.default\">\n\t\t\t\t<div class=\"elementor-widget-container\">\n\t\t\t\t\t<h1 class=\"elementor-heading-title elementor-size-default\">Menschen mit ihren Tr\u00e4umen von Wohneigentum verbinden <\/h1>\t\t\t\t<\/div>\n\t\t\t\t<\/div>\n\t\t\t\t<div class=\"elementor-element elementor-element-1751cd0 elementor-widget elementor-widget-text-editor\" data-id=\"1751cd0\" data-element_type=\"widget\" data-widget_type=\"text-editor.default\">\n\t\t\t\t<div class=\"elementor-widget-container\">\n\t\t\t\t\t\t\t\t\t<p>Wir bei Heide International wissen, wie wichtig es f\u00fcr die Menschen ist, ihren Traum vom Wohneigentum zu verwirklichen. Deshalb haben wir uns auf Hypotheken jeder Art und Gr\u00f6\u00dfe spezialisiert und bedienen lokale, nationale und internationale Kunden. Heide International ist ein in Florida ans\u00e4ssiger Hypothekenmakler, der in der Lage ist, Hypotheken f\u00fcr inl\u00e4ndische und internationale K\u00e4ufer bereitzustellen, was es f\u00fcr diejenigen, die in Florida-Immobilien investieren m\u00f6chten, einfach macht. Unser engagiertes Team von Hypothekenprofis hilft Ihnen, die beste Kreditl\u00f6sung f\u00fcr Ihre Bed\u00fcrfnisse zu finden. Wir bieten ma\u00dfgeschneiderte Dienstleistungen f\u00fcr Ihre individuelle Situation, einschlie\u00dflich Optionen f\u00fcr ausl\u00e4ndische Staatsangeh\u00f6rige, Erstk\u00e4ufer und mehr.<\/p><p>Unser Hypothekenmakler legt gro\u00dfen Wert auf erfahrenen Service, Qualit\u00e4tsprodukte und wettbewerbsf\u00e4hige Preise f\u00fcr ausl\u00e4ndische Staatsangeh\u00f6rige. Durch die Zusammenarbeit mit Heide International haben unsere Kunden Zugang zu einer breiten Auswahl an Hypotheken in Florida, die auf ihre individuellen Bed\u00fcrfnisse und Finanzierungsziele zugeschnitten sind. Von konventionellen Darlehen bis hin zu Jumbo-Darlehen und mehr - das Team von Heide International verf\u00fcgt \u00fcber Fachwissen \u00fcber den Markt in Florida und kann so die besten Optionen f\u00fcr unsere internationalen Kunden anbieten.<\/p><p>\u00a0<\/p>\t\t\t\t\t\t\t\t<\/div>\n\t\t\t\t<\/div>\n\t\t\t\t\t<\/div>\n\t\t<\/div>\n\t\t\t\t\t<\/div>\n\t\t<\/section>\n\t\t\t\t<section class=\"elementor-section elementor-inner-section elementor-element elementor-element-ac8a74b elementor-section-boxed elementor-section-height-default elementor-section-height-default\" data-id=\"ac8a74b\" data-element_type=\"section\">\n\t\t\t\t\t\t<div class=\"elementor-container elementor-column-gap-default\">\n\t\t\t\t\t<div class=\"elementor-column elementor-col-50 elementor-inner-column elementor-element elementor-element-e60a9f3 elementor-hidden-mobile\" data-id=\"e60a9f3\" data-element_type=\"column\" data-settings=\"{&quot;background_background&quot;:&quot;classic&quot;}\">\n\t\t\t<div class=\"elementor-widget-wrap\">\n\t\t\t\t\t\t\t<\/div>\n\t\t<\/div>\n\t\t\t\t<div class=\"elementor-column elementor-col-50 elementor-inner-column elementor-element elementor-element-e1ed2f9\" data-id=\"e1ed2f9\" data-element_type=\"column\">\n\t\t\t<div class=\"elementor-widget-wrap elementor-element-populated\">\n\t\t\t\t<div class=\"elementor-element elementor-element-9b79cf8 elementor-hidden-desktop elementor-hidden-tablet e-flex e-con-boxed e-con e-parent\" data-id=\"9b79cf8\" data-element_type=\"container\" data-settings=\"{&quot;background_background&quot;:&quot;classic&quot;}\">\n\t\t\t\t\t<div class=\"e-con-inner\">\n\t\t\t\t\t<\/div>\n\t\t\t\t<\/div>\n\t\t\t\t<div class=\"elementor-element elementor-element-80f533d elementor-widget elementor-widget-heading\" data-id=\"80f533d\" data-element_type=\"widget\" data-widget_type=\"heading.default\">\n\t\t\t\t<div class=\"elementor-widget-container\">\n\t\t\t\t\t<h2 class=\"elementor-heading-title elementor-size-default\">Eine Heimatbasis f\u00fcr Einheimische und Fremde <\/h2>\t\t\t\t<\/div>\n\t\t\t\t<\/div>\n\t\t\t\t<div class=\"elementor-element elementor-element-d53ef5f elementor-widget elementor-widget-text-editor\" data-id=\"d53ef5f\" data-element_type=\"widget\" data-widget_type=\"text-editor.default\">\n\t\t\t\t<div class=\"elementor-widget-container\">\n\t\t\t\t\t\t\t\t\t<p>Wir von Heide International sind stolz darauf, unseren Kunden zu helfen, die bestm\u00f6glichen Hypotheken f\u00fcr ihre Bed\u00fcrfnisse zu erhalten. Wir sind hier, um Ihnen dabei zu helfen, das Haus zu bekommen, das Sie sich immer gew\u00fcnscht haben.<\/p>\t\t\t\t\t\t\t\t<\/div>\n\t\t\t\t<\/div>\n\t\t\t\t<div class=\"elementor-element elementor-element-a713312 elementor-align-left elementor-widget elementor-widget-button\" data-id=\"a713312\" data-element_type=\"widget\" data-widget_type=\"button.default\">\n\t\t\t\t<div class=\"elementor-widget-container\">\n\t\t\t\t\t\t\t\t\t<div class=\"elementor-button-wrapper\">\n\t\t\t\t\t<a class=\"elementor-button elementor-button-link elementor-size-md\" href=\"https:\/\/www.blink.mortgage\/app\/signup\/p\/heideinternationalllc\/kurtheide\" target=\"_blank\">\n\t\t\t\t\t\t<span class=\"elementor-button-content-wrapper\">\n\t\t\t\t\t\t<span class=\"elementor-button-icon\">\n\t\t\t\t<svg aria-hidden=\"true\" class=\"e-font-icon-svg e-fas-chevron-circle-right\" viewbox=\"0 0 512 512\" xmlns=\"http:\/\/www.w3.org\/2000\/svg\"><path d=\"M256 8c137 0 248 111 248 248S393 504 256 504 8 393 8 256 119 8 256 8zm113.9 231L234.4 103.5c-9.4-9.4-24.6-9.4-33.9 0l-17 17c-9.4 9.4-9.4 24.6 0 33.9L285.1 256 183.5 357.6c-9.4 9.4-9.4 24.6 0 33.9l17 17c9.4 9.4 24.6 9.4 33.9 0L369.9 273c9.4-9.4 9.4-24.6 0-34z\"><\/path><\/svg>\t\t\t<\/span>\n\t\t\t\t\t\t\t\t\t<span class=\"elementor-button-text\">jetzt bewerben<\/span>\n\t\t\t\t\t<\/span>\n\t\t\t\t\t<\/a>\n\t\t\t\t<\/div>\n\t\t\t\t\t\t\t\t<\/div>\n\t\t\t\t<\/div>\n\t\t\t\t\t<\/div>\n\t\t<\/div>\n\t\t\t\t\t<\/div>\n\t\t<\/section>\n\t\t\t\t<section class=\"elementor-section elementor-inner-section elementor-element elementor-element-05f46a9 elementor-section-boxed elementor-section-height-default elementor-section-height-default\" data-id=\"05f46a9\" data-element_type=\"section\">\n\t\t\t\t\t\t<div class=\"elementor-container elementor-column-gap-default\">\n\t\t\t\t\t<div class=\"elementor-column elementor-col-50 elementor-inner-column elementor-element elementor-element-dc35ebb\" data-id=\"dc35ebb\" data-element_type=\"column\">\n\t\t\t<div class=\"elementor-widget-wrap elementor-element-populated\">\n\t\t\t\t<div class=\"elementor-element elementor-element-75673a6 elementor-hidden-desktop elementor-hidden-tablet e-flex e-con-boxed e-con e-parent\" data-id=\"75673a6\" data-element_type=\"container\" data-settings=\"{&quot;background_background&quot;:&quot;classic&quot;}\">\n\t\t\t\t\t<div class=\"e-con-inner\">\n\t\t\t\t\t<\/div>\n\t\t\t\t<\/div>\n\t\t\t\t<div class=\"elementor-element elementor-element-613acf7 elementor-widget elementor-widget-heading\" data-id=\"613acf7\" data-element_type=\"widget\" data-widget_type=\"heading.default\">\n\t\t\t\t<div class=\"elementor-widget-container\">\n\t\t\t\t\t<h2 class=\"elementor-heading-title elementor-size-default\">Professionelle Hypothekenl\u00f6sungen f\u00fcr alle<\/h2>\t\t\t\t<\/div>\n\t\t\t\t<\/div>\n\t\t\t\t<div class=\"elementor-element elementor-element-33ea3f1 elementor-widget elementor-widget-text-editor\" data-id=\"33ea3f1\" data-element_type=\"widget\" data-widget_type=\"text-editor.default\">\n\t\t\t\t<div class=\"elementor-widget-container\">\n\t\t\t\t\t\t\t\t\t<p>Egal, ob Sie zum ersten Mal ein Haus kaufen oder ein erfahrener Investor sind, Heide International hilft Ihnen bei jedem Schritt. Wir bieten professionelle Hypothekenl\u00f6sungen, die den Bed\u00fcrfnissen aller unserer Kunden gerecht werden. Von Hypotheken f\u00fcr Ausl\u00e4nder bis hin zu Eigenheimkrediten - unser Team von Hypothekenexperten ist bestrebt, Ihnen die beste Kreditl\u00f6sung zu bieten. Kontaktieren Sie uns noch heute.<\/p>\t\t\t\t\t\t\t\t<\/div>\n\t\t\t\t<\/div>\n\t\t\t\t<div class=\"elementor-element elementor-element-35feb8c elementor-align-left elementor-widget elementor-widget-button\" data-id=\"35feb8c\" data-element_type=\"widget\" data-widget_type=\"button.default\">\n\t\t\t\t<div class=\"elementor-widget-container\">\n\t\t\t\t\t\t\t\t\t<div class=\"elementor-button-wrapper\">\n\t\t\t\t\t<a class=\"elementor-button elementor-button-link elementor-size-md\" href=\"https:\/\/www.blink.mortgage\/app\/signup\/p\/heideinternationalllc\/kurtheide\" target=\"_blank\">\n\t\t\t\t\t\t<span class=\"elementor-button-content-wrapper\">\n\t\t\t\t\t\t<span class=\"elementor-button-icon\">\n\t\t\t\t<svg aria-hidden=\"true\" class=\"e-font-icon-svg e-fas-chevron-circle-right\" viewbox=\"0 0 512 512\" xmlns=\"http:\/\/www.w3.org\/2000\/svg\"><path d=\"M256 8c137 0 248 111 248 248S393 504 256 504 8 393 8 256 119 8 256 8zm113.9 231L234.4 103.5c-9.4-9.4-24.6-9.4-33.9 0l-17 17c-9.4 9.4-9.4 24.6 0 33.9L285.1 256 183.5 357.6c-9.4 9.4-9.4 24.6 0 33.9l17 17c9.4 9.4 24.6 9.4 33.9 0L369.9 273c9.4-9.4 9.4-24.6 0-34z\"><\/path><\/svg>\t\t\t<\/span>\n\t\t\t\t\t\t\t\t\t<span class=\"elementor-button-text\">jetzt bewerben<\/span>\n\t\t\t\t\t<\/span>\n\t\t\t\t\t<\/a>\n\t\t\t\t<\/div>\n\t\t\t\t\t\t\t\t<\/div>\n\t\t\t\t<\/div>\n\t\t\t\t\t<\/div>\n\t\t<\/div>\n\t\t\t\t<div class=\"elementor-column elementor-col-50 elementor-inner-column elementor-element elementor-element-07ffa95 elementor-hidden-mobile\" data-id=\"07ffa95\" data-element_type=\"column\" data-settings=\"{&quot;background_background&quot;:&quot;classic&quot;}\">\n\t\t\t<div class=\"elementor-widget-wrap\">\n\t\t\t\t\t\t\t<\/div>\n\t\t<\/div>\n\t\t\t\t\t<\/div>\n\t\t<\/section>\n\t\t\t\t\t<\/div>\n\t\t<\/div>\n\t\t\t\t\t<\/div>\n\t\t<\/section>\n\t\t<div class=\"elementor-element elementor-element-74ce6d5 e-flex e-con-boxed e-con e-parent\" data-id=\"74ce6d5\" data-element_type=\"container\">\n\t\t\t\t\t<div class=\"e-con-inner\">\n\t\t<div class=\"elementor-element elementor-element-1e2ba09 e-con-full e-flex e-con e-child\" data-id=\"1e2ba09\" data-element_type=\"container\">\n\t\t\t\t<div class=\"elementor-element elementor-element-6e81b5f elementor-widget elementor-widget-heading\" data-id=\"6e81b5f\" data-element_type=\"widget\" data-widget_type=\"heading.default\">\n\t\t\t\t<div class=\"elementor-widget-container\">\n\t\t\t\t\t<h2 class=\"elementor-heading-title elementor-size-default\">A Lifetime of Happy Client Letters<\/h2>\t\t\t\t<\/div>\n\t\t\t\t<\/div>\n\t\t\t\t<div class=\"elementor-element elementor-element-47cae8d elementor-widget elementor-widget-spacer\" data-id=\"47cae8d\" data-element_type=\"widget\" data-widget_type=\"spacer.default\">\n\t\t\t\t<div class=\"elementor-widget-container\">\n\t\t\t\t\t\t\t<div class=\"elementor-spacer\">\n\t\t\t<div class=\"elementor-spacer-inner\"><\/div>\n\t\t<\/div>\n\t\t\t\t\t\t<\/div>\n\t\t\t\t<\/div>\n\t\t\t\t<div class=\"elementor-element elementor-element-d8eccb9 elementor-widget elementor-widget-html\" data-id=\"d8eccb9\" data-element_type=\"widget\" data-widget_type=\"html.default\">\n\t\t\t\t<div class=\"elementor-widget-container\">\n\t\t\t\t\t<iframe src=\"https:\/\/heideinternational.com\/wp-content\/uploads\/2025\/10\/A-Lifetime-of-Happy-client-letters-1.pdf\" width=\"100%\" height=\"500\" style=\"border: none;\"><\/iframe>\r\n\t\t\t\t<\/div>\n\t\t\t\t<\/div>\n\t\t\t\t<\/div>\n\t\t\t\t\t<\/div>\n\t\t\t\t<\/div>\n\t\t\t\t<\/div>","protected":false},"excerpt":{"rendered":"<p>OUR CLIENTS Connecting People to Their Dreams of Home Ownership At Heide International, we know how important it is for people to realize their dreams of home ownership. That\u2019s why we specialize in mortgages of all shapes and sizes, serving local, national, and international clients. Heide International is Florida-based mortgage broker that is able to [&hellip;]<\/p>","protected":false},"author":4,"featured_media":0,"parent":0,"menu_order":0,"comment_status":"closed","ping_status":"closed","template":"elementor_header_footer","meta":{"footnotes":""},"class_list":["post-4176","page","type-page","status-publish","hentry"],"yoast_head":"<!-- This site is optimized with the Yoast SEO plugin v26.8 - https:\/\/yoast.com\/product\/yoast-seo-wordpress\/ -->\n<title>Heide International LLC \u2013 Our Clients<\/title>\n<meta name=\"description\" content=\"Heide International finance service for local and international buyers in Florida United States.\" \/>\n<meta name=\"robots\" content=\"index, follow, max-snippet:-1, max-image-preview:large, max-video-preview:-1\" \/>\n<link rel=\"canonical\" href=\"https:\/\/heideinternational.com\/de\/unsere-kunden-2\/\" \/>\n<meta property=\"og:locale\" content=\"de_DE\" \/>\n<meta property=\"og:type\" content=\"article\" \/>\n<meta property=\"og:title\" content=\"Heide International LLC \u2013 Our Clients\" \/>\n<meta property=\"og:description\" content=\"Heide International finance service for local and international buyers in Florida United States.\" \/>\n<meta property=\"og:url\" content=\"https:\/\/heideinternational.com\/de\/unsere-kunden-2\/\" \/>\n<meta property=\"og:site_name\" content=\"Heide International LLC\" \/>\n<meta property=\"article:modified_time\" content=\"2025-10-31T14:29:55+00:00\" \/>\n<meta name=\"twitter:card\" content=\"summary_large_image\" \/>\n<meta name=\"twitter:label1\" content=\"Gesch\u00e4tzte Lesezeit\" \/>\n\t<meta name=\"twitter:data1\" content=\"2\u00a0Minuten\" \/>\n<script type=\"application\/ld+json\" class=\"yoast-schema-graph\">{\"@context\":\"https:\/\/schema.org\",\"@graph\":[{\"@type\":\"WebPage\",\"@id\":\"https:\/\/heideinternational.com\/our-clients\/\",\"url\":\"https:\/\/heideinternational.com\/our-clients\/\",\"name\":\"Heide International LLC \u2013 Our Clients\",\"isPartOf\":{\"@id\":\"https:\/\/heideinternational.com\/#website\"},\"datePublished\":\"2023-03-24T16:31:58+00:00\",\"dateModified\":\"2025-10-31T14:29:55+00:00\",\"description\":\"Heide International finance service for local and international buyers in Florida United States.\",\"breadcrumb\":{\"@id\":\"https:\/\/heideinternational.com\/our-clients\/#breadcrumb\"},\"inLanguage\":\"de\",\"potentialAction\":[{\"@type\":\"ReadAction\",\"target\":[\"https:\/\/heideinternational.com\/our-clients\/\"]}]},{\"@type\":\"BreadcrumbList\",\"@id\":\"https:\/\/heideinternational.com\/our-clients\/#breadcrumb\",\"itemListElement\":[{\"@type\":\"ListItem\",\"position\":1,\"name\":\"Home\",\"item\":\"https:\/\/heideinternational.com\/\"},{\"@type\":\"ListItem\",\"position\":2,\"name\":\"Our Clients\"}]},{\"@type\":\"WebSite\",\"@id\":\"https:\/\/heideinternational.com\/#website\",\"url\":\"https:\/\/heideinternational.com\/\",\"name\":\"Heide International LLC\",\"description\":\"Heide International LLC\",\"potentialAction\":[{\"@type\":\"SearchAction\",\"target\":{\"@type\":\"EntryPoint\",\"urlTemplate\":\"https:\/\/heideinternational.com\/?s={search_term_string}\"},\"query-input\":{\"@type\":\"PropertyValueSpecification\",\"valueRequired\":true,\"valueName\":\"search_term_string\"}}],\"inLanguage\":\"de\"}]}<\/script>\n<!-- \/ Yoast SEO plugin. -->","yoast_head_json":{"title":"Heide International LLC - Unsere Kunden","description":"Heide International Finanzierungsservice f\u00fcr lokale und internationale K\u00e4ufer in Florida Vereinigte Staaten.","robots":{"index":"index","follow":"follow","max-snippet":"max-snippet:-1","max-image-preview":"max-image-preview:large","max-video-preview":"max-video-preview:-1"},"canonical":"https:\/\/heideinternational.com\/de\/unsere-kunden-2\/","og_locale":"de_DE","og_type":"article","og_title":"Heide International LLC \u2013 Our Clients","og_description":"Heide International finance service for local and international buyers in Florida United States.","og_url":"https:\/\/heideinternational.com\/de\/unsere-kunden-2\/","og_site_name":"Heide International LLC","article_modified_time":"2025-10-31T14:29:55+00:00","twitter_card":"summary_large_image","twitter_misc":{"Gesch\u00e4tzte Lesezeit":"2\u00a0Minuten"},"schema":{"@context":"https:\/\/schema.org","@graph":[{"@type":"WebPage","@id":"https:\/\/heideinternational.com\/our-clients\/","url":"https:\/\/heideinternational.com\/our-clients\/","name":"Heide International LLC - Unsere Kunden","isPartOf":{"@id":"https:\/\/heideinternational.com\/#website"},"datePublished":"2023-03-24T16:31:58+00:00","dateModified":"2025-10-31T14:29:55+00:00","description":"Heide International Finanzierungsservice f\u00fcr lokale und internationale K\u00e4ufer in Florida Vereinigte Staaten.","breadcrumb":{"@id":"https:\/\/heideinternational.com\/our-clients\/#breadcrumb"},"inLanguage":"de","potentialAction":[{"@type":"ReadAction","target":["https:\/\/heideinternational.com\/our-clients\/"]}]},{"@type":"BreadcrumbList","@id":"https:\/\/heideinternational.com\/our-clients\/#breadcrumb","itemListElement":[{"@type":"ListItem","position":1,"name":"Home","item":"https:\/\/heideinternational.com\/"},{"@type":"ListItem","position":2,"name":"Our Clients"}]},{"@type":"WebSite","@id":"https:\/\/heideinternational.com\/#website","url":"https:\/\/heideinternational.com\/","name":"Heide International LLC","description":"Heide International LLC","potentialAction":[{"@type":"SearchAction","target":{"@type":"EntryPoint","urlTemplate":"https:\/\/heideinternational.com\/?s={search_term_string}"},"query-input":{"@type":"PropertyValueSpecification","valueRequired":true,"valueName":"search_term_string"}}],"inLanguage":"de"}]}},"_links":{"self":[{"href":"https:\/\/heideinternational.com\/de\/wp-json\/wp\/v2\/pages\/4176","targetHints":{"allow":["GET"]}}],"collection":[{"href":"https:\/\/heideinternational.com\/de\/wp-json\/wp\/v2\/pages"}],"about":[{"href":"https:\/\/heideinternational.com\/de\/wp-json\/wp\/v2\/types\/page"}],"author":[{"embeddable":true,"href":"https:\/\/heideinternational.com\/de\/wp-json\/wp\/v2\/users\/4"}],"replies":[{"embeddable":true,"href":"https:\/\/heideinternational.com\/de\/wp-json\/wp\/v2\/comments?post=4176"}],"version-history":[{"count":0,"href":"https:\/\/heideinternational.com\/de\/wp-json\/wp\/v2\/pages\/4176\/revisions"}],"wp:attachment":[{"href":"https:\/\/heideinternational.com\/de\/wp-json\/wp\/v2\/media?parent=4176"}],"curies":[{"name":"wp","href":"https:\/\/api.w.org\/{rel}","templated":true}]}}