{"id":3971,"date":"2023-03-14T19:23:53","date_gmt":"2023-03-14T19:23:53","guid":{"rendered":"https:\/\/heideinternati.wpengine.com\/?page_id=3971"},"modified":"2023-03-14T19:30:08","modified_gmt":"2023-03-14T19:30:08","slug":"sie-konnen-sich-noch-fur-eine-hypothek-qualifizieren-2","status":"publish","type":"page","link":"https:\/\/heideinternational.com\/de\/sie-konnen-sich-noch-fur-eine-hypothek-qualifizieren-2\/","title":{"rendered":"Sie k\u00f6nnen sich noch f\u00fcr eine Hypothek qualifizieren"},"content":{"rendered":"<div data-elementor-type=\"wp-page\" data-elementor-id=\"3971\" class=\"elementor elementor-3971\" data-elementor-post-type=\"page\">\n\t\t\t\t\t\t<section class=\"elementor-section elementor-top-section elementor-element elementor-element-ccae8fe elementor-section-boxed elementor-section-height-default elementor-section-height-default\" data-id=\"ccae8fe\" data-element_type=\"section\" data-settings=\"{&quot;background_background&quot;:&quot;classic&quot;}\">\n\t\t\t\t\t\t<div class=\"elementor-container elementor-column-gap-default\">\n\t\t\t\t\t<div class=\"elementor-column elementor-col-100 elementor-top-column elementor-element elementor-element-b8e6008\" data-id=\"b8e6008\" data-element_type=\"column\">\n\t\t\t<div class=\"elementor-widget-wrap elementor-element-populated\">\n\t\t\t\t\t\t<div class=\"elementor-element elementor-element-9d87a9d elementor-widget elementor-widget-heading\" data-id=\"9d87a9d\" data-element_type=\"widget\" data-widget_type=\"heading.default\">\n\t\t\t\t<div class=\"elementor-widget-container\">\n\t\t\t\t\t<h1 class=\"elementor-heading-title elementor-size-default\">Kein Kreditscore? Sie k\u00f6nnen sich trotzdem f\u00fcr eine Hypothek qualifizieren<\/h1>\t\t\t\t<\/div>\n\t\t\t\t<\/div>\n\t\t\t\t\t<\/div>\n\t\t<\/div>\n\t\t\t\t\t<\/div>\n\t\t<\/section>\n\t\t\t\t<section class=\"elementor-section elementor-top-section elementor-element elementor-element-c4f8c32 elementor-section-boxed elementor-section-height-default elementor-section-height-default\" data-id=\"c4f8c32\" data-element_type=\"section\">\n\t\t\t\t\t\t<div class=\"elementor-container elementor-column-gap-default\">\n\t\t\t\t\t<div class=\"elementor-column elementor-col-100 elementor-top-column elementor-element elementor-element-127d703\" data-id=\"127d703\" data-element_type=\"column\">\n\t\t\t<div class=\"elementor-widget-wrap elementor-element-populated\">\n\t\t\t\t\t\t<div class=\"elementor-element elementor-element-6152956 elementor-widget elementor-widget-video\" data-id=\"6152956\" data-element_type=\"widget\" data-settings=\"{&quot;video_type&quot;:&quot;vimeo&quot;}\" data-widget_type=\"video.default\">\n\t\t\t\t<div class=\"elementor-widget-container\">\n\t\t\t\t\t\t\t<div class=\"elementor-wrapper elementor-open-inline\">\n\t\t\t<iframe class=\"elementor-video-iframe\" allowfullscreen allow=\"clipboard-write\" title=\"vimeo Video Player\" src=\"https:\/\/player.vimeo.com\/video\/808059243?color&amp;autopause=0&amp;loop=0&amp;muted=0&amp;title=1&amp;portrait=1&amp;byline=1#t=\"><\/iframe>\t\t<\/div>\n\t\t\t\t\t\t<\/div>\n\t\t\t\t<\/div>\n\t\t\t\t<div class=\"elementor-element elementor-element-379cd88 elementor-widget elementor-widget-text-editor\" data-id=\"379cd88\" data-element_type=\"widget\" data-widget_type=\"text-editor.default\">\n\t\t\t\t<div class=\"elementor-widget-container\">\n\t\t\t\t\t\t\t\t\t<p><strong>Sie k\u00f6nnen sich auch ohne Bonit\u00e4tspr\u00fcfung f\u00fcr eine Hypothek qualifizieren. <\/strong><\/p><p>Wenn Sie ein Kreditnehmer sind, der keine traditionellen Kredite in Anspruch nimmt, aber ein vorbildliches Zahlungsverhalten bei der Miete und anderen nicht meldenden Gl\u00e4ubigern hat, zu denen Versorgungsunternehmen, Versicherungstr\u00e4ger und Telefonrechnungen sowie eine Vielzahl anderer \u00fcberpr\u00fcfbarer Gl\u00e4ubiger geh\u00f6ren k\u00f6nnen. Dann k\u00f6nnen Sie Ihren nicht-traditionellen Kredit nutzen, um sich f\u00fcr eine Hypothek zu qualifizieren. Es ist wichtig zu wissen, dass Kreditgeber immer noch alle abweichenden Kreditreferenzen ber\u00fccksichtigen, die in der Kreditauskunft erscheinen: -In den letzten 12 Monaten d\u00fcrfen keine Mietzahlungen 30 Tage im R\u00fcckstand sein. -Nur ein einziges anderes Konto darf in den letzten 12 Monaten 30 Tage im Verzug gewesen sein. -Keine Inkassoforderungen (mit Ausnahme medizinischer Forderungen) oder Urteile in den letzten 24 Monaten. -Urteile, Pfandrechte, Inkasso und Ausbuchungen von Nicht-Hypothekenkonten m\u00fcssen gem\u00e4\u00df den Richtlinien beglichen werden. -Bei der Immobilie muss es sich um einen Hauptwohnsitz mit einer Einheit handeln, und alle Kreditnehmer m\u00fcssen die Immobilie bewohnen. -Alle Immobilientypen sind zul\u00e4ssig, jedoch KEINE Wohnmobile. Es muss sich um einen Kauf oder eine begrenzte Cash-out-Refinanzierung handeln. -Der Darlehensbetrag muss den konformen Darlehensgrenzen entsprechen. Es muss sich um eine festverzinsliche Hypothek mit einer Anzahlung von mindestens 10% handeln. -Das Verh\u00e4ltnis zwischen Einkommen und Schulden darf nicht mehr als 40% betragen. -R\u00fccklagen k\u00f6nnen erforderlich sein. Schlie\u00dflich gibt es ein Programm, das es umsichtigen Kreditnehmern, die sich ungern verschulden, erm\u00f6glicht, eine Hypothek zu erhalten, ohne dass sie eine traditionelle Kreditgeschichte aufbauen m\u00fcssen, um einen Kreditscore vorzuweisen.<\/p>\t\t\t\t\t\t\t\t<\/div>\n\t\t\t\t<\/div>\n\t\t\t\t\t<\/div>\n\t\t<\/div>\n\t\t\t\t\t<\/div>\n\t\t<\/section>\n\t\t\t\t<\/div>","protected":false},"excerpt":{"rendered":"<p>No Credit Score? You Can Still Qualify for a Mortgage https:\/\/vimeo.com\/808059243 You can still qualify for a mortgage without a credit score. If you are a borrower who doesn\u2019t use traditional credit but have exemplary payment history with rent and other non-reporting creditors, which can include Utilities, insurance carriers, and phone bills as well as [&hellip;]<\/p>","protected":false},"author":3,"featured_media":0,"parent":0,"menu_order":0,"comment_status":"closed","ping_status":"closed","template":"","meta":{"footnotes":""},"class_list":["post-3971","page","type-page","status-publish","hentry"],"yoast_head":"<!-- This site is optimized with the Yoast SEO plugin v26.8 - https:\/\/yoast.com\/product\/yoast-seo-wordpress\/ -->\n<title>You Can Still Qualify for a Mortgage - Heide International LLC<\/title>\n<meta name=\"robots\" content=\"index, follow, max-snippet:-1, max-image-preview:large, max-video-preview:-1\" \/>\n<link rel=\"canonical\" href=\"https:\/\/heideinternational.com\/de\/sie-konnen-sich-noch-fur-eine-hypothek-qualifizieren-2\/\" \/>\n<meta property=\"og:locale\" content=\"de_DE\" \/>\n<meta property=\"og:type\" content=\"article\" \/>\n<meta property=\"og:title\" content=\"You Can Still Qualify for a Mortgage - Heide International LLC\" \/>\n<meta property=\"og:description\" content=\"No Credit Score? You Can Still Qualify for a Mortgage https:\/\/vimeo.com\/808059243 You can still qualify for a mortgage without a credit score. If you are a borrower who doesn\u2019t use traditional credit but have exemplary payment history with rent and other non-reporting creditors, which can include Utilities, insurance carriers, and phone bills as well as [&hellip;]\" \/>\n<meta property=\"og:url\" content=\"https:\/\/heideinternational.com\/de\/sie-konnen-sich-noch-fur-eine-hypothek-qualifizieren-2\/\" \/>\n<meta property=\"og:site_name\" content=\"Heide International LLC\" \/>\n<meta property=\"article:modified_time\" content=\"2023-03-14T19:30:08+00:00\" \/>\n<meta name=\"twitter:card\" content=\"summary_large_image\" \/>\n<meta name=\"twitter:label1\" content=\"Gesch\u00e4tzte Lesezeit\" \/>\n\t<meta name=\"twitter:data1\" content=\"2\u00a0Minuten\" \/>\n<script type=\"application\/ld+json\" class=\"yoast-schema-graph\">{\"@context\":\"https:\/\/schema.org\",\"@graph\":[{\"@type\":\"WebPage\",\"@id\":\"https:\/\/heideinternational.com\/you-can-still-qualify-for-a-mortgage\/\",\"url\":\"https:\/\/heideinternational.com\/you-can-still-qualify-for-a-mortgage\/\",\"name\":\"You Can Still Qualify for a Mortgage - Heide International LLC\",\"isPartOf\":{\"@id\":\"https:\/\/heideinternational.com\/#website\"},\"datePublished\":\"2023-03-14T19:23:53+00:00\",\"dateModified\":\"2023-03-14T19:30:08+00:00\",\"breadcrumb\":{\"@id\":\"https:\/\/heideinternational.com\/you-can-still-qualify-for-a-mortgage\/#breadcrumb\"},\"inLanguage\":\"de\",\"potentialAction\":[{\"@type\":\"ReadAction\",\"target\":[\"https:\/\/heideinternational.com\/you-can-still-qualify-for-a-mortgage\/\"]}]},{\"@type\":\"BreadcrumbList\",\"@id\":\"https:\/\/heideinternational.com\/you-can-still-qualify-for-a-mortgage\/#breadcrumb\",\"itemListElement\":[{\"@type\":\"ListItem\",\"position\":1,\"name\":\"Home\",\"item\":\"https:\/\/heideinternational.com\/\"},{\"@type\":\"ListItem\",\"position\":2,\"name\":\"You Can Still Qualify for a Mortgage\"}]},{\"@type\":\"WebSite\",\"@id\":\"https:\/\/heideinternational.com\/#website\",\"url\":\"https:\/\/heideinternational.com\/\",\"name\":\"Heide International LLC\",\"description\":\"Heide International LLC\",\"potentialAction\":[{\"@type\":\"SearchAction\",\"target\":{\"@type\":\"EntryPoint\",\"urlTemplate\":\"https:\/\/heideinternational.com\/?s={search_term_string}\"},\"query-input\":{\"@type\":\"PropertyValueSpecification\",\"valueRequired\":true,\"valueName\":\"search_term_string\"}}],\"inLanguage\":\"de\"}]}<\/script>\n<!-- \/ Yoast SEO plugin. -->","yoast_head_json":{"title":"Sie k\u00f6nnen sich noch f\u00fcr eine Hypothek qualifizieren - Heide International LLC","robots":{"index":"index","follow":"follow","max-snippet":"max-snippet:-1","max-image-preview":"max-image-preview:large","max-video-preview":"max-video-preview:-1"},"canonical":"https:\/\/heideinternational.com\/de\/sie-konnen-sich-noch-fur-eine-hypothek-qualifizieren-2\/","og_locale":"de_DE","og_type":"article","og_title":"You Can Still Qualify for a Mortgage - Heide International LLC","og_description":"No Credit Score? You Can Still Qualify for a Mortgage https:\/\/vimeo.com\/808059243 You can still qualify for a mortgage without a credit score. If you are a borrower who doesn\u2019t use traditional credit but have exemplary payment history with rent and other non-reporting creditors, which can include Utilities, insurance carriers, and phone bills as well as [&hellip;]","og_url":"https:\/\/heideinternational.com\/de\/sie-konnen-sich-noch-fur-eine-hypothek-qualifizieren-2\/","og_site_name":"Heide International LLC","article_modified_time":"2023-03-14T19:30:08+00:00","twitter_card":"summary_large_image","twitter_misc":{"Gesch\u00e4tzte Lesezeit":"2\u00a0Minuten"},"schema":{"@context":"https:\/\/schema.org","@graph":[{"@type":"WebPage","@id":"https:\/\/heideinternational.com\/you-can-still-qualify-for-a-mortgage\/","url":"https:\/\/heideinternational.com\/you-can-still-qualify-for-a-mortgage\/","name":"Sie k\u00f6nnen sich noch f\u00fcr eine Hypothek qualifizieren - Heide International LLC","isPartOf":{"@id":"https:\/\/heideinternational.com\/#website"},"datePublished":"2023-03-14T19:23:53+00:00","dateModified":"2023-03-14T19:30:08+00:00","breadcrumb":{"@id":"https:\/\/heideinternational.com\/you-can-still-qualify-for-a-mortgage\/#breadcrumb"},"inLanguage":"de","potentialAction":[{"@type":"ReadAction","target":["https:\/\/heideinternational.com\/you-can-still-qualify-for-a-mortgage\/"]}]},{"@type":"BreadcrumbList","@id":"https:\/\/heideinternational.com\/you-can-still-qualify-for-a-mortgage\/#breadcrumb","itemListElement":[{"@type":"ListItem","position":1,"name":"Home","item":"https:\/\/heideinternational.com\/"},{"@type":"ListItem","position":2,"name":"You Can Still Qualify for a Mortgage"}]},{"@type":"WebSite","@id":"https:\/\/heideinternational.com\/#website","url":"https:\/\/heideinternational.com\/","name":"Heide International LLC","description":"Heide International LLC","potentialAction":[{"@type":"SearchAction","target":{"@type":"EntryPoint","urlTemplate":"https:\/\/heideinternational.com\/?s={search_term_string}"},"query-input":{"@type":"PropertyValueSpecification","valueRequired":true,"valueName":"search_term_string"}}],"inLanguage":"de"}]}},"_links":{"self":[{"href":"https:\/\/heideinternational.com\/de\/wp-json\/wp\/v2\/pages\/3971","targetHints":{"allow":["GET"]}}],"collection":[{"href":"https:\/\/heideinternational.com\/de\/wp-json\/wp\/v2\/pages"}],"about":[{"href":"https:\/\/heideinternational.com\/de\/wp-json\/wp\/v2\/types\/page"}],"author":[{"embeddable":true,"href":"https:\/\/heideinternational.com\/de\/wp-json\/wp\/v2\/users\/3"}],"replies":[{"embeddable":true,"href":"https:\/\/heideinternational.com\/de\/wp-json\/wp\/v2\/comments?post=3971"}],"version-history":[{"count":0,"href":"https:\/\/heideinternational.com\/de\/wp-json\/wp\/v2\/pages\/3971\/revisions"}],"wp:attachment":[{"href":"https:\/\/heideinternational.com\/de\/wp-json\/wp\/v2\/media?parent=3971"}],"curies":[{"name":"wp","href":"https:\/\/api.w.org\/{rel}","templated":true}]}}