{"id":3948,"date":"2023-03-14T18:32:17","date_gmt":"2023-03-14T18:32:17","guid":{"rendered":"https:\/\/heideinternati.wpengine.com\/?page_id=3948"},"modified":"2023-03-14T18:35:27","modified_gmt":"2023-03-14T18:35:27","slug":"wie-die-dacher-einen-verkauf-beeinflussen-2","status":"publish","type":"page","link":"https:\/\/heideinternational.com\/de\/wie-die-dacher-einen-verkauf-beeinflussen-2\/","title":{"rendered":"Wie D\u00e4cher einen Verkauf beeinflussen"},"content":{"rendered":"<div data-elementor-type=\"wp-page\" data-elementor-id=\"3948\" class=\"elementor elementor-3948\" data-elementor-post-type=\"page\">\n\t\t\t\t\t\t<section class=\"elementor-section elementor-top-section elementor-element elementor-element-f3d4d96 elementor-section-boxed elementor-section-height-default elementor-section-height-default\" data-id=\"f3d4d96\" data-element_type=\"section\" data-settings=\"{&quot;background_background&quot;:&quot;classic&quot;}\">\n\t\t\t\t\t\t<div class=\"elementor-container elementor-column-gap-default\">\n\t\t\t\t\t<div class=\"elementor-column elementor-col-100 elementor-top-column elementor-element elementor-element-a5d90df\" data-id=\"a5d90df\" data-element_type=\"column\">\n\t\t\t<div class=\"elementor-widget-wrap elementor-element-populated\">\n\t\t\t\t\t\t<div class=\"elementor-element elementor-element-e6a0976 elementor-widget elementor-widget-heading\" data-id=\"e6a0976\" data-element_type=\"widget\" data-widget_type=\"heading.default\">\n\t\t\t\t<div class=\"elementor-widget-container\">\n\t\t\t\t\t<h1 class=\"elementor-heading-title elementor-size-default\">Wie D\u00e4cher einen Verkauf beeinflussen<\/h1>\t\t\t\t<\/div>\n\t\t\t\t<\/div>\n\t\t\t\t\t<\/div>\n\t\t<\/div>\n\t\t\t\t\t<\/div>\n\t\t<\/section>\n\t\t\t\t<section class=\"elementor-section elementor-top-section elementor-element elementor-element-a509e18 elementor-section-boxed elementor-section-height-default elementor-section-height-default\" data-id=\"a509e18\" data-element_type=\"section\">\n\t\t\t\t\t\t<div class=\"elementor-container elementor-column-gap-default\">\n\t\t\t\t\t<div class=\"elementor-column elementor-col-100 elementor-top-column elementor-element elementor-element-af8a491\" data-id=\"af8a491\" data-element_type=\"column\">\n\t\t\t<div class=\"elementor-widget-wrap elementor-element-populated\">\n\t\t\t\t\t\t<div class=\"elementor-element elementor-element-befb656 elementor-widget elementor-widget-video\" data-id=\"befb656\" data-element_type=\"widget\" data-settings=\"{&quot;youtube_url&quot;:&quot;https:\\\/\\\/www.youtube.com\\\/watch?v=Eou7YjdqwWw&quot;,&quot;video_type&quot;:&quot;youtube&quot;,&quot;controls&quot;:&quot;yes&quot;}\" data-widget_type=\"video.default\">\n\t\t\t\t<div class=\"elementor-widget-container\">\n\t\t\t\t\t\t\t<div class=\"elementor-wrapper elementor-open-inline\">\n\t\t\t<div class=\"elementor-video\"><\/div>\t\t<\/div>\n\t\t\t\t\t\t<\/div>\n\t\t\t\t<\/div>\n\t\t\t\t<div class=\"elementor-element elementor-element-fd1cadd elementor-widget elementor-widget-text-editor\" data-id=\"fd1cadd\" data-element_type=\"widget\" data-widget_type=\"text-editor.default\">\n\t\t\t\t<div class=\"elementor-widget-container\">\n\t\t\t\t\t\t\t\t\t<p><strong>Lassen Sie nicht zu, dass ein Dach Ihren Hauskauf oder -verkauf zunichte macht<\/strong><\/p><p>\u00a0Die Kosten f\u00fcr die Versicherung von Hausbesitzern in Florida gehen sozusagen durch die Decke... Die Versicherungstr\u00e4ger entscheiden sich daf\u00fcr, H\u00e4user, deren D\u00e4cher zwar intakt, aber mehr als 20 Jahre alt sind, nicht zu versichern oder verlangen hohe Tarife. Die Verk\u00e4ufer wollen ein intaktes und dichtes Dach nicht ersetzen, und die K\u00e4ufer wollen die exorbitanten Kosten f\u00fcr die Versicherung nicht bezahlen, wenn sie sie \u00fcberhaupt bekommen k\u00f6nnen. Die Hausverk\u00e4ufe brechen also zusammen. Eine andere M\u00f6glichkeit besteht darin, die Kosten f\u00fcr ein neues Dach \u00fcber die Hypothek zu finanzieren. Nehmen wir an, ein Haus ist mit $800.000 gelistet. Es braucht ein neues Dach: $45.000. Der Verk\u00e4ufer kann einer Preisminderung von $45.000 zustimmen, um die Kosten f\u00fcr ein neues Dach zu decken, und wir k\u00f6nnen mit einer Sanierungshypothek abschlie\u00dfen. Diese Darlehen erm\u00f6glichen den Abschluss VOR der Dachreparatur. Die K\u00e4ufer k\u00f6nnen also einziehen und der Verk\u00e4ufer kann wie bei jedem anderen Abschluss vor der Fertigstellung des neuen Daches auszahlen und ausziehen.<\/p><p>Wenn der Verk\u00e4ufer nicht bereit ist, den Preis zu senken, hat der K\u00e4ufer die M\u00f6glichkeit, die Kosten f\u00fcr das Dach auf den Kreditbetrag aufzuschlagen. Dies wirkt sich nicht auf den Beleihungswert aus, solange der Gesamtbeleihungswert 95% des k\u00fcnftigen Wertes des Hauses nicht \u00fcbersteigt. Mit anderen Worten: Bei der Bewertung wird der Wert des Hauses nach der Installation des Daches ber\u00fccksichtigt. Der Abschluss einer Versicherung ist dann einfacher, da das Versicherungsunternehmen entweder eine Bauherren-Risikopolice genehmigt, die in eine Standardpolice umgewandelt werden kann, sobald das Dach fertiggestellt ist, oder eine Police ausstellt, bevor das Dach fertiggestellt ist und eine Inspektion erforderlich ist. Die Pr\u00e4mie f\u00fcr die neue Police wird dann unter Ber\u00fccksichtigung des neuen Daches berechnet, so dass Rabatte f\u00fcr das neue Dach m\u00f6glich sind. So gewinnen alle.<\/p><p>Es ist zu beachten, dass ein Kreditnehmer, der 20% anzahlt, keine Hypothekenversicherung zahlen muss, selbst wenn die Kosten f\u00fcr das neue Dach den kombinierten Beleihungswert auf den H\u00f6chstwert von 95% bringen. Bei dieser Art von Hypotheken sind einige zus\u00e4tzliche Schritte erforderlich, da sie in ihrer Art einer Baufinanzierung \u00e4hneln. Dies ist \u00e4hnlich wie bei der Finanzierung von Eigentumswohnungen, bei der wir die Genehmigung des Wohnkomplexes einholen m\u00fcssen. Stattdessen m\u00fcssen wir den Bauunternehmer genehmigen lassen. Es w\u00e4re ratsam, den Dachdecker bereits vor Vertragsabschluss zu beauftragen und genehmigen zu lassen, damit der K\u00e4ufer die Kosten f\u00fcr die Dacherneuerung kennt. Das beschleunigt auch den Prozess der Genehmigung des Dachdeckers durch den Kreditgeber in der Phase der Hypothekenbearbeitung. Wenn Sie mehr \u00fcber diese oder andere Ideen f\u00fcr eine g\u00fcnstige Hypothekenfinanzierung erfahren m\u00f6chten, besuchen Sie meine Blogbeitr\u00e4ge und lassen Sie sich \u00fcberraschen. Dann rufen Sie mich an.<\/p>\t\t\t\t\t\t\t\t<\/div>\n\t\t\t\t<\/div>\n\t\t\t\t\t<\/div>\n\t\t<\/div>\n\t\t\t\t\t<\/div>\n\t\t<\/section>\n\t\t\t\t<\/div>","protected":false},"excerpt":{"rendered":"<p>How Roofs Affect A Sale https:\/\/www.youtube.com\/watch?v=Eou7YjdqwWw Don\u2019t Let a Roof Kill Your Home Purchase or Sale \u00a0Florida homeowners\u2019 insurance costs are going through the roof, so to speak\u2026 Insurance carriers are choosing not to insure or are charging high rates on homes whose roofs, though intact, are more than 20 years old. Sellers don\u2019t want [&hellip;]<\/p>","protected":false},"author":3,"featured_media":0,"parent":0,"menu_order":0,"comment_status":"closed","ping_status":"closed","template":"","meta":{"footnotes":""},"class_list":["post-3948","page","type-page","status-publish","hentry"],"yoast_head":"<!-- This site is optimized with the Yoast SEO plugin v26.8 - https:\/\/yoast.com\/product\/yoast-seo-wordpress\/ -->\n<title>How Roofs Affect A Sale - Heide International LLC<\/title>\n<meta name=\"robots\" content=\"index, follow, max-snippet:-1, max-image-preview:large, max-video-preview:-1\" \/>\n<link rel=\"canonical\" href=\"https:\/\/heideinternational.com\/de\/wie-die-dacher-einen-verkauf-beeinflussen-2\/\" \/>\n<meta property=\"og:locale\" content=\"de_DE\" \/>\n<meta property=\"og:type\" content=\"article\" \/>\n<meta property=\"og:title\" content=\"How Roofs Affect A Sale - Heide International LLC\" \/>\n<meta property=\"og:description\" content=\"How Roofs Affect A Sale https:\/\/www.youtube.com\/watch?v=Eou7YjdqwWw Don\u2019t Let a Roof Kill Your Home Purchase or Sale \u00a0Florida homeowners\u2019 insurance costs are going through the roof, so to speak\u2026 Insurance carriers are choosing not to insure or are charging high rates on homes whose roofs, though intact, are more than 20 years old. Sellers don\u2019t want [&hellip;]\" \/>\n<meta property=\"og:url\" content=\"https:\/\/heideinternational.com\/de\/wie-die-dacher-einen-verkauf-beeinflussen-2\/\" \/>\n<meta property=\"og:site_name\" content=\"Heide International LLC\" \/>\n<meta property=\"article:modified_time\" content=\"2023-03-14T18:35:27+00:00\" \/>\n<meta name=\"twitter:card\" content=\"summary_large_image\" \/>\n<meta name=\"twitter:label1\" content=\"Gesch\u00e4tzte Lesezeit\" \/>\n\t<meta name=\"twitter:data1\" content=\"3\u00a0Minuten\" \/>\n<script type=\"application\/ld+json\" class=\"yoast-schema-graph\">{\"@context\":\"https:\/\/schema.org\",\"@graph\":[{\"@type\":\"WebPage\",\"@id\":\"https:\/\/heideinternational.com\/how-roofs-affect-a-sale\/\",\"url\":\"https:\/\/heideinternational.com\/how-roofs-affect-a-sale\/\",\"name\":\"How Roofs Affect A Sale - Heide International LLC\",\"isPartOf\":{\"@id\":\"https:\/\/heideinternational.com\/#website\"},\"datePublished\":\"2023-03-14T18:32:17+00:00\",\"dateModified\":\"2023-03-14T18:35:27+00:00\",\"breadcrumb\":{\"@id\":\"https:\/\/heideinternational.com\/how-roofs-affect-a-sale\/#breadcrumb\"},\"inLanguage\":\"de\",\"potentialAction\":[{\"@type\":\"ReadAction\",\"target\":[\"https:\/\/heideinternational.com\/how-roofs-affect-a-sale\/\"]}]},{\"@type\":\"BreadcrumbList\",\"@id\":\"https:\/\/heideinternational.com\/how-roofs-affect-a-sale\/#breadcrumb\",\"itemListElement\":[{\"@type\":\"ListItem\",\"position\":1,\"name\":\"Home\",\"item\":\"https:\/\/heideinternational.com\/\"},{\"@type\":\"ListItem\",\"position\":2,\"name\":\"How Roofs Affect A Sale\"}]},{\"@type\":\"WebSite\",\"@id\":\"https:\/\/heideinternational.com\/#website\",\"url\":\"https:\/\/heideinternational.com\/\",\"name\":\"Heide International LLC\",\"description\":\"Heide International LLC\",\"potentialAction\":[{\"@type\":\"SearchAction\",\"target\":{\"@type\":\"EntryPoint\",\"urlTemplate\":\"https:\/\/heideinternational.com\/?s={search_term_string}\"},\"query-input\":{\"@type\":\"PropertyValueSpecification\",\"valueRequired\":true,\"valueName\":\"search_term_string\"}}],\"inLanguage\":\"de\"}]}<\/script>\n<!-- \/ Yoast SEO plugin. -->","yoast_head_json":{"title":"Wie D\u00e4cher einen Verkauf beeinflussen - Heide International LLC","robots":{"index":"index","follow":"follow","max-snippet":"max-snippet:-1","max-image-preview":"max-image-preview:large","max-video-preview":"max-video-preview:-1"},"canonical":"https:\/\/heideinternational.com\/de\/wie-die-dacher-einen-verkauf-beeinflussen-2\/","og_locale":"de_DE","og_type":"article","og_title":"How Roofs Affect A Sale - Heide International LLC","og_description":"How Roofs Affect A Sale https:\/\/www.youtube.com\/watch?v=Eou7YjdqwWw Don\u2019t Let a Roof Kill Your Home Purchase or Sale \u00a0Florida homeowners\u2019 insurance costs are going through the roof, so to speak\u2026 Insurance carriers are choosing not to insure or are charging high rates on homes whose roofs, though intact, are more than 20 years old. Sellers don\u2019t want [&hellip;]","og_url":"https:\/\/heideinternational.com\/de\/wie-die-dacher-einen-verkauf-beeinflussen-2\/","og_site_name":"Heide International LLC","article_modified_time":"2023-03-14T18:35:27+00:00","twitter_card":"summary_large_image","twitter_misc":{"Gesch\u00e4tzte Lesezeit":"3\u00a0Minuten"},"schema":{"@context":"https:\/\/schema.org","@graph":[{"@type":"WebPage","@id":"https:\/\/heideinternational.com\/how-roofs-affect-a-sale\/","url":"https:\/\/heideinternational.com\/how-roofs-affect-a-sale\/","name":"Wie D\u00e4cher einen Verkauf beeinflussen - Heide International LLC","isPartOf":{"@id":"https:\/\/heideinternational.com\/#website"},"datePublished":"2023-03-14T18:32:17+00:00","dateModified":"2023-03-14T18:35:27+00:00","breadcrumb":{"@id":"https:\/\/heideinternational.com\/how-roofs-affect-a-sale\/#breadcrumb"},"inLanguage":"de","potentialAction":[{"@type":"ReadAction","target":["https:\/\/heideinternational.com\/how-roofs-affect-a-sale\/"]}]},{"@type":"BreadcrumbList","@id":"https:\/\/heideinternational.com\/how-roofs-affect-a-sale\/#breadcrumb","itemListElement":[{"@type":"ListItem","position":1,"name":"Home","item":"https:\/\/heideinternational.com\/"},{"@type":"ListItem","position":2,"name":"How Roofs Affect A Sale"}]},{"@type":"WebSite","@id":"https:\/\/heideinternational.com\/#website","url":"https:\/\/heideinternational.com\/","name":"Heide International LLC","description":"Heide International LLC","potentialAction":[{"@type":"SearchAction","target":{"@type":"EntryPoint","urlTemplate":"https:\/\/heideinternational.com\/?s={search_term_string}"},"query-input":{"@type":"PropertyValueSpecification","valueRequired":true,"valueName":"search_term_string"}}],"inLanguage":"de"}]}},"_links":{"self":[{"href":"https:\/\/heideinternational.com\/de\/wp-json\/wp\/v2\/pages\/3948","targetHints":{"allow":["GET"]}}],"collection":[{"href":"https:\/\/heideinternational.com\/de\/wp-json\/wp\/v2\/pages"}],"about":[{"href":"https:\/\/heideinternational.com\/de\/wp-json\/wp\/v2\/types\/page"}],"author":[{"embeddable":true,"href":"https:\/\/heideinternational.com\/de\/wp-json\/wp\/v2\/users\/3"}],"replies":[{"embeddable":true,"href":"https:\/\/heideinternational.com\/de\/wp-json\/wp\/v2\/comments?post=3948"}],"version-history":[{"count":0,"href":"https:\/\/heideinternational.com\/de\/wp-json\/wp\/v2\/pages\/3948\/revisions"}],"wp:attachment":[{"href":"https:\/\/heideinternational.com\/de\/wp-json\/wp\/v2\/media?parent=3948"}],"curies":[{"name":"wp","href":"https:\/\/api.w.org\/{rel}","templated":true}]}}