{"id":2324,"date":"2022-08-12T07:25:37","date_gmt":"2022-08-12T07:25:37","guid":{"rendered":"https:\/\/heideinternational.paradoxmediadev.com\/?page_id=2324"},"modified":"2022-11-21T21:15:02","modified_gmt":"2022-11-21T21:15:02","slug":"kredit-formular-2","status":"publish","type":"page","link":"https:\/\/heideinternational.com\/de\/kredit-formular-2\/","title":{"rendered":"Kredit-Formular"},"content":{"rendered":"<div data-elementor-type=\"wp-page\" data-elementor-id=\"2324\" class=\"elementor elementor-2324\" data-elementor-post-type=\"page\">\n\t\t\t\t\t\t<section class=\"elementor-section elementor-top-section elementor-element elementor-element-a2e4df9 elementor-section-boxed elementor-section-height-default elementor-section-height-default\" data-id=\"a2e4df9\" data-element_type=\"section\">\n\t\t\t\t\t\t<div class=\"elementor-container elementor-column-gap-default\">\n\t\t\t\t\t<div class=\"elementor-column elementor-col-100 elementor-top-column elementor-element elementor-element-78ad2ab\" data-id=\"78ad2ab\" data-element_type=\"column\">\n\t\t\t<div class=\"elementor-widget-wrap elementor-element-populated\">\n\t\t\t\t\t\t<div class=\"elementor-element elementor-element-f83f717 elementor-widget elementor-widget-wpforms\" data-id=\"f83f717\" data-element_type=\"widget\" data-widget_type=\"wpforms.default\">\n\t\t\t\t<div class=\"elementor-widget-container\">\n\t\t\t\t\t<div class=\"wpforms-container\" id=\"wpforms-2295\"><form id=\"wpforms-form-2295\" class=\"wpforms-validate wpforms-form wpforms-ajax-form\" data-formid=\"2295\" method=\"post\" enctype=\"multipart\/form-data\" action=\"\/de\/wp-json\/wp\/v2\/pages\/2324\" data-token=\"23815acf717b49f5a80165f53a1b4478\" data-token-time=\"1776413774\" data-trp-original-action=\"\/de\/wp-json\/wp\/v2\/pages\/2324\"><noscript class=\"wpforms-error-noscript\">Bitte aktivieren Sie JavaScript in Ihrem Browser, um dieses Formular fertigzustellen.<\/noscript><div class=\"wpforms-page-indicator progress\" data-indicator=\"progress\" data-indicator-color=\"#72b239\" data-scroll=\"1\"><span class=\"wpforms-page-indicator-page-title\" ><\/span><span class=\"wpforms-page-indicator-page-title-sep\" style=\"display:none;\"> - <\/span><span class=\"wpforms-page-indicator-steps\">Schritt <span class=\"wpforms-page-indicator-steps-current\">1<\/span> von 2<\/span><div class=\"wpforms-page-indicator-page-progress-wrap\"><div class=\"wpforms-page-indicator-page-progress\" style=\"width:50%;background-color:#72b239\"><\/div><\/div><\/div><div class=\"wpforms-field-container\"><div class=\"wpforms-page wpforms-page-1\" data-page=\"1\"><div id=\"wpforms-2295-field_22-container\" class=\"wpforms-field wpforms-field-pagebreak\" data-field-id=\"22\"><\/div><div id=\"wpforms-2295-field_1-container\" class=\"wpforms-field wpforms-field-html\" data-field-id=\"1\"><div id=\"wpforms-2295-field_1\"><h1 style=\"text-align:center;\">KREDITKARTENAUTORISIERUNGSFORMULAR<\/h1><\/div><\/div><div id=\"wpforms-2295-field_2-container\" class=\"wpforms-field wpforms-field-html\" data-field-id=\"2\"><div id=\"wpforms-2295-field_2\"><b>Hinweis zum Datenschutzgesetz:<\/b> Diese Informationen werden von der Agentur, die sie sammelt, oder ihren Beauftragten verwendet, um festzustellen, ob Sie als potenzieller Hypothekenschuldner im Rahmen ihres Programms in Frage kommen. Sie werden nicht\r\nau\u00dferhalb der Agentur weitergegeben, es sei denn, dies ist gesetzlich vorgeschrieben und erlaubt. Sie m\u00fcssen diese Informationen nicht zur Verf\u00fcgung stellen, aber wenn Sie dies nicht tun, kann Ihr Antrag auf Genehmigung als potenzieller Hypothekenschuldner oder\r\nKreditnehmer verz\u00f6gert oder abgelehnt werden. Die in diesem Formular verlangten Informationen sind gem\u00e4\u00df Titel 38 USC, Kapitel 37 (wenn VA); gem\u00e4\u00df 12 USC, Abschnitt 1701 ff. (wenn HUD\/FHA); gem\u00e4\u00df 42 USC, Abschnitt\r\n1452b (wenn HUD\/CPD); und Titel 42 USC, 1471 ff. oder 7 USC, 1921 ff. (wenn USDA\/FmHA)<\/div><\/div><div id=\"wpforms-2295-field_3-container\" class=\"wpforms-field wpforms-field-checkbox\" data-field-id=\"3\"><label class=\"wpforms-field-label\">Hypothekendienste: <span class=\"wpforms-required-label\">*<\/span><\/label><ul id=\"wpforms-2295-field_3\" class=\"wpforms-field-required\"><li class=\"choice-1 depth-1\"><input type=\"checkbox\" id=\"wpforms-2295-field_3_1\" name=\"wpforms[fields][3][]\" value=\"Credit Report fee approximately $28.00 per applicant\" required><label class=\"wpforms-field-label-inline\" for=\"wpforms-2295-field_3_1\">Geb\u00fchr f\u00fcr die Kreditauskunft ca. $28.00 pro Antragsteller<\/label><\/li><li class=\"choice-2 depth-1\"><input type=\"checkbox\" id=\"wpforms-2295-field_3_2\" name=\"wpforms[fields][3][]\" value=\"Appraisal fee approximately $475.00 to $750.00\" required><label class=\"wpforms-field-label-inline\" for=\"wpforms-2295-field_3_2\">Sch\u00e4tzungsgeb\u00fchr etwa $475.00 bis $750.00<\/label><\/li><\/ul><\/div><div id=\"wpforms-2295-field_4-container\" class=\"wpforms-field wpforms-field-checkbox\" data-field-id=\"4\"><label class=\"wpforms-field-label\">Typ der Kreditkarte: <span class=\"wpforms-required-label\">*<\/span><\/label><ul id=\"wpforms-2295-field_4\" class=\"wpforms-field-required\"><li class=\"choice-1 depth-1\"><input type=\"checkbox\" id=\"wpforms-2295-field_4_1\" name=\"wpforms[fields][4][]\" value=\"Visa\" required><label class=\"wpforms-field-label-inline\" for=\"wpforms-2295-field_4_1\">Visum<\/label><\/li><li class=\"choice-2 depth-1\"><input type=\"checkbox\" id=\"wpforms-2295-field_4_2\" name=\"wpforms[fields][4][]\" value=\"MasterCard\" required><label class=\"wpforms-field-label-inline\" for=\"wpforms-2295-field_4_2\">MasterCard<\/label><\/li><li class=\"choice-4 depth-1\"><input type=\"checkbox\" id=\"wpforms-2295-field_4_4\" name=\"wpforms[fields][4][]\" value=\"Discover\" required><label class=\"wpforms-field-label-inline\" for=\"wpforms-2295-field_4_4\">Entdecken Sie<\/label><\/li><li class=\"choice-5 depth-1\"><input type=\"checkbox\" id=\"wpforms-2295-field_4_5\" name=\"wpforms[fields][4][]\" value=\"AMEX\" required><label class=\"wpforms-field-label-inline\" for=\"wpforms-2295-field_4_5\">AMEX<\/label><\/li><\/ul><\/div><div id=\"wpforms-2295-field_5-container\" class=\"wpforms-field wpforms-field-number wpf-num-limit\" data-field-id=\"5\"><label class=\"wpforms-field-label\" for=\"wpforms-2295-field_5\">Geben Sie einen 4-stelligen Code ein <span class=\"wpforms-required-label\">*<\/span><\/label><input type=\"number\" id=\"wpforms-2295-field_5\" class=\"wpforms-field-large wpforms-field-required\" name=\"wpforms[fields][5]\" step=\"any\" required><\/div><div id=\"wpforms-2295-field_6-container\" class=\"wpforms-field wpforms-field-name\" data-field-id=\"6\"><label class=\"wpforms-field-label\" for=\"wpforms-2295-field_6\">Name des Karteninhabers (wie er auf der Karte erscheint): <span class=\"wpforms-required-label\">*<\/span><\/label><input type=\"text\" id=\"wpforms-2295-field_6\" class=\"wpforms-field-large wpforms-field-required\" name=\"wpforms[fields][6]\" required><\/div><div id=\"wpforms-2295-field_7-container\" class=\"wpforms-field wpforms-field-number\" data-field-id=\"7\"><label class=\"wpforms-field-label\" for=\"wpforms-2295-field_7\">Kreditkartennummer:  <span class=\"wpforms-required-label\">*<\/span><\/label><input type=\"number\" id=\"wpforms-2295-field_7\" class=\"wpforms-field-large wpforms-field-required\" name=\"wpforms[fields][7]\" step=\"any\" required><\/div><div id=\"wpforms-2295-field_8-container\" class=\"wpforms-field wpforms-field-date-time wpforms-two-thirds wpforms-first\" data-field-id=\"8\"><label class=\"wpforms-field-label\" for=\"wpforms-2295-field_8\">Ablaufdatum der Kreditkarte: <span class=\"wpforms-required-label\">*<\/span><\/label><div class=\"wpforms-datepicker-wrap\"><input type=\"text\" id=\"wpforms-2295-field_8\" class=\"wpforms-field-date-time-date wpforms-datepicker wpforms-field-required wpforms-field-large\" data-date-format=\"m\/d\/Y\" data-disable-past-dates=\"0\" data-input=\"true\" name=\"wpforms[fields][8][date]\" required><a title=\"Datum leeren\" data-clear role=\"button\" tabindex=\"0\" class=\"wpforms-datepicker-clear\" aria-label=\"Datum leeren\" style=\"display:none;\"><\/a><\/div><\/div><div id=\"wpforms-2295-field_9-container\" class=\"wpforms-field wpforms-field-number wpforms-one-third\" data-field-id=\"9\"><label class=\"wpforms-field-label\" for=\"wpforms-2295-field_9\">CVV-Code: <span class=\"wpforms-required-label\">*<\/span><\/label><input type=\"number\" id=\"wpforms-2295-field_9\" class=\"wpforms-field-large wpforms-field-required\" name=\"wpforms[fields][9]\" step=\"any\" required><\/div><div id=\"wpforms-2295-field_21-container\" class=\"wpforms-field wpforms-field-pagebreak\" data-field-id=\"21\"><div class=\"wpforms-clear wpforms-pagebreak-left\"><button class=\"wpforms-page-button wpforms-page-next\" data-action=\"next\" data-page=\"1\" data-formid=\"2295\" disabled>Weiter<\/button><\/div><\/div><\/div><div class=\"wpforms-page wpforms-page-2 last\" data-page=\"2\" style=\"display:none;\"><div id=\"wpforms-2295-field_10-container\" class=\"wpforms-field wpforms-field-text\" data-field-id=\"10\"><label class=\"wpforms-field-label\" for=\"wpforms-2295-field_10\">Rechnungsadresse: <span class=\"wpforms-required-label\">*<\/span><\/label><input type=\"text\" id=\"wpforms-2295-field_10\" class=\"wpforms-field-large wpforms-field-required\" name=\"wpforms[fields][10]\" required><div class=\"wpforms-field-description\">(Adresse, an die die monatlichen Kreditkartenabrechnungen geschickt werden)<\/div><\/div><div id=\"wpforms-2295-field_11-container\" class=\"wpforms-field wpforms-field-date-time wpforms-one-half wpforms-first\" data-field-id=\"11\"><label class=\"wpforms-field-label\" for=\"wpforms-2295-field_11\">Geburtsdatum des Karteninhabers: <span class=\"wpforms-required-label\">*<\/span><\/label><div class=\"wpforms-datepicker-wrap\"><input type=\"text\" id=\"wpforms-2295-field_11\" class=\"wpforms-field-date-time-date wpforms-datepicker wpforms-field-required wpforms-field-large\" data-date-format=\"m\/d\/Y\" data-disable-past-dates=\"0\" data-input=\"true\" name=\"wpforms[fields][11][date]\" required><a title=\"Datum leeren\" data-clear role=\"button\" tabindex=\"0\" class=\"wpforms-datepicker-clear\" aria-label=\"Datum leeren\" style=\"display:none;\"><\/a><\/div><\/div><div id=\"wpforms-2295-field_12-container\" class=\"wpforms-field wpforms-field-date-time wpforms-one-half\" data-field-id=\"12\"><label class=\"wpforms-field-label\" for=\"wpforms-2295-field_12\">Mit-Kreditnehmer Geburtsdatum: <span class=\"wpforms-required-label\">*<\/span><\/label><div class=\"wpforms-datepicker-wrap\"><input type=\"text\" id=\"wpforms-2295-field_12\" class=\"wpforms-field-date-time-date wpforms-datepicker wpforms-field-required wpforms-field-large\" data-date-format=\"m\/d\/Y\" data-disable-past-dates=\"0\" data-input=\"true\" name=\"wpforms[fields][12][date]\" required><a title=\"Datum leeren\" data-clear role=\"button\" tabindex=\"0\" class=\"wpforms-datepicker-clear\" aria-label=\"Datum leeren\" style=\"display:none;\"><\/a><\/div><\/div><div id=\"wpforms-2295-field_14-container\" class=\"wpforms-field wpforms-field-html\" data-field-id=\"14\"><div id=\"wpforms-2295-field_14\">Als Karteninhaber stimme ich mit meiner Unterschrift zu und erm\u00e4chtige HEIDE INTERNATIONAL LLC ausdr\u00fccklich, meine Kreditkarte zu belasten,\r\nf\u00fcr die oben angebotenen Dienstleistungen zu belasten. Ich erkl\u00e4re mich weiterhin damit einverstanden, dass ich, falls meine Kreditkarte ung\u00fcltig wird, HEIDE INTERNATIONAL LLC auf Anfrage eine neue g\u00fcltige Kreditkarte zur Verf\u00fcgung stellen werde, die f\u00fcr die Zahlung aller ausstehenden Betr\u00e4ge, die ich HEIDE INTERNATIONAL LLC schulde, belastet wird. Ich best\u00e4tige, dass ich die oben genannten Geb\u00fchren verstehe und autorisiere und dass es nach der Autorisierung keine R\u00fcckerstattung f\u00fcr bestellte Produkte geben wird, sobald die Dienstleistungen erbracht wurden. <\/div><\/div><div id=\"wpforms-2295-field_16-container\" class=\"wpforms-field wpforms-field-date-time wpforms-one-half\" data-field-id=\"16\"><label class=\"wpforms-field-label\" for=\"wpforms-2295-field_16\">Datum <span class=\"wpforms-required-label\">*<\/span><\/label><div class=\"wpforms-datepicker-wrap\"><input type=\"text\" id=\"wpforms-2295-field_16\" class=\"wpforms-field-date-time-date wpforms-datepicker wpforms-field-required wpforms-field-large\" data-date-format=\"m\/d\/Y\" data-disable-past-dates=\"0\" data-input=\"true\" name=\"wpforms[fields][16][date]\" required><a title=\"Datum leeren\" data-clear role=\"button\" tabindex=\"0\" class=\"wpforms-datepicker-clear\" aria-label=\"Datum leeren\" style=\"display:none;\"><\/a><\/div><\/div><div id=\"wpforms-2295-field_18-container\" class=\"wpforms-field wpforms-field-date-time wpforms-one-half\" data-field-id=\"18\"><label class=\"wpforms-field-label\" for=\"wpforms-2295-field_18\">Datum <span class=\"wpforms-required-label\">*<\/span><\/label><div class=\"wpforms-datepicker-wrap\"><input type=\"text\" id=\"wpforms-2295-field_18\" class=\"wpforms-field-date-time-date wpforms-datepicker wpforms-field-required wpforms-field-large\" data-date-format=\"m\/d\/Y\" data-disable-past-dates=\"0\" data-input=\"true\" name=\"wpforms[fields][18][date]\" required><a title=\"Datum leeren\" data-clear role=\"button\" tabindex=\"0\" class=\"wpforms-datepicker-clear\" aria-label=\"Datum leeren\" style=\"display:none;\"><\/a><\/div><\/div><div id=\"wpforms-2295-field_19-container\" class=\"wpforms-field wpforms-field-phone wpforms-one-half wpforms-first\" data-field-id=\"19\"><label class=\"wpforms-field-label\" for=\"wpforms-2295-field_19\">Telefonnummer des Kreditnehmers: <span class=\"wpforms-required-label\">*<\/span><\/label><input type=\"tel\" id=\"wpforms-2295-field_19\" class=\"wpforms-field-large wpforms-field-required wpforms-smart-phone-field\" data-rule-smart-phone-field=\"true\" name=\"wpforms[fields][19]\" aria-label=\"Telefonnummer des Kreditnehmers:\" required><\/div><div id=\"wpforms-2295-field_20-container\" class=\"wpforms-field wpforms-field-text wpforms-one-half\" data-field-id=\"20\"><label class=\"wpforms-field-label\" for=\"wpforms-2295-field_20\">E-Mail Adresse des Kreditnehmers: <span class=\"wpforms-required-label\">*<\/span><\/label><input type=\"text\" id=\"wpforms-2295-field_20\" class=\"wpforms-field-large wpforms-field-required\" name=\"wpforms[fields][20]\" required><\/div><div id=\"wpforms-2295-field_23-container\" class=\"wpforms-field wpforms-field-pagebreak\" data-field-id=\"23\"><div class=\"wpforms-clear wpforms-pagebreak-left\"><\/div><\/div><\/div><\/div><!-- .wpforms-field-container --><div class=\"wpforms-recaptcha-container wpforms-is-recaptcha wpforms-is-recaptcha-type-v3\" style=\"display:none;\"><input type=\"hidden\" name=\"wpforms[recaptcha]\" value=\"\"><\/div><div class=\"wpforms-submit-container\" style=\"display:none;\"><input type=\"hidden\" name=\"wpforms[id]\" value=\"2295\"><input type=\"hidden\" name=\"page_title\" value=\"\"><input type=\"hidden\" name=\"page_url\" value=\"https:\/\/heideinternational.com\/de\/wp-json\/wp\/v2\/pages\/2324\"><input type=\"hidden\" name=\"url_referer\" value=\"\"><button type=\"submit\" name=\"wpforms[submit]\" id=\"wpforms-submit-2295\" class=\"wpforms-submit\" data-alt-text=\"Sending...\" data-submit-text=\"Submit\" aria-live=\"assertive\" value=\"wpforms-submit\">Einreichen<\/button><img decoding=\"async\" src=\"https:\/\/heideinternational.com\/wp-content\/plugins\/wpforms\/assets\/images\/submit-spin.svg\" class=\"wpforms-submit-spinner\" style=\"display: none;\" width=\"26\" height=\"26\" alt=\"Wird geladen\"><\/div><input type=\"hidden\" name=\"trp-form-language\" value=\"de\"\/><\/form><\/div>  <!-- .wpforms-container -->\t\t\t\t<\/div>\n\t\t\t\t<\/div>\n\t\t\t\t\t<\/div>\n\t\t<\/div>\n\t\t\t\t\t<\/div>\n\t\t<\/section>\n\t\t\t\t<\/div>","protected":false},"excerpt":{"rendered":"","protected":false},"author":4,"featured_media":0,"parent":0,"menu_order":0,"comment_status":"closed","ping_status":"closed","template":"elementor_header_footer","meta":{"footnotes":""},"class_list":["post-2324","page","type-page","status-publish","hentry"],"yoast_head":"<!-- This site is optimized with the Yoast SEO plugin v26.8 - https:\/\/yoast.com\/product\/yoast-seo-wordpress\/ -->\n<title>Credit Form - Heide International LLC<\/title>\n<meta name=\"description\" content=\"This information is to be used by the agency collecting it or its assignees in determining whether you qualify as a prospective mortgagor under its program.\" \/>\n<meta name=\"robots\" content=\"index, follow, max-snippet:-1, max-image-preview:large, max-video-preview:-1\" \/>\n<link rel=\"canonical\" href=\"https:\/\/heideinternational.com\/de\/kredit-formular-2\/\" \/>\n<meta property=\"og:locale\" content=\"de_DE\" \/>\n<meta property=\"og:type\" content=\"article\" \/>\n<meta property=\"og:title\" content=\"Credit Form - Heide International LLC\" \/>\n<meta property=\"og:description\" content=\"This information is to be used by the agency collecting it or its assignees in determining whether you qualify as a prospective mortgagor under its program.\" \/>\n<meta property=\"og:url\" content=\"https:\/\/heideinternational.com\/de\/kredit-formular-2\/\" \/>\n<meta property=\"og:site_name\" content=\"Heide International LLC\" \/>\n<meta property=\"article:modified_time\" content=\"2022-11-21T21:15:02+00:00\" \/>\n<meta name=\"twitter:card\" content=\"summary_large_image\" \/>\n<meta name=\"twitter:label1\" content=\"Gesch\u00e4tzte Lesezeit\" \/>\n\t<meta name=\"twitter:data1\" content=\"1\u00a0Minute\" \/>\n<script type=\"application\/ld+json\" class=\"yoast-schema-graph\">{\"@context\":\"https:\/\/schema.org\",\"@graph\":[{\"@type\":\"WebPage\",\"@id\":\"https:\/\/heideinternational.com\/credit-form\/\",\"url\":\"https:\/\/heideinternational.com\/credit-form\/\",\"name\":\"Credit Form - Heide International LLC\",\"isPartOf\":{\"@id\":\"https:\/\/heideinternational.com\/#website\"},\"datePublished\":\"2022-08-12T07:25:37+00:00\",\"dateModified\":\"2022-11-21T21:15:02+00:00\",\"description\":\"This information is to be used by the agency collecting it or its assignees in determining whether you qualify as a prospective mortgagor under its program.\",\"breadcrumb\":{\"@id\":\"https:\/\/heideinternational.com\/credit-form\/#breadcrumb\"},\"inLanguage\":\"de\",\"potentialAction\":[{\"@type\":\"ReadAction\",\"target\":[\"https:\/\/heideinternational.com\/credit-form\/\"]}]},{\"@type\":\"BreadcrumbList\",\"@id\":\"https:\/\/heideinternational.com\/credit-form\/#breadcrumb\",\"itemListElement\":[{\"@type\":\"ListItem\",\"position\":1,\"name\":\"Home\",\"item\":\"https:\/\/heideinternational.com\/\"},{\"@type\":\"ListItem\",\"position\":2,\"name\":\"Credit Form\"}]},{\"@type\":\"WebSite\",\"@id\":\"https:\/\/heideinternational.com\/#website\",\"url\":\"https:\/\/heideinternational.com\/\",\"name\":\"Heide International LLC\",\"description\":\"Heide International LLC\",\"potentialAction\":[{\"@type\":\"SearchAction\",\"target\":{\"@type\":\"EntryPoint\",\"urlTemplate\":\"https:\/\/heideinternational.com\/?s={search_term_string}\"},\"query-input\":{\"@type\":\"PropertyValueSpecification\",\"valueRequired\":true,\"valueName\":\"search_term_string\"}}],\"inLanguage\":\"de\"}]}<\/script>\n<!-- \/ Yoast SEO plugin. -->","yoast_head_json":{"title":"Kreditformular - Heide International LLC","description":"Diese Informationen werden von der Agentur, die sie sammelt, oder ihren Beauftragten verwendet, um festzustellen, ob Sie als potenzieller Hypothekenschuldner im Rahmen ihres Programms in Frage kommen.","robots":{"index":"index","follow":"follow","max-snippet":"max-snippet:-1","max-image-preview":"max-image-preview:large","max-video-preview":"max-video-preview:-1"},"canonical":"https:\/\/heideinternational.com\/de\/kredit-formular-2\/","og_locale":"de_DE","og_type":"article","og_title":"Credit Form - Heide International LLC","og_description":"This information is to be used by the agency collecting it or its assignees in determining whether you qualify as a prospective mortgagor under its program.","og_url":"https:\/\/heideinternational.com\/de\/kredit-formular-2\/","og_site_name":"Heide International LLC","article_modified_time":"2022-11-21T21:15:02+00:00","twitter_card":"summary_large_image","twitter_misc":{"Gesch\u00e4tzte Lesezeit":"1\u00a0Minute"},"schema":{"@context":"https:\/\/schema.org","@graph":[{"@type":"WebPage","@id":"https:\/\/heideinternational.com\/credit-form\/","url":"https:\/\/heideinternational.com\/credit-form\/","name":"Kreditformular - Heide International LLC","isPartOf":{"@id":"https:\/\/heideinternational.com\/#website"},"datePublished":"2022-08-12T07:25:37+00:00","dateModified":"2022-11-21T21:15:02+00:00","description":"Diese Informationen werden von der Agentur, die sie sammelt, oder ihren Beauftragten verwendet, um festzustellen, ob Sie als potenzieller Hypothekenschuldner im Rahmen ihres Programms in Frage kommen.","breadcrumb":{"@id":"https:\/\/heideinternational.com\/credit-form\/#breadcrumb"},"inLanguage":"de","potentialAction":[{"@type":"ReadAction","target":["https:\/\/heideinternational.com\/credit-form\/"]}]},{"@type":"BreadcrumbList","@id":"https:\/\/heideinternational.com\/credit-form\/#breadcrumb","itemListElement":[{"@type":"ListItem","position":1,"name":"Home","item":"https:\/\/heideinternational.com\/"},{"@type":"ListItem","position":2,"name":"Credit Form"}]},{"@type":"WebSite","@id":"https:\/\/heideinternational.com\/#website","url":"https:\/\/heideinternational.com\/","name":"Heide International LLC","description":"Heide International LLC","potentialAction":[{"@type":"SearchAction","target":{"@type":"EntryPoint","urlTemplate":"https:\/\/heideinternational.com\/?s={search_term_string}"},"query-input":{"@type":"PropertyValueSpecification","valueRequired":true,"valueName":"search_term_string"}}],"inLanguage":"de"}]}},"_links":{"self":[{"href":"https:\/\/heideinternational.com\/de\/wp-json\/wp\/v2\/pages\/2324","targetHints":{"allow":["GET"]}}],"collection":[{"href":"https:\/\/heideinternational.com\/de\/wp-json\/wp\/v2\/pages"}],"about":[{"href":"https:\/\/heideinternational.com\/de\/wp-json\/wp\/v2\/types\/page"}],"author":[{"embeddable":true,"href":"https:\/\/heideinternational.com\/de\/wp-json\/wp\/v2\/users\/4"}],"replies":[{"embeddable":true,"href":"https:\/\/heideinternational.com\/de\/wp-json\/wp\/v2\/comments?post=2324"}],"version-history":[{"count":0,"href":"https:\/\/heideinternational.com\/de\/wp-json\/wp\/v2\/pages\/2324\/revisions"}],"wp:attachment":[{"href":"https:\/\/heideinternational.com\/de\/wp-json\/wp\/v2\/media?parent=2324"}],"curies":[{"name":"wp","href":"https:\/\/api.w.org\/{rel}","templated":true}]}}