{"id":1860,"date":"2021-07-25T06:49:07","date_gmt":"2021-07-25T06:49:07","guid":{"rendered":"https:\/\/heideinternati.wpengine.com\/?page_id=1860"},"modified":"2022-11-23T10:23:15","modified_gmt":"2022-11-23T10:23:15","slug":"zuganglichkeitserklarung-2","status":"publish","type":"page","link":"https:\/\/heideinternational.com\/de\/zuganglichkeitserklarung-2\/","title":{"rendered":"Erkl\u00e4rung zur Zug\u00e4nglichkeit"},"content":{"rendered":"<div data-elementor-type=\"wp-page\" data-elementor-id=\"1860\" class=\"elementor elementor-1860\" data-elementor-post-type=\"page\">\n\t\t\t\t\t\t<section class=\"elementor-section elementor-top-section elementor-element elementor-element-69ebbbf elementor-section-boxed elementor-section-height-default elementor-section-height-default\" data-id=\"69ebbbf\" data-element_type=\"section\" data-settings=\"{&quot;background_background&quot;:&quot;classic&quot;}\">\n\t\t\t\t\t\t<div class=\"elementor-container elementor-column-gap-default\">\n\t\t\t\t\t<div class=\"elementor-column elementor-col-100 elementor-top-column elementor-element elementor-element-4cc78e3\" data-id=\"4cc78e3\" data-element_type=\"column\">\n\t\t\t<div class=\"elementor-widget-wrap elementor-element-populated\">\n\t\t\t\t\t\t<div class=\"elementor-element elementor-element-7a01cab elementor-widget elementor-widget-heading\" data-id=\"7a01cab\" data-element_type=\"widget\" data-widget_type=\"heading.default\">\n\t\t\t\t<div class=\"elementor-widget-container\">\n\t\t\t\t\t<h1 class=\"elementor-heading-title elementor-size-default\">Erkl\u00e4rung zur Zug\u00e4nglichkeit\n<\/h1>\t\t\t\t<\/div>\n\t\t\t\t<\/div>\n\t\t\t\t\t<\/div>\n\t\t<\/div>\n\t\t\t\t\t<\/div>\n\t\t<\/section>\n\t\t\t\t<section class=\"elementor-section elementor-top-section elementor-element elementor-element-6f73ee9 elementor-section-boxed elementor-section-height-default elementor-section-height-default\" data-id=\"6f73ee9\" data-element_type=\"section\">\n\t\t\t\t\t\t<div class=\"elementor-container elementor-column-gap-default\">\n\t\t\t\t\t<div class=\"elementor-column elementor-col-100 elementor-top-column elementor-element elementor-element-102d0fb\" data-id=\"102d0fb\" data-element_type=\"column\">\n\t\t\t<div class=\"elementor-widget-wrap elementor-element-populated\">\n\t\t\t\t\t\t<div class=\"elementor-element elementor-element-b5431d6 elementor-widget elementor-widget-heading\" data-id=\"b5431d6\" data-element_type=\"widget\" data-widget_type=\"heading.default\">\n\t\t\t\t<div class=\"elementor-widget-container\">\n\t\t\t\t\t<h2 class=\"elementor-heading-title elementor-size-default\">Heide International Website Zug\u00e4nglichkeitserkl\u00e4rung\n\n<\/h2>\t\t\t\t<\/div>\n\t\t\t\t<\/div>\n\t\t\t\t<div class=\"elementor-element elementor-element-2bb9cd0 elementor-widget elementor-widget-text-editor\" data-id=\"2bb9cd0\" data-element_type=\"widget\" data-widget_type=\"text-editor.default\">\n\t\t\t\t<div class=\"elementor-widget-container\">\n\t\t\t\t\t\t\t\t\t<p>Aktualisiert: Oktober 2020.<\/p>\t\t\t\t\t\t\t\t<\/div>\n\t\t\t\t<\/div>\n\t\t\t\t<div class=\"elementor-element elementor-element-7f51eca elementor-widget elementor-widget-text-editor\" data-id=\"7f51eca\" data-element_type=\"widget\" data-widget_type=\"text-editor.default\">\n\t\t\t\t<div class=\"elementor-widget-container\">\n\t\t\t\t\t\t\t\t\t<p><strong>Allgemein<\/strong><\/p>\t\t\t\t\t\t\t\t<\/div>\n\t\t\t\t<\/div>\n\t\t\t\t<div class=\"elementor-element elementor-element-79b8ff6 elementor-widget elementor-widget-text-editor\" data-id=\"79b8ff6\" data-element_type=\"widget\" data-widget_type=\"text-editor.default\">\n\t\t\t\t<div class=\"elementor-widget-container\">\n\t\t\t\t\t\t\t\t\t\nUndefined ist bestrebt sicherzustellen, dass seine Dienstleistungen f\u00fcr Menschen mit Behinderungen zug\u00e4nglich sind. Undefined hat eine betr\u00e4chtliche Menge an Ressourcen investiert, um sicherzustellen, dass seine Website f\u00fcr Menschen mit Behinderungen einfacher zu nutzen und zug\u00e4nglicher ist, in der festen \u00dcberzeugung, dass jeder Mensch das Recht hat, mit W\u00fcrde, Gleichheit, Komfort und Unabh\u00e4ngigkeit zu leben.\t\t\t\t\t\t\t\t<\/div>\n\t\t\t\t<\/div>\n\t\t\t\t<div class=\"elementor-element elementor-element-d9f6782 elementor-widget elementor-widget-text-editor\" data-id=\"d9f6782\" data-element_type=\"widget\" data-widget_type=\"text-editor.default\">\n\t\t\t\t<div class=\"elementor-widget-container\">\n\t\t\t\t\t\t\t\t\t<p>Zug\u00e4nglichkeit am <strong>heideinternational.de<\/strong><\/p>\t\t\t\t\t\t\t\t<\/div>\n\t\t\t\t<\/div>\n\t\t\t\t<div class=\"elementor-element elementor-element-8df2fc2 elementor-widget elementor-widget-text-editor\" data-id=\"8df2fc2\" data-element_type=\"widget\" data-widget_type=\"text-editor.default\">\n\t\t\t\t<div class=\"elementor-widget-container\">\n\t\t\t\t\t\t\t\t\t<p>Heideinternational.com stellt das AccessiBe Website Accessibility Widget zur Verf\u00fcgung, das von einem dedizierten Accessibility Server betrieben wird. Die Software erm\u00f6glicht es Heideinternational.com, die Einhaltung der Zug\u00e4nglichkeitsrichtlinien f\u00fcr Webinhalte (WCAG 2.1) zu verbessern.<\/p>\t\t\t\t\t\t\t\t<\/div>\n\t\t\t\t<\/div>\n\t\t\t\t<div class=\"elementor-element elementor-element-58984ea elementor-widget elementor-widget-text-editor\" data-id=\"58984ea\" data-element_type=\"widget\" data-widget_type=\"text-editor.default\">\n\t\t\t\t<div class=\"elementor-widget-container\">\n\t\t\t\t\t\t\t\t\t<p><strong>Aktivieren des Men\u00fcs Barrierefreiheit<\/strong><\/p>\t\t\t\t\t\t\t\t<\/div>\n\t\t\t\t<\/div>\n\t\t\t\t<div class=\"elementor-element elementor-element-f353cc0 elementor-widget elementor-widget-text-editor\" data-id=\"f353cc0\" data-element_type=\"widget\" data-widget_type=\"text-editor.default\">\n\t\t\t\t<div class=\"elementor-widget-container\">\n\t\t\t\t\t\t\t\t\t<p>Das barrierefreie Men\u00fc von Heideinternational.com kann entweder durch Dr\u00fccken der Tabulatortaste beim ersten Laden der Seite oder durch Anklicken des Symbols f\u00fcr das barrierefreie Men\u00fc, das in der Ecke der Seite erscheint, aktiviert werden. Nach dem Aktivieren des barrierefreien Men\u00fcs warten Sie bitte einen Moment, bis das barrierefreie Men\u00fc vollst\u00e4ndig geladen ist.<\/p>\t\t\t\t\t\t\t\t<\/div>\n\t\t\t\t<\/div>\n\t\t\t\t<div class=\"elementor-element elementor-element-6a9dfb6 elementor-widget elementor-widget-text-editor\" data-id=\"6a9dfb6\" data-element_type=\"widget\" data-widget_type=\"text-editor.default\">\n\t\t\t\t<div class=\"elementor-widget-container\">\n\t\t\t\t\t\t\t\t\t<strong>Haftungsausschluss<\/strong>\t\t\t\t\t\t\t\t<\/div>\n\t\t\t\t<\/div>\n\t\t\t\t<div class=\"elementor-element elementor-element-5843f6a elementor-widget elementor-widget-text-editor\" data-id=\"5843f6a\" data-element_type=\"widget\" data-widget_type=\"text-editor.default\">\n\t\t\t\t<div class=\"elementor-widget-container\">\n\t\t\t\t\t\t\t\t\t<p>Undefined setzt seine Bem\u00fchungen fort, die Zug\u00e4nglichkeit seiner Website und seiner Dienste st\u00e4ndig zu verbessern, in der \u00dcberzeugung, dass es unsere kollektive moralische Verpflichtung ist, eine nahtlose, zug\u00e4ngliche und ungehinderte Nutzung f\u00fcr Menschen mit Behinderungen zu erm\u00f6glichen.<\/p>\t\t\t\t\t\t\t\t<\/div>\n\t\t\t\t<\/div>\n\t\t\t\t<div class=\"elementor-element elementor-element-2404126 elementor-widget elementor-widget-text-editor\" data-id=\"2404126\" data-element_type=\"widget\" data-widget_type=\"text-editor.default\">\n\t\t\t\t<div class=\"elementor-widget-container\">\n\t\t\t\t\t\t\t\t\t<p>In unserem st\u00e4ndigen Bem\u00fchen um eine kontinuierliche Verbesserung und Behebung von Zug\u00e4nglichkeitsproblemen scannen wir Heideinternational.com auch regelm\u00e4\u00dfig mit dem AccessiBe Website Accessibility Scanner, um alle m\u00f6glichen Zug\u00e4nglichkeitsbarrieren auf unserer Website zu identifizieren und zu beheben.<br \/>Trotz unserer Bem\u00fchungen, alle Seiten und Inhalte auf Heideinternational.com vollst\u00e4ndig zug\u00e4nglich zu machen, kann es sein, dass einige Inhalte noch nicht vollst\u00e4ndig an die strengsten Zug\u00e4nglichkeitsstandards angepasst wurden. Dies kann darauf zur\u00fcckzuf\u00fchren sein, dass wir nicht die geeignetste technische L\u00f6sung gefunden oder identifiziert haben.<\/p>\t\t\t\t\t\t\t\t<\/div>\n\t\t\t\t<\/div>\n\t\t\t\t<div class=\"elementor-element elementor-element-b5f5414 elementor-widget elementor-widget-text-editor\" data-id=\"b5f5414\" data-element_type=\"widget\" data-widget_type=\"text-editor.default\">\n\t\t\t\t<div class=\"elementor-widget-container\">\n\t\t\t\t\t\t\t\t\t<strong>F\u00fcr Sie da<\/strong>\t\t\t\t\t\t\t\t<\/div>\n\t\t\t\t<\/div>\n\t\t\t\t<div class=\"elementor-element elementor-element-bd1eb93 elementor-widget elementor-widget-text-editor\" data-id=\"bd1eb93\" data-element_type=\"widget\" data-widget_type=\"text-editor.default\">\n\t\t\t\t<div class=\"elementor-widget-container\">\n\t\t\t\t\t\t\t\t\t<p>Sollten Sie Schwierigkeiten mit dem Inhalt von Heideinternational.com haben oder Hilfe mit einem Teil unserer Website ben\u00f6tigen, kontaktieren Sie uns bitte w\u00e4hrend der normalen Gesch\u00e4ftszeiten wie unten angegeben und wir werden Ihnen gerne helfen.<\/p>\t\t\t\t\t\t\t\t<\/div>\n\t\t\t\t<\/div>\n\t\t\t\t<div class=\"elementor-element elementor-element-ad22b3d elementor-widget elementor-widget-text-editor\" data-id=\"ad22b3d\" data-element_type=\"widget\" data-widget_type=\"text-editor.default\">\n\t\t\t\t<div class=\"elementor-widget-container\">\n\t\t\t\t\t\t\t\t\t<p><strong>Kontakt<\/strong><\/p>\t\t\t\t\t\t\t\t<\/div>\n\t\t\t\t<\/div>\n\t\t\t\t<div class=\"elementor-element elementor-element-c5319ee elementor-widget elementor-widget-text-editor\" data-id=\"c5319ee\" data-element_type=\"widget\" data-widget_type=\"text-editor.default\">\n\t\t\t\t<div class=\"elementor-widget-container\">\n\t\t\t\t\t\t\t\t\t<p>Wenn Sie ein Problem mit der Zug\u00e4nglichkeit melden m\u00f6chten, Fragen haben oder Hilfe ben\u00f6tigen, wenden Sie sich bitte wie folgt an den Kundensupport:<\/p>\t\t\t\t\t\t\t\t<\/div>\n\t\t\t\t<\/div>\n\t\t\t\t<div class=\"elementor-element elementor-element-690d2f1 elementor-widget elementor-widget-text-editor\" data-id=\"690d2f1\" data-element_type=\"widget\" data-widget_type=\"text-editor.default\">\n\t\t\t\t<div class=\"elementor-widget-container\">\n\t\t\t\t\t\t\t\t\t<p>E-Mail: <strong><a href=\"mailto:kheide@heideinternational.com\">kheide@heideinternational.com<\/a><\/strong><br \/>Telefon: <strong><a href=\"tel: 561-213-4093\">561-213-4093<\/a><\/strong><\/p>\t\t\t\t\t\t\t\t<\/div>\n\t\t\t\t<\/div>\n\t\t\t\t\t<\/div>\n\t\t<\/div>\n\t\t\t\t\t<\/div>\n\t\t<\/section>\n\t\t\t\t<\/div>","protected":false},"excerpt":{"rendered":"<p>Zug\u00e4nglichkeitserkl\u00e4rung Heide International Website Zug\u00e4nglichkeitserkl\u00e4rung Aktualisiert: Oktober 2020. Allgemeines Undefined ist bestrebt sicherzustellen, dass seine Dienstleistungen f\u00fcr Menschen mit Behinderungen zug\u00e4nglich sind. Undefined hat eine betr\u00e4chtliche Menge an Ressourcen investiert, um sicherzustellen, dass seine Website f\u00fcr Menschen mit Behinderungen einfacher zu nutzen und zug\u00e4nglicher ist, in der festen \u00dcberzeugung, dass [...]<\/p>","protected":false},"author":1,"featured_media":0,"parent":0,"menu_order":0,"comment_status":"closed","ping_status":"closed","template":"elementor_header_footer","meta":{"footnotes":""},"class_list":["post-1860","page","type-page","status-publish","hentry"],"yoast_head":"<!-- This site is optimized with the Yoast SEO plugin v26.8 - https:\/\/yoast.com\/product\/yoast-seo-wordpress\/ -->\n<title>Accessibility Statement - Heide International LLC<\/title>\n<meta name=\"description\" content=\"Heide International has invested significant resources to help ensure that our website is made easier to use for people with disabilities\" \/>\n<meta name=\"robots\" content=\"index, follow, max-snippet:-1, max-image-preview:large, max-video-preview:-1\" \/>\n<link rel=\"canonical\" href=\"https:\/\/heideinternational.com\/de\/zuganglichkeitserklarung-2\/\" \/>\n<meta property=\"og:locale\" content=\"de_DE\" \/>\n<meta property=\"og:type\" content=\"article\" \/>\n<meta property=\"og:title\" content=\"Accessibility Statement - Heide International LLC\" \/>\n<meta property=\"og:description\" content=\"Heide International has invested significant resources to help ensure that our website is made easier to use for people with disabilities\" \/>\n<meta property=\"og:url\" content=\"https:\/\/heideinternational.com\/de\/zuganglichkeitserklarung-2\/\" \/>\n<meta property=\"og:site_name\" content=\"Heide International LLC\" \/>\n<meta property=\"article:modified_time\" content=\"2022-11-23T10:23:15+00:00\" \/>\n<meta name=\"twitter:card\" content=\"summary_large_image\" \/>\n<meta name=\"twitter:label1\" content=\"Gesch\u00e4tzte Lesezeit\" \/>\n\t<meta name=\"twitter:data1\" content=\"2\u00a0Minuten\" \/>\n<script type=\"application\/ld+json\" class=\"yoast-schema-graph\">{\"@context\":\"https:\/\/schema.org\",\"@graph\":[{\"@type\":\"WebPage\",\"@id\":\"https:\/\/heideinternational.com\/accessibility-statement\/\",\"url\":\"https:\/\/heideinternational.com\/accessibility-statement\/\",\"name\":\"Accessibility Statement - Heide International LLC\",\"isPartOf\":{\"@id\":\"https:\/\/heideinternational.com\/#website\"},\"datePublished\":\"2021-07-25T06:49:07+00:00\",\"dateModified\":\"2022-11-23T10:23:15+00:00\",\"description\":\"Heide International has invested significant resources to help ensure that our website is made easier to use for people with disabilities\",\"breadcrumb\":{\"@id\":\"https:\/\/heideinternational.com\/accessibility-statement\/#breadcrumb\"},\"inLanguage\":\"de\",\"potentialAction\":[{\"@type\":\"ReadAction\",\"target\":[\"https:\/\/heideinternational.com\/accessibility-statement\/\"]}]},{\"@type\":\"BreadcrumbList\",\"@id\":\"https:\/\/heideinternational.com\/accessibility-statement\/#breadcrumb\",\"itemListElement\":[{\"@type\":\"ListItem\",\"position\":1,\"name\":\"Home\",\"item\":\"https:\/\/heideinternational.com\/\"},{\"@type\":\"ListItem\",\"position\":2,\"name\":\"Accessibility Statement\"}]},{\"@type\":\"WebSite\",\"@id\":\"https:\/\/heideinternational.com\/#website\",\"url\":\"https:\/\/heideinternational.com\/\",\"name\":\"Heide International LLC\",\"description\":\"Heide International LLC\",\"potentialAction\":[{\"@type\":\"SearchAction\",\"target\":{\"@type\":\"EntryPoint\",\"urlTemplate\":\"https:\/\/heideinternational.com\/?s={search_term_string}\"},\"query-input\":{\"@type\":\"PropertyValueSpecification\",\"valueRequired\":true,\"valueName\":\"search_term_string\"}}],\"inLanguage\":\"de\"}]}<\/script>\n<!-- \/ Yoast SEO plugin. -->","yoast_head_json":{"title":"Zug\u00e4nglichkeitserkl\u00e4rung - Heide International LLC","description":"Heide International hat erhebliche Mittel investiert, um sicherzustellen, dass unsere Website f\u00fcr Menschen mit Behinderungen leichter zu nutzen ist","robots":{"index":"index","follow":"follow","max-snippet":"max-snippet:-1","max-image-preview":"max-image-preview:large","max-video-preview":"max-video-preview:-1"},"canonical":"https:\/\/heideinternational.com\/de\/zuganglichkeitserklarung-2\/","og_locale":"de_DE","og_type":"article","og_title":"Accessibility Statement - Heide International LLC","og_description":"Heide International has invested significant resources to help ensure that our website is made easier to use for people with disabilities","og_url":"https:\/\/heideinternational.com\/de\/zuganglichkeitserklarung-2\/","og_site_name":"Heide International LLC","article_modified_time":"2022-11-23T10:23:15+00:00","twitter_card":"summary_large_image","twitter_misc":{"Gesch\u00e4tzte Lesezeit":"2\u00a0Minuten"},"schema":{"@context":"https:\/\/schema.org","@graph":[{"@type":"WebPage","@id":"https:\/\/heideinternational.com\/accessibility-statement\/","url":"https:\/\/heideinternational.com\/accessibility-statement\/","name":"Zug\u00e4nglichkeitserkl\u00e4rung - Heide International LLC","isPartOf":{"@id":"https:\/\/heideinternational.com\/#website"},"datePublished":"2021-07-25T06:49:07+00:00","dateModified":"2022-11-23T10:23:15+00:00","description":"Heide International hat erhebliche Mittel investiert, um sicherzustellen, dass unsere Website f\u00fcr Menschen mit Behinderungen leichter zu nutzen ist","breadcrumb":{"@id":"https:\/\/heideinternational.com\/accessibility-statement\/#breadcrumb"},"inLanguage":"de","potentialAction":[{"@type":"ReadAction","target":["https:\/\/heideinternational.com\/accessibility-statement\/"]}]},{"@type":"BreadcrumbList","@id":"https:\/\/heideinternational.com\/accessibility-statement\/#breadcrumb","itemListElement":[{"@type":"ListItem","position":1,"name":"Home","item":"https:\/\/heideinternational.com\/"},{"@type":"ListItem","position":2,"name":"Accessibility Statement"}]},{"@type":"WebSite","@id":"https:\/\/heideinternational.com\/#website","url":"https:\/\/heideinternational.com\/","name":"Heide International LLC","description":"Heide International LLC","potentialAction":[{"@type":"SearchAction","target":{"@type":"EntryPoint","urlTemplate":"https:\/\/heideinternational.com\/?s={search_term_string}"},"query-input":{"@type":"PropertyValueSpecification","valueRequired":true,"valueName":"search_term_string"}}],"inLanguage":"de"}]}},"_links":{"self":[{"href":"https:\/\/heideinternational.com\/de\/wp-json\/wp\/v2\/pages\/1860","targetHints":{"allow":["GET"]}}],"collection":[{"href":"https:\/\/heideinternational.com\/de\/wp-json\/wp\/v2\/pages"}],"about":[{"href":"https:\/\/heideinternational.com\/de\/wp-json\/wp\/v2\/types\/page"}],"author":[{"embeddable":true,"href":"https:\/\/heideinternational.com\/de\/wp-json\/wp\/v2\/users\/1"}],"replies":[{"embeddable":true,"href":"https:\/\/heideinternational.com\/de\/wp-json\/wp\/v2\/comments?post=1860"}],"version-history":[{"count":0,"href":"https:\/\/heideinternational.com\/de\/wp-json\/wp\/v2\/pages\/1860\/revisions"}],"wp:attachment":[{"href":"https:\/\/heideinternational.com\/de\/wp-json\/wp\/v2\/media?parent=1860"}],"curies":[{"name":"wp","href":"https:\/\/api.w.org\/{rel}","templated":true}]}}