{"id":1032,"date":"2021-07-16T10:52:36","date_gmt":"2021-07-16T10:52:36","guid":{"rendered":"https:\/\/heideinternati.wpengine.com\/?page_id=1032"},"modified":"2023-04-26T18:48:02","modified_gmt":"2023-04-26T18:48:02","slug":"konkurse-zwangsvollstreckungen-scheidungen-2","status":"publish","type":"page","link":"https:\/\/heideinternational.com\/de\/konkurse-zwangsvollstreckungen-scheidungen-2\/","title":{"rendered":"Insolvenzen, Zwangsvollstreckungen, Scheidungen"},"content":{"rendered":"<div data-elementor-type=\"wp-page\" data-elementor-id=\"1032\" class=\"elementor elementor-1032\" data-elementor-post-type=\"page\">\n\t\t\t\t\t\t<section class=\"elementor-section elementor-top-section elementor-element elementor-element-8faa9e9 elementor-section-boxed elementor-section-height-default elementor-section-height-default\" data-id=\"8faa9e9\" data-element_type=\"section\" data-settings=\"{&quot;background_background&quot;:&quot;classic&quot;}\">\n\t\t\t\t\t\t<div class=\"elementor-container elementor-column-gap-default\">\n\t\t\t\t\t<div class=\"elementor-column elementor-col-100 elementor-top-column elementor-element elementor-element-8ea94e4\" data-id=\"8ea94e4\" data-element_type=\"column\">\n\t\t\t<div class=\"elementor-widget-wrap elementor-element-populated\">\n\t\t\t\t\t\t<div class=\"elementor-element elementor-element-0788fe0 elementor-widget elementor-widget-heading\" data-id=\"0788fe0\" data-element_type=\"widget\" data-widget_type=\"heading.default\">\n\t\t\t\t<div class=\"elementor-widget-container\">\n\t\t\t\t\t<h1 class=\"elementor-heading-title elementor-size-default\">Insolvenzen, Zwangsvollstreckungen, Scheidungen\n<\/h1>\t\t\t\t<\/div>\n\t\t\t\t<\/div>\n\t\t\t\t<div class=\"elementor-element elementor-element-e7fb6ef elementor-align-center elementor-widget elementor-widget-button\" data-id=\"e7fb6ef\" data-element_type=\"widget\" data-widget_type=\"button.default\">\n\t\t\t\t<div class=\"elementor-widget-container\">\n\t\t\t\t\t\t\t\t\t<div class=\"elementor-button-wrapper\">\n\t\t\t\t\t<a class=\"elementor-button elementor-button-link elementor-size-sm\" href=\"\/de\/konkurse-zwangsvollstreckungen-scheidungen-4\/\">\n\t\t\t\t\t\t<span class=\"elementor-button-content-wrapper\">\n\t\t\t\t\t\t\t\t\t<span class=\"elementor-button-text\">Klicken Sie hier, um unsere Videos anzusehen<\/span>\n\t\t\t\t\t<\/span>\n\t\t\t\t\t<\/a>\n\t\t\t\t<\/div>\n\t\t\t\t\t\t\t\t<\/div>\n\t\t\t\t<\/div>\n\t\t\t\t\t<\/div>\n\t\t<\/div>\n\t\t\t\t\t<\/div>\n\t\t<\/section>\n\t\t\t\t<section class=\"elementor-section elementor-top-section elementor-element elementor-element-05f0f5b elementor-section-boxed elementor-section-height-default elementor-section-height-default\" data-id=\"05f0f5b\" data-element_type=\"section\">\n\t\t\t\t\t\t<div class=\"elementor-container elementor-column-gap-default\">\n\t\t\t\t\t<div class=\"elementor-column elementor-col-50 elementor-top-column elementor-element elementor-element-392c6f2\" data-id=\"392c6f2\" data-element_type=\"column\">\n\t\t\t<div class=\"elementor-widget-wrap elementor-element-populated\">\n\t\t\t\t\t\t<div class=\"elementor-element elementor-element-f70654e elementor-widget elementor-widget-heading\" data-id=\"f70654e\" data-element_type=\"widget\" data-widget_type=\"heading.default\">\n\t\t\t\t<div class=\"elementor-widget-container\">\n\t\t\t\t\t<h2 class=\"elementor-heading-title elementor-size-default\">Wartefristen f\u00fcr <br>Bankrupts &amp; Foreclosures<\/h2>\t\t\t\t<\/div>\n\t\t\t\t<\/div>\n\t\t\t\t<div class=\"elementor-element elementor-element-65fa554 elementor-widget elementor-widget-text-editor\" data-id=\"65fa554\" data-element_type=\"widget\" data-widget_type=\"text-editor.default\">\n\t\t\t\t<div class=\"elementor-widget-container\">\n\t\t\t\t\t\t\t\t\t<p>Es ist ein weit verbreiteter Irrtum, dass man nach einem Leerverkauf, einem Konkurs oder einer Zwangsvollstreckung 7 Jahre warten muss, bevor man eine neue Hypothek aufnehmen kann.<\/p><p>Es gibt eine gute Nachricht bez\u00fcglich der Wartezeiten.<\/p><p>FHA hat KEINE Wartezeit auf einen Leerverkauf, wenn Sie aktuell zum Zeitpunkt des Verkaufs sind, und auf Zeit f\u00fcr die letzten 12 Monate.  Wenn Sie in Verzug waren zum Zeitpunkt der Leerverkauf, FHA wird Sie warten 3 Jahre. Die k\u00fcrzesten Wartezeiten f\u00fcr Konkurs ist auf Kapitel 13. Wo FHA und VA nur 1 Jahr Wartezeit! Sie werden 2 Jahre f\u00fcr Kapitel 7 oder 11 erfordern.<\/p><p>Fannie Mae und Freddie Mac sind konservativer und verlangen entweder eine h\u00f6here Anzahlung oder lassen Sie bis zu 7 Jahre warten, obwohl auch sie die Wartezeiten unter bestimmten, mildernden Umst\u00e4nden auf 2 Jahre verk\u00fcrzen k\u00f6nnen. Alle Agenturen haben zus\u00e4tzliche Regeln, um mildernde Umst\u00e4nde zu ber\u00fccksichtigen. S0, wenn Sie die Zwangsversteigerung geplant haben, k\u00f6nnten die Beh\u00f6rden verlangen, dass Sie trotzdem 7 Jahre warten. ABER wenn Sie eine schwere Krankheit hatten, k\u00f6nnten Sie in der Lage sein, die Wartezeit auf 1 Jahr zu verk\u00fcrzen Es gibt Hoffnung am Ende des Tunnels und es kann viel fr\u00fcher kommen, als Sie dachten.<\/p><p>Die Richtlinien k\u00f6nnen sich jedoch \u00e4ndern oder Gegenstand von \u00dcberlagerungen durch den Kreditgeber sein, die konservativere Regeln zu dem hinzuf\u00fcgen, was die Agenturen erlauben. Informieren Sie sich also und besuchen Sie die Websites der Beh\u00f6rden unter HUD.gov und VA.gov.<\/p>\t\t\t\t\t\t\t\t<\/div>\n\t\t\t\t<\/div>\n\t\t\t\t\t<\/div>\n\t\t<\/div>\n\t\t\t\t<div class=\"elementor-column elementor-col-50 elementor-top-column elementor-element elementor-element-ade456a\" data-id=\"ade456a\" data-element_type=\"column\">\n\t\t\t<div class=\"elementor-widget-wrap elementor-element-populated\">\n\t\t\t\t\t\t<div class=\"elementor-element elementor-element-de77719 elementor-widget elementor-widget-image\" data-id=\"de77719\" data-element_type=\"widget\" data-widget_type=\"image.default\">\n\t\t\t\t<div class=\"elementor-widget-container\">\n\t\t\t\t\t\t\t\t\t\t\t\t\t\t\t<img fetchpriority=\"high\" decoding=\"async\" width=\"800\" height=\"400\" src=\"https:\/\/heideinternational.com\/wp-content\/uploads\/2022\/08\/house-with-gavel-and-law-books-real-estate-law-a-2021-08-26-16-57-05-utc-1024x512.jpg\" class=\"attachment-large size-large wp-image-2473\" alt=\"\" srcset=\"https:\/\/heideinternational.com\/wp-content\/uploads\/2022\/08\/house-with-gavel-and-law-books-real-estate-law-a-2021-08-26-16-57-05-utc-1024x512.jpg 1024w, https:\/\/heideinternational.com\/wp-content\/uploads\/2022\/08\/house-with-gavel-and-law-books-real-estate-law-a-2021-08-26-16-57-05-utc-300x150.jpg 300w, https:\/\/heideinternational.com\/wp-content\/uploads\/2022\/08\/house-with-gavel-and-law-books-real-estate-law-a-2021-08-26-16-57-05-utc-768x384.jpg 768w, https:\/\/heideinternational.com\/wp-content\/uploads\/2022\/08\/house-with-gavel-and-law-books-real-estate-law-a-2021-08-26-16-57-05-utc-1536x768.jpg 1536w, https:\/\/heideinternational.com\/wp-content\/uploads\/2022\/08\/house-with-gavel-and-law-books-real-estate-law-a-2021-08-26-16-57-05-utc-2048x1024.jpg 2048w\" sizes=\"(max-width: 800px) 100vw, 800px\" \/>\t\t\t\t\t\t\t\t\t\t\t\t\t\t\t<\/div>\n\t\t\t\t<\/div>\n\t\t\t\t\t<\/div>\n\t\t<\/div>\n\t\t\t\t\t<\/div>\n\t\t<\/section>\n\t\t\t\t<section class=\"elementor-section elementor-top-section elementor-element elementor-element-5da0d10 elementor-section-boxed elementor-section-height-default elementor-section-height-default\" data-id=\"5da0d10\" data-element_type=\"section\" data-settings=\"{&quot;background_background&quot;:&quot;classic&quot;}\">\n\t\t\t\t\t\t<div class=\"elementor-container elementor-column-gap-default\">\n\t\t\t\t\t<div class=\"elementor-column elementor-col-100 elementor-top-column elementor-element elementor-element-e69acc3\" data-id=\"e69acc3\" data-element_type=\"column\">\n\t\t\t<div class=\"elementor-widget-wrap elementor-element-populated\">\n\t\t\t\t\t\t<section class=\"elementor-section elementor-inner-section elementor-element elementor-element-654755b elementor-section-boxed elementor-section-height-default elementor-section-height-default\" data-id=\"654755b\" data-element_type=\"section\">\n\t\t\t\t\t\t<div class=\"elementor-container elementor-column-gap-default\">\n\t\t\t\t\t<div class=\"elementor-column elementor-col-100 elementor-inner-column elementor-element elementor-element-72c1c5e\" data-id=\"72c1c5e\" data-element_type=\"column\">\n\t\t\t<div class=\"elementor-widget-wrap elementor-element-populated\">\n\t\t\t\t\t\t<div class=\"elementor-element elementor-element-f68b0bc elementor-widget elementor-widget-heading\" data-id=\"f68b0bc\" data-element_type=\"widget\" data-widget_type=\"heading.default\">\n\t\t\t\t<div class=\"elementor-widget-container\">\n\t\t\t\t\t<h2 class=\"elementor-heading-title elementor-size-default\">Zeugnis\n<\/h2>\t\t\t\t<\/div>\n\t\t\t\t<\/div>\n\t\t\t\t<div class=\"elementor-element elementor-element-d16b6ea elementor-widget-divider--view-line elementor-widget elementor-widget-divider\" data-id=\"d16b6ea\" data-element_type=\"widget\" data-widget_type=\"divider.default\">\n\t\t\t\t<div class=\"elementor-widget-container\">\n\t\t\t\t\t\t\t<div class=\"elementor-divider\">\n\t\t\t<span class=\"elementor-divider-separator\">\n\t\t\t\t\t\t<\/span>\n\t\t<\/div>\n\t\t\t\t\t\t<\/div>\n\t\t\t\t<\/div>\n\t\t\t\t\t<\/div>\n\t\t<\/div>\n\t\t\t\t\t<\/div>\n\t\t<\/section>\n\t\t\t\t<section class=\"elementor-section elementor-inner-section elementor-element elementor-element-74a582a elementor-section-boxed elementor-section-height-default elementor-section-height-default\" data-id=\"74a582a\" data-element_type=\"section\">\n\t\t\t\t\t\t<div class=\"elementor-container elementor-column-gap-wider\">\n\t\t\t\t\t<div class=\"elementor-column elementor-col-50 elementor-inner-column elementor-element elementor-element-6f24a59\" data-id=\"6f24a59\" data-element_type=\"column\">\n\t\t\t<div class=\"elementor-widget-wrap elementor-element-populated\">\n\t\t\t\t\t\t<div class=\"elementor-element elementor-element-8241ab3 elementor-blockquote--align-left elementor-blockquote--skin-border elementor-widget elementor-widget-blockquote\" data-id=\"8241ab3\" data-element_type=\"widget\" data-widget_type=\"blockquote.default\">\n\t\t\t\t<div class=\"elementor-widget-container\">\n\t\t\t\t\t\t\t<blockquote class=\"elementor-blockquote\">\n\t\t\t<p class=\"elementor-blockquote__content\">\n\t\t\t\t\"Als Immobilienmakler habe ich mit vielen verschiedenen Kreditgebern zu tun, von globalen Unternehmen bis hin zu lokalen Kreditgebern (die ich bevorzuge). Von der ersten Kommunikation mit Kurt und seinem Team an konnte ich sagen, dass es eine reibungslose und nahtlose Transaktion sein w\u00fcrde! Sie sind sehr reaktionsschnell, gr\u00fcndlich und professionell. Es war ein wahres Vergn\u00fcgen, mit ihnen zu arbeiten, und ich hoffe, dass ich auch in Zukunft mit ihnen zusammenarbeiten werde. Ich werde sie auf jeden Fall in die Liste der von mir empfohlenen Kreditgeber aufnehmen und Kunden, die ihre Dienste ben\u00f6tigen, an sie verweisen, was ich nicht auf die leichte Schulter nehme, da mein Name und mein Ruf mit meiner Empfehlung einhergehen. Ich habe volles Vertrauen in alle ihre F\u00e4higkeiten, um sicherzustellen, dass meine Kunden in jeder Hinsicht w\u00e4hrend einer stressigen und be\u00e4ngstigenden Zeit und eines Kaufs Hilfe erhalten. Sie k\u00fcmmern sich wirklich um ihre Kunden und gehen weit dar\u00fcber hinaus! Nochmals vielen Dank!\n(Bonus-Note - nicht viele Kreditgeber kommen zu einem Abschluss, geschweige denn mit einer feierlichen Flasche Champagner!!!)\"\t\t\t<\/p>\n\t\t\t\t\t\t\t<div class=\"e-q-footer\">\n\t\t\t\t\t\t\t\t\t\t\t<cite class=\"elementor-blockquote__author\">Lauren Saqui<\/cite>\n\t\t\t\t\t\t\t\t\t\t\t\t\t\t<\/div>\n\t\t\t\t\t<\/blockquote>\n\t\t\t\t\t\t<\/div>\n\t\t\t\t<\/div>\n\t\t\t\t\t<\/div>\n\t\t<\/div>\n\t\t\t\t<div class=\"elementor-column elementor-col-50 elementor-inner-column elementor-element elementor-element-973d1af\" data-id=\"973d1af\" data-element_type=\"column\">\n\t\t\t<div class=\"elementor-widget-wrap elementor-element-populated\">\n\t\t\t\t\t\t<div class=\"elementor-element elementor-element-0da66c3 elementor-widget elementor-widget-heading\" data-id=\"0da66c3\" data-element_type=\"widget\" data-widget_type=\"heading.default\">\n\t\t\t\t<div class=\"elementor-widget-container\">\n\t\t\t\t\t<h3 class=\"elementor-heading-title elementor-size-default\">M\u00f6chten Sie mehr erfahren und mit einem erfahrenen Fachmann sprechen, der Ihre Fragen beantworten kann?\n\n\n<\/h3>\t\t\t\t<\/div>\n\t\t\t\t<\/div>\n\t\t\t\t<div class=\"elementor-element elementor-element-34b1e15 elementor-widget elementor-widget-heading\" data-id=\"34b1e15\" data-element_type=\"widget\" data-widget_type=\"heading.default\">\n\t\t\t\t<div class=\"elementor-widget-container\">\n\t\t\t\t\t<h3 class=\"elementor-heading-title elementor-size-default\">M\u00f6chten Sie wissen, ob Sie sich als ausl\u00e4ndischer Staatsb\u00fcrger f\u00fcr eine Finanzierung zum Kauf einer Immobilie in den USA qualifizieren k\u00f6nnen?\n\n\n\n<\/h3>\t\t\t\t<\/div>\n\t\t\t\t<\/div>\n\t\t\t\t<div class=\"elementor-element elementor-element-649b5ab elementor-widget elementor-widget-text-editor\" data-id=\"649b5ab\" data-element_type=\"widget\" data-widget_type=\"text-editor.default\">\n\t\t\t\t<div class=\"elementor-widget-container\">\n\t\t\t\t\t\t\t\t\t<p>Rufen Sie Kurt an (mit ihm ist leicht zu reden)<\/p>\t\t\t\t\t\t\t\t<\/div>\n\t\t\t\t<\/div>\n\t\t\t\t<div class=\"elementor-element elementor-element-a9b653f elementor-icon-list--layout-traditional elementor-list-item-link-full_width elementor-widget elementor-widget-icon-list\" data-id=\"a9b653f\" data-element_type=\"widget\" data-widget_type=\"icon-list.default\">\n\t\t\t\t<div class=\"elementor-widget-container\">\n\t\t\t\t\t\t\t<ul class=\"elementor-icon-list-items\">\n\t\t\t\t\t\t\t<li class=\"elementor-icon-list-item\">\n\t\t\t\t\t\t\t\t\t\t\t<a href=\"tel:%20561-213-4093\">\n\n\t\t\t\t\t\t\t\t\t\t\t\t<span class=\"elementor-icon-list-icon\">\n\t\t\t\t\t\t\t<svg aria-hidden=\"true\" class=\"e-font-icon-svg e-fas-phone-alt\" viewbox=\"0 0 512 512\" xmlns=\"http:\/\/www.w3.org\/2000\/svg\"><path d=\"M497.39 361.8l-112-48a24 24 0 0 0-28 6.9l-49.6 60.6A370.66 370.66 0 0 1 130.6 204.11l60.6-49.6a23.94 23.94 0 0 0 6.9-28l-48-112A24.16 24.16 0 0 0 122.6.61l-104 24A24 24 0 0 0 0 48c0 256.5 207.9 464 464 464a24 24 0 0 0 23.4-18.6l24-104a24.29 24.29 0 0 0-14.01-27.6z\"><\/path><\/svg>\t\t\t\t\t\t<\/span>\n\t\t\t\t\t\t\t\t\t\t<span class=\"elementor-icon-list-text\">Telefon: 561-213-4093<\/span>\n\t\t\t\t\t\t\t\t\t\t\t<\/a>\n\t\t\t\t\t\t\t\t\t<\/li>\n\t\t\t\t\t\t\t\t<li class=\"elementor-icon-list-item\">\n\t\t\t\t\t\t\t\t\t\t\t<a href=\"mailto:%20Kheide@HeideInternational.com\">\n\n\t\t\t\t\t\t\t\t\t\t\t\t<span class=\"elementor-icon-list-icon\">\n\t\t\t\t\t\t\t<svg aria-hidden=\"true\" class=\"e-font-icon-svg e-fas-envelope\" viewbox=\"0 0 512 512\" xmlns=\"http:\/\/www.w3.org\/2000\/svg\"><path d=\"M502.3 190.8c3.9-3.1 9.7-.2 9.7 4.7V400c0 26.5-21.5 48-48 48H48c-26.5 0-48-21.5-48-48V195.6c0-5 5.7-7.8 9.7-4.7 22.4 17.4 52.1 39.5 154.1 113.6 21.1 15.4 56.7 47.8 92.2 47.6 35.7.3 72-32.8 92.3-47.6 102-74.1 131.6-96.3 154-113.7zM256 320c23.2.4 56.6-29.2 73.4-41.4 132.7-96.3 142.8-104.7 173.4-128.7 5.8-4.5 9.2-11.5 9.2-18.9v-19c0-26.5-21.5-48-48-48H48C21.5 64 0 85.5 0 112v19c0 7.4 3.4 14.3 9.2 18.9 30.6 23.9 40.7 32.4 173.4 128.7 16.8 12.2 50.2 41.8 73.4 41.4z\"><\/path><\/svg>\t\t\t\t\t\t<\/span>\n\t\t\t\t\t\t\t\t\t\t<span class=\"elementor-icon-list-text\">Kheide@HeideInternational.com<\/span>\n\t\t\t\t\t\t\t\t\t\t\t<\/a>\n\t\t\t\t\t\t\t\t\t<\/li>\n\t\t\t\t\t\t\t\t<li class=\"elementor-icon-list-item\">\n\t\t\t\t\t\t\t\t\t\t\t<span class=\"elementor-icon-list-icon\">\n\t\t\t\t\t\t\t<svg aria-hidden=\"true\" class=\"e-font-icon-svg e-far-id-card\" viewbox=\"0 0 576 512\" xmlns=\"http:\/\/www.w3.org\/2000\/svg\"><path d=\"M528 32H48C21.5 32 0 53.5 0 80v352c0 26.5 21.5 48 48 48h480c26.5 0 48-21.5 48-48V80c0-26.5-21.5-48-48-48zm0 400H303.2c.9-4.5.8 3.6.8-22.4 0-31.8-30.1-57.6-67.2-57.6-10.8 0-18.7 8-44.8 8-26.9 0-33.4-8-44.8-8-37.1 0-67.2 25.8-67.2 57.6 0 26-.2 17.9.8 22.4H48V144h480v288zm-168-80h112c4.4 0 8-3.6 8-8v-16c0-4.4-3.6-8-8-8H360c-4.4 0-8 3.6-8 8v16c0 4.4 3.6 8 8 8zm0-64h112c4.4 0 8-3.6 8-8v-16c0-4.4-3.6-8-8-8H360c-4.4 0-8 3.6-8 8v16c0 4.4 3.6 8 8 8zm0-64h112c4.4 0 8-3.6 8-8v-16c0-4.4-3.6-8-8-8H360c-4.4 0-8 3.6-8 8v16c0 4.4 3.6 8 8 8zm-168 96c35.3 0 64-28.7 64-64s-28.7-64-64-64-64 28.7-64 64 28.7 64 64 64z\"><\/path><\/svg>\t\t\t\t\t\t<\/span>\n\t\t\t\t\t\t\t\t\t\t<span class=\"elementor-icon-list-text\">Zweigstellen-ID #1845861, NMLS-ID #368938<\/span>\n\t\t\t\t\t\t\t\t\t<\/li>\n\t\t\t\t\t\t<\/ul>\n\t\t\t\t\t\t<\/div>\n\t\t\t\t<\/div>\n\t\t\t\t\t<\/div>\n\t\t<\/div>\n\t\t\t\t\t<\/div>\n\t\t<\/section>\n\t\t\t\t\t<\/div>\n\t\t<\/div>\n\t\t\t\t\t<\/div>\n\t\t<\/section>\n\t\t\t\t<\/div>","protected":false},"excerpt":{"rendered":"<p>Bankruptcies, Foreclosures, Divorce Click Here to Watch Our Videos Waiting Periods for Bankrupts &amp; Foreclosures There\u2019s a common misconception; that after a short sale, bankruptcy or foreclosure, you\u2019ll have to wait 7 years before you can get a new mortgage. Here\u2019s some good news regarding the waiting periods. FHA has NO waiting period on a [&hellip;]<\/p>","protected":false},"author":1,"featured_media":0,"parent":0,"menu_order":0,"comment_status":"closed","ping_status":"closed","template":"elementor_header_footer","meta":{"footnotes":""},"class_list":["post-1032","page","type-page","status-publish","hentry"],"yoast_head":"<!-- This site is optimized with the Yoast SEO plugin v26.8 - https:\/\/yoast.com\/product\/yoast-seo-wordpress\/ -->\n<title>Mortgage for Bankruptcies, Foreclosures - Heide International<\/title>\n<meta name=\"description\" content=\"Find out about the waiting periods and mortgage plans for Bankruptcies, Foreclosures, and Divorce in the USA. Get more details!\" \/>\n<meta name=\"robots\" content=\"index, follow, max-snippet:-1, max-image-preview:large, max-video-preview:-1\" \/>\n<link rel=\"canonical\" href=\"https:\/\/heideinternational.com\/de\/konkurse-zwangsvollstreckungen-scheidungen-2\/\" \/>\n<meta property=\"og:locale\" content=\"de_DE\" \/>\n<meta property=\"og:type\" content=\"article\" \/>\n<meta property=\"og:title\" content=\"Mortgage for Bankruptcies, Foreclosures - Heide International\" \/>\n<meta property=\"og:description\" content=\"Find out about the waiting periods and mortgage plans for Bankruptcies, Foreclosures, and Divorce in the USA. Get more details!\" \/>\n<meta property=\"og:url\" content=\"https:\/\/heideinternational.com\/de\/konkurse-zwangsvollstreckungen-scheidungen-2\/\" \/>\n<meta property=\"og:site_name\" content=\"Heide International LLC\" \/>\n<meta property=\"article:modified_time\" content=\"2023-04-26T18:48:02+00:00\" \/>\n<meta property=\"og:image\" content=\"https:\/\/heideinternational.com\/wp-content\/uploads\/2022\/08\/house-with-gavel-and-law-books-real-estate-law-a-2021-08-26-16-57-05-utc-1024x512.jpg\" \/>\n<meta name=\"twitter:card\" content=\"summary_large_image\" \/>\n<meta name=\"twitter:label1\" content=\"Gesch\u00e4tzte Lesezeit\" \/>\n\t<meta name=\"twitter:data1\" content=\"3\u00a0Minuten\" \/>\n<script type=\"application\/ld+json\" class=\"yoast-schema-graph\">{\"@context\":\"https:\/\/schema.org\",\"@graph\":[{\"@type\":\"WebPage\",\"@id\":\"https:\/\/heideinternational.com\/bankruptcies-foreclosures-divorce\/\",\"url\":\"https:\/\/heideinternational.com\/bankruptcies-foreclosures-divorce\/\",\"name\":\"Mortgage for Bankruptcies, Foreclosures - Heide International\",\"isPartOf\":{\"@id\":\"https:\/\/heideinternational.com\/#website\"},\"primaryImageOfPage\":{\"@id\":\"https:\/\/heideinternational.com\/bankruptcies-foreclosures-divorce\/#primaryimage\"},\"image\":{\"@id\":\"https:\/\/heideinternational.com\/bankruptcies-foreclosures-divorce\/#primaryimage\"},\"thumbnailUrl\":\"https:\/\/heideinternational.com\/wp-content\/uploads\/2022\/08\/house-with-gavel-and-law-books-real-estate-law-a-2021-08-26-16-57-05-utc-1024x512.jpg\",\"datePublished\":\"2021-07-16T10:52:36+00:00\",\"dateModified\":\"2023-04-26T18:48:02+00:00\",\"description\":\"Find out about the waiting periods and mortgage plans for Bankruptcies, Foreclosures, and Divorce in the USA. Get more details!\",\"breadcrumb\":{\"@id\":\"https:\/\/heideinternational.com\/bankruptcies-foreclosures-divorce\/#breadcrumb\"},\"inLanguage\":\"de\",\"potentialAction\":[{\"@type\":\"ReadAction\",\"target\":[\"https:\/\/heideinternational.com\/bankruptcies-foreclosures-divorce\/\"]}]},{\"@type\":\"ImageObject\",\"inLanguage\":\"de\",\"@id\":\"https:\/\/heideinternational.com\/bankruptcies-foreclosures-divorce\/#primaryimage\",\"url\":\"https:\/\/heideinternational.com\/wp-content\/uploads\/2022\/08\/house-with-gavel-and-law-books-real-estate-law-a-2021-08-26-16-57-05-utc-1024x512.jpg\",\"contentUrl\":\"https:\/\/heideinternational.com\/wp-content\/uploads\/2022\/08\/house-with-gavel-and-law-books-real-estate-law-a-2021-08-26-16-57-05-utc-1024x512.jpg\"},{\"@type\":\"BreadcrumbList\",\"@id\":\"https:\/\/heideinternational.com\/bankruptcies-foreclosures-divorce\/#breadcrumb\",\"itemListElement\":[{\"@type\":\"ListItem\",\"position\":1,\"name\":\"Home\",\"item\":\"https:\/\/heideinternational.com\/\"},{\"@type\":\"ListItem\",\"position\":2,\"name\":\"Bankruptcies, Foreclosures, Divorce\"}]},{\"@type\":\"WebSite\",\"@id\":\"https:\/\/heideinternational.com\/#website\",\"url\":\"https:\/\/heideinternational.com\/\",\"name\":\"Heide International LLC\",\"description\":\"Heide International LLC\",\"potentialAction\":[{\"@type\":\"SearchAction\",\"target\":{\"@type\":\"EntryPoint\",\"urlTemplate\":\"https:\/\/heideinternational.com\/?s={search_term_string}\"},\"query-input\":{\"@type\":\"PropertyValueSpecification\",\"valueRequired\":true,\"valueName\":\"search_term_string\"}}],\"inLanguage\":\"de\"}]}<\/script>\n<!-- \/ Yoast SEO plugin. -->","yoast_head_json":{"title":"Hypothek f\u00fcr Insolvenzen, Zwangsversteigerungen - Heide International","description":"Informieren Sie sich \u00fcber die Wartezeiten und Hypothekenpl\u00e4ne bei Konkursen, Zwangsvollstreckungen und Scheidungen in den USA. Erfahren Sie mehr Details!","robots":{"index":"index","follow":"follow","max-snippet":"max-snippet:-1","max-image-preview":"max-image-preview:large","max-video-preview":"max-video-preview:-1"},"canonical":"https:\/\/heideinternational.com\/de\/konkurse-zwangsvollstreckungen-scheidungen-2\/","og_locale":"de_DE","og_type":"article","og_title":"Mortgage for Bankruptcies, Foreclosures - Heide International","og_description":"Find out about the waiting periods and mortgage plans for Bankruptcies, Foreclosures, and Divorce in the USA. Get more details!","og_url":"https:\/\/heideinternational.com\/de\/konkurse-zwangsvollstreckungen-scheidungen-2\/","og_site_name":"Heide International LLC","article_modified_time":"2023-04-26T18:48:02+00:00","og_image":[{"url":"https:\/\/heideinternational.com\/wp-content\/uploads\/2022\/08\/house-with-gavel-and-law-books-real-estate-law-a-2021-08-26-16-57-05-utc-1024x512.jpg","type":"","width":"","height":""}],"twitter_card":"summary_large_image","twitter_misc":{"Gesch\u00e4tzte Lesezeit":"3\u00a0Minuten"},"schema":{"@context":"https:\/\/schema.org","@graph":[{"@type":"WebPage","@id":"https:\/\/heideinternational.com\/bankruptcies-foreclosures-divorce\/","url":"https:\/\/heideinternational.com\/bankruptcies-foreclosures-divorce\/","name":"Hypothek f\u00fcr Insolvenzen, Zwangsversteigerungen - Heide International","isPartOf":{"@id":"https:\/\/heideinternational.com\/#website"},"primaryImageOfPage":{"@id":"https:\/\/heideinternational.com\/bankruptcies-foreclosures-divorce\/#primaryimage"},"image":{"@id":"https:\/\/heideinternational.com\/bankruptcies-foreclosures-divorce\/#primaryimage"},"thumbnailUrl":"https:\/\/heideinternational.com\/wp-content\/uploads\/2022\/08\/house-with-gavel-and-law-books-real-estate-law-a-2021-08-26-16-57-05-utc-1024x512.jpg","datePublished":"2021-07-16T10:52:36+00:00","dateModified":"2023-04-26T18:48:02+00:00","description":"Informieren Sie sich \u00fcber die Wartezeiten und Hypothekenpl\u00e4ne bei Konkursen, Zwangsvollstreckungen und Scheidungen in den USA. Erfahren Sie mehr Details!","breadcrumb":{"@id":"https:\/\/heideinternational.com\/bankruptcies-foreclosures-divorce\/#breadcrumb"},"inLanguage":"de","potentialAction":[{"@type":"ReadAction","target":["https:\/\/heideinternational.com\/bankruptcies-foreclosures-divorce\/"]}]},{"@type":"ImageObject","inLanguage":"de","@id":"https:\/\/heideinternational.com\/bankruptcies-foreclosures-divorce\/#primaryimage","url":"https:\/\/heideinternational.com\/wp-content\/uploads\/2022\/08\/house-with-gavel-and-law-books-real-estate-law-a-2021-08-26-16-57-05-utc-1024x512.jpg","contentUrl":"https:\/\/heideinternational.com\/wp-content\/uploads\/2022\/08\/house-with-gavel-and-law-books-real-estate-law-a-2021-08-26-16-57-05-utc-1024x512.jpg"},{"@type":"BreadcrumbList","@id":"https:\/\/heideinternational.com\/bankruptcies-foreclosures-divorce\/#breadcrumb","itemListElement":[{"@type":"ListItem","position":1,"name":"Home","item":"https:\/\/heideinternational.com\/"},{"@type":"ListItem","position":2,"name":"Bankruptcies, Foreclosures, Divorce"}]},{"@type":"WebSite","@id":"https:\/\/heideinternational.com\/#website","url":"https:\/\/heideinternational.com\/","name":"Heide International LLC","description":"Heide International LLC","potentialAction":[{"@type":"SearchAction","target":{"@type":"EntryPoint","urlTemplate":"https:\/\/heideinternational.com\/?s={search_term_string}"},"query-input":{"@type":"PropertyValueSpecification","valueRequired":true,"valueName":"search_term_string"}}],"inLanguage":"de"}]}},"_links":{"self":[{"href":"https:\/\/heideinternational.com\/de\/wp-json\/wp\/v2\/pages\/1032","targetHints":{"allow":["GET"]}}],"collection":[{"href":"https:\/\/heideinternational.com\/de\/wp-json\/wp\/v2\/pages"}],"about":[{"href":"https:\/\/heideinternational.com\/de\/wp-json\/wp\/v2\/types\/page"}],"author":[{"embeddable":true,"href":"https:\/\/heideinternational.com\/de\/wp-json\/wp\/v2\/users\/1"}],"replies":[{"embeddable":true,"href":"https:\/\/heideinternational.com\/de\/wp-json\/wp\/v2\/comments?post=1032"}],"version-history":[{"count":0,"href":"https:\/\/heideinternational.com\/de\/wp-json\/wp\/v2\/pages\/1032\/revisions"}],"wp:attachment":[{"href":"https:\/\/heideinternational.com\/de\/wp-json\/wp\/v2\/media?parent=1032"}],"curies":[{"name":"wp","href":"https:\/\/api.w.org\/{rel}","templated":true}]}}